{"id":1687,"date":"2023-05-27T10:30:07","date_gmt":"2023-05-27T09:30:07","guid":{"rendered":"https:\/\/gcf.community\/?page_id=1687"},"modified":"2026-02-13T16:49:08","modified_gmt":"2026-02-13T16:49:08","slug":"participate","status":"publish","type":"page","link":"https:\/\/gcf.community\/pt\/participate\/","title":{"rendered":"Participar"},"content":{"rendered":"<h1>\n\t\t\tEnvolva-se!\t<\/h1>\n\t<p>Gostaria de participar do F\u00f3rum Global da Crian\u00e7a? \u00c9 muito simples! Um bom primeiro passo \u00e9 se inscrever na nossa newsletter abaixo. Voc\u00ea receber\u00e1 atualiza\u00e7\u00f5es sobre nossas not\u00edcias e tamb\u00e9m sobre nossos eventos online e presenciais.<\/p>\n<p>Talvez voc\u00ea tenha uma hist\u00f3ria para compartilhar sobre o minist\u00e9rio infantil. Adorar\u00edamos saber!<\/p>\n<p>Caso voc\u00ea tenha alguma d\u00favida, n\u00e3o hesite em perguntar.<\/p>\n\t<a href=\"https:\/\/gcf.community\/pt\/participate\/subscribe\/\" target=\"_self\" role=\"button\" aria-label=\"Assinar atualiza\u00e7\u00f5es\">\n\t\t\t\t\t\tAssinar atualiza\u00e7\u00f5es\n\t\t\t\t\t<\/a>\n\t<a href=\"https:\/\/gcf.community\/pt\/participate\/share-your-story\/\" target=\"_self\" role=\"button\" aria-label=\"Compartilhe sua hist\u00f3ria\">\n\t\t\t\t\t\tCompartilhe sua hist\u00f3ria\n\t\t\t\t\t<\/a>\n\t<a href=\"https:\/\/gcf.community\/pt\/contact\/\" target=\"_self\" role=\"button\" aria-label=\"Entre em contato\">\n\t\t\t\t\t\tEntre em contato\n\t\t\t\t\t<\/a>","protected":false},"excerpt":{"rendered":"<p>Participe! Gostaria de participar do F\u00f3rum Global da Crian\u00e7a? \u00c9 muito simples! Um bom primeiro passo \u00e9 se inscrever na nossa newsletter abaixo. Voc\u00ea receber\u00e1 atualiza\u00e7\u00f5es sobre nossas not\u00edcias e tamb\u00e9m sobre nossos eventos online e presenciais. Talvez voc\u00ea tenha uma hist\u00f3ria para compartilhar sobre o minist\u00e9rio infantil. Gostar\u00edamos... <a title=\"Participar\" class=\"read-more\" href=\"https:\/\/gcf.community\/pt\/participate\/\" aria-label=\"Leia mais sobre Participar\">Ler mais<\/a><\/p>","protected":false},"author":1,"featured_media":0,"parent":0,"menu_order":0,"comment_status":"closed","ping_status":"closed","template":"","meta":{"_acf_changed":false,"_seopress_robots_primary_cat":"","_seopress_titles_title":"","_seopress_titles_desc":"","_seopress_robots_index":"","footnotes":"","_links_to":"","_links_to_target":""},"categories":[1],"class_list":{"0":"post-1687","1":"page","2":"type-page","3":"status-publish","5":"category-uncategorized"},"acf":[],"_links":{"self":[{"href":"https:\/\/gcf.community\/pt\/wp-json\/wp\/v2\/pages\/1687","targetHints":{"allow":["GET"]}}],"collection":[{"href":"https:\/\/gcf.community\/pt\/wp-json\/wp\/v2\/pages"}],"about":[{"href":"https:\/\/gcf.community\/pt\/wp-json\/wp\/v2\/types\/page"}],"author":[{"embeddable":true,"href":"https:\/\/gcf.community\/pt\/wp-json\/wp\/v2\/users\/1"}],"replies":[{"embeddable":true,"href":"https:\/\/gcf.community\/pt\/wp-json\/wp\/v2\/comments?post=1687"}],"version-history":[{"count":1,"href":"https:\/\/gcf.community\/pt\/wp-json\/wp\/v2\/pages\/1687\/revisions"}],"predecessor-version":[{"id":3219,"href":"https:\/\/gcf.community\/pt\/wp-json\/wp\/v2\/pages\/1687\/revisions\/3219"}],"wp:attachment":[{"href":"https:\/\/gcf.community\/pt\/wp-json\/wp\/v2\/media?parent=1687"}],"wp:term":[{"taxonomy":"category","embeddable":true,"href":"https:\/\/gcf.community\/pt\/wp-json\/wp\/v2\/categories?post=1687"}],"curies":[{"name":"wp","href":"https:\/\/api.w.org\/{rel}","templated":true}]}}