{"id":1652,"date":"2023-05-26T16:18:09","date_gmt":"2023-05-26T15:18:09","guid":{"rendered":"https:\/\/gcf.community\/?page_id=1652"},"modified":"2026-02-13T16:43:22","modified_gmt":"2026-02-13T16:43:22","slug":"campaigns","status":"publish","type":"page","link":"https:\/\/gcf.community\/pt\/campaigns\/","title":{"rendered":"Campanhas"},"content":{"rendered":"<h1>\n\t\t\tCampanhas\t<\/h1>\n\t<a href=\"https:\/\/gcf.community\/pt\/campaigns\/children-everywhere\/\" target=\"_self\" role=\"button\" aria-label=\"Crian\u00e7as em todo lugar\">\n\t\t\t\t\t\tCrian\u00e7as em todo lugar\n\t\t\t\t\t<\/a>\n\t<a href=\"https:\/\/gcf.community\/pt\/campaigns\/families-on-mission\/\" target=\"_self\" role=\"button\" aria-label=\"Fam\u00edlias em Miss\u00e3o\">\n\t\t\t\t\t\tFam\u00edlias em Miss\u00e3o\n\t\t\t\t\t<\/a>","protected":false},"excerpt":{"rendered":"<p>Campanhas Crian\u00e7as em Todo Lugar Fam\u00edlias em Miss\u00e3o<\/p>","protected":false},"author":1,"featured_media":0,"parent":0,"menu_order":0,"comment_status":"closed","ping_status":"closed","template":"","meta":{"_acf_changed":false,"_seopress_robots_primary_cat":"","_seopress_titles_title":"","_seopress_titles_desc":"","_seopress_robots_index":"","footnotes":"","_links_to":"","_links_to_target":""},"categories":[1],"class_list":{"0":"post-1652","1":"page","2":"type-page","3":"status-publish","5":"category-uncategorized"},"acf":[],"_links":{"self":[{"href":"https:\/\/gcf.community\/pt\/wp-json\/wp\/v2\/pages\/1652","targetHints":{"allow":["GET"]}}],"collection":[{"href":"https:\/\/gcf.community\/pt\/wp-json\/wp\/v2\/pages"}],"about":[{"href":"https:\/\/gcf.community\/pt\/wp-json\/wp\/v2\/types\/page"}],"author":[{"embeddable":true,"href":"https:\/\/gcf.community\/pt\/wp-json\/wp\/v2\/users\/1"}],"replies":[{"embeddable":true,"href":"https:\/\/gcf.community\/pt\/wp-json\/wp\/v2\/comments?post=1652"}],"version-history":[{"count":2,"href":"https:\/\/gcf.community\/pt\/wp-json\/wp\/v2\/pages\/1652\/revisions"}],"predecessor-version":[{"id":3209,"href":"https:\/\/gcf.community\/pt\/wp-json\/wp\/v2\/pages\/1652\/revisions\/3209"}],"wp:attachment":[{"href":"https:\/\/gcf.community\/pt\/wp-json\/wp\/v2\/media?parent=1652"}],"wp:term":[{"taxonomy":"category","embeddable":true,"href":"https:\/\/gcf.community\/pt\/wp-json\/wp\/v2\/categories?post=1652"}],"curies":[{"name":"wp","href":"https:\/\/api.w.org\/{rel}","templated":true}]}}