{"id":1613,"date":"2023-05-09T15:17:39","date_gmt":"2023-05-09T14:17:39","guid":{"rendered":"https:\/\/gcf.community\/?page_id=1613"},"modified":"2023-10-31T05:02:00","modified_gmt":"2023-10-31T05:02:00","slug":"payment","status":"publish","type":"page","link":"https:\/\/gcf.community\/pt\/events\/ethiopia2023\/payment\/","title":{"rendered":"Pagamento"},"content":{"rendered":"<h1>\n\t\tGCF Eti\u00f3pia 2023\n\t<\/h1>\n\t\t\t<button tabindex=\"0\" aria-label=\"Menu\">\n\t\t\t\t\t\t\t<\/button>\n\t<nav aria-label=\"Eti\u00f3pia\" itemscope=\"itemscope\" itemtype=\"https:\/\/schema.org\/SiteNavigationElement\">\n\t\t<ul id=\"menu-ethiopia\"><li id=\"menu-item-1790\"><a href=\"https:\/\/gcf.community\/pt\/events\/ethiopia2023\/registration\/\">Registro<\/a><\/li><li id=\"menu-item-2277\"><a href=\"https:\/\/gcf.community\/pt\/events\/ethiopia2023\/confirmation\/\">Confirma\u00e7\u00e3o<\/a><\/li><li id=\"menu-item-1797\"><a href=\"https:\/\/gcf.community\/pt\/events\/ethiopia2023\/payment\/\" aria-current=\"page\">Pagamento<\/a><\/li><li id=\"menu-item-2310\"><a href=\"https:\/\/gcf.community\/pt\/events\/ethiopia2023\/program\/\">Programa<\/a><\/li><li id=\"menu-item-2292\"><a href=\"https:\/\/gcf.community\/pt\/events\/ethiopia2023\/important-messages\/\">Mensagens importantes<\/a><\/li><\/ul>\n\t\t\t<\/nav>\n<h2>\n\t\tPagamento das Reuni\u00f5es do GCF Eti\u00f3pia 2023\n\t<\/h2>\n\t<p><strong>Observe<\/strong>:Se os seus dados de pagamento forem diferentes dos listados no formul\u00e1rio abaixo (por exemplo, se voc\u00ea for um visitante diurno, mas n\u00e3o comparecer todos os dias), por favor <a href=\"https:\/\/gcf.community\/pt\/contact\/\">Contate-nos<\/a> separadamente para efetuar seu pagamento.<\/p>\n<p><strong>Observe<\/strong>: Voc\u00ea precisar\u00e1 selecionar sua op\u00e7\u00e3o de pagamento e, em seguida, seu m\u00e9todo de pagamento para que os bot\u00f5es de pagamento apare\u00e7am.<\/p>\n<p><strong>Observe<\/strong>: O pagamento dessas reuni\u00f5es \u00e9 gentilmente administrado pela Logosdor Inc nos EUA, e isso pode ser refletido em seus recibos\/extratos etc.<\/p>\n\t<form action=\"https:\/\/gcf.community\/pt\/wp-json\/ws-form\/v1\/submit\" class=\"wsf-form wsf-form-canvas\" id=\"ws-form-1\" data-id=\"31\" method=\"POST\" data-instance-id=\"1\" data-wsf-style-id=\"1\" data-trp-original-action=\"https:\/\/gcf.community\/pt\/wp-json\/ws-form\/v1\/submit\"><input type=\"hidden\" name=\"trp-form-language\" value=\"pt\"\/><\/form>","protected":false},"excerpt":{"rendered":"<p>GCF Ethiopia 2023 Registration Confirmation Payment Program Important messages Payment for GCF Ethiopia 2023 Meetings Please note: If your payment details are different to those listed in the form below (e.g. if you are a day visitor but not attending every day) then please contact us separately to make your payment. Please note: You will &#8230; <a title=\"Pagamento\" class=\"read-more\" href=\"https:\/\/gcf.community\/pt\/events\/ethiopia2023\/payment\/\" aria-label=\"Leia mais sobre Payment\">Ler mais<\/a><\/p>","protected":false},"author":1,"featured_media":0,"parent":1574,"menu_order":0,"comment_status":"closed","ping_status":"closed","template":"","meta":{"_acf_changed":false,"_seopress_robots_primary_cat":"","_seopress_titles_title":"","_seopress_titles_desc":"","_seopress_robots_index":"","footnotes":"","_links_to":"","_links_to_target":""},"categories":[],"class_list":["post-1613","page","type-page","status-publish"],"acf":[],"_links":{"self":[{"href":"https:\/\/gcf.community\/pt\/wp-json\/wp\/v2\/pages\/1613","targetHints":{"allow":["GET"]}}],"collection":[{"href":"https:\/\/gcf.community\/pt\/wp-json\/wp\/v2\/pages"}],"about":[{"href":"https:\/\/gcf.community\/pt\/wp-json\/wp\/v2\/types\/page"}],"author":[{"embeddable":true,"href":"https:\/\/gcf.community\/pt\/wp-json\/wp\/v2\/users\/1"}],"replies":[{"embeddable":true,"href":"https:\/\/gcf.community\/pt\/wp-json\/wp\/v2\/comments?post=1613"}],"version-history":[{"count":3,"href":"https:\/\/gcf.community\/pt\/wp-json\/wp\/v2\/pages\/1613\/revisions"}],"predecessor-version":[{"id":2311,"href":"https:\/\/gcf.community\/pt\/wp-json\/wp\/v2\/pages\/1613\/revisions\/2311"}],"up":[{"embeddable":true,"href":"https:\/\/gcf.community\/pt\/wp-json\/wp\/v2\/pages\/1574"}],"wp:attachment":[{"href":"https:\/\/gcf.community\/pt\/wp-json\/wp\/v2\/media?parent=1613"}],"wp:term":[{"taxonomy":"category","embeddable":true,"href":"https:\/\/gcf.community\/pt\/wp-json\/wp\/v2\/categories?post=1613"}],"curies":[{"name":"wp","href":"https:\/\/api.w.org\/{rel}","templated":true}]}}