{"id":1576,"date":"2023-04-20T18:45:23","date_gmt":"2023-04-20T17:45:23","guid":{"rendered":"https:\/\/gcf.community\/?page_id=1576"},"modified":"2023-10-24T08:38:02","modified_gmt":"2023-10-24T07:38:02","slug":"registration","status":"publish","type":"page","link":"https:\/\/gcf.community\/pt\/events\/ethiopia2023\/registration\/","title":{"rendered":"Registro"},"content":{"rendered":"<h1>\n\t\tGCF Eti\u00f3pia 2023\n\t<\/h1>\n\t\t\t<button tabindex=\"0\" aria-label=\"Menu\">\n\t\t\t\t\t\t\t<\/button>\n\t<nav aria-label=\"Eti\u00f3pia\" itemscope=\"itemscope\" itemtype=\"https:\/\/schema.org\/SiteNavigationElement\">\n\t\t<ul id=\"menu-ethiopia\"><li id=\"menu-item-1790\"><a href=\"https:\/\/gcf.community\/pt\/events\/ethiopia2023\/registration\/\" aria-current=\"page\">Registro<\/a><\/li><li id=\"menu-item-2277\"><a href=\"https:\/\/gcf.community\/pt\/events\/ethiopia2023\/confirmation\/\">Confirma\u00e7\u00e3o<\/a><\/li><li id=\"menu-item-1797\"><a href=\"https:\/\/gcf.community\/pt\/events\/ethiopia2023\/payment\/\">Pagamento<\/a><\/li><li id=\"menu-item-2292\"><a href=\"https:\/\/gcf.community\/pt\/events\/ethiopia2023\/important-messages\/\">Mensagens importantes<\/a><\/li><\/ul>\n\t\t\t<\/nav>\n<h2>\n\t\tFormul\u00e1rio de inscri\u00e7\u00e3o\n\t<\/h2>\n\t<p>We are delighted to announce that the next gathering of the Global Children&#8217;s Forum will take place in Addis Ababa, Ethiopia from the evening meal on <strong>Ter\u00e7a-feira, 7 de novembro<\/strong> at\u00e9 o caf\u00e9 da manh\u00e3 em <strong>Domingo, 12 de novembro de 2023<\/strong>.<\/p>\n\t\t\t\t\t<a href=\"javascript:void(0);\" id=\"fl-accordion--label-0\" tabindex=\"0\" aria-controls=\"fl-accordion--panel-0\">Por que eu deveria vir?<\/a>\n\t\t\t\t\t\t\t\t\t\t\t<a href=\"#\" id=\"fl-accordion--icon-0\" tabindex=\"-1\" aria-controls=\"fl-accordion--panel-0\"><i>Expand<\/i><\/a>\n\t\t\t\t\t<p>Muita coisa aconteceu nos \u00faltimos anos, impossibilitando viagens e, de muitas maneiras, ainda estamos nos adaptando \u00e0s mudan\u00e7as. Em mar\u00e7o deste ano, nossa Comunidade GCF, juntamente com equipes da GOPlay, family.fit e Generous Generation, se reuniu em S\u00e3o Paulo, Brasil, com foco principal em Fam\u00edlias em Miss\u00e3o. V\u00e1rias equipes de trabalho de projeto foram formadas, e o trabalho nos projetos continua ap\u00f3s o encontro no Brasil. Estamos ansiosos para ver quais ser\u00e3o os resultados enquanto continuamos a lutar para atingir nossa meta de equipar 100 milh\u00f5es de fam\u00edlias mission\u00e1rias!<\/p>\n<p>As we meet in November in Addis, the work on Families on Mission will continue to focus on seeking God&#8217;s guidance on how to equip missional families in an African context. There has been growing momentum around the needs of families and how we can best serve them alongside children. As we look at the needs around us in our world, specifically in Africa and as we come together as Kingdom partners, could we even begin to imagine how we could see God open the way to equip 100 million missional families?<\/p>\n<p>Temos uma vis\u00e3o para crian\u00e7as em todos os lugares caminhando com Jesus. Junte-se a n\u00f3s por alguns dias preciosos para orar, explorar, aprender e criar juntos, enquanto damos continuidade aos encontros que realizamos no Brasil no contexto das seguintes \u00e1reas:<\/p>\n<ul>\n<li><strong>Lideran\u00e7a<\/strong>\n<ul>\n<li>Libertar jovens l\u00edderes para serem pioneiros na pr\u00f3xima temporada<\/li>\n<li>Conectar mentores e mentorados, ampliando o desenvolvimento da lideran\u00e7a<\/li>\n<li>Desenvolver estrat\u00e9gias de multiplica\u00e7\u00e3o para a Experi\u00eancia de Lideran\u00e7a<\/li>\n<\/ul>\n<\/li>\n<li><strong>Pilotos Regionais da Comunidade de Aprendizagem<\/strong>\n<ul>\n<li>Conectar e acelerar comunidades regionais de aprendizagem na Am\u00e9rica Latina, \u00c1frica, \u00c1sia e Europa<\/li>\n<li>Integrar a Experi\u00eancia de Lideran\u00e7a como estrat\u00e9gia de multiplica\u00e7\u00e3o do DNA do GCF<\/li>\n<\/ul>\n<\/li>\n<li><strong>Inova\u00e7\u00e3o<\/strong>\n<ul>\n<li>Construir equipes h\u00edbridas do FlashLab para inovar em projetos-chave (family.fit, experi\u00eancia de lideran\u00e7a, fam\u00edlia, regi\u00f5es, academia)<\/li>\n<\/ul>\n<\/li>\n<\/ul>\n<p>Os encontros em Addis Ababa contar\u00e3o com representantes de institui\u00e7\u00f5es teol\u00f3gicas, l\u00edderes religiosos, l\u00edderes ministeriais, profissionais locais e jovens l\u00edderes. Os encontros do GCF s\u00e3o inovadores, perspicazes e uma \u00f3tima comunidade de companheirismo em fam\u00edlia.<\/p>\n<p>If you are new to GCF please be assured that we are a welcoming community! We prioritise a warm and friendly atmosphere, ensuring that newcomers feel at ease.\u00a0If you&#8217;re joining us for the first time, we&#8217;re excited to help you navigate through our time together, support you in making new friends, and familiarise yourself with the different aspects of the groups and projects.<\/p>\n\t<p>Nossos encontros ocorrer\u00e3o no <a href=\"https:\/\/www.elianahotel.com\/\" target=\"_blank\" rel=\"noopener\">Grand Eliana Hotel<\/a> localizado aqui:<\/p>\n\t<iframe src=\"https:\/\/www.google.com\/maps\/embed?pb=!1m18!1m12!1m3!1d3940.3685937515565!2d38.74956814206024!3d9.030100697551262!2m3!1f0!2f0!3f0!3m2!1i1024!2i768!4f13.1!3m3!1m2!1s0x164b85f137eb0829%3A0xc367647315386be6!2sEliana%20Hotel%20%7C%20Piazza!5e0!3m2!1sen!2suk!4v1683127388262!5m2!1sen!2suk\" width=\"1020\" height=\"450\" allowfullscreen=\"\" loading=\"lazy\" referrerpolicy=\"no-referrer-when-downgrade\"><\/iframe>\n\t<p>O <em>Grand Eliana Hotel<\/em> est\u00e1 situado a 10 km do Aeroporto Internacional Bole de Adis Abeba (ADD).<\/p>\n\t\t\t\t\t\t\t\t\t\t\t\t\t\t\t\t\t<a href=\"https:\/\/gcf.community\/wp-content\/uploads\/2023\/05\/Deluxe-Queen-2-400x300-1.jpg\" target=\"_self\" data-caption=\"\" rel=\"noopener\">\n\t\t\t\t\t\t<figure>\n\t\t\t\t\t\t\t\t\t\t\t\t\t\t\t<img decoding=\"async\" src=\"https:\/\/gcf.community\/wp-content\/uploads\/2023\/05\/Deluxe-Queen-2-400x300-1.jpg\" alt=\"\" \/>\n\t\t\t\t\t\t\t\t\t\t\t\t\t<\/figure>\n\t\t\t\t\t\t\t\t\t\t<\/a>\n\t\t\t\t\t\t\t\t\t\t\t\t\t\t\t\t\t<a href=\"https:\/\/gcf.community\/wp-content\/uploads\/2023\/05\/Eliana-hotel-2-400x300-1.jpg\" target=\"_self\" data-caption=\"\" rel=\"noopener\">\n\t\t\t\t\t\t<figure>\n\t\t\t\t\t\t\t\t\t\t\t\t\t\t\t<img decoding=\"async\" src=\"https:\/\/gcf.community\/wp-content\/uploads\/2023\/05\/Eliana-hotel-2-400x300-1.jpg\" alt=\"\" \/>\n\t\t\t\t\t\t\t\t\t\t\t\t\t<\/figure>\n\t\t\t\t\t\t\t\t\t\t<\/a>\n\t\t\t\t\t\t\t\t\t\t\t\t\t\t\t\t\t<a href=\"https:\/\/gcf.community\/wp-content\/uploads\/2023\/05\/Eliana-hotel-4-400x300-1.jpg\" target=\"_self\" data-caption=\"\" rel=\"noopener\">\n\t\t\t\t\t\t<figure>\n\t\t\t\t\t\t\t\t\t\t\t\t\t\t\t<img decoding=\"async\" src=\"https:\/\/gcf.community\/wp-content\/uploads\/2023\/05\/Eliana-hotel-4-400x300-1.jpg\" alt=\"\" \/>\n\t\t\t\t\t\t\t\t\t\t\t\t\t<\/figure>\n\t\t\t\t\t\t\t\t\t\t<\/a>\n\t\t\t\t\t\t\t\t\t\t\t\t\t\t\t\t\t<a href=\"https:\/\/gcf.community\/wp-content\/uploads\/2023\/05\/Eliana-hotel-5-400x300-1.jpg\" target=\"_self\" data-caption=\"\" rel=\"noopener\">\n\t\t\t\t\t\t<figure>\n\t\t\t\t\t\t\t\t\t\t\t\t\t\t\t<img decoding=\"async\" src=\"https:\/\/gcf.community\/wp-content\/uploads\/2023\/05\/Eliana-hotel-5-400x300-1.jpg\" alt=\"\" \/>\n\t\t\t\t\t\t\t\t\t\t\t\t\t<\/figure>\n\t\t\t\t\t\t\t\t\t\t<\/a>\n\t\t\t\t\t\t\t\t\t\t\t\t\t\t\t\t\t<a href=\"https:\/\/gcf.community\/wp-content\/uploads\/2023\/05\/Eliana-hotel-6-400x300-1.jpg\" target=\"_self\" data-caption=\"\" rel=\"noopener\">\n\t\t\t\t\t\t<figure>\n\t\t\t\t\t\t\t\t\t\t\t\t\t\t\t<img decoding=\"async\" src=\"https:\/\/gcf.community\/wp-content\/uploads\/2023\/05\/Eliana-hotel-6-400x300-1.jpg\" alt=\"\" \/>\n\t\t\t\t\t\t\t\t\t\t\t\t\t<\/figure>\n\t\t\t\t\t\t\t\t\t\t<\/a>\n\t\t\t\t\t\t\t\t\t\t\t\t\t\t\t\t\t<a href=\"https:\/\/gcf.community\/wp-content\/uploads\/2023\/05\/Eliana-hotel-7-400x300-1.jpg\" target=\"_self\" data-caption=\"\" rel=\"noopener\">\n\t\t\t\t\t\t<figure>\n\t\t\t\t\t\t\t\t\t\t\t\t\t\t\t<img decoding=\"async\" src=\"https:\/\/gcf.community\/wp-content\/uploads\/2023\/05\/Eliana-hotel-7-400x300-1.jpg\" alt=\"\" \/>\n\t\t\t\t\t\t\t\t\t\t\t\t\t<\/figure>\n\t\t\t\t\t\t\t\t\t\t<\/a>\n\t\t\t\t\t\t\t\t\t\t\t\t\t\t\t\t\t<a href=\"https:\/\/gcf.community\/wp-content\/uploads\/2023\/05\/Eliana-hotel-8-400x300-1.jpg\" target=\"_self\" data-caption=\"\" rel=\"noopener\">\n\t\t\t\t\t\t<figure>\n\t\t\t\t\t\t\t\t\t\t\t\t\t\t\t<img decoding=\"async\" src=\"https:\/\/gcf.community\/wp-content\/uploads\/2023\/05\/Eliana-hotel-8-400x300-1.jpg\" alt=\"\" \/>\n\t\t\t\t\t\t\t\t\t\t\t\t\t<\/figure>\n\t\t\t\t\t\t\t\t\t\t<\/a>\n\t\t\t\t\t\t\t\t\t\t\t\t\t\t\t\t\t<a href=\"https:\/\/gcf.community\/wp-content\/uploads\/2023\/05\/Eliana-hotel-10-400x300-1.jpg\" target=\"_self\" data-caption=\"\" rel=\"noopener\">\n\t\t\t\t\t\t<figure>\n\t\t\t\t\t\t\t\t\t\t\t\t\t\t\t<img decoding=\"async\" src=\"https:\/\/gcf.community\/wp-content\/uploads\/2023\/05\/Eliana-hotel-10-400x300-1.jpg\" alt=\"\" \/>\n\t\t\t\t\t\t\t\t\t\t\t\t\t<\/figure>\n\t\t\t\t\t\t\t\t\t\t<\/a>\n\t\t\t\t\t\t\t\t\t\t\t\t\t\t\t\t\t<a href=\"https:\/\/gcf.community\/wp-content\/uploads\/2023\/05\/Eliana-hotel-11-400x300-1.jpg\" target=\"_self\" data-caption=\"\" rel=\"noopener\">\n\t\t\t\t\t\t<figure>\n\t\t\t\t\t\t\t\t\t\t\t\t\t\t\t<img decoding=\"async\" src=\"https:\/\/gcf.community\/wp-content\/uploads\/2023\/05\/Eliana-hotel-11-400x300-1.jpg\" alt=\"\" \/>\n\t\t\t\t\t\t\t\t\t\t\t\t\t<\/figure>\n\t\t\t\t\t\t\t\t\t\t<\/a>\n\t\t\t\t\t\t\t\t\t\t\t\t\t\t\t\t\t<a href=\"https:\/\/gcf.community\/wp-content\/uploads\/2023\/05\/Elliana-Gallery-2-400x300-1.jpg\" target=\"_self\" data-caption=\"\" rel=\"noopener\">\n\t\t\t\t\t\t<figure>\n\t\t\t\t\t\t\t\t\t\t\t\t\t\t\t<img decoding=\"async\" src=\"https:\/\/gcf.community\/wp-content\/uploads\/2023\/05\/Elliana-Gallery-2-400x300-1.jpg\" alt=\"\" \/>\n\t\t\t\t\t\t\t\t\t\t\t\t\t<\/figure>\n\t\t\t\t\t\t\t\t\t\t<\/a>\n\t\t\t\t\t\t\t\t\t\t\t\t\t\t\t\t\t<a href=\"https:\/\/gcf.community\/wp-content\/uploads\/2023\/05\/Elliana-Gallery-10-400x300-1.jpg\" target=\"_self\" data-caption=\"\" rel=\"noopener\">\n\t\t\t\t\t\t<figure>\n\t\t\t\t\t\t\t\t\t\t\t\t\t\t\t<img decoding=\"async\" src=\"https:\/\/gcf.community\/wp-content\/uploads\/2023\/05\/Elliana-Gallery-10-400x300-1.jpg\" alt=\"\" \/>\n\t\t\t\t\t\t\t\t\t\t\t\t\t<\/figure>\n\t\t\t\t\t\t\t\t\t\t<\/a>\n\t\t\t\t\t\t\t\t\t\t\t\t\t\t\t\t\t<a href=\"https:\/\/gcf.community\/wp-content\/uploads\/2023\/05\/Elliana-Gallery-15-400x300-1.jpg\" target=\"_self\" data-caption=\"\" rel=\"noopener\">\n\t\t\t\t\t\t<figure>\n\t\t\t\t\t\t\t\t\t\t\t\t\t\t\t<img decoding=\"async\" src=\"https:\/\/gcf.community\/wp-content\/uploads\/2023\/05\/Elliana-Gallery-15-400x300-1.jpg\" alt=\"\" \/>\n\t\t\t\t\t\t\t\t\t\t\t\t\t<\/figure>\n\t\t\t\t\t\t\t\t\t\t<\/a>\n\t\t\t\t\t\t<!-- pagination -->\n\t<h3>Notas importantes<\/h3>\n<hr \/>\n<ul>\n<li>Todos os pre\u00e7os abaixo est\u00e3o em d\u00f3lares americanos.<\/li>\n<li>Nossas reuni\u00f5es come\u00e7ar\u00e3o com o jantar na ter\u00e7a-feira, 7 de novembro. Cheguem com anteced\u00eancia para o in\u00edcio das reuni\u00f5es.<\/li>\n<li>Nossas reuni\u00f5es terminar\u00e3o ap\u00f3s o caf\u00e9 da manh\u00e3 no domingo, 12 de novembro. Por favor, planeje sua estadia durante todo o per\u00edodo das reuni\u00f5es e organize seu retorno ap\u00f3s o t\u00e9rmino das mesmas.<\/li>\n<\/ul>\n<p><strong>Para aqueles que v\u00eam de fora da Eti\u00f3pia:<\/strong><\/p>\n<ul>\n<li>Voc\u00ea precisar\u00e1 fornecer seguro de viagem.<\/li>\n<li>Seu passaporte deve ser v\u00e1lido por seis meses ap\u00f3s a data de entrada.<\/li>\n<\/ul>\n\t\t\t\t\t<a href=\"javascript:void(0);\" id=\"fl-accordion--label-0\" tabindex=\"0\" aria-controls=\"fl-accordion--panel-0\">COVID-19<\/a>\n\t\t\t\t\t\t\t\t\t\t\t<a href=\"#\" id=\"fl-accordion--icon-0\" tabindex=\"-1\" aria-controls=\"fl-accordion--panel-0\"><i>Expand<\/i><\/a>\n\t\t\t\t\t<ul>\n<li>No momento da reda\u00e7\u00e3o deste artigo (maio de 2023), n\u00e3o \u00e9 necess\u00e1rio apresentar comprovante de vacina\u00e7\u00e3o contra Covid-19 ou resultado de teste negativo recente.<\/li>\n<li><strong>No entanto<\/strong>, some countries require you to show proof of vaccination when returning home. Please check with your country&#8217;s immigration department whether this will apply to you.<\/li>\n<li>\u00c9 proibido a entrada na Eti\u00f3pia de qualquer pessoa que saiba estar infectada com Covid-19.<\/li>\n<li>Qualquer pessoa que apresente sintomas de Covid-19 tem o dever de usar uma m\u00e1scara facial adequadamente, fazer o teste e, se receber um resultado positivo, isolar-se at\u00e9 que o teste d\u00ea negativo.<\/li>\n<li>Please note that guidance may change and it is your responsibility to check with your national government&#8217;s advice on travel to Ethiopia.<\/li>\n<li>Pode haver ocasi\u00f5es em que seja necess\u00e1rio usar m\u00e1scara para cumprir as regulamenta\u00e7\u00f5es locais. Por favor, traga sua pr\u00f3pria m\u00e1scara.<\/li>\n<\/ul>\n\t\t\t\t\t<a href=\"javascript:void(0);\" id=\"fl-accordion--label-1\" tabindex=\"0\" aria-controls=\"fl-accordion--panel-1\">Transporte de\/para o aeroporto<\/a>\n\t\t\t\t\t\t\t\t\t\t\t<a href=\"#\" id=\"fl-accordion--icon-1\" tabindex=\"-1\" aria-controls=\"fl-accordion--panel-1\"><i>Expand<\/i><\/a>\n\t\t\t\t\t<ul>\n<li>Forneceremos transporte do Aeroporto Internacional de Addis Ababa Bole (ADD) at\u00e9 o local para quem chegar na ter\u00e7a-feira, 7 de novembro. O aeroporto fica a aproximadamente 30 minutos de carro do local. Se voc\u00ea chegar fora desse hor\u00e1rio, poder\u00e1 precisar providenciar seu pr\u00f3prio transporte, como Ride, Feres, etc.<\/li>\n<li>Forneceremos transporte de ida e volta do local do evento para o Aeroporto Internacional de Addis Ababa Bole (ADD) para qualquer partida no domingo, 12 de novembro. Se a sua partida for fora desse hor\u00e1rio, voc\u00ea poder\u00e1 precisar providenciar seu pr\u00f3prio transporte, como Ride, Feres, etc.<\/li>\n<li>O transporte do aeroporto ser\u00e1 feito em grupos de chegada. Voc\u00ea poder\u00e1 precisar aguardar no aeroporto por um curto per\u00edodo enquanto os outros passageiros chegam. Da mesma forma, o transporte de volta ao aeroporto ser\u00e1 feito em grupos de partida.<\/li>\n<\/ul>\n<h3>\n\t\tAs inscri\u00e7\u00f5es j\u00e1 est\u00e3o encerradas.\n\t<\/h3>","protected":false},"excerpt":{"rendered":"<p>GCF Ethiopia 2023 Registration Confirmation Payment Important messages Registration Form We are delighted to announce that the next gathering of the Global Children&#8217;s Forum will take place in Addis Ababa, Ethiopia from the evening meal on Tuesday 7th November through to breakfast on Sunday 12th November 2023. Why should I come? Expand So much has &#8230; <a title=\"Registro\" class=\"read-more\" href=\"https:\/\/gcf.community\/pt\/events\/ethiopia2023\/registration\/\" aria-label=\"Leia mais sobre Registration\">Ler mais<\/a><\/p>","protected":false},"author":1,"featured_media":0,"parent":1574,"menu_order":0,"comment_status":"closed","ping_status":"closed","template":"","meta":{"_acf_changed":false,"_seopress_robots_primary_cat":"","_seopress_titles_title":"","_seopress_titles_desc":"Registrations now open! We are excited to announce the GCF \/ GoPlay \/ family.fit meetings which will take place in Farol IBMAlphaville in Brazil.","_seopress_robots_index":"","footnotes":"","_links_to":"","_links_to_target":""},"categories":[],"class_list":["post-1576","page","type-page","status-publish"],"acf":[],"_links":{"self":[{"href":"https:\/\/gcf.community\/pt\/wp-json\/wp\/v2\/pages\/1576","targetHints":{"allow":["GET"]}}],"collection":[{"href":"https:\/\/gcf.community\/pt\/wp-json\/wp\/v2\/pages"}],"about":[{"href":"https:\/\/gcf.community\/pt\/wp-json\/wp\/v2\/types\/page"}],"author":[{"embeddable":true,"href":"https:\/\/gcf.community\/pt\/wp-json\/wp\/v2\/users\/1"}],"replies":[{"embeddable":true,"href":"https:\/\/gcf.community\/pt\/wp-json\/wp\/v2\/comments?post=1576"}],"version-history":[{"count":1,"href":"https:\/\/gcf.community\/pt\/wp-json\/wp\/v2\/pages\/1576\/revisions"}],"predecessor-version":[{"id":2301,"href":"https:\/\/gcf.community\/pt\/wp-json\/wp\/v2\/pages\/1576\/revisions\/2301"}],"up":[{"embeddable":true,"href":"https:\/\/gcf.community\/pt\/wp-json\/wp\/v2\/pages\/1574"}],"wp:attachment":[{"href":"https:\/\/gcf.community\/pt\/wp-json\/wp\/v2\/media?parent=1576"}],"wp:term":[{"taxonomy":"category","embeddable":true,"href":"https:\/\/gcf.community\/pt\/wp-json\/wp\/v2\/categories?post=1576"}],"curies":[{"name":"wp","href":"https:\/\/api.w.org\/{rel}","templated":true}]}}