{"id":1033,"date":"2023-03-16T08:34:47","date_gmt":"2023-03-16T08:34:47","guid":{"rendered":"https:\/\/gcf.community\/?page_id=1033"},"modified":"2023-03-17T07:30:58","modified_gmt":"2023-03-17T07:30:58","slug":"roles-within-a-work-team","status":"publish","type":"page","link":"https:\/\/gcf.community\/pt\/tools\/creative-thinking-process\/roles-within-a-work-team\/","title":{"rendered":"Fun\u00e7\u00f5es dentro de uma equipe de trabalho"},"content":{"rendered":"<h3>\n\t\tFerramentas\n\t<\/h3>\n<h1>\n\t\tProcesso de pensamento criativo\n\t<\/h1>\n\t<h4><strong>Fun\u00e7\u00f5es dentro de uma equipe de trabalho<\/strong><\/h4>\n<p>Venha ao encontro preparado para contribuir com suas ideias. Haver\u00e1 muitas maneiras de fazer isso.<\/p>\n<p>Lembre-se de ser confiante, mas tamb\u00e9m de ter uma atitude de humildade. Haver\u00e1 pessoas trabalhando em ingl\u00eas como segunda ou terceira l\u00edngua. Portanto, se voc\u00ea \u00e9 um falante nativo de ingl\u00eas, seja um ouvinte primeiro. D\u00ea tempo e espa\u00e7o para muitas ideias de outras pessoas antes de dar suas opini\u00f5es.<\/p>\n<p>&nbsp;<\/p>\n<div id=\"footable_parent_1178\"\n         class=\"footable_parent ninja_table_wrapper loading_ninja_table wp_table_data_press_parent semantic_ui\">\n                <table data-ninja_table_instance=\"ninja_table_instance_0\" data-footable_id=\"1178\" data-filter-delay=\"1000\" aria-label=\"Fun\u00e7\u00f5es dentro de uma equipe de trabalho\"            id=\"footable_1178\"\n           data-unique_identifier=\"ninja_table_unique_id_1089364115_1178\"\n           class=\"foo-table ninja_footable foo_table_1178 ninja_table_unique_id_1089364115_1178 ui table  nt_type_legacy_table selectable striped vertical_centered  footable-paging-right ninjatable_hide_header_row ninja_table_search_disabled ninja_table_pro\">\n                <colgroup>\n                            <col class=\"ninja_column_0\">\n                            <col class=\"ninja_column_1\">\n                    <\/colgroup>\n        <thead>\n<tr class=\"footable-header\">\n                                        <th scope=\"col\"  class=\"ninja_column_0 ninja_clmn_nm_title\">T\u00edtulo<\/th><th scope=\"col\"  class=\"ninja_column_1 ninja_clmn_nm_role\">Papel<\/th><\/tr>\n<\/thead>\n<tbody>\n\n        <tr data-row_id=\"7\" class=\"ninja_table_row_0 nt_row_id_7\">\n            <td>Facilitador<\/td><td>Esclarece a vis\u00e3o, o prop\u00f3sito e o p\u00fablico; d\u00e1 suporte \u00e0 equipe e facilita o processo de escrita em dire\u00e7\u00e3o ao objetivo final.<\/td>        <\/tr>\n            <tr data-row_id=\"8\" class=\"ninja_table_row_1 nt_row_id_8\">\n            <td>Pessoas com ideias e vision\u00e1rios<\/td><td>Contribui com ideias para serem inclu\u00eddas como conte\u00fado.<\/td>        <\/tr>\n            <tr data-row_id=\"9\" class=\"ninja_table_row_2 nt_row_id_9\">\n            <td>Praticantes<\/td><td>(S\u00e3o pastores, pais, trabalhadores da juventude, instrutores, l\u00edderes, filhos e filhas, etc.) Contribui com ideias para serem inclu\u00eddas como conte\u00fado. Pode desempenhar m\u00faltiplas fun\u00e7\u00f5es, como pais e trabalhadores da juventude. <\/td>        <\/tr>\n            <tr data-row_id=\"10\" class=\"ninja_table_row_3 nt_row_id_10\">\n            <td>Escritores<\/td><td>Documente logicamente notas detalhadas das principais ideias compartilhadas pelos idealizadores, vision\u00e1rios e praticantes.<\/td>        <\/tr>\n            <tr data-row_id=\"11\" class=\"ninja_table_row_4 nt_row_id_11\">\n            <td>Editores \/ Finalizadores<\/td><td>Trabalha com o escritor para garantir que o conte\u00fado flua bem e para garantir a conclus\u00e3o do recurso, verificando fatos, gram\u00e1tica, ortografia, pontua\u00e7\u00e3o etc. <\/td>        <\/tr>\n    <\/tbody><!--ninja_tobody_rendering_done-->\n    <\/table>\n    \n    \n    \n<\/div>","protected":false},"excerpt":{"rendered":"<p>Tools Creative Thinking Process Roles within a Work Team Come to the gathering ready to contribute your ideas. There will be many ways we will be doing this. Remember to be confident but also have an attitude of humility. There will be people working in English as their second or third language. So, if you &#8230; <a title=\"Fun\u00e7\u00f5es dentro de uma equipe de trabalho\" class=\"read-more\" href=\"https:\/\/gcf.community\/pt\/tools\/creative-thinking-process\/roles-within-a-work-team\/\" aria-label=\"Leia mais sobre Roles within a work team\">Ler mais<\/a><\/p>","protected":false},"author":1,"featured_media":0,"parent":784,"menu_order":0,"comment_status":"closed","ping_status":"closed","template":"","meta":{"_acf_changed":false,"_seopress_robots_primary_cat":"","_seopress_titles_title":"","_seopress_titles_desc":"","_seopress_robots_index":"","footnotes":"","_links_to":"","_links_to_target":""},"categories":[],"class_list":["post-1033","page","type-page","status-publish"],"acf":[],"_links":{"self":[{"href":"https:\/\/gcf.community\/pt\/wp-json\/wp\/v2\/pages\/1033","targetHints":{"allow":["GET"]}}],"collection":[{"href":"https:\/\/gcf.community\/pt\/wp-json\/wp\/v2\/pages"}],"about":[{"href":"https:\/\/gcf.community\/pt\/wp-json\/wp\/v2\/types\/page"}],"author":[{"embeddable":true,"href":"https:\/\/gcf.community\/pt\/wp-json\/wp\/v2\/users\/1"}],"replies":[{"embeddable":true,"href":"https:\/\/gcf.community\/pt\/wp-json\/wp\/v2\/comments?post=1033"}],"version-history":[{"count":0,"href":"https:\/\/gcf.community\/pt\/wp-json\/wp\/v2\/pages\/1033\/revisions"}],"up":[{"embeddable":true,"href":"https:\/\/gcf.community\/pt\/wp-json\/wp\/v2\/pages\/784"}],"wp:attachment":[{"href":"https:\/\/gcf.community\/pt\/wp-json\/wp\/v2\/media?parent=1033"}],"wp:term":[{"taxonomy":"category","embeddable":true,"href":"https:\/\/gcf.community\/pt\/wp-json\/wp\/v2\/categories?post=1033"}],"curies":[{"name":"wp","href":"https:\/\/api.w.org\/{rel}","templated":true}]}}