{"id":853,"date":"2023-03-14T15:06:58","date_gmt":"2023-03-14T15:06:58","guid":{"rendered":"https:\/\/gcf.community\/?page_id=853"},"modified":"2023-03-16T12:44:49","modified_gmt":"2023-03-16T12:44:49","slug":"related","status":"publish","type":"page","link":"https:\/\/gcf.community\/fr\/related\/","title":{"rendered":"En rapport"},"content":{"rendered":"<h3>\n\t\tEn rapport\n\t<\/h3>\n<h1>\n\t\tAper\u00e7u\n\t<\/h1>\n\t<p>De nombreux projets et partenaires font partie du Forum mondial de l&#039;enfance. En voici quelques exemples\u00a0:<\/p>\n<p><a href=\"https:\/\/gcf.community\/fr\/related\/cewwj\/\">Des enfants partout dans le monde marchent avec J\u00e9sus<\/a><\/p>\n<p><a href=\"https:\/\/gcf.community\/fr\/related\/family-fit\/\">famille.fit<\/a><\/p>\n<p><a href=\"https:\/\/gcf.community\/fr\/related\/goplay\/\">GOPlay<\/a><\/p>\n<p><a href=\"https:\/\/gcf.community\/fr\/related\/kids-generosity-movement\/\">Mouvement de g\u00e9n\u00e9rosit\u00e9 des enfants<\/a><\/p>\n<p><a href=\"https:\/\/gcf.community\/fr\/related\/rede-maos-dadas\/\">R\u00e9seau Mes Dadas<\/a><\/p>","protected":false},"excerpt":{"rendered":"<p>Aper\u00e7u g\u00e9n\u00e9ral De nombreux projets et partenaires font partie du Forum mondial de l&#039;enfance. En voici quelques exemples\u00a0: Children Everywhere, Walking with Jesus, family.fit, GOPlay Kids, Generosity Movement, Rede M\u00e3os Dadas<\/p>","protected":false},"author":1,"featured_media":0,"parent":0,"menu_order":0,"comment_status":"closed","ping_status":"closed","template":"","meta":{"_acf_changed":false,"_seopress_robots_primary_cat":"","_seopress_titles_title":"","_seopress_titles_desc":"","_seopress_robots_index":"","footnotes":"","_links_to":"","_links_to_target":""},"categories":[],"class_list":["post-853","page","type-page","status-publish"],"acf":[],"_links":{"self":[{"href":"https:\/\/gcf.community\/fr\/wp-json\/wp\/v2\/pages\/853","targetHints":{"allow":["GET"]}}],"collection":[{"href":"https:\/\/gcf.community\/fr\/wp-json\/wp\/v2\/pages"}],"about":[{"href":"https:\/\/gcf.community\/fr\/wp-json\/wp\/v2\/types\/page"}],"author":[{"embeddable":true,"href":"https:\/\/gcf.community\/fr\/wp-json\/wp\/v2\/users\/1"}],"replies":[{"embeddable":true,"href":"https:\/\/gcf.community\/fr\/wp-json\/wp\/v2\/comments?post=853"}],"version-history":[{"count":0,"href":"https:\/\/gcf.community\/fr\/wp-json\/wp\/v2\/pages\/853\/revisions"}],"wp:attachment":[{"href":"https:\/\/gcf.community\/fr\/wp-json\/wp\/v2\/media?parent=853"}],"wp:term":[{"taxonomy":"category","embeddable":true,"href":"https:\/\/gcf.community\/fr\/wp-json\/wp\/v2\/categories?post=853"}],"curies":[{"name":"wp","href":"https:\/\/api.w.org\/{rel}","templated":true}]}}