{"id":816,"date":"2023-03-14T15:00:20","date_gmt":"2023-03-14T15:00:20","guid":{"rendered":"https:\/\/gcf.community\/?page_id=816"},"modified":"2023-03-16T12:26:29","modified_gmt":"2023-03-16T12:26:29","slug":"kids-generosity-movement","status":"publish","type":"page","link":"https:\/\/gcf.community\/fr\/related\/kids-generosity-movement\/","title":{"rendered":"Mouvement de g\u00e9n\u00e9rosit\u00e9 des enfants"},"content":{"rendered":"<h3>\n\t\tEn rapport\n\t<\/h3>\n<h1>\n\t\tKids&#8217; Generosity Movement\n\t<\/h1>\n\t<h4>Enfants g\u00e9n\u00e9reux<\/h4>\n<p>We dream of seeing a world of generous children who become so generous with their time, talent and treasure, that their friends long to follow Jesus because they want to know the God who inspires such generosity. The vision is to see the generosity of God displayed through the generosity of God&#8217;s children. We envision a movement of children who give freely of all that they are in response to God&#8217;s radical grace. We pray they are liberated to live and give in God&#8217;s image to see God&#8217;s kingdom come on earth. The dream is to create cross-cultural experiences and resources with children about God and giving.<\/p>\n<h4>Priorit\u00e9s<\/h4>\n<ul>\n<li>Renforcez vos relations avec des dirigeants partageant les m\u00eames id\u00e9es.<\/li>\n<li>Cr\u00e9ez un nom unique pour la mission.<\/li>\n<li>Cr\u00e9er quelques activit\u00e9s\/exp\u00e9riences qui pourraient \u00eatre d\u00e9ploy\u00e9es et test\u00e9es dans le monde entier.<\/li>\n<li>Cr\u00e9ez un groupe central de dirigeants pr\u00eats \u00e0 aider \u00e0 tester ces exp\u00e9riences et ressources dans au moins 10 cultures diff\u00e9rentes \u00e0 travers le monde, en affinant les produits, puis en les partageant \u00e0 l\u2019\u00e9chelle mondiale.<\/li>\n<\/ul>","protected":false},"excerpt":{"rendered":"<p>Related Kids&#8217; Generosity Movement Generous Children We dream of seeing a world of generous children who become so generous with their time, talent and treasure, that their friends long to follow Jesus because they want to know the God who inspires such generosity. The vision is to see the generosity of God displayed through the &#8230; <a title=\"Mouvement de g\u00e9n\u00e9rosit\u00e9 des enfants\" class=\"read-more\" href=\"https:\/\/gcf.community\/fr\/related\/kids-generosity-movement\/\" aria-label=\"En savoir plus sur Kids Generosity Movement\">Lire la suite<\/a><\/p>","protected":false},"author":1,"featured_media":0,"parent":853,"menu_order":0,"comment_status":"closed","ping_status":"closed","template":"","meta":{"_acf_changed":false,"_seopress_robots_primary_cat":"","_seopress_titles_title":"","_seopress_titles_desc":"","_seopress_robots_index":"","footnotes":"","_links_to":"","_links_to_target":""},"categories":[],"class_list":["post-816","page","type-page","status-publish"],"acf":[],"_links":{"self":[{"href":"https:\/\/gcf.community\/fr\/wp-json\/wp\/v2\/pages\/816","targetHints":{"allow":["GET"]}}],"collection":[{"href":"https:\/\/gcf.community\/fr\/wp-json\/wp\/v2\/pages"}],"about":[{"href":"https:\/\/gcf.community\/fr\/wp-json\/wp\/v2\/types\/page"}],"author":[{"embeddable":true,"href":"https:\/\/gcf.community\/fr\/wp-json\/wp\/v2\/users\/1"}],"replies":[{"embeddable":true,"href":"https:\/\/gcf.community\/fr\/wp-json\/wp\/v2\/comments?post=816"}],"version-history":[{"count":0,"href":"https:\/\/gcf.community\/fr\/wp-json\/wp\/v2\/pages\/816\/revisions"}],"up":[{"embeddable":true,"href":"https:\/\/gcf.community\/fr\/wp-json\/wp\/v2\/pages\/853"}],"wp:attachment":[{"href":"https:\/\/gcf.community\/fr\/wp-json\/wp\/v2\/media?parent=816"}],"wp:term":[{"taxonomy":"category","embeddable":true,"href":"https:\/\/gcf.community\/fr\/wp-json\/wp\/v2\/categories?post=816"}],"curies":[{"name":"wp","href":"https:\/\/api.w.org\/{rel}","templated":true}]}}