{"id":812,"date":"2023-03-14T14:59:11","date_gmt":"2023-03-14T14:59:11","guid":{"rendered":"https:\/\/gcf.community\/?page_id=812"},"modified":"2023-03-16T12:25:42","modified_gmt":"2023-03-16T12:25:42","slug":"family-fit","status":"publish","type":"page","link":"https:\/\/gcf.community\/fr\/related\/family-fit\/","title":{"rendered":"Famille.Fit"},"content":{"rendered":"<h3>\n\t\tEn rapport\n\t<\/h3>\n<h1>\n\t\tGo Health &#038; Fitness and family.fit\n\t<\/h1>\n\t<h4>Priorit\u00e9s strat\u00e9giques 2023<\/h4>\n<ol>\n<li>Construisez l\u2019\u00e9quipe de sant\u00e9 et de remise en forme family.fit.<\/li>\n<li>D\u00e9velopper des p\u00f4les pour la famille.fit dans les 12 grandes r\u00e9gions dans lesquelles le mouvement sportif divise le monde.<\/li>\n<li>Cr\u00e9ez des parcours pour les familles et les individus qui utilisent family.fit, puis apprenez et grandissez dans d&#039;autres mod\u00e8les de sant\u00e9 et de remise en forme pour faire des disciples pour J\u00e9sus.<\/li>\n<li>Travaillez strat\u00e9giquement sur la mani\u00e8re dont l\u2019\u00e9quipe de sant\u00e9 et de remise en forme peut servir les familles en mission.<\/li>\n<\/ol>\n<h4>Famille.fit<\/h4>\n<p>Le d\u00e9veloppement collaboratif de family.fit a d\u00e9but\u00e9 d\u00e9but 2020. Ce programme aide votre famille \u00e0 rester en forme et en bonne sant\u00e9, \u00e0 rester connect\u00e9e et \u00e0 d\u00e9velopper son caract\u00e8re. Cette strat\u00e9gie, accessible \u00e0 tous les \u00e2ges, est id\u00e9ale pour aider votre famille \u00e0 grandir ensemble dans la foi et la forme physique. Chaque s\u00e9ance est disponible sur le site web et au format PDF t\u00e9l\u00e9chargeable. Plus de 1\u00a0500 s\u00e9ances sont disponibles en 21 langues.<\/p>\n<p>Vous et votre famille pouvez profiter de ces s\u00e9ances pour \u00e9changer de mani\u00e8re ludique et faire de l&#039;exercice r\u00e9guli\u00e8rement \u00e0 la maison, en appartement ou dans un parc. Avec un peu de cr\u00e9ativit\u00e9, chacun peut \u00eatre en forme et en bonne sant\u00e9, rester connect\u00e9 et d\u00e9velopper sa personnalit\u00e9 et sa foi.<\/p>","protected":false},"excerpt":{"rendered":"<p>Related Go Health &#038; Fitness and family.fit 2023 Strategic Priorities Build the family.fit health and fitness team. Develop hubs for family.fit in the 12 Big Regions that the sports movement divide the world in. Create pathways for families and individuals that use family.fit and then learn and grow in other health and fitness models to &#8230; <a title=\"Famille.Fit\" class=\"read-more\" href=\"https:\/\/gcf.community\/fr\/related\/family-fit\/\" aria-label=\"En savoir plus sur Family.Fit\">Lire la suite<\/a><\/p>","protected":false},"author":1,"featured_media":0,"parent":853,"menu_order":0,"comment_status":"closed","ping_status":"closed","template":"","meta":{"_acf_changed":false,"_seopress_robots_primary_cat":"","_seopress_titles_title":"","_seopress_titles_desc":"","_seopress_robots_index":"","footnotes":"","_links_to":"","_links_to_target":""},"categories":[],"class_list":["post-812","page","type-page","status-publish"],"acf":[],"_links":{"self":[{"href":"https:\/\/gcf.community\/fr\/wp-json\/wp\/v2\/pages\/812","targetHints":{"allow":["GET"]}}],"collection":[{"href":"https:\/\/gcf.community\/fr\/wp-json\/wp\/v2\/pages"}],"about":[{"href":"https:\/\/gcf.community\/fr\/wp-json\/wp\/v2\/types\/page"}],"author":[{"embeddable":true,"href":"https:\/\/gcf.community\/fr\/wp-json\/wp\/v2\/users\/1"}],"replies":[{"embeddable":true,"href":"https:\/\/gcf.community\/fr\/wp-json\/wp\/v2\/comments?post=812"}],"version-history":[{"count":0,"href":"https:\/\/gcf.community\/fr\/wp-json\/wp\/v2\/pages\/812\/revisions"}],"up":[{"embeddable":true,"href":"https:\/\/gcf.community\/fr\/wp-json\/wp\/v2\/pages\/853"}],"wp:attachment":[{"href":"https:\/\/gcf.community\/fr\/wp-json\/wp\/v2\/media?parent=812"}],"wp:term":[{"taxonomy":"category","embeddable":true,"href":"https:\/\/gcf.community\/fr\/wp-json\/wp\/v2\/categories?post=812"}],"curies":[{"name":"wp","href":"https:\/\/api.w.org\/{rel}","templated":true}]}}