{"id":808,"date":"2023-03-14T14:57:44","date_gmt":"2023-03-14T14:57:44","guid":{"rendered":"https:\/\/gcf.community\/?page_id=808"},"modified":"2023-03-16T12:24:37","modified_gmt":"2023-03-16T12:24:37","slug":"goplay","status":"publish","type":"page","link":"https:\/\/gcf.community\/fr\/related\/goplay\/","title":{"rendered":"GOPlay"},"content":{"rendered":"<h3>\n\t\tEn rapport\n\t<\/h3>\n<h1>\n\t\tGOPlay\n\t<\/h1>\n\t<h4>Qu&#039;est-ce que GOPlay ?<\/h4>\n<p>GOPlay is part of the sport movement. GOPlay focuses on children, teens, families, and communities &#8211; and is therefore open to all. The six priorities of the sport movement are going to unreached people and places, praying strategically, empowering local leaders and teams, and mobilizing every church.<\/p>\n<p>The sport movement sees this phase as a season to develop leaders and team &#8211; mature and multiplying leaders &#8211; supporting and praying for more workers of the harvest (Matthew 9:38). These leaders and teams need to be prepared for going to the GAPS &#8211; places and groups of people where there are no sports ministry leaders and teams making disciples for Jesus.<\/p>\n<p>GOPlay s&#039;inscrit dans cet \u00e9cosyst\u00e8me plus large du mouvement sportif. Au cours des dix derni\u00e8res ann\u00e9es, nous avons mis en place des ressources de formation comp\u00e9tentes pour former des animateurs travaillant sp\u00e9cifiquement avec les enfants et les adolescents. C&#039;est notre priorit\u00e9. En collaboration avec GCF et GO Health &amp; Fitness, nous avons explor\u00e9 le potentiel d&#039;aider les familles \u00e0 former activement leurs enfants et \u00e0 s&#039;investir dans leur communaut\u00e9 locale. Nous consid\u00e9rons cette p\u00e9riode comme l&#039;occasion d&#039;aider les familles partout dans le monde, en les encourageant \u00e9galement \u00e0 aller au-del\u00e0 de leurs objectifs.<\/p>\n<h4>Priorit\u00e9s strat\u00e9giques 2023-2025<\/h4>\n<ol>\n<li>Des millions de familles en mission<\/li>\n<li>Kids and Youth Leadership Journeys &#8211; apprenticeships<\/li>\n<li>Multiply Schools &#8211; mobilize leaders to start and continue GOPlay disciple-making strategies &#8211; hybrid and face-to-face equipping of leaders and teams.<\/li>\n<li>Continuer \u00e0 affiner et \u00e0 mobiliser des strat\u00e9gies actives de cr\u00e9ation de disciples dans tout le corps du Christ \u00e0 travers des strat\u00e9gies GOPlay comme les jeux pour enfants, WLC, CCON et les festivals.<\/li>\n<li>Continuer \u00e0 renforcer les partenariats et la collaboration avec d\u2019autres mouvements et organisations en synergie avec notre vision.<\/li>\n<\/ol>","protected":false},"excerpt":{"rendered":"<p>Related GOPlay What is GOPlay? GOPlay is part of the sport movement. GOPlay focuses on children, teens, families, and communities &#8211; and is therefore open to all. The six priorities of the sport movement are going to unreached people and places, praying strategically, empowering local leaders and teams, and mobilizing every church. The sport movement &#8230; <a title=\"GOPlay\" class=\"read-more\" href=\"https:\/\/gcf.community\/fr\/related\/goplay\/\" aria-label=\"En savoir plus sur GOPlay\">Lire la suite<\/a><\/p>","protected":false},"author":1,"featured_media":0,"parent":853,"menu_order":0,"comment_status":"closed","ping_status":"closed","template":"","meta":{"_acf_changed":false,"_seopress_robots_primary_cat":"","_seopress_titles_title":"","_seopress_titles_desc":"","_seopress_robots_index":"","footnotes":"","_links_to":"","_links_to_target":""},"categories":[],"class_list":["post-808","page","type-page","status-publish"],"acf":[],"_links":{"self":[{"href":"https:\/\/gcf.community\/fr\/wp-json\/wp\/v2\/pages\/808","targetHints":{"allow":["GET"]}}],"collection":[{"href":"https:\/\/gcf.community\/fr\/wp-json\/wp\/v2\/pages"}],"about":[{"href":"https:\/\/gcf.community\/fr\/wp-json\/wp\/v2\/types\/page"}],"author":[{"embeddable":true,"href":"https:\/\/gcf.community\/fr\/wp-json\/wp\/v2\/users\/1"}],"replies":[{"embeddable":true,"href":"https:\/\/gcf.community\/fr\/wp-json\/wp\/v2\/comments?post=808"}],"version-history":[{"count":0,"href":"https:\/\/gcf.community\/fr\/wp-json\/wp\/v2\/pages\/808\/revisions"}],"up":[{"embeddable":true,"href":"https:\/\/gcf.community\/fr\/wp-json\/wp\/v2\/pages\/853"}],"wp:attachment":[{"href":"https:\/\/gcf.community\/fr\/wp-json\/wp\/v2\/media?parent=808"}],"wp:term":[{"taxonomy":"category","embeddable":true,"href":"https:\/\/gcf.community\/fr\/wp-json\/wp\/v2\/categories?post=808"}],"curies":[{"name":"wp","href":"https:\/\/api.w.org\/{rel}","templated":true}]}}