{"id":804,"date":"2023-03-14T14:57:09","date_gmt":"2023-03-14T14:57:09","guid":{"rendered":"https:\/\/gcf.community\/?page_id=804"},"modified":"2026-02-13T16:44:35","modified_gmt":"2026-02-13T16:44:35","slug":"about","status":"publish","type":"page","link":"https:\/\/gcf.community\/fr\/about\/","title":{"rendered":"\u00c0 propos"},"content":{"rendered":"<h1>\n\t\t\tAper\u00e7u\t<\/h1>\n<h3>\n\t\t\tQui sommes-nous ?\t<\/h3>\n\t<p>Nous sommes un r\u00e9seau de plus de 100 organisations, grandes et petites, locales et internationales, qui se sont r\u00e9unies autour des enfants et de l&#039;\u00c9vangile. Nous adh\u00e9rons \u00e0 la <a href=\"https:\/\/lausanne.org\/content\/covenant\/lausanne-covenant#cov\" target=\"_blank\" rel=\"noopener\">Pacte de Lausanne<\/a> en mati\u00e8re de croyance chr\u00e9tienne et cherchons \u00e0 vivre les valeurs du royaume de Dieu dans tout ce que nous faisons.<\/p>\n<p>Alors que les deux tiers des 2,2 milliards d&#039;enfants du monde ne b\u00e9n\u00e9ficient pas de nos efforts actuels, il est urgent que les choses changent. C&#039;est pourquoi nous nous encourageons mutuellement \u00e0 r\u00e9fl\u00e9chir au minist\u00e8re aupr\u00e8s des enfants selon la Bible et \u00e0 explorer les meilleures approches missionnaires du monde entier. En combinant cela \u00e0 un environnement de r\u00e9flexion cr\u00e9ative et innovante, de nouvelles fa\u00e7ons d&#039;exercer le minist\u00e8re aupr\u00e8s des enfants, des responsables, des \u00e9glises et des familles \u00e9mergent et sont partag\u00e9es.<\/p>\n<p>La technologie permet \u00e0 des personnes du monde entier de collaborer en permanence sur des projets et d&#039;explorer de nouvelles id\u00e9es. Environ tous les deux ans, nous organisons une grande r\u00e9union mondiale en pr\u00e9sentiel. Entre-temps, des groupes plus restreints se r\u00e9unissent selon les besoins. Nous nous effor\u00e7ons de nous r\u00e9unir dans diff\u00e9rents lieux \u00e0 travers le monde afin de permettre \u00e0 un public diversifi\u00e9 d&#039;y participer.<\/p>\n<p>Tout cela se fait gr\u00e2ce \u00e0 un partenariat mondial et bienveillant. Notre souhait est de mettre \u00e0 la disposition de l&#039;ensemble du Corps du Christ des outils efficaces et une r\u00e9flexion innovante. Sur les sites web du GCF, vous d\u00e9couvrirez de nombreuses ressources et mod\u00e8les de minist\u00e8re gratuits et soumis \u00e0 droits d&#039;auteur. N&#039;h\u00e9sitez pas \u00e0 les traduire, les utiliser, les am\u00e9liorer, les enrichir et les partager.<\/p>\n<p>Nous savons que nous ne sommes pas la seule r\u00e9ponse au d\u00e9fi mondial de l&#039;\u00e9vang\u00e9lisation et du discipulat aupr\u00e8s des enfants. Nous nous consid\u00e9rons comme un levain qui fait lever toute la p\u00e2te. Malgr\u00e9 notre petite taille, nous cherchons \u00e0 servir de mani\u00e8re \u00e0 ce que chaque \u00e9glise et chaque organisation puisse b\u00e9n\u00e9ficier de nos efforts.<\/p>\n<h3>\n\t\t\tCe que nous valorisons\t<\/h3>\n\t<p>L&#039;un l&#039;autre<\/p>\n\t<p>Travailler ensemble<\/p>\n\t<p>Amour et humilit\u00e9<\/p>\n\t<p>Partager g\u00e9n\u00e9reusement<\/p>\n\t<p>Courage et cr\u00e9ativit\u00e9<\/p>\n<h3>\n\t\t\tPriorit\u00e9s strat\u00e9giques\t<\/h3>\n\t<p>La priorit\u00e9 du GCF est d&#039;aider le peuple de Dieu \u00e0 former des disciples parmi les enfants et \u00e0 les aider \u00e0 vivre la paix divine. Une attention particuli\u00e8re est accord\u00e9e \u00e0 ce domaine dans le contexte des familles et des enfants en difficult\u00e9. Nous pensons que l&#039;objectif final est de former et d&#039;encourager les enfants \u00e0 contribuer activement \u00e0 la mission de Dieu et \u00e0 leur communaut\u00e9.<\/p>\n<ol>\n<li>Faciliter le partage des connaissances, des outils et des opportunit\u00e9s au sein de la communaut\u00e9<\/li>\n<li>Faciliter le partenariat pour accomplir davantage ensemble que s\u00e9par\u00e9ment<\/li>\n<li>Encourager et faciliter une lib\u00e9ration g\u00e9n\u00e9reuse de ressources dans un cadre open source<\/li>\n<li>Renforcer la collaboration, notamment autour des familles missionnaires<\/li>\n<li>Remodeler le leadership en int\u00e9grant les jeunes dirigeants<\/li>\n<li>D\u00e9velopper des projets pilotes r\u00e9gionaux de communaut\u00e9s d&#039;apprentissage<\/li>\n<li>\u00c9largir la port\u00e9e strat\u00e9gique de l&#039;exp\u00e9rience de leadership du GCF (LE)<\/li>\n<li>D\u00e9ployer FlashLab et d&#039;autres outils d&#039;innovation<\/li>\n<\/ol>","protected":false},"excerpt":{"rendered":"<p>Pr\u00e9sentation Qui sommes-nous\u00a0? Nous sommes un r\u00e9seau de plus de 100 organisations, grandes et petites, locales et internationales, r\u00e9unies autour des enfants et de l&#039;\u00c9vangile. Nous adh\u00e9rons \u00e0 l&#039;Alliance de Lausanne en mati\u00e8re de foi chr\u00e9tienne et cherchons \u00e0 vivre les valeurs du Royaume de Dieu dans tout ce que nous faisons. Avec deux tiers de\u2026 <a title=\"\u00c0 propos\" class=\"read-more\" href=\"https:\/\/gcf.community\/fr\/about\/\" aria-label=\"En savoir plus sur \u00c0 propos\">Lire la suite<\/a><\/p>","protected":false},"author":1,"featured_media":0,"parent":0,"menu_order":0,"comment_status":"closed","ping_status":"closed","template":"","meta":{"_acf_changed":false,"_seopress_robots_primary_cat":"","_seopress_titles_title":"","_seopress_titles_desc":"","_seopress_robots_index":"","footnotes":"","_links_to":"","_links_to_target":""},"categories":[],"class_list":["post-804","page","type-page","status-publish"],"acf":[],"_links":{"self":[{"href":"https:\/\/gcf.community\/fr\/wp-json\/wp\/v2\/pages\/804","targetHints":{"allow":["GET"]}}],"collection":[{"href":"https:\/\/gcf.community\/fr\/wp-json\/wp\/v2\/pages"}],"about":[{"href":"https:\/\/gcf.community\/fr\/wp-json\/wp\/v2\/types\/page"}],"author":[{"embeddable":true,"href":"https:\/\/gcf.community\/fr\/wp-json\/wp\/v2\/users\/1"}],"replies":[{"embeddable":true,"href":"https:\/\/gcf.community\/fr\/wp-json\/wp\/v2\/comments?post=804"}],"version-history":[{"count":2,"href":"https:\/\/gcf.community\/fr\/wp-json\/wp\/v2\/pages\/804\/revisions"}],"predecessor-version":[{"id":3212,"href":"https:\/\/gcf.community\/fr\/wp-json\/wp\/v2\/pages\/804\/revisions\/3212"}],"wp:attachment":[{"href":"https:\/\/gcf.community\/fr\/wp-json\/wp\/v2\/media?parent=804"}],"wp:term":[{"taxonomy":"category","embeddable":true,"href":"https:\/\/gcf.community\/fr\/wp-json\/wp\/v2\/categories?post=804"}],"curies":[{"name":"wp","href":"https:\/\/api.w.org\/{rel}","templated":true}]}}