{"id":800,"date":"2023-03-14T14:56:26","date_gmt":"2023-03-14T14:56:26","guid":{"rendered":"https:\/\/gcf.community\/?page_id=800"},"modified":"2026-02-13T16:48:24","modified_gmt":"2026-02-13T16:48:24","slug":"thinkramp","status":"publish","type":"page","link":"https:\/\/gcf.community\/fr\/resources\/thinkramp\/","title":{"rendered":"ThinkRamp"},"content":{"rendered":"<h1>\n\t\t\tThinkRamp\t<\/h1>\n\t<p>Demander \u00e0 une \u00e9quipe de r\u00e9fl\u00e9chir simultan\u00e9ment de mani\u00e8re strat\u00e9gique, cr\u00e9ative et pratique peut s&#039;av\u00e9rer difficile. Nous nous enlisons facilement dans notre r\u00e9flexion. Nous trouvons des solutions obsol\u00e8tes \u00e0 des probl\u00e8mes familiers. ThinkRamp vise \u00e0 nous aider \u00e0 collaborer et \u00e0 penser diff\u00e9remment, en nous lib\u00e9rant de nos sch\u00e9mas habituels.<\/p>\n<p>ThinkRamp est un processus utilisant une m\u00e9taphore puissante. C&#039;est un espace d&#039;exploration et de jeu, qui permet d&#039;appr\u00e9hender des situations famili\u00e8res sous un angle nouveau. C&#039;est un outil qui aide les participants \u00e0 r\u00e9fl\u00e9chir plus profond\u00e9ment et strat\u00e9giquement \u00e0 tout objectif ou d\u00e9fi qui se pr\u00e9sente \u00e0 eux.<\/p>\n<h4>\n\t\t\tDiagramme ThinkRamp vierge\t<\/h4>\n<figure itemscope itemtype=\"https:\/\/schema.org\/ImageObject\">\n\t\t\t\t<a href=\"https:\/\/gcf.community\/wp-content\/uploads\/2023\/03\/thinkramp-blank-a4.jpg\"  target=\"_self\" itemprop=\"url\">\n\t\t\t\t<img decoding=\"async\" src=\"https:\/\/gcf.community\/wp-content\/uploads\/2023\/03\/thinkramp-blank-a4-1536x722.jpg\" alt=\"thinkramp blank a4\" height=\"564\" width=\"1200\" title=\"ThinkRamp vierge A4\" onerror=\"this.style.display='none'\" loading=\"lazy\" \/>\n\t\t\t\t<\/a>\n\t<\/figure>\n\t<a href=\"https:\/\/gcf.community\/wp-content\/uploads\/2023\/03\/thinkramp-blank-a4.jpg\" target=\"_self\" role=\"button\" download=\"thinkramp-blank-a4.jpg\" aria-label=\"T\u00e9l\u00e9charger ThinkRamp vierge\">\n\t\t\t\t\t\tT\u00e9l\u00e9charger ThinkRamp vierge\n\t\t\t\t\t<\/a>\n\t<div id=\"footable_parent_1204\"\n         class=\"footable_parent ninja_table_wrapper loading_ninja_table wp_table_data_press_parent semantic_ui\">\n                <table data-ninja_table_instance=\"ninja_table_instance_0\" data-footable_id=\"1204\" data-filter-delay=\"1000\" aria-label=\"Composants ThinkRamp\"            id=\"footable_1204\"\n           data-unique_identifier=\"ninja_table_unique_id_803974032_1204\"\n           class=\"foo-table ninja_footable foo_table_1204 ninja_table_unique_id_803974032_1204 ui table  nt_type_legacy_table selectable striped vertical_centered  footable-paging-right ninjatable_hide_header_row ninja_table_pro\">\n                <colgroup>\n                            <col class=\"ninja_column_0\">\n                            <col class=\"ninja_column_1\">\n                    <\/colgroup>\n        <thead>\n<tr class=\"footable-header\">\n                                        <th scope=\"col\"  class=\"ninja_column_0 ninja_clmn_nm_object\">Objet<\/th><th scope=\"col\"  class=\"ninja_column_1 ninja_clmn_nm_function\">Fonction<\/th><\/tr>\n<\/thead>\n<tbody>\n\n        <tr data-row_id=\"12\" class=\"ninja_table_row_0 nt_row_id_12\">\n            <td>1. Ball<\/td><td>Quelle est notre id\u00e9e fondamentale\u00a0? Avons-nous besoin d&#039;une nouvelle id\u00e9e fondamentale\u00a0?<\/td>        <\/tr>\n            <tr data-row_id=\"13\" class=\"ninja_table_row_1 nt_row_id_13\">\n            <td>2. Cible<\/td><td>Quel est notre objectif\u00a0? Est-il ambitieux\u00a0? Y a-t-il plusieurs objectifs\u00a0? Sont-ils align\u00e9s\u00a0?<\/td>        <\/tr>\n            <tr data-row_id=\"14\" class=\"ninja_table_row_2 nt_row_id_14\">\n            <td>3. Rampe d&#039;acc\u00e8s<\/td><td>Qu&#039;est-ce qui nous donne l&#039;\u00e9lan n\u00e9cessaire pour lancer nos id\u00e9es\u00a0? Notre histoire\u00a0? Nos forces et nos faiblesses\u00a0? Nos relations\u00a0? Nos ressources\u00a0? <\/td>        <\/tr>\n            <tr data-row_id=\"15\" class=\"ninja_table_row_3 nt_row_id_15\">\n            <td>4. Obstacles<\/td><td>Quels obstacles nous emp\u00eachent d&#039;atteindre l&#039;objectif\u00a0? Quels sont les plus importants\u00a0?<\/td>        <\/tr>\n            <tr data-row_id=\"16\" class=\"ninja_table_row_4 nt_row_id_16\">\n            <td>5. Rampe ascendante<\/td><td>Quelles opportunit\u00e9s peuvent donner un \u00e9lan \u00e0 nos id\u00e9es\u00a0? Quelles tendances actuelles pouvons-nous exploiter\u00a0?<\/td>        <\/tr>\n            <tr data-row_id=\"17\" class=\"ninja_table_row_5 nt_row_id_17\">\n            <td>6. Changement de direction<\/td><td>Quel est notre tournant ? De quelle r\u00e9volution de pens\u00e9e avons-nous besoin actuellement ? Un changement de paradigme est-il n\u00e9cessaire ?<\/td>        <\/tr>\n    <\/tbody><!--ninja_tobody_rendering_done-->\n    <\/table>\n    \n    \n    \n<\/div>\n\n<h4>\n\t\t\tDiagramme ThinkRamp termin\u00e9\t<\/h4>\n<figure itemscope itemtype=\"https:\/\/schema.org\/ImageObject\">\n\t\t\t\t<img decoding=\"async\" src=\"https:\/\/gcf.community\/wp-content\/uploads\/2023\/03\/ThinkRamp-full-1024x732.jpg\" alt=\"ThinkRamp full\" height=\"732\" width=\"1024\" title=\"ThinkRamp complet\" onerror=\"this.style.display='none'\" loading=\"lazy\" \/>\n\t<\/figure>\n\t<a href=\"https:\/\/gcf.community\/wp-content\/uploads\/2023\/03\/ThinkRamp-full-scaled.jpg\" target=\"_self\" role=\"button\" download=\"ThinkRamp-full-scaled.jpg\" aria-label=\"T\u00e9l\u00e9charger la version compl\u00e8te de ThinkRamp\">\n\t\t\t\t\t\tT\u00e9l\u00e9charger la version compl\u00e8te de ThinkRamp\n\t\t\t\t\t<\/a>","protected":false},"excerpt":{"rendered":"<p>ThinkRamp\u00a0: demander \u00e0 une \u00e9quipe de r\u00e9fl\u00e9chir simultan\u00e9ment de mani\u00e8re strat\u00e9gique, cr\u00e9ative et pratique peut s&#039;av\u00e9rer difficile. On se retrouve facilement bloqu\u00e9 dans sa r\u00e9flexion. On trouve des solutions obsol\u00e8tes \u00e0 des probl\u00e8mes familiers. ThinkRamp vise \u00e0 nous aider \u00e0 collaborer et \u00e0 penser diff\u00e9remment, en nous sortant de nos sch\u00e9mas habituels. ThinkRamp est un processus\u2026 <a title=\"ThinkRamp\" class=\"read-more\" href=\"https:\/\/gcf.community\/fr\/resources\/thinkramp\/\" aria-label=\"En savoir plus sur ThinkRamp\">Lire la suite<\/a><\/p>","protected":false},"author":1,"featured_media":0,"parent":3157,"menu_order":0,"comment_status":"closed","ping_status":"closed","template":"","meta":{"_acf_changed":false,"_seopress_robots_primary_cat":"","_seopress_titles_title":"","_seopress_titles_desc":"","_seopress_robots_index":"","footnotes":"","_links_to":"","_links_to_target":""},"categories":[],"class_list":["post-800","page","type-page","status-publish"],"acf":[],"_links":{"self":[{"href":"https:\/\/gcf.community\/fr\/wp-json\/wp\/v2\/pages\/800","targetHints":{"allow":["GET"]}}],"collection":[{"href":"https:\/\/gcf.community\/fr\/wp-json\/wp\/v2\/pages"}],"about":[{"href":"https:\/\/gcf.community\/fr\/wp-json\/wp\/v2\/types\/page"}],"author":[{"embeddable":true,"href":"https:\/\/gcf.community\/fr\/wp-json\/wp\/v2\/users\/1"}],"replies":[{"embeddable":true,"href":"https:\/\/gcf.community\/fr\/wp-json\/wp\/v2\/comments?post=800"}],"version-history":[{"count":2,"href":"https:\/\/gcf.community\/fr\/wp-json\/wp\/v2\/pages\/800\/revisions"}],"predecessor-version":[{"id":3218,"href":"https:\/\/gcf.community\/fr\/wp-json\/wp\/v2\/pages\/800\/revisions\/3218"}],"up":[{"embeddable":true,"href":"https:\/\/gcf.community\/fr\/wp-json\/wp\/v2\/pages\/3157"}],"wp:attachment":[{"href":"https:\/\/gcf.community\/fr\/wp-json\/wp\/v2\/media?parent=800"}],"wp:term":[{"taxonomy":"category","embeddable":true,"href":"https:\/\/gcf.community\/fr\/wp-json\/wp\/v2\/categories?post=800"}],"curies":[{"name":"wp","href":"https:\/\/api.w.org\/{rel}","templated":true}]}}