{"id":796,"date":"2023-03-14T14:55:41","date_gmt":"2023-03-14T14:55:41","guid":{"rendered":"https:\/\/gcf.community\/?page_id=796"},"modified":"2023-03-16T12:42:18","modified_gmt":"2023-03-16T12:42:18","slug":"cewwj","status":"publish","type":"page","link":"https:\/\/gcf.community\/fr\/related\/cewwj\/","title":{"rendered":"CEWWJ"},"content":{"rendered":"<h3>\n\t\tEn rapport\n\t<\/h3>\n<h1>\n\t\tDes enfants partout dans le monde marchent avec J\u00e9sus\n\t<\/h1>\n\t<h4>Comment pouvons-nous travailler avec Dieu pour voir des enfants partout marcher avec J\u00e9sus ?<\/h4>\n<p><strong>Enfants<\/strong>: <em>seeing them through God&#8217;s eyes<\/em><\/p>\n<ul>\n<li>Every child is uniquely made in God&#8217;s image and loved by Him. We need to know and value them as He does if we are to help them walk with Jesus<\/li>\n<li>Dans quelle mesure est-ce que je connais les enfants qui m\u2019entourent, comprends-je leur monde et permets-je \u00e0 leurs voix d\u2019\u00eatre entendues et prises en compte ?<\/li>\n<\/ul>\n<p><strong>Partout<\/strong>: <em>entrer dans leur monde<\/em><\/p>\n<ul>\n<li>Les environnements bris\u00e9s manquent de la s\u00e9curit\u00e9 et de l&#039;attention dont les enfants ont besoin. Le Bon Pasteur aspire \u00e0 ce que les enfants cheminent parmi de verts p\u00e2turages et des eaux calmes o\u00f9 ils peuvent s&#039;\u00e9panouir.<\/li>\n<li>Cr\u00e9ons-nous des environnements de s\u00e9curit\u00e9 et de bien-\u00eatre o\u00f9 les enfants peuvent s\u2019\u00e9panouir au milieu de circonstances difficiles ?<\/li>\n<\/ul>\n<p><strong>Marche<\/strong>: <em>grandir au cours du voyage<\/em><\/p>\n<ul>\n<li>Learning to walk with Jesus can happen anywhere, at any time, with anyone &#8211; or alone, Both formal and informal learning experiences are vital to developing deep roots in God that will enable children to stand strong<\/li>\n<li>En explorant la vie et la foi avec les enfants, est-ce que je fais preuve de cr\u00e9ativit\u00e9, de pertinence et de confiance que Dieu leur parle \u00e0 travers la Bible, la pri\u00e8re et les exp\u00e9riences de vie ?<\/li>\n<\/ul>\n<p><strong>Avec<\/strong>: <em>s&#039;\u00e9panouir gr\u00e2ce aux relations<\/em><\/p>\n<ul>\n<li>Dieu recherche une relation avec chaque enfant. En l&#039;accompagnant, nous le soutenons et l&#039;aidons \u00e0 donner un sens \u00e0 la vie et \u00e0 la foi.<\/li>\n<li>Est-ce que je vois mes relations avec les enfants comme des possibilit\u00e9s qui leur permettent de vivre des exp\u00e9riences qui changent leur vie avec Dieu ?<\/li>\n<\/ul>\n<p><strong>J\u00e9sus<\/strong>: <em>apporter J\u00e9sus aux autres<\/em><\/p>\n<ul>\n<li>As children walk with Jesus, they bring Him and his message of hope into their world. They can share Him in places and ways that adults can&#8217;t.<\/li>\n<li>Est-ce que je n\u00e9glige la contribution que les enfants peuvent apporter \u00e0 la Grande Mission ?<\/li>\n<\/ul>\n<h5>Nous atteignons l\u2019objectif que les enfants du monde entier marchent avec J\u00e9sus gr\u00e2ce \u00e0 :<\/h5>\n<p>Les familles qui :<\/p>\n<ol>\n<li>C\u00e9l\u00e9brez les dons et les parcours uniques de chaque enfant.<\/li>\n<li>Assurez-vous que la famille est un endroit s\u00fbr o\u00f9 les enfants peuvent grandir et apprendre.<\/li>\n<li>Soyez un mod\u00e8le et transmettez la foi dans les circonstances du quotidien.<\/li>\n<li>Servir Dieu ensemble dans l\u2019\u00e9glise et la communaut\u00e9.<\/li>\n<\/ol>\n<p>Les \u00e9glises qui :<\/p>\n<ol>\n<li>Accueillez les enfants et les familles dans une communaut\u00e9 s\u00fbre et bienveillante qui r\u00e9pond \u00e0 leurs besoins holistiques.<\/li>\n<li>Soutenir et \u00e9quiper les familles pour qu&#039;elles soient des centres de d\u00e9veloppement de la foi<\/li>\n<li>Priez, apprenez, servez et c\u00e9l\u00e9brez ensemble \u00e0 travers les g\u00e9n\u00e9rations.<\/li>\n<li>Cr\u00e9ez des opportunit\u00e9s pour que les enfants explorent les dons que Dieu leur a donn\u00e9s et marchez \u00e0 leurs c\u00f4t\u00e9s pendant qu\u2019ils apprennent.<\/li>\n<\/ol>\n<p>Les enfants qui :<\/p>\n<ol>\n<li>Sachez que leurs dons sont des valeurs et qu\u2019ils ont des opportunit\u00e9s de les utiliser.<\/li>\n<li>Partagez votre foi avec les autres de mani\u00e8re cr\u00e9ative.<\/li>\n<li>Are active participants in building God&#8217;s Kingdom<\/li>\n<\/ol>\n<p>Institutions th\u00e9ologiques et s\u00e9minaires qui :<\/p>\n<ol>\n<li>Avoir un impact sur tous les dirigeants d\u2019\u00e9glise en incluant une th\u00e9ologie solide du minist\u00e8re aupr\u00e8s des enfants et des familles dans chaque discipline acad\u00e9mique<\/li>\n<li>Ensure that children&#8217;s ministry is a genuine academic option.<\/li>\n<li>Devenez des centres r\u00e9gionaux de r\u00e9seautage, de conversation et de ressources dans le minist\u00e8re aupr\u00e8s des enfants et des familles.<\/li>\n<\/ol>\n<p>Partenariats entre organisations chr\u00e9tiennes et la\u00efques qui :<\/p>\n<ol>\n<li>Meet children&#8217;s practical needs for food and shelter, health and education<\/li>\n<li>Advocate for children&#8217;s rights at all levels of community and government.<\/li>\n<li>Explore innovative approaches that address the changing, often difficult, realities for today&#8217;s children and families and ensure that these are adequately resources.<\/li>\n<li>Encourager les enfants \u00e0 contribuer au bien-\u00eatre de la communaut\u00e9.<\/li>\n<\/ol>","protected":false},"excerpt":{"rendered":"<p>Related Children Everywhere Walking With Jesus How can we work with God to see children everywhere walking with Jesus? Children: seeing them through God&#8217;s eyes Every child is uniquely made in God&#8217;s image and loved by Him. We need to know and value them as He does if we are to help them walk with &#8230; <a title=\"CEWWJ\" class=\"read-more\" href=\"https:\/\/gcf.community\/fr\/related\/cewwj\/\" aria-label=\"En savoir plus sur CEWWJ\">Lire la suite<\/a><\/p>","protected":false},"author":1,"featured_media":0,"parent":853,"menu_order":0,"comment_status":"closed","ping_status":"closed","template":"","meta":{"_acf_changed":false,"_seopress_robots_primary_cat":"","_seopress_titles_title":"","_seopress_titles_desc":"","_seopress_robots_index":"","footnotes":"","_links_to":"","_links_to_target":""},"categories":[],"class_list":["post-796","page","type-page","status-publish"],"acf":[],"_links":{"self":[{"href":"https:\/\/gcf.community\/fr\/wp-json\/wp\/v2\/pages\/796","targetHints":{"allow":["GET"]}}],"collection":[{"href":"https:\/\/gcf.community\/fr\/wp-json\/wp\/v2\/pages"}],"about":[{"href":"https:\/\/gcf.community\/fr\/wp-json\/wp\/v2\/types\/page"}],"author":[{"embeddable":true,"href":"https:\/\/gcf.community\/fr\/wp-json\/wp\/v2\/users\/1"}],"replies":[{"embeddable":true,"href":"https:\/\/gcf.community\/fr\/wp-json\/wp\/v2\/comments?post=796"}],"version-history":[{"count":0,"href":"https:\/\/gcf.community\/fr\/wp-json\/wp\/v2\/pages\/796\/revisions"}],"up":[{"embeddable":true,"href":"https:\/\/gcf.community\/fr\/wp-json\/wp\/v2\/pages\/853"}],"wp:attachment":[{"href":"https:\/\/gcf.community\/fr\/wp-json\/wp\/v2\/media?parent=796"}],"wp:term":[{"taxonomy":"category","embeddable":true,"href":"https:\/\/gcf.community\/fr\/wp-json\/wp\/v2\/categories?post=796"}],"curies":[{"name":"wp","href":"https:\/\/api.w.org\/{rel}","templated":true}]}}