{"id":792,"date":"2023-03-14T14:54:06","date_gmt":"2023-03-14T14:54:06","guid":{"rendered":"https:\/\/gcf.community\/?page_id=792"},"modified":"2023-03-16T12:19:08","modified_gmt":"2023-03-16T12:19:08","slug":"brokenness-to-wholeness-framework","status":"publish","type":"page","link":"https:\/\/gcf.community\/fr\/about\/brokenness-to-wholeness-framework\/","title":{"rendered":"Cadre de la rupture \u00e0 la pl\u00e9nitude"},"content":{"rendered":"<h3>\n\t\t\u00c0 propos\n\t<\/h3>\n<h1>\n\t\tCadre de la rupture \u00e0 la pl\u00e9nitude\n\t<\/h1>\n\t\t\t\t<img loading=\"lazy\" decoding=\"async\" src=\"https:\/\/gcf.community\/wp-content\/uploads\/2023\/03\/Brokennes-to-Wholeness-2018.jpg\" alt=\"Brokennes to Wholeness 2018\" itemprop=\"image\" height=\"1084\" width=\"1200\" title=\"De la rupture \u00e0 la pl\u00e9nitude 2018\" onerror=\"this.style.display='none'\"  \/>\n\t<p>Ce diagramme montre le chemin qui m\u00e8ne de la brisure du p\u00e9ch\u00e9 \u00e0 la pl\u00e9nitude du shalom.<\/p>\n<p>Les deux axes repr\u00e9sentent les deux sph\u00e8res de rupture.<\/p>\n<h4>Axe horizontal<\/h4>\n<p>La fragilit\u00e9 physique, personnelle et sociale se manifeste par la pauvret\u00e9, la guerre, les abus, la maladie, etc. Les programmes d\u2019aide et de d\u00e9veloppement peuvent aider \u00e0 amener ces enfants dans un environnement s\u00fbr et sain o\u00f9 ils peuvent se d\u00e9velopper personnellement et contribuer \u00e0 la soci\u00e9t\u00e9.<\/p>\n<h4>Axe vertical<\/h4>\n<p>La s\u00e9paration spirituelle d&#039;avec Dieu due au p\u00e9ch\u00e9 et \u00e0 l&#039;ignorance est gu\u00e9rie lorsque l&#039;\u00c9glise tend la main aux autres, partage l&#039;\u00c9vangile et les guide vers une relation avec Dieu. En tant que membres de la communaut\u00e9 de Son Corps, leur relation avec Dieu est renforc\u00e9e et ils sont en mesure de participer activement \u00e0 Son \u0153uvre.<\/p>\n<p>Chaque enfant se situe actuellement quelque part sur cette matrice, exp\u00e9rimentant diff\u00e9rents degr\u00e9s de souffrance et de pl\u00e9nitude dans diff\u00e9rents domaines de sa vie. Notre objectif est de les amener \u00e0 se rapprocher de la pl\u00e9nitude totale du Shalom, qui se trouve dans le quadrant sup\u00e9rieur droit.<\/p>","protected":false},"excerpt":{"rendered":"<p>\u00c0 propos du cadre de la souffrance \u00e0 la pl\u00e9nitude Ce diagramme illustre le chemin qui m\u00e8ne de la souffrance li\u00e9e au p\u00e9ch\u00e9 \u00e0 la pl\u00e9nitude du shalom. Les deux axes repr\u00e9sentent les deux sph\u00e8res de souffrance. Axe horizontal\u00a0: La souffrance physique, personnelle et sociale se manifeste par la pauvret\u00e9, la guerre, les abus, la maladie, etc. Les programmes d\u2019aide et de d\u00e9veloppement peuvent contribuer \u00e0 offrir \u00e0 ces enfants un environnement s\u00fbr et\u2026 <a title=\"Cadre de la rupture \u00e0 la pl\u00e9nitude\" class=\"read-more\" href=\"https:\/\/gcf.community\/fr\/about\/brokenness-to-wholeness-framework\/\" aria-label=\"En savoir plus sur Brokenness to Wholeness Framework\">Lire la suite<\/a><\/p>","protected":false},"author":1,"featured_media":0,"parent":804,"menu_order":0,"comment_status":"closed","ping_status":"closed","template":"","meta":{"_acf_changed":false,"_seopress_robots_primary_cat":"","_seopress_titles_title":"","_seopress_titles_desc":"","_seopress_robots_index":"","footnotes":"","_links_to":"","_links_to_target":""},"categories":[],"class_list":["post-792","page","type-page","status-publish"],"acf":[],"_links":{"self":[{"href":"https:\/\/gcf.community\/fr\/wp-json\/wp\/v2\/pages\/792","targetHints":{"allow":["GET"]}}],"collection":[{"href":"https:\/\/gcf.community\/fr\/wp-json\/wp\/v2\/pages"}],"about":[{"href":"https:\/\/gcf.community\/fr\/wp-json\/wp\/v2\/types\/page"}],"author":[{"embeddable":true,"href":"https:\/\/gcf.community\/fr\/wp-json\/wp\/v2\/users\/1"}],"replies":[{"embeddable":true,"href":"https:\/\/gcf.community\/fr\/wp-json\/wp\/v2\/comments?post=792"}],"version-history":[{"count":0,"href":"https:\/\/gcf.community\/fr\/wp-json\/wp\/v2\/pages\/792\/revisions"}],"up":[{"embeddable":true,"href":"https:\/\/gcf.community\/fr\/wp-json\/wp\/v2\/pages\/804"}],"wp:attachment":[{"href":"https:\/\/gcf.community\/fr\/wp-json\/wp\/v2\/media?parent=792"}],"wp:term":[{"taxonomy":"category","embeddable":true,"href":"https:\/\/gcf.community\/fr\/wp-json\/wp\/v2\/categories?post=792"}],"curies":[{"name":"wp","href":"https:\/\/api.w.org\/{rel}","templated":true}]}}