{"id":788,"date":"2023-03-14T14:52:26","date_gmt":"2023-03-14T14:52:26","guid":{"rendered":"https:\/\/gcf.community\/?page_id=788"},"modified":"2023-08-30T15:39:41","modified_gmt":"2023-08-30T14:39:41","slug":"writing-process","status":"publish","type":"page","link":"https:\/\/gcf.community\/fr\/resources\/flashlab\/writing-process\/","title":{"rendered":"Processus d&#039;\u00e9criture"},"content":{"rendered":"<h1>\n\t\tProcessus d&#039;\u00e9criture FlashLab\n\t<\/h1>\n\t<p>Chaque \u00e9quipe de travail partira d&#039;un point de d\u00e9part diff\u00e9rent et aura donc des t\u00e2ches distinctes \u00e0 accomplir. Certaines \u00e9quipes n&#039;ont aucune session de formation pr\u00e9vue sur leur th\u00e8me g\u00e9n\u00e9ral, tandis que d&#039;autres ont la plupart de leurs sessions de formation d\u00e9j\u00e0 pr\u00e9vues. Cependant, comme nous cr\u00e9ons de nouveaux outils, outre les sessions de formation, chaque \u00e9quipe aura de nombreuses t\u00e2ches \u00e0 accomplir.<\/p>\n\t\t\t\t<img loading=\"lazy\" decoding=\"async\" src=\"https:\/\/gcf.community\/wp-content\/uploads\/2023\/03\/flashlab-process.png\" alt=\"flashlab process\" itemprop=\"image\" height=\"222\" width=\"900\" title=\"processus flashlab\" onerror=\"this.style.display='none'\">\n\t<p>This writing process below is indicative only. Each team&#8217;s facilitator will be shaping a process that will uniquely work for their team. Your team will need to:<\/p>\n<h5>Comprendre l&#039;ensemble de la t\u00e2che<\/h5>\n<p>Analysez et comprenez le contenu sur lequel votre \u00e9quipe travaille. Comprenez comment les sessions et les parties s&#039;int\u00e8grent dans le projet global.<\/p>\n<ul>\n<li>Quels nouveaux composants fabriquez-vous\u00a0? Pourquoi\u00a0?<\/li>\n<li>Quel est le probl\u00e8me que vous essayez de r\u00e9soudre ?<\/li>\n<li>Comprendre les mod\u00e8les et comment chaque pi\u00e8ce s\u2019assemble.<\/li>\n<\/ul>\n<h5>\u00c9laborer un plan<\/h5>\n<p>Lorsque vous planifiez, posez-vous ces questions.<\/p>\n<ul>\n<li>Quelles sont les priorit\u00e9s que nous pouvons \u00e9laborer dans le cadre de ce FlashLab ?<\/li>\n<li>Quelles sont les lacunes et les t\u00e2ches \u00e0 compl\u00e9ter ?<\/li>\n<li>Quelles seront les \u00e9quipes et les sous-\u00e9quipes\u00a0? Quels seront leurs r\u00f4les\u00a0?<\/li>\n<li>Qui effectuera quelles t\u00e2ches ?<\/li>\n<li>Comment pouvons-nous continuer apr\u00e8s ce FlashLab ?<\/li>\n<\/ul>\n\t\t\t\t<img loading=\"lazy\" decoding=\"async\" src=\"https:\/\/gcf.community\/wp-content\/uploads\/2023\/03\/Stretch-play-choose.png\" alt=\"Stretch play choose\" itemprop=\"image\" height=\"258\" width=\"600\" title=\"Jouer en s&#039;\u00e9tirant, choisir\" onerror=\"this.style.display='none'\">\n\t<h5>R\u00e9fl\u00e9chissez, cr\u00e9ez, \u00e9crivez et r\u00e9visez<\/h5>\n<p>Voir le processus de 1 \u00e0 7 ci-dessous.<\/p>\n\t\t\t\t<a href=\"https:\/\/gcf.community\/wp-content\/uploads\/2023\/03\/brainstorm.png\" target=\"_self\" itemprop=\"url\" rel=\"noopener\">\n\t\t\t\t<img loading=\"lazy\" decoding=\"async\" src=\"https:\/\/gcf.community\/wp-content\/uploads\/2023\/03\/brainstorm.png\" alt=\"brainstorm\" itemprop=\"image\" height=\"781\" width=\"1200\" title=\"remue-m\u00e9ninges\" onerror=\"this.style.display='none'\">\n\t\t\t\t<\/a>\n\t<h5>C\u00e9l\u00e9brons tout ce que Dieu a fait<\/h5>\n<p>Let&#8217;s see what God can do in our midst as we labor together.<\/p>","protected":false},"excerpt":{"rendered":"<p>FlashLab Writing Process Every work team will be starting from a different point, so each one will have different tasks to do. Some teams have no training sessions written in their broad topic, while other teams have most training sessions written. However, as we are creating new tools other than the training sessions, there will &#8230; <a title=\"Processus d&#039;\u00e9criture\" class=\"read-more\" href=\"https:\/\/gcf.community\/fr\/resources\/flashlab\/writing-process\/\" aria-label=\"En savoir plus sur Writing Process\">Lire la suite<\/a><\/p>","protected":false},"author":1,"featured_media":0,"parent":1917,"menu_order":0,"comment_status":"closed","ping_status":"closed","template":"","meta":{"_acf_changed":false,"_seopress_robots_primary_cat":"","_seopress_titles_title":"","_seopress_titles_desc":"","_seopress_robots_index":"","footnotes":"","_links_to":"","_links_to_target":""},"categories":[91],"class_list":{"0":"post-788","1":"page","2":"type-page","3":"status-publish","5":"category-flashlab"},"acf":[],"_links":{"self":[{"href":"https:\/\/gcf.community\/fr\/wp-json\/wp\/v2\/pages\/788","targetHints":{"allow":["GET"]}}],"collection":[{"href":"https:\/\/gcf.community\/fr\/wp-json\/wp\/v2\/pages"}],"about":[{"href":"https:\/\/gcf.community\/fr\/wp-json\/wp\/v2\/types\/page"}],"author":[{"embeddable":true,"href":"https:\/\/gcf.community\/fr\/wp-json\/wp\/v2\/users\/1"}],"replies":[{"embeddable":true,"href":"https:\/\/gcf.community\/fr\/wp-json\/wp\/v2\/comments?post=788"}],"version-history":[{"count":0,"href":"https:\/\/gcf.community\/fr\/wp-json\/wp\/v2\/pages\/788\/revisions"}],"up":[{"embeddable":true,"href":"https:\/\/gcf.community\/fr\/wp-json\/wp\/v2\/pages\/1917"}],"wp:attachment":[{"href":"https:\/\/gcf.community\/fr\/wp-json\/wp\/v2\/media?parent=788"}],"wp:term":[{"taxonomy":"category","embeddable":true,"href":"https:\/\/gcf.community\/fr\/wp-json\/wp\/v2\/categories?post=788"}],"curies":[{"name":"wp","href":"https:\/\/api.w.org\/{rel}","templated":true}]}}