{"id":784,"date":"2023-03-14T14:51:40","date_gmt":"2023-03-14T14:51:40","guid":{"rendered":"https:\/\/gcf.community\/?page_id=784"},"modified":"2023-08-30T06:18:42","modified_gmt":"2023-08-30T05:18:42","slug":"creative-thinking-process","status":"publish","type":"page","link":"https:\/\/gcf.community\/fr\/tools\/creative-thinking-process\/","title":{"rendered":"Processus de pens\u00e9e cr\u00e9ative"},"content":{"rendered":"<h1>\n\t\tProcessus de pens\u00e9e cr\u00e9ative\n\t<\/h1>\n\t<p>Assister \u00e0 un tel rassemblement est \u00e0 la fois passionnant et un peu effrayant. Vous vous demandez peut-\u00eatre\u00a0:<\/p>\n<ul>\n<li>Est-ce que j\u2019aurai quelque chose de valable \u00e0 apporter ?<\/li>\n<li>Que se passera-t-il dans le processus cr\u00e9atif ?<\/li>\n<li>What if we all have different ideas that don&#8217;t match up because we are all so diverse?<\/li>\n<\/ul>\n<p>Wonderfully, this is the work of the Holy Spirit. He was our first invited guest. In fact, He planned this whole gathering. Please pray for the Spirit&#8217;s continual guidance.<\/p>\n<p>Le processus cr\u00e9atif est tr\u00e8s dynamique et flexible. Une petite \u00e9quipe d&#039;animateurs nous guidera tout au long du processus pour explorer les familles en mission. Nous aborderons le sujet sous diff\u00e9rents angles afin que vous puissiez apporter une contribution significative, bas\u00e9e sur votre exp\u00e9rience et votre contexte. Travailler en collaboration est passionnant.<\/p>\n<p>Imaginez le processus comme ceci (fermez peut-\u00eatre les yeux et faites appel \u00e0 toute votre imagination) :<\/p>\n\t\t\t\t\n\t\t\t<p>The theme of Families on Mission is like a mountain &#8211; and we want to climb it.<\/p>\n\t<p>We can all see the mountain from a distance, simple and distinct, but when we get up close there are many aspects to consider &#8211; many valleys and challenges. There are many ways to climb it. The facilitators will be taking us all on an adventure to climb and understand this mountain &#8211; sometimes all together and sometimes in smaller climbing parties focused on a different path. Then our job is to make different types of tools and strategies to enable others to climb and enjoy the mountain.<\/p>","protected":false},"excerpt":{"rendered":"<p>Creative Thinking Process Coming to a gathering like this is exciting but also a bit frightening. You may be asking yourself: Will I have anything worthwhile to contribute? What will happen in the creative process? What if we all have different ideas that don&#8217;t match up because we are all so diverse? Wonderfully, this is &#8230; <a title=\"Processus de pens\u00e9e cr\u00e9ative\" class=\"read-more\" href=\"https:\/\/gcf.community\/fr\/tools\/creative-thinking-process\/\" aria-label=\"En savoir plus sur Creative Thinking Process\">Lire la suite<\/a><\/p>","protected":false},"author":1,"featured_media":0,"parent":849,"menu_order":0,"comment_status":"closed","ping_status":"closed","template":"","meta":{"_acf_changed":false,"_seopress_robots_primary_cat":"","_seopress_titles_title":"","_seopress_titles_desc":"","_seopress_robots_index":"","footnotes":"","_links_to":"","_links_to_target":""},"categories":[],"class_list":["post-784","page","type-page","status-publish"],"acf":[],"_links":{"self":[{"href":"https:\/\/gcf.community\/fr\/wp-json\/wp\/v2\/pages\/784","targetHints":{"allow":["GET"]}}],"collection":[{"href":"https:\/\/gcf.community\/fr\/wp-json\/wp\/v2\/pages"}],"about":[{"href":"https:\/\/gcf.community\/fr\/wp-json\/wp\/v2\/types\/page"}],"author":[{"embeddable":true,"href":"https:\/\/gcf.community\/fr\/wp-json\/wp\/v2\/users\/1"}],"replies":[{"embeddable":true,"href":"https:\/\/gcf.community\/fr\/wp-json\/wp\/v2\/comments?post=784"}],"version-history":[{"count":0,"href":"https:\/\/gcf.community\/fr\/wp-json\/wp\/v2\/pages\/784\/revisions"}],"up":[{"embeddable":true,"href":"https:\/\/gcf.community\/fr\/wp-json\/wp\/v2\/pages\/849"}],"wp:attachment":[{"href":"https:\/\/gcf.community\/fr\/wp-json\/wp\/v2\/media?parent=784"}],"wp:term":[{"taxonomy":"category","embeddable":true,"href":"https:\/\/gcf.community\/fr\/wp-json\/wp\/v2\/categories?post=784"}],"curies":[{"name":"wp","href":"https:\/\/api.w.org\/{rel}","templated":true}]}}