{"id":780,"date":"2023-03-14T14:51:05","date_gmt":"2023-03-14T14:51:05","guid":{"rendered":"https:\/\/gcf.community\/?page_id=780"},"modified":"2023-03-15T08:35:58","modified_gmt":"2023-03-15T08:35:58","slug":"goals-and-outcomes","status":"publish","type":"page","link":"https:\/\/gcf.community\/fr\/events\/brazil2023\/goals-and-outcomes\/","title":{"rendered":"Objectifs et r\u00e9sultats"},"content":{"rendered":"<h3>\n\t\tBr\u00e9sil 2023\n\t<\/h3>\n\t\t\t<button tabindex=\"0\" role=\"button\" aria-label=\"Menu\">\n\t\t\t\t\t\t\t<\/button>\n\t<nav aria-label=\"Br\u00e9sil\" itemscope=\"itemscope\" itemtype=\"https:\/\/schema.org\/SiteNavigationElement\">\n\t\t<ul id=\"menu-brazil\"><li id=\"menu-item-830\"><a href=\"https:\/\/gcf.community\/fr\/events\/brazil2023\/welcome\/\" tabindex=\"0\" role=\"link\">Accueillir<\/a><\/li><li id=\"menu-item-832\"><a href=\"https:\/\/gcf.community\/fr\/events\/brazil2023\/preparation\/\" tabindex=\"0\" role=\"link\">Pr\u00e9paration<\/a><\/li><li id=\"menu-item-835\"><a href=\"https:\/\/gcf.community\/fr\/events\/brazil2023\/travel-information\/\" tabindex=\"0\" role=\"link\">Informations de voyage<\/a><\/li><li id=\"menu-item-829\"><a href=\"https:\/\/gcf.community\/fr\/events\/brazil2023\/venue-information\/\" tabindex=\"0\" role=\"link\">Informations sur le lieu<\/a><\/li><li id=\"menu-item-831\"><a href=\"https:\/\/gcf.community\/fr\/events\/brazil2023\/venue-map\/\" tabindex=\"0\" role=\"link\">Plan du lieu<\/a><\/li><li id=\"menu-item-828\"><a href=\"https:\/\/gcf.community\/fr\/events\/brazil2023\/goals-and-outcomes\/\" aria-current=\"page\" tabindex=\"0\" role=\"link\">Objectifs et r\u00e9sultats<\/a><\/li><li id=\"menu-item-833\"><a href=\"https:\/\/gcf.community\/fr\/events\/brazil2023\/program\/\" tabindex=\"0\" role=\"link\">Programme<\/a><\/li><li id=\"menu-item-834\"><a href=\"https:\/\/gcf.community\/fr\/events\/brazil2023\/resources\/\" tabindex=\"0\" role=\"link\">Ressources<\/a><\/li><li id=\"menu-item-981\"><a href=\"https:\/\/gcf.community\/fr\/events\/brazil2023\/upload\/\" tabindex=\"0\" role=\"link\">T\u00e9l\u00e9charger<\/a><\/li><li id=\"menu-item-873\"><a href=\"https:\/\/gcf.community\/fr\/events\/brazil2023\/downloads\/\" tabindex=\"0\" role=\"link\">T\u00e9l\u00e9chargements<\/a><\/li><li id=\"menu-item-874\"><a href=\"https:\/\/gcf.community\/fr\/events\/brazil2023\/bios\/\" tabindex=\"0\" role=\"link\">Biographies<\/a><\/li><\/ul>\n\t\t\t<\/nav>\n<h1>\n\t\tObjectifs et r\u00e9sultats de la conf\u00e9rence\n\t<\/h1>\n\t<p>Informations sur les groupes de travail possibles et les premiers r\u00e9sultats escompt\u00e9s :<\/p>\n<p>&nbsp;<\/p>\n<div id=\"footable_parent_968\"\n         class=\"footable_parent ninja_table_wrapper loading_ninja_table wp_table_data_press_parent semantic_ui\">\n                <table data-ninja_table_instance=\"ninja_table_instance_0\" data-footable_id=\"968\" data-filter-delay=\"1000\" aria-label=\"Objectifs et r\u00e9sultats du Br\u00e9sil\"            id=\"footable_968\"\n           data-unique_identifier=\"ninja_table_unique_id_3102595003_968\"\n           class=\"foo-table ninja_footable foo_table_968 ninja_table_unique_id_3102595003_968 ui table  nt_type_legacy_table selectable striped vertical_centered  footable-paging-right ninja_table_search_disabled ninja_table_pro\">\n                <colgroup>\n                            <col class=\"ninja_column_0\">\n                            <col class=\"ninja_column_1\">\n                            <col class=\"ninja_column_2\">\n                    <\/colgroup>\n        <thead>\n<tr class=\"footable-header\">\n                                                        <th scope=\"col\"  class=\"ninja_column_0 ninja_clmn_nm_number\"><\/th><th scope=\"col\"  class=\"ninja_column_1 ninja_clmn_nm_goals\">Objectifs<\/th><th scope=\"col\"  class=\"ninja_column_2 ninja_clmn_nm_outcomes\">R\u00e9sultats<\/th><\/tr>\n<\/thead>\n<tbody>\n\n        <tr data-row_id=\"1\" class=\"ninja_table_row_0 nt_row_id_1\">\n            <td>1<\/td><td><p><strong>Collaboration du Royaume<\/strong><br \/>Nous souhaitons voir les mouvements et les agences qui se concentrent sur les enfants et les familles dialoguer et planifier ce que nous pouvons faire ensemble et que nous ne pouvons pas faire chacun seul.<\/p><\/td><td><ul>\n<li>Confiance et clart\u00e9<\/li>\n<li>Plan strat\u00e9gique<\/li>\n<li>Port\u00e9e \/ impact accru<\/li>\n<\/ul><\/td>        <\/tr>\n            <tr data-row_id=\"2\" class=\"ninja_table_row_1 nt_row_id_2\">\n            <td>2<\/td><td><p><strong>Familles en Mission (FOM)<\/strong> <br \/>Ensemble, nous imaginerons l&#039;impact de millions de familles qui pensent et agissent de mani\u00e8re missionnaire. Nous concevrons des moyens de les \u00e9quiper, de les connecter et de les motiver.<\/p><\/td><td><ul>\n<li>Clarification sur les d\u00e9finitions, les d\u00e9fis et les strat\u00e9gies pour \u00e9quiper les familles afin qu\u2019elles soient en mission localement.<\/li>\n<\/ul><\/td>        <\/tr>\n            <tr data-row_id=\"3\" class=\"ninja_table_row_2 nt_row_id_3\">\n            <td>3<\/td><td><strong>Groupes de travail<\/strong> <br \/>De ces discussions na\u00eetront des groupes de travail pratiques pour \u00e9laborer des plans et des projets concrets.<\/td><td><ul>\n<li>Un plan pour chaque \u00e9quipe de travail afin de poursuivre le processus apr\u00e8s le forum en face \u00e0 face.<\/li>\n<li>Chaque \u00e9quipe contribue au contenu d\u2019un guide FOM.<\/li>\n<\/ul><\/td>        <\/tr>\n            <tr data-row_id=\"4\" class=\"ninja_table_row_3 nt_row_id_4\">\n            <td>4<\/td><td><strong>R\u00e9unions du mouvement<\/strong> <br \/>Chaque mouvement repr\u00e9sentatif aura son propre programme, ses propres \u00e9quipes et sa propre synth\u00e8se de la FOM. Les notes d&#039;ordre du jour de chaque mouvement sont incluses ci-dessous. (GCF, GOPlay, GO Health &amp; Fitness, Generosity)<\/td><td><ul>\n<li>Les points \u00e0 l\u2019ordre du jour de chaque mouvement ont \u00e9t\u00e9 clarifi\u00e9s, d\u00e9finis et avanc\u00e9s.<\/li>\n<\/ul><\/td>        <\/tr>\n            <tr data-row_id=\"5\" class=\"ninja_table_row_4 nt_row_id_5\">\n            <td>5<\/td><td><strong>Formes et \u00e9tapes de la famille<\/strong> <br \/>Au cours de la conf\u00e9rence, nous rencontrerons d\u2019autres personnes \u00e0 un stade de vie similaire pour lutter contre les menaces et les opportunit\u00e9s de cette \u00e9tape en ce qui concerne la FOM.<\/td><td><ul>\n<li>Chaque \u00e9quipe contribue au contenu d\u2019un guide FOM.<\/li>\n<\/ul><\/td>        <\/tr>\n            <tr data-row_id=\"6\" class=\"ninja_table_row_5 nt_row_id_6\">\n            <td>6<\/td><td><p><strong>Partager des histoires<\/strong> <br \/>Ensemble, nous partagerons des histoires de familles en mission et serons inspir\u00e9s.<\/p>\n<p><strong>Prier<\/strong> <br \/>Priez pour les familles partout dans le monde et priez les uns pour les autres dans nos d\u00e9fis.<\/p><\/td><td><ul>\n<li>Confiance, joie et c\u00e9l\u00e9bration.<\/li>\n<li>Une banque d&#039;histoires comme exemples de familles en mission (audiovisuelles et \u00e9crites).<\/li>\n<\/ul><\/td>        <\/tr>\n    <\/tbody><!--ninja_tobody_rendering_done-->\n    <\/table>\n    \n    \n    \n<\/div>","protected":false},"excerpt":{"rendered":"<p>Br\u00e9sil 2023 Bienvenue Pr\u00e9paration Informations de voyage Informations sur le lieu Plan du lieu Objectifs et r\u00e9sultats Programme Ressources T\u00e9l\u00e9chargements Bios Objectifs et r\u00e9sultats de la conf\u00e9rence Informations sur les groupes de travail possibles et les r\u00e9sultats initiaux escompt\u00e9s : &nbsp;<\/p>","protected":false},"author":1,"featured_media":0,"parent":919,"menu_order":0,"comment_status":"closed","ping_status":"closed","template":"","meta":{"_acf_changed":false,"_seopress_robots_primary_cat":"","_seopress_titles_title":"","_seopress_titles_desc":"","_seopress_robots_index":"","footnotes":"","_links_to":"","_links_to_target":""},"categories":[],"class_list":["post-780","page","type-page","status-publish"],"acf":[],"_links":{"self":[{"href":"https:\/\/gcf.community\/fr\/wp-json\/wp\/v2\/pages\/780","targetHints":{"allow":["GET"]}}],"collection":[{"href":"https:\/\/gcf.community\/fr\/wp-json\/wp\/v2\/pages"}],"about":[{"href":"https:\/\/gcf.community\/fr\/wp-json\/wp\/v2\/types\/page"}],"author":[{"embeddable":true,"href":"https:\/\/gcf.community\/fr\/wp-json\/wp\/v2\/users\/1"}],"replies":[{"embeddable":true,"href":"https:\/\/gcf.community\/fr\/wp-json\/wp\/v2\/comments?post=780"}],"version-history":[{"count":0,"href":"https:\/\/gcf.community\/fr\/wp-json\/wp\/v2\/pages\/780\/revisions"}],"up":[{"embeddable":true,"href":"https:\/\/gcf.community\/fr\/wp-json\/wp\/v2\/pages\/919"}],"wp:attachment":[{"href":"https:\/\/gcf.community\/fr\/wp-json\/wp\/v2\/media?parent=780"}],"wp:term":[{"taxonomy":"category","embeddable":true,"href":"https:\/\/gcf.community\/fr\/wp-json\/wp\/v2\/categories?post=780"}],"curies":[{"name":"wp","href":"https:\/\/api.w.org\/{rel}","templated":true}]}}