{"id":78,"date":"2021-03-12T11:50:35","date_gmt":"2021-03-12T11:50:35","guid":{"rendered":"https:\/\/gcf.community\/?page_id=78"},"modified":"2025-02-13T10:43:58","modified_gmt":"2025-02-13T10:43:58","slug":"home","status":"publish","type":"page","link":"https:\/\/gcf.community\/fr\/","title":{"rendered":"Maison"},"content":{"rendered":"<h1>\n\t\tBienvenue dans la communaut\u00e9 GCF !\n\t<\/h1>\n<h3>\n\t\tNous sommes ravis que vous soyez ici !\n\t<\/h3>\n\t<p>Nous sommes une communaut\u00e9 mondiale pionni\u00e8re de partenariats, qui s&#039;efforce d&#039;\u00eatre plus efficaces pour atteindre les enfants du monde avec l&#039;\u00c9vangile de J\u00e9sus, en accomplissant ensemble ce que nous ne pouvons accomplir seuls. Le Forum mondial des enfants (FGE) regroupe plus de 100 organisations, grandes et petites, locales et internationales, et a \u00e9t\u00e9 cr\u00e9\u00e9 en 2008 pour r\u00e9pondre \u00e0 ces questions fondamentales\u00a0:<\/p>\n        <p>Comment pouvons-nous \u00eatre plus efficaces ensemble pour atteindre les enfants avec la bonne nouvelle de J\u00e9sus ?<\/p>    \n        <p>Que pouvons-nous faire ensemble que nous ne pouvons pas faire seuls ?<\/p>    \n\t<p>La vision qui nous unit et nous anime est simple\u00a0: voir des enfants partout marcher avec J\u00e9sus. Creuser un peu plus profond\u00e9ment nous invite \u00e0 les voir avec le regard de Dieu, \u00e0 entrer dans leur monde, \u00e0 les voir grandir sur le chemin, s&#039;\u00e9panouir dans leurs relations et \u00e0 apporter J\u00e9sus aux autres.<\/p>\n<p>Regardez la vid\u00e9o ci-dessous pour voir un extrait de 60 secondes de notre r\u00e9cent s\u00e9jour ensemble au Br\u00e9sil.<\/p>\n\t<iframe allowfullscreen allow=\"autoplay\" data-src=\"https:\/\/www.youtube.com\/embed\/jgoYYMbg5ic?feature=oembed&amp;start&amp;end&amp;wmode=opaque&amp;loop=0&amp;controls=1&amp;mute=0&amp;rel=0&amp;modestbranding=0\"><\/iframe>\t\t\n\t\t\t\t\tLire la vid\u00e9o\n\t<a href=\"https:\/\/padlet.com\/valbygill\/gcf-updates-8f83jlwcigolbvj9\" target=\"_blank\" role=\"button\" rel=\"noopener\" aria-label=\"Cliquez ici pour voir nos mises \u00e0 jour r\u00e9centes\">\n\t\t\t\t\t\tCliquez ici pour voir nos mises \u00e0 jour r\u00e9centes\n\t\t\t\t\t<\/a>\n<h2>\n\t\tVous souhaitez en savoir plus ?\n\t<\/h2>\n\t<p>Si vous souhaitez nous contacter ou si vous avez une question, veuillez nous contacter <a href=\"https:\/\/gcf.community\/fr\/contact\/\">ici<\/a>.<\/p>\n<p>Si vous souhaitez recevoir des mises \u00e0 jour sur les actualit\u00e9s et les \u00e9v\u00e9nements, veuillez remplir le formulaire ci-dessous.<\/p>\n\t<form action=\"https:\/\/gcf.community\/fr\/wp-json\/ws-form\/v1\/submit\" class=\"wsf-form wsf-form-canvas\" id=\"ws-form-1\" data-id=\"28\" method=\"POST\" data-instance-id=\"1\" data-wsf-style-id=\"1\" data-trp-original-action=\"https:\/\/gcf.community\/fr\/wp-json\/ws-form\/v1\/submit\"><input type=\"hidden\" name=\"trp-form-language\" value=\"fr\"\/><\/form>","protected":false},"excerpt":{"rendered":"<p>Bienvenue dans la communaut\u00e9 du GCF\u00a0! Nous sommes ravis de vous accueillir\u00a0! Nous sommes une communaut\u00e9 mondiale de partenaires pionniers, qui s&#039;efforce d&#039;\u00eatre plus efficaces pour atteindre les enfants du monde avec l&#039;\u00c9vangile de J\u00e9sus, en accomplissant ensemble ce que nous ne pouvons pas faire seuls. Le Forum mondial des enfants (GCF) regroupe plus de 100 organisations, grandes et petites, \u2026 <a title=\"Maison\" class=\"read-more\" href=\"https:\/\/gcf.community\/fr\/\" aria-label=\"En savoir plus sur Home\">Lire la suite<\/a><\/p>","protected":false},"author":1,"featured_media":0,"parent":0,"menu_order":0,"comment_status":"closed","ping_status":"closed","template":"","meta":{"_acf_changed":false,"_seopress_robots_primary_cat":"","_seopress_titles_title":"","_seopress_titles_desc":"","_seopress_robots_index":"","footnotes":"","_links_to":"","_links_to_target":""},"categories":[],"class_list":["post-78","page","type-page","status-publish"],"acf":[],"_links":{"self":[{"href":"https:\/\/gcf.community\/fr\/wp-json\/wp\/v2\/pages\/78","targetHints":{"allow":["GET"]}}],"collection":[{"href":"https:\/\/gcf.community\/fr\/wp-json\/wp\/v2\/pages"}],"about":[{"href":"https:\/\/gcf.community\/fr\/wp-json\/wp\/v2\/types\/page"}],"author":[{"embeddable":true,"href":"https:\/\/gcf.community\/fr\/wp-json\/wp\/v2\/users\/1"}],"replies":[{"embeddable":true,"href":"https:\/\/gcf.community\/fr\/wp-json\/wp\/v2\/comments?post=78"}],"version-history":[{"count":5,"href":"https:\/\/gcf.community\/fr\/wp-json\/wp\/v2\/pages\/78\/revisions"}],"predecessor-version":[{"id":3125,"href":"https:\/\/gcf.community\/fr\/wp-json\/wp\/v2\/pages\/78\/revisions\/3125"}],"wp:attachment":[{"href":"https:\/\/gcf.community\/fr\/wp-json\/wp\/v2\/media?parent=78"}],"wp:term":[{"taxonomy":"category","embeddable":true,"href":"https:\/\/gcf.community\/fr\/wp-json\/wp\/v2\/categories?post=78"}],"curies":[{"name":"wp","href":"https:\/\/api.w.org\/{rel}","templated":true}]}}