{"id":776,"date":"2023-03-14T14:43:06","date_gmt":"2023-03-14T14:43:06","guid":{"rendered":"https:\/\/gcf.community\/?page_id=776"},"modified":"2023-03-17T07:15:29","modified_gmt":"2023-03-17T07:15:29","slug":"venue-information","status":"publish","type":"page","link":"https:\/\/gcf.community\/fr\/events\/brazil2023\/venue-information\/","title":{"rendered":"Informations sur le lieu"},"content":{"rendered":"<h3>\n\t\tBr\u00e9sil 2023\n\t<\/h3>\n<h1>\n\t\tInformations sur le lieu\n\t<\/h1>\n\t<h4>Wifi<\/h4>\n<p>S\u00e9lectionnez FAROL_WIFI. Un simple formulaire d&#039;inscription vous sera demand\u00e9.<\/p>\n<h4>Les heures des repas<\/h4>\n<p>Veuillez respecter les horaires des repas. Le restaurant est situ\u00e9 au rez-de-chauss\u00e9e.<\/p>\n<ul>\n<li>Breakfast: 8 &#8211; 10am<\/li>\n<li>Lunch: 12 &#8211; 2pm<\/li>\n<li>Dinner: 7 &#8211; 9pm<\/li>\n<\/ul>\n<h4>Pour ceux qui s\u00e9journent \u00e0 l&#039;Ibis<\/h4>\n<p>Pour les clients s\u00e9journant \u00e0 l&#039;IBIS, une navette est disponible avant le petit-d\u00e9jeuner et un aller-retour apr\u00e8s le d\u00eener. Veuillez apporter tout ce dont vous pourriez avoir besoin pendant la journ\u00e9e. Si vous devez faire un aller-retour suppl\u00e9mentaire jusqu&#039;\u00e0 l&#039;h\u00f4tel, contactez une personne pr\u00e9sente en voiture, ou demandez \u00e0 Val ou Liz de vous aider \u00e0 organiser une course en taxi.<\/p>\n<h4>March\u00e9 \/ magasin<\/h4>\n<p>If you forgot, or run out of, any essentials please feel free to check out the store (open 10am &#8211; 6pm).<\/p>\n<p>L&#039;IBIS est situ\u00e9 \u00e0 c\u00f4t\u00e9 d&#039;un centre commercial. Si vous souhaitez explorer les environs, renseignez-vous aupr\u00e8s du personnel de l&#039;h\u00f4tel pour savoir si vous pouvez partager un trajet avec les clients de l&#039;IBIS. Vous devrez organiser votre retour. Le centre commercial ferme \u00e0 22h.<\/p>\n<h4>Activit\u00e9s<\/h4>\n<ul>\n<li>Pool hours: 9am &#8211; 6pm<\/li>\n<li>Court hours: 7am &#8211; 10pm<\/li>\n<li>Lake activities (kayak, hammocks and paddle boats): 10am &#8211; 5pm<\/li>\n<\/ul>\n<h4>s\u00e8che-cheveux<\/h4>\n<p>L&#039;h\u00f4tel met \u00e0 votre disposition quelques s\u00e8che-cheveux. Veuillez vous adresser \u00e0 la r\u00e9ception pour en emprunter. Veuillez rapporter le s\u00e8che-cheveux \u00e0 la r\u00e9ception apr\u00e8s utilisation.<\/p>\n<h4>Eau<\/h4>\n<p>L&#039;eau de la chambre et du restaurant est incluse. Veuillez noter que la fontaine \u00e0 eau (dans la grande carafe bleue) pr\u00e8s de l&#039;auditorium provient d&#039;un puits local.<\/p>","protected":false},"excerpt":{"rendered":"<p>Brazil 2023 Venue Information Wifi Select FAROL_WIFI. You will be asked to complete a simple registration form. Mealtimes Please be mindful of mealtimes. The restaurant is located on the lower level. Breakfast: 8 &#8211; 10am Lunch: 12 &#8211; 2pm Dinner: 7 &#8211; 9pm For those staying at the Ibis For those staying at IBIS a &#8230; <a title=\"Informations sur le lieu\" class=\"read-more\" href=\"https:\/\/gcf.community\/fr\/events\/brazil2023\/venue-information\/\" aria-label=\"En savoir plus sur Venue Information\">Lire la suite<\/a><\/p>","protected":false},"author":1,"featured_media":0,"parent":919,"menu_order":0,"comment_status":"closed","ping_status":"closed","template":"","meta":{"_acf_changed":false,"_seopress_robots_primary_cat":"","_seopress_titles_title":"","_seopress_titles_desc":"","_seopress_robots_index":"","footnotes":"","_links_to":"","_links_to_target":""},"categories":[],"class_list":["post-776","page","type-page","status-publish"],"acf":[],"_links":{"self":[{"href":"https:\/\/gcf.community\/fr\/wp-json\/wp\/v2\/pages\/776","targetHints":{"allow":["GET"]}}],"collection":[{"href":"https:\/\/gcf.community\/fr\/wp-json\/wp\/v2\/pages"}],"about":[{"href":"https:\/\/gcf.community\/fr\/wp-json\/wp\/v2\/types\/page"}],"author":[{"embeddable":true,"href":"https:\/\/gcf.community\/fr\/wp-json\/wp\/v2\/users\/1"}],"replies":[{"embeddable":true,"href":"https:\/\/gcf.community\/fr\/wp-json\/wp\/v2\/comments?post=776"}],"version-history":[{"count":0,"href":"https:\/\/gcf.community\/fr\/wp-json\/wp\/v2\/pages\/776\/revisions"}],"up":[{"embeddable":true,"href":"https:\/\/gcf.community\/fr\/wp-json\/wp\/v2\/pages\/919"}],"wp:attachment":[{"href":"https:\/\/gcf.community\/fr\/wp-json\/wp\/v2\/media?parent=776"}],"wp:term":[{"taxonomy":"category","embeddable":true,"href":"https:\/\/gcf.community\/fr\/wp-json\/wp\/v2\/categories?post=776"}],"curies":[{"name":"wp","href":"https:\/\/api.w.org\/{rel}","templated":true}]}}