{"id":751,"date":"2023-03-14T14:22:13","date_gmt":"2023-03-14T14:22:13","guid":{"rendered":"https:\/\/gcf.community\/?page_id=751"},"modified":"2023-03-16T11:42:11","modified_gmt":"2023-03-16T11:42:11","slug":"preparation","status":"publish","type":"page","link":"https:\/\/gcf.community\/fr\/events\/brazil2023\/preparation\/","title":{"rendered":"Pr\u00e9paration"},"content":{"rendered":"<h3>\n\t\tBr\u00e9sil 2023\n\t<\/h3>\n<h1>\n\t\tPr\u00e9paration\n\t<\/h1>\n\t<p>Vous trouverez ci-dessous quelques ressources que vous souhaiterez peut-\u00eatre consulter lors de la pr\u00e9paration de nos r\u00e9unions au Br\u00e9sil.<\/p>\n<h4>\n\t\tS\u00e9ance de pr\u00e9sentation de Lawson Murray\n\t<\/h4>\n\t<iframe allowfullscreen allow=\"autoplay\" data-src=\"https:\/\/www.youtube.com\/embed\/MSbfJZASNSg?feature=oembed&amp;start&amp;end&amp;wmode=opaque&amp;loop=0&amp;controls=1&amp;mute=0&amp;rel=0&amp;modestbranding=0\"><\/iframe>\t\t\n\t\t\t\t\tLire la vid\u00e9o\n<h4>\n\t\tR\u00e9sultats de recherche du Dr PC Mathew\n\t<\/h4>\n\t<ol>\n<li>&#8216;Worshipping as a family&#8217; was at the centre of all the other four characteristics of the missional families.<\/li>\n<li>Le manque d\u2019harmonie conjugale et d\u2019engagement envers le Christ est le facteur le plus perturbateur dans la transformation d\u2019une famille en mission.<\/li>\n<li>L\u2019enseignement sur la famille missionnaire a aid\u00e9 de nombreuses personnes \u00e0 \u00e9tablir des liens intentionnels avec leurs voisins, leurs amis et leurs proches.<\/li>\n<li>L\u2019enseignement sur la famille missionnaire devrait \u00eatre donn\u00e9 \u00e0 tous les membres pour un plus grand impact.<\/li>\n<\/ol>","protected":false},"excerpt":{"rendered":"<p>Brazil 2023 Preparation Below are some resources that you may like to look through as you prepare for our meetings in Brazil. Lawson Murray Showcase Session Play Video Dr P C Mathew Research Findings &#8216;Worshipping as a family&#8217; was at the centre of all the other four characteristics of the missional families. Lack of marital &#8230; <a title=\"Pr\u00e9paration\" class=\"read-more\" href=\"https:\/\/gcf.community\/fr\/events\/brazil2023\/preparation\/\" aria-label=\"En savoir plus sur Preparation\">Lire la suite<\/a><\/p>","protected":false},"author":1,"featured_media":0,"parent":919,"menu_order":0,"comment_status":"closed","ping_status":"closed","template":"","meta":{"_acf_changed":false,"_seopress_robots_primary_cat":"","_seopress_titles_title":"","_seopress_titles_desc":"","_seopress_robots_index":"","footnotes":"","_links_to":"","_links_to_target":""},"categories":[],"class_list":["post-751","page","type-page","status-publish"],"acf":[],"_links":{"self":[{"href":"https:\/\/gcf.community\/fr\/wp-json\/wp\/v2\/pages\/751","targetHints":{"allow":["GET"]}}],"collection":[{"href":"https:\/\/gcf.community\/fr\/wp-json\/wp\/v2\/pages"}],"about":[{"href":"https:\/\/gcf.community\/fr\/wp-json\/wp\/v2\/types\/page"}],"author":[{"embeddable":true,"href":"https:\/\/gcf.community\/fr\/wp-json\/wp\/v2\/users\/1"}],"replies":[{"embeddable":true,"href":"https:\/\/gcf.community\/fr\/wp-json\/wp\/v2\/comments?post=751"}],"version-history":[{"count":0,"href":"https:\/\/gcf.community\/fr\/wp-json\/wp\/v2\/pages\/751\/revisions"}],"up":[{"embeddable":true,"href":"https:\/\/gcf.community\/fr\/wp-json\/wp\/v2\/pages\/919"}],"wp:attachment":[{"href":"https:\/\/gcf.community\/fr\/wp-json\/wp\/v2\/media?parent=751"}],"wp:term":[{"taxonomy":"category","embeddable":true,"href":"https:\/\/gcf.community\/fr\/wp-json\/wp\/v2\/categories?post=751"}],"curies":[{"name":"wp","href":"https:\/\/api.w.org\/{rel}","templated":true}]}}