{"id":717,"date":"2023-02-23T07:22:21","date_gmt":"2023-02-23T07:22:21","guid":{"rendered":"https:\/\/gcf.community\/?page_id=717"},"modified":"2023-03-17T05:45:30","modified_gmt":"2023-03-17T05:45:30","slug":"travel-information","status":"publish","type":"page","link":"https:\/\/gcf.community\/fr\/events\/brazil2023\/travel-information\/","title":{"rendered":"Informations de voyage"},"content":{"rendered":"<h3>\n\t\tBr\u00e9sil 2023\n\t<\/h3>\n<h1>\n\t\tInformations de voyage\n\t<\/h1>\n\t<p>Les informations suivantes pourraient vous \u00eatre utiles.<\/p>\n<p>Si vous souhaitez t\u00e9l\u00e9charger ces informations au format PDF, vous pouvez le faire en cliquant sur le bouton ci-dessous.<\/p>\n\t<a href=\"https:\/\/gcf.community\/wp-content\/uploads\/2023\/02\/Brazil-2023-Meetings-INFORMATION.pdf\" target=\"_self\" role=\"button\" download=\"Brazil-2023-Meetings-INFORMATION.pdf\" aria-label=\"T\u00e9l\u00e9charger le PDF\" rel=\"noopener\">\n\t\t\t\t\t\tT\u00e9l\u00e9charger le PDF\n\t\t\t\t\t<\/a>\n\t\t\t\tCoordonn\u00e9es\n\t\t\t\t<p>L&#039;adresse du lieu est :<\/p>\n<p>Farol IBMAlphaville, Caminho Concordia Salus 3100\/3500, Jacare\u00ed, SP 12334-080<\/p>\n<p>Le lien Waze pour les directions est\u00a0: <a href=\"https:\/\/waze.com\/ul\/h6gz78gccg\" target=\"_blank\" rel=\"noopener\">https:\/\/waze.com\/ul\/h6gz78gccg<\/a><\/p>\n<p>T\u00e9l. <a href=\"tel:+5511947276718\">+55 11 94727-6718<\/a><\/p>\n\t\t\t\tEn cas d&#039;urgence\n\t\t\t\t<p><strong>Val<\/strong><br \/>T\u00e9l. <a href=\"tel:+5511981120201\">+55 11 98112-0201<\/a> <br \/>E-mail: <a href=\"mailto:valbygill@gmail.com\">valbygill@gmail.com<\/a><\/p>\n<p><strong>Jacques<br \/><\/strong>T\u00e9l. <a href=\"tel:+447506789420\">+44 7506 789420<\/a> <br \/>E-mail: <a href=\"mailto:james@perfectlydigital.net\">james@perfectlydigital.net<\/a><\/p>\n<p><strong>Pedro<br \/><\/strong>T\u00e9l. <a href=\"tel:+351916686956\">+351 916 686 956<\/a> <br \/>E-mail: <a href=\"mailto:pedritomateus@gmail.com\">pedritomateus@gmail.com<\/a><\/p>\n\t\t\t\tTransport depuis l&#039;a\u00e9roport\n\t\t\t\t<p>Les transferts aller-retour depuis l&#039;a\u00e9roport sont assur\u00e9s. Vous n&#039;avez pas besoin de r\u00e9server votre propre transfert. Nous nous chargeons de tout et vous communiquerons les d\u00e9tails \u00e0 l&#039;approche de la date. Vous y trouverez notamment le lieu de rendez-vous du service de transfert et les coordonn\u00e9es des autres personnes qui vous accompagneront jusqu&#039;au lieu de l&#039;\u00e9v\u00e9nement.<\/p>\n\t\t\t\tClimat \u00e0 S\u00e3o Paulo\n\t\t\t\t<p>La temp\u00e9rature moyenne \u00e0 S\u00e3o Paulo en mars est de 20 \u00e0 28 \u00b0C. C&#039;est la fin de la saison des pluies. Comme c&#039;est la fin de la saison des pluies, nous vous recommandons vivement d&#039;emporter un anti-moustique. \u00a0<\/p>\n<p>The venue is located in the outskirts of the city (about an hour&#8217;s drive from S\u00e3o Paulo airport) in a wooded area.<\/p>\n\t\t\t\tQue porter\n\t\t\t\t<p>Nos rassemblements se d\u00e9rouleront en tenue d\u00e9contract\u00e9e. Shorts, jeans, pantalons, t-shirts et robes sont tous appropri\u00e9s, \u00e0 condition de rester \u00e0 l&#039;aise. Les costumes, cravates ou tenues formelles sont proscrits.\u00a0<\/p>\n\t\t\t\tTemps\n\t\t\t\t<p>The time in S\u00e3o Paulo is GMT &#8211; 3.<\/p>\n\t\t\t\t\u00c9lectronique\n\t\t\t\t<p><img loading=\"lazy\" decoding=\"async\" src=\"https:\/\/gcf.community\/wp-content\/uploads\/2023\/02\/socket.png\" alt=\"\" width=\"193\" height=\"193\" \/>\u00c0 S\u00e3o Paulo, le voltage est de 220 V, mais la prise est diff\u00e9rente. Les prises du lieu de l&#039;\u00e9v\u00e9nement n\u00e9cessitent trois broches, comme indiqu\u00e9 sur l&#039;image. On les appelle de type N. Il est conseill\u00e9 d&#039;apporter un adaptateur.<\/p>\n\t\t\t\tLangue\n\t\t\t\t<p>L&#039;anglais n&#039;est pas tr\u00e8s r\u00e9pandu. Pour impressionner les locaux, apprenez quelques mots et expressions portugais, comme\u00a0: \u00a0<\/p>\n<ul>\n<li>Bom dia (bonjour)<\/li>\n<li>Boa noite (bonsoir)<\/li>\n<li>Obrigada (thank you &#8211; if you are female)<\/li>\n<li>Obrigado (thank you &#8211; if you are male)<\/li>\n<li>L\u00e9gal (cool)<\/li>\n<\/ul>\n\t\t\t\tEsp\u00e8ces \/ cartes\n\t\t\t\t<p>La plupart des \u00e9tablissements acceptent les cartes de cr\u00e9dit et de d\u00e9bit (Visa et Mastercard). American Express est moins largement accept\u00e9e. Si vous souhaitez convertir vos fonds en monnaie locale (REAL), vous pouvez les retirer aux distributeurs automatiques ou chez Cambio. Pour changer vos fonds en dollars, des frais vous seront factur\u00e9s en monnaie locale, puis une seconde fois pour la conversion en dollars. Si vous avez pr\u00e9vu de payer une partie de vos frais en esp\u00e8ces, nous vous recommandons de proc\u00e9der au change en dollars dans votre pays. \u00a0<\/p>\n\t\t\t\tM\u00e9dical\n\t\t\t\t<p>Si vous souffrez d&#039;un quelconque probl\u00e8me de sant\u00e9 pr\u00e9existant, nous vous demandons de nous en informer, notamment en cas d&#039;allergie alimentaire ou environnementale. Un service de premiers secours est disponible sur place, mais tout probl\u00e8me de sant\u00e9 important n\u00e9cessitera une consultation chez un m\u00e9decin. Veuillez vous munir d&#039;une copie imprim\u00e9e de vos coordonn\u00e9es d&#039;assurance et de votre num\u00e9ro de police.<\/p>\n<p>Si vous prenez des m\u00e9dicaments, vous devez emporter une copie de vos ordonnances. Il est \u00e9galement conseill\u00e9 d&#039;en conserver une r\u00e9serve dans vos bagages \u00e0 main et en soute, au cas o\u00f9 vous les perdriez.<\/p>\n\t\t\t\t\u00c9quipements de l&#039;h\u00f4tel\n\t\t\t\t<p>L&#039;\u00e9tablissement met \u00e0 votre disposition du savon liquide, du shampoing, de l&#039;apr\u00e8s-shampoing et de la lotion. Trois s\u00e8che-cheveux sont \u00e9galement \u00e0 votre disposition, que vous pouvez emprunter et rapporter \u00e0 la r\u00e9ception apr\u00e8s usage. Veuillez noter que le papier toilette doit \u00eatre jet\u00e9 \u00e0 la poubelle et non dans les toilettes.<\/p>\n\t\t\t\tInternet\n\t\t\t\t<p>Internet sera disponible dans tout le lieu o\u00f9 nous logerons et nous r\u00e9unirons. Veuillez noter que la connexion pourrait \u00eatre plus lente pendant les temps libres, lorsque les participants essaient de se connecter.<\/p>\n\t\t\t\tSalutations culturelles\n\t\t\t\t<p>Comme vous le savez probablement, les Br\u00e9siliens sont tr\u00e8s relationnels et appr\u00e9cient les contacts personnels lorsqu&#039;ils vous rencontrent. Nombreux sont ceux qui auront envie de vous serrer dans leurs bras lorsqu&#039;ils vous saluent, surtout ceux avec qui vous avez d\u00e9j\u00e0 \u00e9tabli des liens plus d&#039;une ou deux fois. Ils sont plus sensibles depuis la COVID, mais certains voudront toujours vous saluer par des c\u00e2lins \u00e0 chaque fois qu&#039;ils vous revoient. Si vous souhaitez garder vos distances, n&#039;h\u00e9sitez pas \u00e0 tendre la main ou \u00e0 porter un masque. Cela indiquera que vous \u00eates plus prudent et que vous pr\u00e9f\u00e9rez \u00e9viter les gestes trop affectueux.\u00a0<\/p>\n\t\t\t\tEn dehors du lieu\n\t\t\t\t<p><strong>Faites des copies de vos documents<br \/><\/strong>Au Br\u00e9sil, il est obligatoire d&#039;avoir une pi\u00e8ce d&#039;identit\u00e9 sur soi. M\u00eame si on ne vous la demande jamais, dans les rares cas o\u00f9 vous la pr\u00e9sentez, vous devrez l&#039;avoir. Plut\u00f4t que de porter votre passeport, votre permis de conduire ou toute autre pi\u00e8ce d&#039;identit\u00e9 sur vous, emportez simplement des photocopies claires et nettes de votre pi\u00e8ce d&#039;identit\u00e9, en vous assurant qu&#039;il s&#039;agit bien d&#039;une pi\u00e8ce d&#039;identit\u00e9 avec photo.<\/p>\n<p><strong>Sacs \u00e0 main \/ sacs<br \/><\/strong>A bag that crosses over your body is the best kind. Avoid carrying around larger, expensive handbags or bags with an open pocket which is easy for pick-pocketing. Don&#8217;t leave your bag unattended.<\/p>\n<p>\u00c9vitez de suspendre vos sacs au dossier des chaises\u00a0: une personne pourrait facilement les attraper et s&#039;enfuir. Gardez vos affaires pr\u00e8s de vous ou sur la chaise \u00e0 c\u00f4t\u00e9 de vous.<\/p>\n<p><strong>T\u00e9l\u00e9phones portables<br \/><\/strong>\u00c9vitez de laisser votre t\u00e9l\u00e9phone portable visible lorsque vous marchez \u00e0 l&#039;ext\u00e9rieur. Ne le gardez pas dans votre poche arri\u00e8re ou dans une poche lat\u00e9rale de votre sac, o\u00f9 il est facile \u00e0 attraper.<\/p>\n<p><strong>Travers\u00e9e de rue<br \/><\/strong>Double check EVEN if there is green man telling you are allowed to cross. It&#8217;s common for cars to start speeding up from far away when the light has turned yellow and go through as it turns red.<\/p>","protected":false},"excerpt":{"rendered":"<p>Brazil 2023 Travel Information You may find the following information useful. If you wish to download this information as a PDF you can do that by clicking on the button below. Download PDF Contact information The address of the venue is: Farol IBMAlphaville, Caminho Concordia Salus 3100\/3500, Jacare\u00ed, SP 12334-080 The Waze link for directions &#8230; <a title=\"Informations de voyage\" class=\"read-more\" href=\"https:\/\/gcf.community\/fr\/events\/brazil2023\/travel-information\/\" aria-label=\"En savoir plus sur Travel Information\">Lire la suite<\/a><\/p>","protected":false},"author":1,"featured_media":0,"parent":919,"menu_order":0,"comment_status":"closed","ping_status":"closed","template":"","meta":{"_acf_changed":false,"_seopress_robots_primary_cat":"","_seopress_titles_title":"","_seopress_titles_desc":"","_seopress_robots_index":"","footnotes":"","_links_to":"","_links_to_target":""},"categories":[],"class_list":["post-717","page","type-page","status-publish"],"acf":[],"_links":{"self":[{"href":"https:\/\/gcf.community\/fr\/wp-json\/wp\/v2\/pages\/717","targetHints":{"allow":["GET"]}}],"collection":[{"href":"https:\/\/gcf.community\/fr\/wp-json\/wp\/v2\/pages"}],"about":[{"href":"https:\/\/gcf.community\/fr\/wp-json\/wp\/v2\/types\/page"}],"author":[{"embeddable":true,"href":"https:\/\/gcf.community\/fr\/wp-json\/wp\/v2\/users\/1"}],"replies":[{"embeddable":true,"href":"https:\/\/gcf.community\/fr\/wp-json\/wp\/v2\/comments?post=717"}],"version-history":[{"count":0,"href":"https:\/\/gcf.community\/fr\/wp-json\/wp\/v2\/pages\/717\/revisions"}],"up":[{"embeddable":true,"href":"https:\/\/gcf.community\/fr\/wp-json\/wp\/v2\/pages\/919"}],"wp:attachment":[{"href":"https:\/\/gcf.community\/fr\/wp-json\/wp\/v2\/media?parent=717"}],"wp:term":[{"taxonomy":"category","embeddable":true,"href":"https:\/\/gcf.community\/fr\/wp-json\/wp\/v2\/categories?post=717"}],"curies":[{"name":"wp","href":"https:\/\/api.w.org\/{rel}","templated":true}]}}