{"id":683,"date":"2023-01-30T15:29:00","date_gmt":"2023-01-30T15:29:00","guid":{"rendered":"https:\/\/gcf.community\/?page_id=683"},"modified":"2023-03-14T17:07:32","modified_gmt":"2023-03-14T17:07:32","slug":"zoom","status":"publish","type":"page","link":"https:\/\/gcf.community\/fr\/events\/brazil2023\/zoom\/","title":{"rendered":"Zoom"},"content":{"rendered":"<h1>\n\t\tR\u00e9union Zoom pr\u00e9-forum \n\t<\/h1>\n\t<p>Si vous participez aux r\u00e9unions de mars au Br\u00e9sil, inscrivez-vous ci-dessous pour une importante r\u00e9union Zoom en ligne le jeudi 23 f\u00e9vrier. Deux options sont disponibles\u00a0; veuillez donc choisir celle qui correspond le mieux \u00e0 votre fuseau horaire.<\/p>\n<h2>\n\t\tOption 1\n\t<\/h2>\n<h3>\n\t\t23 f\u00e9vrier\n\t<\/h3>\n<h3>\n\t\t10h00 (UTC)\n\t<\/h3>\n\t\n<h3>\n\t\tHoraires locaux\n\t<\/h3>\n\t\t<h2>\n\t\t\tNew York\n\t\t\t\t\t\t\t<img decoding=\"async\" src=\"https:\/\/gcf.community\/wp-content\/uploads\/2021\/03\/united-states-of-america-150x150.png\" alt=\"New York Thursday\" \/>\n\t\t\t\t\t\tJeudi\n\t\t<\/h2>\n\t\t\t<p>5h00<\/p>\t\t\n\t\t<h2>\n\t\t\tS\u00e3o Paulo\n\t\t\t\t\t\t\t<img decoding=\"async\" src=\"https:\/\/gcf.community\/wp-content\/uploads\/2021\/03\/brazil-150x150.png\" alt=\"S\u00e3o Paulo Thursday\" \/>\n\t\t\t\t\t\tJeudi\n\t\t<\/h2>\n\t\t\t<p>7h00<\/p>\t\t\n\t\t<h2>\n\t\t\tLondres\n\t\t\t\t\t\t\t<img decoding=\"async\" src=\"https:\/\/gcf.community\/wp-content\/uploads\/2021\/03\/united-kingdom-150x150.png\" alt=\"London Thursday\" \/>\n\t\t\t\t\t\tJeudi\n\t\t<\/h2>\n\t\t\t<p>10h00<\/p>\t\t\n\t\t<h2>\n\t\t\tNairobi\n\t\t\t\t\t\t\t<img decoding=\"async\" src=\"https:\/\/gcf.community\/wp-content\/uploads\/2021\/05\/kenya-150x150.png\" alt=\"Nairobi Thursday\" \/>\n\t\t\t\t\t\tJeudi\n\t\t<\/h2>\n\t\t\t<p>13h00<\/p>\t\t\n\t\t<h2>\n\t\t\tManille\n\t\t\t\t\t\t\t<img decoding=\"async\" src=\"https:\/\/gcf.community\/wp-content\/uploads\/2021\/03\/philippines-150x150.png\" alt=\"Manilla Thursday\" \/>\n\t\t\t\t\t\tJeudi\n\t\t<\/h2>\n\t\t\t<p>18h00<\/p>\t\t\n\t\t<h2>\n\t\t\tSydney\n\t\t\t\t\t\t\t<img decoding=\"async\" src=\"https:\/\/gcf.community\/wp-content\/uploads\/2021\/03\/australia-150x150.png\" alt=\"Sydney Thursday\" \/>\n\t\t\t\t\t\tJeudi\n\t\t<\/h2>\n\t\t\t<p>21h00<\/p>\t\t\n\t<a href=\"https:\/\/www.timeanddate.com\/worldclock\/fixedtime.html?msg=Pre+Forum+Call+Option+A&#038;iso=20230223T10&#038;p1=136&#038;ah=1\" target=\"_blank\" role=\"button\" rel=\"noopener\" aria-label=\"Afficher l&#039;heure dans votre heure locale (s&#039;ouvre dans une nouvelle fen\u00eatre)\">\n\t\t\t\t\t\tAfficher l&#039;heure dans votre heure locale (s&#039;ouvre dans une nouvelle fen\u00eatre)\n\t\t\t<\/a>\n\t<p><strong>Si vous pr\u00e9voyez d&#039;y assister \u00e0 ce moment-l\u00e0, veuillez vous inscrire en utilisant le formulaire ci-dessous.<\/strong><\/p>\nForme in\u00e9dite\n<h2>\n\t\tOption 2\n\t<\/h2>\n<h3>\n\t\t23 f\u00e9vrier\n\t<\/h3>\n<h3>\n\t\t16h00 (UTC)\n\t<\/h3>\n\t\n<h3>\n\t\tHoraires locaux\n\t<\/h3>\n\t\t<h2>\n\t\t\tLos Angeles\n\t\t\t\t\t\t\t<img decoding=\"async\" src=\"https:\/\/gcf.community\/wp-content\/uploads\/2021\/03\/united-states-of-america-150x150.png\" alt=\"Los Angeles Thursday\" \/>\n\t\t\t\t\t\tJeudi\n\t\t<\/h2>\n\t\t\t<p>8h00<\/p>\t\t\n\t\t<h2>\n\t\t\tNew York\n\t\t\t\t\t\t\t<img decoding=\"async\" src=\"https:\/\/gcf.community\/wp-content\/uploads\/2021\/03\/united-states-of-america-150x150.png\" alt=\"New York Thursday\" \/>\n\t\t\t\t\t\tJeudi\n\t\t<\/h2>\n\t\t\t<p>11h00<\/p>\t\t\n\t\t<h2>\n\t\t\tS\u00e3o Paulo\n\t\t\t\t\t\t\t<img decoding=\"async\" src=\"https:\/\/gcf.community\/wp-content\/uploads\/2021\/03\/brazil-150x150.png\" alt=\"S\u00e3o Paulo Thursday\" \/>\n\t\t\t\t\t\tJeudi\n\t\t<\/h2>\n\t\t\t<p>13h00<\/p>\t\t\n\t\t<h2>\n\t\t\tLondres\n\t\t\t\t\t\t\t<img decoding=\"async\" src=\"https:\/\/gcf.community\/wp-content\/uploads\/2021\/03\/united-kingdom-150x150.png\" alt=\"London Thursday\" \/>\n\t\t\t\t\t\tJeudi\n\t\t<\/h2>\n\t\t\t<p>16h00<\/p>\t\t\n\t\t<h2>\n\t\t\tNairobi\n\t\t\t\t\t\t\t<img decoding=\"async\" src=\"https:\/\/gcf.community\/wp-content\/uploads\/2021\/05\/kenya-150x150.png\" alt=\"Nairobi Thursday\" \/>\n\t\t\t\t\t\tJeudi\n\t\t<\/h2>\n\t\t\t<p>19h00<\/p>\t\t\n\t\t<h2>\n\t\t\tJakarta\n\t\t\t\t\t\t\t<img decoding=\"async\" src=\"https:\/\/gcf.community\/wp-content\/uploads\/2021\/05\/indonesia-150x150.png\" alt=\"Jakarta Thursday\" \/>\n\t\t\t\t\t\tJeudi\n\t\t<\/h2>\n\t\t\t<p>23h00<\/p>\t\t\n\t<a href=\"https:\/\/www.timeanddate.com\/worldclock\/fixedtime.html?msg=Pre+Forum+Call+Option+B&#038;iso=20230223T16&#038;p1=136&#038;ah=1\" target=\"_blank\" role=\"button\" rel=\"noopener\" aria-label=\"Afficher l&#039;heure dans votre heure locale (s&#039;ouvre dans une nouvelle fen\u00eatre)\">\n\t\t\t\t\t\tAfficher l&#039;heure dans votre heure locale (s&#039;ouvre dans une nouvelle fen\u00eatre)\n\t\t\t<\/a>\n\t<p><strong>Si vous pr\u00e9voyez d&#039;y assister \u00e0 ce moment-l\u00e0, veuillez vous inscrire en utilisant le formulaire ci-dessous.<\/strong><\/p>\nForme in\u00e9dite","protected":false},"excerpt":{"rendered":"<p>Pre Forum Zoom Meeting If you are attending the March meetings in Brazil please sign up below for an important online Zoom meeting on Thursday 23rd February. There are two options to choose from, so please choose whichever fits your time zone best. Option 1 February 23rd 10.00 AM (UTC) Local timings New York Thursday &#8230; <a title=\"Zoom\" class=\"read-more\" href=\"https:\/\/gcf.community\/fr\/events\/brazil2023\/zoom\/\" aria-label=\"En savoir plus sur Zoom\">Lire la suite<\/a><\/p>","protected":false},"author":1,"featured_media":0,"parent":919,"menu_order":0,"comment_status":"closed","ping_status":"closed","template":"","meta":{"_acf_changed":false,"_seopress_robots_primary_cat":"","_seopress_titles_title":"","_seopress_titles_desc":"","_seopress_robots_index":"","footnotes":"","_links_to":"","_links_to_target":""},"categories":[],"class_list":["post-683","page","type-page","status-publish"],"acf":[],"_links":{"self":[{"href":"https:\/\/gcf.community\/fr\/wp-json\/wp\/v2\/pages\/683","targetHints":{"allow":["GET"]}}],"collection":[{"href":"https:\/\/gcf.community\/fr\/wp-json\/wp\/v2\/pages"}],"about":[{"href":"https:\/\/gcf.community\/fr\/wp-json\/wp\/v2\/types\/page"}],"author":[{"embeddable":true,"href":"https:\/\/gcf.community\/fr\/wp-json\/wp\/v2\/users\/1"}],"replies":[{"embeddable":true,"href":"https:\/\/gcf.community\/fr\/wp-json\/wp\/v2\/comments?post=683"}],"version-history":[{"count":0,"href":"https:\/\/gcf.community\/fr\/wp-json\/wp\/v2\/pages\/683\/revisions"}],"up":[{"embeddable":true,"href":"https:\/\/gcf.community\/fr\/wp-json\/wp\/v2\/pages\/919"}],"wp:attachment":[{"href":"https:\/\/gcf.community\/fr\/wp-json\/wp\/v2\/media?parent=683"}],"wp:term":[{"taxonomy":"category","embeddable":true,"href":"https:\/\/gcf.community\/fr\/wp-json\/wp\/v2\/categories?post=683"}],"curies":[{"name":"wp","href":"https:\/\/api.w.org\/{rel}","templated":true}]}}