{"id":592,"date":"2022-11-10T16:33:29","date_gmt":"2022-11-10T16:33:29","guid":{"rendered":"https:\/\/gcf.community\/?page_id=592"},"modified":"2023-03-14T20:53:46","modified_gmt":"2023-03-14T20:53:46","slug":"payment","status":"publish","type":"page","link":"https:\/\/gcf.community\/fr\/events\/brazil2023\/payment\/","title":{"rendered":"Paiement"},"content":{"rendered":"<h1>\n\t\tPaiement pour les r\u00e9unions du Br\u00e9sil 2023\n\t<\/h1>\n\t<p>Veuillez noter que le paiement de ces r\u00e9unions est aimablement administr\u00e9 par Logosdor aux \u00c9tats-Unis, et cela peut \u00eatre refl\u00e9t\u00e9 sur vos re\u00e7us \/ relev\u00e9s, etc.<\/p>\n\tForme in\u00e9dite","protected":false},"excerpt":{"rendered":"<p>Payment for Brazil 2023 Meetings Please note that payment for these meetings is kindly administered by Logosdor in the USA, and this may be reflected on your receipts \/ statements etc.<\/p>","protected":false},"author":1,"featured_media":0,"parent":919,"menu_order":0,"comment_status":"closed","ping_status":"closed","template":"","meta":{"_acf_changed":false,"_seopress_robots_primary_cat":"","_seopress_titles_title":"","_seopress_titles_desc":"","_seopress_robots_index":"","footnotes":"","_links_to":"","_links_to_target":""},"categories":[],"class_list":["post-592","page","type-page","status-publish"],"acf":[],"_links":{"self":[{"href":"https:\/\/gcf.community\/fr\/wp-json\/wp\/v2\/pages\/592","targetHints":{"allow":["GET"]}}],"collection":[{"href":"https:\/\/gcf.community\/fr\/wp-json\/wp\/v2\/pages"}],"about":[{"href":"https:\/\/gcf.community\/fr\/wp-json\/wp\/v2\/types\/page"}],"author":[{"embeddable":true,"href":"https:\/\/gcf.community\/fr\/wp-json\/wp\/v2\/users\/1"}],"replies":[{"embeddable":true,"href":"https:\/\/gcf.community\/fr\/wp-json\/wp\/v2\/comments?post=592"}],"version-history":[{"count":0,"href":"https:\/\/gcf.community\/fr\/wp-json\/wp\/v2\/pages\/592\/revisions"}],"up":[{"embeddable":true,"href":"https:\/\/gcf.community\/fr\/wp-json\/wp\/v2\/pages\/919"}],"wp:attachment":[{"href":"https:\/\/gcf.community\/fr\/wp-json\/wp\/v2\/media?parent=592"}],"wp:term":[{"taxonomy":"category","embeddable":true,"href":"https:\/\/gcf.community\/fr\/wp-json\/wp\/v2\/categories?post=592"}],"curies":[{"name":"wp","href":"https:\/\/api.w.org\/{rel}","templated":true}]}}