{"id":565,"date":"2022-11-09T14:06:17","date_gmt":"2022-11-09T14:06:17","guid":{"rendered":"https:\/\/gcf.community\/?page_id=565"},"modified":"2023-03-16T07:09:20","modified_gmt":"2023-03-16T07:09:20","slug":"registration","status":"publish","type":"page","link":"https:\/\/gcf.community\/fr\/events\/brazil2023\/registration\/","title":{"rendered":"Inscription"},"content":{"rendered":"<h1>\n\t\tFormulaire d&#039;inscription\n\t<\/h1>\n\t<p>Nous sommes ravis d&#039;annoncer les r\u00e9unions GCF \/ GoPlay \/ family.fit qui auront lieu \u00e0 <em>Phare IBM Alphaville<\/em> au Br\u00e9sil \u00e0 partir de midi <strong>Lundi 20 mars <\/strong>jusqu&#039;au petit-d\u00e9jeuner<strong> Samedi 25 mars 2023<\/strong>.<\/p>\n\t\t\t\t\t<a href=\"#\" id=\"fl-accordion--label-0\" tabindex=\"0\" aria-controls=\"fl-accordion--panel-0\">Pourquoi devrais-je venir ?<\/a>\n\t\t\t\t\t\t\t\t\t\t\t<a href=\"#\" id=\"fl-accordion--icon-0\" tabindex=\"0\" aria-controls=\"fl-accordion--panel-0\"><i>Expand<\/i><\/a>\n\t\t\t\t\t<p>So much has happened over the last few years, where travel has not been possible and in many ways we are still adapting to how things have changed. Join us for a precious few days to pray, explore, learn and create together as we continue to seek God&#8217;s Kingdom, striving to see children everywhere walking with Jesus.<\/p>\n<p>Le forum se d\u00e9roulera en collaboration avec les \u00e9quipes de GoPlay et family.fit. Ensemble, nous servons les enfants, les jeunes et les familles et accordons une importance particuli\u00e8re \u00e0 l&#039;investissement dans les jeunes leaders. Nous explorerons \u00e9galement comment nous pouvons construire ensemble des communaut\u00e9s d&#039;apprentissage, en faisant germer des id\u00e9es innovantes, et nous investirons particuli\u00e8rement dans les jeunes leaders.<\/p>\n<p>On observe un int\u00e9r\u00eat croissant pour les besoins des familles et la meilleure fa\u00e7on de les servir aux c\u00f4t\u00e9s des enfants. Des discussions r\u00e9centes ont soulev\u00e9 la question de savoir comment nous pourrions voir un million de familles adopter ce que signifie penser et agir de mani\u00e8re missionnaire. En observant les besoins qui nous entourent dans le monde et en nous rassemblant en tant que partenaires du Royaume, pourrions-nous seulement commencer \u00e0 imaginer comment Dieu pourrait ouvrir la voie \u00e0 l&#039;\u00e9quipement\u00a0? <strong>100 millions de familles missionnaires<\/strong>?<\/p>\n<p>Nous avons une vision pour les enfants du monde entier qui marchent avec J\u00e9sus. Nos r\u00e9unions au Br\u00e9sil s&#039;appuieront sur cette vision dans les domaines suivants\u00a0:<\/p>\n<ul>\n<li><strong>Direction<\/strong>\n<ul>\n<li>Lib\u00e9rez les jeunes leaders pour \u00eatre les pionniers de la saison \u00e0 venir<\/li>\n<li>Connecter les mentors et les mentor\u00e9s, \u00e9largissant le d\u00e9veloppement du leadership<\/li>\n<li>D\u00e9velopper des strat\u00e9gies de multiplication pour l&#039;exp\u00e9rience de leadership<\/li>\n<\/ul>\n<\/li>\n<li><strong>Projets pilotes r\u00e9gionaux de la communaut\u00e9 d&#039;apprentissage<\/strong>\n<ul>\n<li>Connecter et acc\u00e9l\u00e9rer les communaut\u00e9s d&#039;apprentissage r\u00e9gionales en Am\u00e9rique latine, en Afrique, en Asie et en Europe<\/li>\n<li>Int\u00e9grer l&#039;exp\u00e9rience de leadership comme strat\u00e9gie de multiplication de l&#039;ADN du GCF<\/li>\n<\/ul>\n<\/li>\n<li><strong>Innovation<\/strong>\n<ul>\n<li>Construire des \u00e9quipes FlashLab hybrides pour innover autour de projets cl\u00e9s (family.fit, Leadership Experience, Family, Regions, Academia)<\/li>\n<\/ul>\n<\/li>\n<li><strong>Collaboration<\/strong>\n<ul>\n<li>D\u00e9couvrez comment GCF, GoPlay et family.fit peuvent collaborer sur plusieurs initiatives<\/li>\n<\/ul>\n<\/li>\n<\/ul>\n\t<p>Nos r\u00e9unions auront lieu au <a href=\"https:\/\/farol-ibma.org.br\/\" target=\"_blank\" rel=\"noopener\">Phare IBM Alphaville<\/a> situ\u00e9 ici:<\/p>\n\t<iframe src=\"https:\/\/www.google.com\/maps\/embed?pb=!1m18!1m12!1m3!1d117310.12488170322!2d-46.07449136219149!3d-23.24521930779995!2m3!1f0!2f0!3f0!3m2!1i1024!2i768!4f13.1!3m3!1m2!1s0x94cc33c262e0a52f%3A0x6a588a0e1e8caf8d!2sFarol%20IBMAlphaville!5e0!3m2!1sen!2suk!4v1668003900645!5m2!1sen!2suk\" width=\"1020\" height=\"400\" allowfullscreen=\"\" loading=\"lazy\" referrerpolicy=\"no-referrer-when-downgrade\"><\/iframe>\n\t<p>Le <em>Phare IBM Alphaville<\/em> est situ\u00e9 \u00e0 67 km de l&#039;a\u00e9roport international de S\u0101o Paulo (GRU).<\/p>\n\t\t\t\t\t\t\t\t\t\t\t\t\t\t\t\t\t<a href=\"https:\/\/gcf.community\/wp-content\/uploads\/2022\/11\/WhatsApp-Image-2022-11-07-at-11.15.45-AM-copy.jpg\" target=\"_self\" data-caption=\"\" rel=\"noopener\">\n\t\t\t\t\t\t\t\t\t\t<\/a>\n\t\t\t\t\t\t\t\t\t\t\t\t\t\t\t\t\t<a href=\"https:\/\/gcf.community\/wp-content\/uploads\/2022\/11\/WhatsApp-Image-2022-11-07-at-11.15.40-AM-copy.jpg\" target=\"_self\" data-caption=\"\" rel=\"noopener\">\n\t\t\t\t\t\t\t\t\t\t<\/a>\n\t\t\t\t\t\t\t\t\t\t\t\t\t\t\t\t\t<a href=\"https:\/\/gcf.community\/wp-content\/uploads\/2022\/11\/WhatsApp-Image-2022-11-07-at-11.15.33-AM-copy.jpg\" target=\"_self\" data-caption=\"\" rel=\"noopener\">\n\t\t\t\t\t\t\t\t\t\t<\/a>\n\t\t\t\t\t\t\t\t\t\t\t\t\t\t\t\t\t<a href=\"https:\/\/gcf.community\/wp-content\/uploads\/2022\/11\/WhatsApp-Image-2022-11-07-at-11.15.48-AM-copy.jpg\" target=\"_self\" data-caption=\"\" rel=\"noopener\">\n\t\t\t\t\t\t\t\t\t\t<\/a>\n\t\t\t\t\t\t\t\t\t\t\t\t\t\t\t\t\t<a href=\"https:\/\/gcf.community\/wp-content\/uploads\/2022\/11\/WhatsApp-Image-2022-11-07-at-11.16.12-AM-copy.jpg\" target=\"_self\" data-caption=\"\" rel=\"noopener\">\n\t\t\t\t\t\t\t\t\t\t<\/a>\n\t\t\t\t\t\t\t\t\t\t\t\t\t\t\t\t\t<a href=\"https:\/\/gcf.community\/wp-content\/uploads\/2022\/11\/WhatsApp-Image-2022-11-07-at-11.16.05-AM-copy.jpg\" target=\"_self\" data-caption=\"\" rel=\"noopener\">\n\t\t\t\t\t\t\t\t\t\t<\/a>\n\t\t\t\t\t\t\t\t\t\t\t\t\t\t\t\t\t<a href=\"https:\/\/gcf.community\/wp-content\/uploads\/2022\/11\/WhatsApp-Image-2022-11-07-at-11.15.52-AM-copy.jpg\" target=\"_self\" data-caption=\"\" rel=\"noopener\">\n\t\t\t\t\t\t\t\t\t\t<\/a>\n\t\t\t\t\t\t\t\t\t\t\t\t\t\t\t\t\t<a href=\"https:\/\/gcf.community\/wp-content\/uploads\/2022\/11\/WhatsApp-Image-2022-11-07-at-11.16.09-AM-copy.jpg\" target=\"_self\" data-caption=\"\" rel=\"noopener\">\n\t\t\t\t\t\t\t\t\t\t<\/a>\n\t\t\t\t\t\t\t\t\t\t\t\t\t\t\t\t\t<a href=\"https:\/\/gcf.community\/wp-content\/uploads\/2022\/11\/WhatsApp-Image-2022-11-07-at-11.15.55-AM-copy.jpg\" target=\"_self\" data-caption=\"\" rel=\"noopener\">\n\t\t\t\t\t\t\t\t\t\t<\/a>\n\t\t\t\t\t\t\t\t\t\t\t\t\t\t\t\t\t<a href=\"https:\/\/gcf.community\/wp-content\/uploads\/2022\/11\/WhatsApp-Image-2022-11-07-at-11.15.58-AM-copy.jpg\" target=\"_self\" data-caption=\"\" rel=\"noopener\">\n\t\t\t\t\t\t\t\t\t\t<\/a>\n\t\t\t\t\t\t\t\t\t\t\t\t\t\t\t\t\t<a href=\"https:\/\/gcf.community\/wp-content\/uploads\/2022\/11\/WhatsApp-Image-2022-11-07-at-11.16.02-AM-copy.jpg\" target=\"_self\" data-caption=\"\" rel=\"noopener\">\n\t\t\t\t\t\t\t\t\t\t<\/a>\n\t\t\t\t\t\t\t\t\t\t\t\t\t\t\t\t\t<a href=\"https:\/\/gcf.community\/wp-content\/uploads\/2022\/11\/WhatsApp-Image-2022-11-07-at-11.15.36-AM-copy.jpg\" target=\"_self\" data-caption=\"\" rel=\"noopener\">\n\t\t\t\t\t\t\t\t\t\t<\/a>\n\t\t\t\t\t\t<!-- pagination -->\n\t<h3>Notes importantes<\/h3>\n<hr \/>\n<ul>\n<li>Tous les prix ci-dessous sont en dollars am\u00e9ricains.<\/li>\n<li>Nos r\u00e9unions d\u00e9buteront \u00e0 13h00 le lundi 20 mars. Merci d&#039;arriver \u00e0 temps pour le d\u00e9but des r\u00e9unions.<\/li>\n<li>Nos r\u00e9unions se termineront \u00e0 18h00 le vendredi 24 mars. Merci de pr\u00e9voir de rester jusqu&#039;\u00e0 la fin des r\u00e9unions et d&#039;organiser votre retour apr\u00e8s celles-ci.<\/li>\n<\/ul>\n<p><strong>Pour ceux qui viennent de l&#039;ext\u00e9rieur du Br\u00e9sil :<\/strong><\/p>\n<ul>\n<li>Vous devrez fournir une preuve de vaccination contre la Covid-19 ou un r\u00e9sultat de test n\u00e9gatif r\u00e9cent.<\/li>\n<li>Vous devrez fournir une assurance voyage.<\/li>\n<li>Votre passeport doit \u00eatre valide pendant six mois apr\u00e8s votre date d\u2019entr\u00e9e.<\/li>\n<\/ul>\n<p><strong>Transport vers\/depuis l&#039;a\u00e9roport :<\/strong><\/p>\n<ul>\n<li>Nous assurerons le transport depuis l&#039;a\u00e9roport international de S\u00e3o Paulo (GRU) jusqu&#039;au lieu de l&#039;\u00e9v\u00e9nement pour toute arriv\u00e9e le dimanche 19 ou le lundi 20. L&#039;a\u00e9roport est \u00e0 environ une heure de route du lieu de l&#039;\u00e9v\u00e9nement. Si vous arrivez en dehors de ces horaires, vous devrez peut-\u00eatre organiser votre propre transport, par exemple avec Uber.<\/li>\n<li>Nous assurerons le transport aller-retour depuis le lieu de l&#039;\u00e9v\u00e9nement vers l&#039;a\u00e9roport international de S\u00e3o Paulo (GRU) pour tout d\u00e9part pr\u00e9vu le vendredi 24 au soir ou le samedi 25. Si votre d\u00e9part a lieu en dehors de ces horaires, vous devrez peut-\u00eatre organiser votre propre transport, par exemple avec Uber.<\/li>\n<li>Le transport depuis l&#039;a\u00e9roport se fera par groupes d&#039;arriv\u00e9e. Vous devrez peut-\u00eatre patienter un moment \u00e0 l&#039;a\u00e9roport pendant l&#039;arriv\u00e9e des autres passagers. De m\u00eame, le transport retour se fera par groupes de d\u00e9parts.<\/li>\n<\/ul>\n\tForme in\u00e9dite","protected":false},"excerpt":{"rendered":"<p>Registration Form We are excited to announce the GCF \/ GoPlay \/ family.fit meetings which will take place in Farol IBMAlphaville in Brazil from lunchtime on Monday 20th March through to breakfast on Saturday 25th March 2023. Why should I come? Expand So much has happened over the last few years, where travel has not &#8230; <a title=\"Inscription\" class=\"read-more\" href=\"https:\/\/gcf.community\/fr\/events\/brazil2023\/registration\/\" aria-label=\"En savoir plus sur Registration\">Lire la suite<\/a><\/p>","protected":false},"author":1,"featured_media":0,"parent":919,"menu_order":0,"comment_status":"closed","ping_status":"closed","template":"","meta":{"_acf_changed":false,"_seopress_robots_primary_cat":"","_seopress_titles_title":"","_seopress_titles_desc":"Registrations now open! We are excited to announce the GCF \/ GoPlay \/ family.fit meetings which will take place in Farol IBMAlphaville in Brazil.","_seopress_robots_index":"","footnotes":"","_links_to":"","_links_to_target":""},"categories":[],"class_list":["post-565","page","type-page","status-publish"],"acf":[],"_links":{"self":[{"href":"https:\/\/gcf.community\/fr\/wp-json\/wp\/v2\/pages\/565","targetHints":{"allow":["GET"]}}],"collection":[{"href":"https:\/\/gcf.community\/fr\/wp-json\/wp\/v2\/pages"}],"about":[{"href":"https:\/\/gcf.community\/fr\/wp-json\/wp\/v2\/types\/page"}],"author":[{"embeddable":true,"href":"https:\/\/gcf.community\/fr\/wp-json\/wp\/v2\/users\/1"}],"replies":[{"embeddable":true,"href":"https:\/\/gcf.community\/fr\/wp-json\/wp\/v2\/comments?post=565"}],"version-history":[{"count":0,"href":"https:\/\/gcf.community\/fr\/wp-json\/wp\/v2\/pages\/565\/revisions"}],"up":[{"embeddable":true,"href":"https:\/\/gcf.community\/fr\/wp-json\/wp\/v2\/pages\/919"}],"wp:attachment":[{"href":"https:\/\/gcf.community\/fr\/wp-json\/wp\/v2\/media?parent=565"}],"wp:term":[{"taxonomy":"category","embeddable":true,"href":"https:\/\/gcf.community\/fr\/wp-json\/wp\/v2\/categories?post=565"}],"curies":[{"name":"wp","href":"https:\/\/api.w.org\/{rel}","templated":true}]}}