{"id":543,"date":"2022-09-22T08:55:55","date_gmt":"2022-09-22T07:55:55","guid":{"rendered":"https:\/\/gcf.community\/?page_id=543"},"modified":"2023-05-29T14:53:18","modified_gmt":"2023-05-29T13:53:18","slug":"share-your-story","status":"publish","type":"page","link":"https:\/\/gcf.community\/fr\/participate\/share-your-story\/","title":{"rendered":"Partagez votre histoire"},"content":{"rendered":"<h1>\n\t\tPartagez votre histoire\n\t<\/h1>\n\t<p>Avez-vous une anecdote \u00e0 partager sur votre minist\u00e8re aupr\u00e8s des enfants\u00a0? Nous serions ravis de la conna\u00eetre. Si vous souhaitez partager votre histoire ci-dessous, nous pourrons l&#039;utiliser pour encourager et inspirer les autres membres de notre communaut\u00e9.<\/p>\n<p>En nous envoyant cette histoire, vous nous autorisez \u00e0 utiliser le texte et toutes les photos que vous incluez dans des documents imprim\u00e9s et dans toutes les communications num\u00e9riques telles que des articles sur un site Web, des messages WhatsApp et des publications sur les r\u00e9seaux sociaux.<\/p>\n<p>Veuillez vous assurer que vous disposez des autorisations n\u00e9cessaires pour toutes les photos que vous t\u00e9l\u00e9chargez.<\/p>\n\t<form action=\"https:\/\/gcf.community\/fr\/wp-json\/ws-form\/v1\/submit\" class=\"wsf-form wsf-form-canvas\" id=\"ws-form-1\" data-id=\"13\" method=\"POST\" data-instance-id=\"1\" data-wsf-style-id=\"1\" data-trp-original-action=\"https:\/\/gcf.community\/fr\/wp-json\/ws-form\/v1\/submit\"><input type=\"hidden\" name=\"trp-form-language\" value=\"fr\"\/><\/form>","protected":false},"excerpt":{"rendered":"<p>Partagez votre histoire. Avez-vous une anecdote \u00e0 partager sur votre minist\u00e8re aupr\u00e8s des enfants\u00a0? Nous serions ravis de la conna\u00eetre. Si vous souhaitez partager votre histoire ci-dessous, nous pourrons l&#039;utiliser pour encourager et inspirer les autres membres de notre communaut\u00e9. En nous envoyant cette histoire, vous nous autorisez \u00e0 utiliser\u2026 <a title=\"Partagez votre histoire\" class=\"read-more\" href=\"https:\/\/gcf.community\/fr\/participate\/share-your-story\/\" aria-label=\"En savoir plus sur Partagez votre histoire\">Lire la suite<\/a><\/p>","protected":false},"author":1,"featured_media":0,"parent":1687,"menu_order":0,"comment_status":"closed","ping_status":"closed","template":"","meta":{"_acf_changed":false,"_seopress_robots_primary_cat":"","_seopress_titles_title":"","_seopress_titles_desc":"","_seopress_robots_index":"","footnotes":"","_links_to":"","_links_to_target":""},"categories":[],"class_list":["post-543","page","type-page","status-publish"],"acf":[],"_links":{"self":[{"href":"https:\/\/gcf.community\/fr\/wp-json\/wp\/v2\/pages\/543","targetHints":{"allow":["GET"]}}],"collection":[{"href":"https:\/\/gcf.community\/fr\/wp-json\/wp\/v2\/pages"}],"about":[{"href":"https:\/\/gcf.community\/fr\/wp-json\/wp\/v2\/types\/page"}],"author":[{"embeddable":true,"href":"https:\/\/gcf.community\/fr\/wp-json\/wp\/v2\/users\/1"}],"replies":[{"embeddable":true,"href":"https:\/\/gcf.community\/fr\/wp-json\/wp\/v2\/comments?post=543"}],"version-history":[{"count":0,"href":"https:\/\/gcf.community\/fr\/wp-json\/wp\/v2\/pages\/543\/revisions"}],"up":[{"embeddable":true,"href":"https:\/\/gcf.community\/fr\/wp-json\/wp\/v2\/pages\/1687"}],"wp:attachment":[{"href":"https:\/\/gcf.community\/fr\/wp-json\/wp\/v2\/media?parent=543"}],"wp:term":[{"taxonomy":"category","embeddable":true,"href":"https:\/\/gcf.community\/fr\/wp-json\/wp\/v2\/categories?post=543"}],"curies":[{"name":"wp","href":"https:\/\/api.w.org\/{rel}","templated":true}]}}