{"id":349,"date":"2022-02-20T16:27:12","date_gmt":"2022-02-20T16:27:12","guid":{"rendered":"https:\/\/gcf.community\/?page_id=349"},"modified":"2022-02-20T16:37:09","modified_gmt":"2022-02-20T16:37:09","slug":"data-protection","status":"publish","type":"page","link":"https:\/\/gcf.community\/fr\/data-protection\/","title":{"rendered":"Protection des donn\u00e9es"},"content":{"rendered":"<h1>\n\t\tProtection des donn\u00e9es\n\t<\/h1>\n\t<p><strong>Vos donn\u00e9es vous appartiennent<\/strong>Vous pouvez demander \u00e0 recevoir les donn\u00e9es que nous d\u00e9tenons \u00e0 votre sujet ou demander que nous supprimions ces donn\u00e9es en utilisant les formulaires ci-dessous.<\/p>\n\t\t\t\tDemande d&#039;exportation de donn\u00e9es Demande de suppression de donn\u00e9es Demande d&#039;exportation de donn\u00e9es\n\t\t\t\t<p>Si \u00e0 tout moment vous souhaitez recevoir une copie des donn\u00e9es que nous d\u00e9tenons \u00e0 votre sujet, indiquez simplement votre adresse e-mail ci-dessous.<\/p>\n<form action=\"https:\/\/gcf.community\/fr\/wp-json\/ws-form\/v1\/submit\" class=\"wsf-form wsf-form-canvas\" id=\"ws-form-1\" data-id=\"10\" method=\"POST\" data-instance-id=\"1\" data-wsf-style-id=\"1\" data-trp-original-action=\"https:\/\/gcf.community\/fr\/wp-json\/ws-form\/v1\/submit\"><input type=\"hidden\" name=\"trp-form-language\" value=\"fr\"\/><\/form>\n\t\t\t\t\t\t\tDemande de suppression de donn\u00e9es\n\t\t\t\t<p>Si \u00e0 tout moment vous souhaitez supprimer vos donn\u00e9es de notre site, indiquez simplement votre adresse e-mail ci-dessous.<\/p>\n<form action=\"https:\/\/gcf.community\/fr\/wp-json\/ws-form\/v1\/submit\" class=\"wsf-form wsf-form-canvas\" id=\"ws-form-2\" data-id=\"9\" method=\"POST\" data-instance-id=\"2\" data-wsf-style-id=\"1\" data-trp-original-action=\"https:\/\/gcf.community\/fr\/wp-json\/ws-form\/v1\/submit\"><input type=\"hidden\" name=\"trp-form-language\" value=\"fr\"\/><\/form>","protected":false},"excerpt":{"rendered":"<p>Protection des donn\u00e9es\u00a0: Vos donn\u00e9es vous appartiennent. Vous pouvez demander \u00e0 recevoir les donn\u00e9es que nous d\u00e9tenons \u00e0 votre sujet ou demander leur suppression en utilisant les formulaires ci-dessous. Demande d\u2019exportation de donn\u00e9es\u00a0; Demande de suppression de donn\u00e9es\u00a0; Demande d\u2019exportation de donn\u00e9es\u00a0; Si vous souhaitez recevoir une copie des donn\u00e9es que nous d\u00e9tenons\u2026 <a title=\"Protection des donn\u00e9es\" class=\"read-more\" href=\"https:\/\/gcf.community\/fr\/data-protection\/\" aria-label=\"En savoir plus sur la Protection des Donn\u00e9es\">Lire la suite<\/a><\/p>","protected":false},"author":1,"featured_media":0,"parent":0,"menu_order":0,"comment_status":"closed","ping_status":"closed","template":"","meta":{"_acf_changed":false,"_seopress_robots_primary_cat":"","_seopress_titles_title":"","_seopress_titles_desc":"","_seopress_robots_index":"","footnotes":"","_links_to":"","_links_to_target":""},"categories":[],"class_list":["post-349","page","type-page","status-publish"],"acf":[],"_links":{"self":[{"href":"https:\/\/gcf.community\/fr\/wp-json\/wp\/v2\/pages\/349","targetHints":{"allow":["GET"]}}],"collection":[{"href":"https:\/\/gcf.community\/fr\/wp-json\/wp\/v2\/pages"}],"about":[{"href":"https:\/\/gcf.community\/fr\/wp-json\/wp\/v2\/types\/page"}],"author":[{"embeddable":true,"href":"https:\/\/gcf.community\/fr\/wp-json\/wp\/v2\/users\/1"}],"replies":[{"embeddable":true,"href":"https:\/\/gcf.community\/fr\/wp-json\/wp\/v2\/comments?post=349"}],"version-history":[{"count":0,"href":"https:\/\/gcf.community\/fr\/wp-json\/wp\/v2\/pages\/349\/revisions"}],"wp:attachment":[{"href":"https:\/\/gcf.community\/fr\/wp-json\/wp\/v2\/media?parent=349"}],"wp:term":[{"taxonomy":"category","embeddable":true,"href":"https:\/\/gcf.community\/fr\/wp-json\/wp\/v2\/categories?post=349"}],"curies":[{"name":"wp","href":"https:\/\/api.w.org\/{rel}","templated":true}]}}