{"id":3282,"date":"2026-02-27T17:51:17","date_gmt":"2026-02-27T17:51:17","guid":{"rendered":"https:\/\/gcf.community\/?page_id=3282"},"modified":"2026-02-27T17:57:59","modified_gmt":"2026-02-27T17:57:59","slug":"cash-payment","status":"publish","type":"page","link":"https:\/\/gcf.community\/fr\/events\/zambia-2026\/cash-payment\/","title":{"rendered":"Cash Payment"},"content":{"rendered":"<h1>\n\t\t\tPaiement en esp\u00e8ces pour le rassemblement des dirigeants d&#039;ACTEA\/GCF\t<\/h1>\n\t<p><strong>IMPORTANT<\/strong>Veuillez noter que ce formulaire de paiement est sp\u00e9cifique aux personnes ayant demand\u00e9 \u00e0 r\u00e9gler leurs frais d&#039;inscription en esp\u00e8ces \u00e0 leur arriv\u00e9e. Ne remplissez ce formulaire que si vous avez pris rendez-vous avec l&#039;\u00e9quipe d&#039;organisation. Tous les paiements standards doivent \u00eatre effectu\u00e9s via la page de paiement principale.<\/p>\n<ul>\n<li>Paiement pour la r\u00e9union des dirigeants du GCF\u00a0: <a href=\"https:\/\/gcf.community\/fr\/events\/zambia-2026\/gcf-payment\/\">https:\/\/gcf.community\/events\/zambia-2026\/gcf-payment\/<\/a><\/li>\n<li>Paiement des frais de r\u00e9union d&#039;ACTEA et d&#039;Academy Alliance\u00a0: <a href=\"https:\/\/gcf.community\/fr\/events\/zambia-2026\/actea-payment\/\">https:\/\/gcf.community\/events\/zambia-2026\/actea-payment\/<\/a><\/li>\n<\/ul>\n<p><strong>Veuillez noter<\/strong>Paiement en esp\u00e8ces \u00e0 l&#039;arriv\u00e9e\u00a0<strong>doit<\/strong>\u00a0\u00eatre le montant exact, et\u00a0<strong>doit<\/strong>\u00a0\u00eatre en dollars am\u00e9ricains.<\/p>\n<h2>\n\t\t\tFormulaire d&#039;engagement de paiement en esp\u00e8ces\t<\/h2>\n\t<form action=\"https:\/\/gcf.community\/fr\/wp-json\/ws-form\/v1\/submit\" class=\"wsf-form wsf-form-canvas\" id=\"ws-form-1\" data-id=\"52\" method=\"POST\" data-instance-id=\"1\" data-wsf-style-id=\"1\" data-trp-original-action=\"https:\/\/gcf.community\/fr\/wp-json\/ws-form\/v1\/submit\"><input type=\"hidden\" name=\"trp-form-language\" value=\"fr\"\/><\/form>","protected":false},"excerpt":{"rendered":"<p>Cash Payment for ACTEA \/ GCF Leaders Gathering IMPORTANT: Please note that this is a custom payment form specifically for those who have requested to pay their registration fee with cash on arrival. You should only complete this form if you have specifically arranged to do this with the Planning Team. All standard payments should &#8230; <a title=\"Cash Payment\" class=\"read-more\" href=\"https:\/\/gcf.community\/fr\/events\/zambia-2026\/cash-payment\/\" aria-label=\"En savoir plus sur Cash Payment\">Lire la suite<\/a><\/p>","protected":false},"author":1,"featured_media":0,"parent":3231,"menu_order":0,"comment_status":"closed","ping_status":"closed","template":"","meta":{"_acf_changed":false,"_seopress_robots_primary_cat":"","_seopress_titles_title":"","_seopress_titles_desc":"","_seopress_robots_index":"","footnotes":"","_links_to":"","_links_to_target":""},"categories":[],"class_list":["post-3282","page","type-page","status-publish"],"acf":[],"_links":{"self":[{"href":"https:\/\/gcf.community\/fr\/wp-json\/wp\/v2\/pages\/3282","targetHints":{"allow":["GET"]}}],"collection":[{"href":"https:\/\/gcf.community\/fr\/wp-json\/wp\/v2\/pages"}],"about":[{"href":"https:\/\/gcf.community\/fr\/wp-json\/wp\/v2\/types\/page"}],"author":[{"embeddable":true,"href":"https:\/\/gcf.community\/fr\/wp-json\/wp\/v2\/users\/1"}],"replies":[{"embeddable":true,"href":"https:\/\/gcf.community\/fr\/wp-json\/wp\/v2\/comments?post=3282"}],"version-history":[{"count":2,"href":"https:\/\/gcf.community\/fr\/wp-json\/wp\/v2\/pages\/3282\/revisions"}],"predecessor-version":[{"id":3285,"href":"https:\/\/gcf.community\/fr\/wp-json\/wp\/v2\/pages\/3282\/revisions\/3285"}],"up":[{"embeddable":true,"href":"https:\/\/gcf.community\/fr\/wp-json\/wp\/v2\/pages\/3231"}],"wp:attachment":[{"href":"https:\/\/gcf.community\/fr\/wp-json\/wp\/v2\/media?parent=3282"}],"wp:term":[{"taxonomy":"category","embeddable":true,"href":"https:\/\/gcf.community\/fr\/wp-json\/wp\/v2\/categories?post=3282"}],"curies":[{"name":"wp","href":"https:\/\/api.w.org\/{rel}","templated":true}]}}