{"id":3238,"date":"2026-02-18T13:35:35","date_gmt":"2026-02-18T13:35:35","guid":{"rendered":"https:\/\/gcf.community\/?page_id=3238"},"modified":"2026-03-04T18:06:58","modified_gmt":"2026-03-04T18:06:58","slug":"actea-academy-alliance","status":"publish","type":"page","link":"https:\/\/gcf.community\/fr\/events\/zambia-2026\/actea-academy-alliance\/","title":{"rendered":"ACTEA \/ Academy Alliance"},"content":{"rendered":"<h1>\n\t\t\tACTEA &#038; GCF Academy Alliance Meetings: June 2026\t<\/h1>\n\t<p>We are excited to announce the GCF Leadership meetings which will take place in Lusaka, Zambia from <strong>Monday 15th June &#8211; Wednesday 17th June 2026<\/strong>.<\/p>\n<p>To make best use of the meeting time available we are asking people to<strong> arrive on Sunday 14th June<\/strong> et \u00e0 <strong>depart after breakfast on Thursday 18th June<\/strong>.<\/p>\n<p><strong>Veuillez noter<\/strong> that there is the opportunity to <strong>extend your stay by one day<\/strong> to join with the GCF Leadership Experience celebration on the 18th June (and therefore leave on the 19th June), or <strong>to extend your stay by three days<\/strong> to join with the GCF Leaders Gathering from the 18th June &#8211; 20th June (and therefore leave on the 21st June).<\/p>\n<p>En plus de ces r\u00e9unions de direction en pr\u00e9sentiel, nous organiserons \u00e9galement des r\u00e9unions de planification et de suivi via Zoom afin d&#039;optimiser notre temps et de maintenir la dynamique. En compl\u00e9tant cette inscription, vous confirmez votre engagement \u00e0 participer \u00e0 ces r\u00e9unions suppl\u00e9mentaires, dans la mesure de vos possibilit\u00e9s.<\/p>\n<p>Our meetings will be held in Lusaka, Zambia, at the <a href=\"https:\/\/www.booking.com\/hotel\/zm\/cresta-golfview-lusaka-lusaka.en-gb.html\" target=\"_blank\" rel=\"noopener\">M&#8217;kango Golfview Hotel<\/a> situ\u00e9 ici:<\/p>\n\t<iframe src=\"https:\/\/www.google.com\/maps\/embed\/v1\/place?q=M%27kango+Golfview+Hotel%2C+10247%2C+Great+East+Road%2C+Chudleigh%2C+00100+Lusaka%2C+Zambia&#038;key=AIzaSyD09zQ9PNDNNy9TadMuzRV_UsPUoWKntt8\" aria-hidden=\"true\"><\/iframe>\n<h2>\n\t\t\tFormulaire d&#039;inscription\t<\/h2>\n\t<form action=\"https:\/\/gcf.community\/fr\/wp-json\/ws-form\/v1\/submit\" class=\"wsf-form wsf-form-canvas\" id=\"ws-form-1\" data-id=\"49\" method=\"POST\" data-instance-id=\"1\" data-wsf-style-id=\"1\" data-trp-original-action=\"https:\/\/gcf.community\/fr\/wp-json\/ws-form\/v1\/submit\"><input type=\"hidden\" name=\"trp-form-language\" value=\"fr\"\/><\/form>","protected":false},"excerpt":{"rendered":"<p>ACTEA &#038; GCF Academy Alliance Meetings: June 2026 We are excited to announce the GCF Leadership meetings which will take place in Lusaka, Zambia from Monday 15th June &#8211; Wednesday 17th June 2026. To make best use of the meeting time available we are asking people to arrive on Sunday 14th June and to depart &#8230; <a title=\"ACTEA \/ Academy Alliance\" class=\"read-more\" href=\"https:\/\/gcf.community\/fr\/events\/zambia-2026\/actea-academy-alliance\/\" aria-label=\"En savoir plus sur ACTEA \/ Academy Alliance\">Lire la suite<\/a><\/p>","protected":false},"author":1,"featured_media":0,"parent":3231,"menu_order":0,"comment_status":"closed","ping_status":"closed","template":"","meta":{"_acf_changed":false,"_seopress_robots_primary_cat":"","_seopress_titles_title":"","_seopress_titles_desc":"","_seopress_robots_index":"","footnotes":"","_links_to":"","_links_to_target":""},"categories":[],"class_list":["post-3238","page","type-page","status-publish"],"acf":[],"_links":{"self":[{"href":"https:\/\/gcf.community\/fr\/wp-json\/wp\/v2\/pages\/3238","targetHints":{"allow":["GET"]}}],"collection":[{"href":"https:\/\/gcf.community\/fr\/wp-json\/wp\/v2\/pages"}],"about":[{"href":"https:\/\/gcf.community\/fr\/wp-json\/wp\/v2\/types\/page"}],"author":[{"embeddable":true,"href":"https:\/\/gcf.community\/fr\/wp-json\/wp\/v2\/users\/1"}],"replies":[{"embeddable":true,"href":"https:\/\/gcf.community\/fr\/wp-json\/wp\/v2\/comments?post=3238"}],"version-history":[{"count":7,"href":"https:\/\/gcf.community\/fr\/wp-json\/wp\/v2\/pages\/3238\/revisions"}],"predecessor-version":[{"id":3319,"href":"https:\/\/gcf.community\/fr\/wp-json\/wp\/v2\/pages\/3238\/revisions\/3319"}],"up":[{"embeddable":true,"href":"https:\/\/gcf.community\/fr\/wp-json\/wp\/v2\/pages\/3231"}],"wp:attachment":[{"href":"https:\/\/gcf.community\/fr\/wp-json\/wp\/v2\/media?parent=3238"}],"wp:term":[{"taxonomy":"category","embeddable":true,"href":"https:\/\/gcf.community\/fr\/wp-json\/wp\/v2\/categories?post=3238"}],"curies":[{"name":"wp","href":"https:\/\/api.w.org\/{rel}","templated":true}]}}