{"id":3231,"date":"2026-02-18T13:30:56","date_gmt":"2026-02-18T13:30:56","guid":{"rendered":"https:\/\/gcf.community\/?page_id=3231"},"modified":"2026-02-24T17:25:41","modified_gmt":"2026-02-24T17:25:41","slug":"zambia-2026","status":"publish","type":"page","link":"https:\/\/gcf.community\/fr\/events\/zambia-2026\/","title":{"rendered":"Zambia 2026"},"content":{"rendered":"<h1>\n\t\t\tACTEA &#038; Academy Alliance \/ GCF Leaders Gathering\t<\/h1>\n<h2>\n\t\t\tJune 2026 &#8211; Lusaka, Zambia\t<\/h2>\n\t<p>We are excited to announce the following meetings:<\/p>\n<ul>\n<li><strong>ACTEA &amp; GCF Academy Alliance<\/strong> meetings which will take place from <strong>Monday 15th June &#8211; Wednesday 17th June 2026<\/strong>.<\/li>\n<li><strong>GCF Leaders<\/strong> meetings which will take place from <strong>Thursday 18th June &#8211; Saturday 20th June 2026<\/strong>.<\/li>\n<\/ul>\n<p>To make best use of the meeting time available we are asking people to<strong> arrive by the evening before their meetings start<\/strong> et \u00e0 <strong>depart after breakfast on morning after their meetings end<\/strong>.<\/p>\n<p>Both meetings will be held in Lusaka, Zambia, at the <a href=\"https:\/\/www.booking.com\/hotel\/zm\/cresta-golfview-lusaka-lusaka.en-gb.html\" target=\"_blank\" rel=\"noopener\">M&#8217;kango Golfview Hotel<\/a> situ\u00e9 ici:<\/p>\n\t<iframe src=\"https:\/\/www.google.com\/maps\/embed\/v1\/place?q=M%27kango+Golfview+Hotel%2C+10247%2C+Great+East+Road%2C+Chudleigh%2C+00100+Lusaka%2C+Zambia&#038;key=AIzaSyD09zQ9PNDNNy9TadMuzRV_UsPUoWKntt8\" aria-hidden=\"true\"><\/iframe>\n\t<p>En plus de ces r\u00e9unions de direction en pr\u00e9sentiel, nous organiserons \u00e9galement des r\u00e9unions de planification et de suivi via Zoom afin d&#039;optimiser notre temps et de maintenir la dynamique. En compl\u00e9tant cette inscription, vous confirmez votre engagement \u00e0 participer \u00e0 ces r\u00e9unions suppl\u00e9mentaires, dans la mesure de vos possibilit\u00e9s.<\/p>\n\t<a href=\"https:\/\/gcf.community\/fr\/events\/zambia-2026\/actea-academy-alliance\/\" target=\"_self\" role=\"button\" aria-label=\"Book to Register for ACTEA \/ Academy Alliance Meetings\">\n\t\t\t\t\t\tBook to Register for ACTEA \/ Academy Alliance Meetings\n\t\t\t\t\t<\/a>\n\t<a href=\"https:\/\/gcf.community\/fr\/events\/zambia-2026\/gcf-leadership\/\" target=\"_self\" role=\"button\" aria-label=\"Book to Register for GCF Leaders Gathering\">\n\t\t\t\t\t\tBook to Register for GCF Leaders Gathering\n\t\t\t\t\t<\/a>","protected":false},"excerpt":{"rendered":"<p>ACTEA &#038; Academy Alliance \/ GCF Leaders Gathering June 2026 &#8211; Lusaka, Zambia We are excited to announce the following meetings: ACTEA &amp; GCF Academy Alliance meetings which will take place from Monday 15th June &#8211; Wednesday 17th June 2026. GCF Leaders meetings which will take place from Thursday 18th June &#8211; Saturday 20th June &#8230; <a title=\"Zambia 2026\" class=\"read-more\" href=\"https:\/\/gcf.community\/fr\/events\/zambia-2026\/\" aria-label=\"En savoir plus sur Zambia 2026\">Lire la suite<\/a><\/p>","protected":false},"author":1,"featured_media":0,"parent":629,"menu_order":0,"comment_status":"closed","ping_status":"closed","template":"","meta":{"_acf_changed":false,"_seopress_robots_primary_cat":"","_seopress_titles_title":"","_seopress_titles_desc":"","_seopress_robots_index":"","footnotes":"","_links_to":"","_links_to_target":""},"categories":[],"class_list":["post-3231","page","type-page","status-publish"],"acf":[],"_links":{"self":[{"href":"https:\/\/gcf.community\/fr\/wp-json\/wp\/v2\/pages\/3231","targetHints":{"allow":["GET"]}}],"collection":[{"href":"https:\/\/gcf.community\/fr\/wp-json\/wp\/v2\/pages"}],"about":[{"href":"https:\/\/gcf.community\/fr\/wp-json\/wp\/v2\/types\/page"}],"author":[{"embeddable":true,"href":"https:\/\/gcf.community\/fr\/wp-json\/wp\/v2\/users\/1"}],"replies":[{"embeddable":true,"href":"https:\/\/gcf.community\/fr\/wp-json\/wp\/v2\/comments?post=3231"}],"version-history":[{"count":8,"href":"https:\/\/gcf.community\/fr\/wp-json\/wp\/v2\/pages\/3231\/revisions"}],"predecessor-version":[{"id":3271,"href":"https:\/\/gcf.community\/fr\/wp-json\/wp\/v2\/pages\/3231\/revisions\/3271"}],"up":[{"embeddable":true,"href":"https:\/\/gcf.community\/fr\/wp-json\/wp\/v2\/pages\/629"}],"wp:attachment":[{"href":"https:\/\/gcf.community\/fr\/wp-json\/wp\/v2\/media?parent=3231"}],"wp:term":[{"taxonomy":"category","embeddable":true,"href":"https:\/\/gcf.community\/fr\/wp-json\/wp\/v2\/categories?post=3231"}],"curies":[{"name":"wp","href":"https:\/\/api.w.org\/{rel}","templated":true}]}}