{"id":313,"date":"2022-02-20T11:55:00","date_gmt":"2022-02-20T11:55:00","guid":{"rendered":"https:\/\/gcf.community\/?page_id=313"},"modified":"2026-02-13T16:55:40","modified_gmt":"2026-02-13T16:55:40","slug":"cookies","status":"publish","type":"page","link":"https:\/\/gcf.community\/fr\/cookies\/","title":{"rendered":"Cookies"},"content":{"rendered":"<h1>\n\t\t\tCookies\t<\/h1>\n\t<p>Nous utilisons des cookies sur notre site web. Un cookie est un petit fichier texte enregistr\u00e9 sur votre ordinateur pour am\u00e9liorer l&#039;exp\u00e9rience utilisateur.<\/p>\n<p>En r\u00e8gle g\u00e9n\u00e9rale, nous utilisons des cookies pour administrer ce site web et en am\u00e9liorer la convivialit\u00e9. Nous pouvons \u00e9galement utiliser des cookies pour identifier les pages consult\u00e9es. Cela nous permet d&#039;analyser les donn\u00e9es de trafic et d&#039;am\u00e9liorer notre site web afin de l&#039;adapter aux visiteurs. Nous utilisons ces informations uniquement \u00e0 des fins d&#039;analyse statistique, puis les donn\u00e9es sont supprim\u00e9es du syst\u00e8me.<\/p>\n<p>Dans l\u2019ensemble, les cookies nous aident \u00e0 vous offrir un meilleur site Web, en nous permettant de surveiller les pages que vous trouvez utiles et celles que vous ne trouvez pas utiles.<\/p>\n<p>Les cookies ne contiennent aucune information permettant de vous identifier personnellement. Ils ne nous donnent en aucun cas acc\u00e8s \u00e0 votre ordinateur ni \u00e0 aucune information vous concernant.<\/p>\n<p>Vous pouvez lire notre politique de confidentialit\u00e9 en ligne compl\u00e8te\u00a0<a href=\"https:\/\/gcf.community\/fr\/privacy\/\">ici<\/a>.<\/p>\n<p>Vous pouvez choisir d&#039;accepter ou de refuser les cookies. La plupart des navigateurs web acceptent automatiquement les cookies, mais vous pouvez g\u00e9n\u00e9ralement modifier les param\u00e8tres de votre navigateur pour les refuser si vous le souhaitez. Cela pourrait vous emp\u00eacher de profiter pleinement du site web.<\/p>\n<h4>Cookies sur ce site<\/h4>\n<p>Il existe deux principaux types de cookies\u00a0: les cookies de session et les cookies persistants. Les cookies de session ne durent que le temps de la visite du site web et sont supprim\u00e9s de votre ordinateur lorsque vous fermez votre navigateur. Les cookies persistants, quant \u00e0 eux, durent plus longtemps que la session utilisateur et restent stock\u00e9s sur votre ordinateur jusqu&#039;\u00e0 leur suppression ou leur date d&#039;expiration.<\/p>\n<p>Nous utilisons \u00e0 la fois des cookies de session et des cookies persistants sur ce site Web.<\/p>\n<h4>Cookies tiers<\/h4>\n<p>Nous utilisons \u00e9galement des cookies tiers pour r\u00e9aliser des analyses statistiques sur l&#039;utilisation du site. Nous cr\u00e9ons des rapports qui nous permettent d&#039;optimiser le syst\u00e8me et d&#039;offrir une meilleure interface \u00e0 l&#039;utilisateur final.<\/p>\n<p>\u00c0 cette fin, nous utilisons Google Analytics pour analyser l&#039;utilisation de ce site web. Google Analytics g\u00e9n\u00e8re des statistiques et autres informations sur l&#039;utilisation du site web gr\u00e2ce \u00e0 des cookies stock\u00e9s sur les ordinateurs des utilisateurs. Les informations g\u00e9n\u00e9r\u00e9es concernant notre site web servent \u00e0 cr\u00e9er des rapports sur l&#039;utilisation du site. Google conservera et utilisera ces informations. La politique de confidentialit\u00e9 de Google est disponible \u00e0 l&#039;adresse suivante\u00a0: <a href=\"https:\/\/www.google.com\/policies\/privacy\/\" target=\"_blank\" rel=\"noopener\">https:\/\/www.google.com\/policies\/privacy\/<\/a>Si vous souhaitez d\u00e9sactiver le suivi par Google Analytics sur tous les sites Web, veuillez visiter\u00a0: <a href=\"https:\/\/tools.google.com\/dlpage\/gaoptout\" target=\"_blank\" rel=\"noopener\">https:\/\/tools.google.com\/dlpage\/gaoptout<\/a>.<\/p>\n<p>La plupart des navigateurs vous permettent de rejeter tous les cookies, tandis que certains navigateurs vous permettent de rejeter uniquement les cookies tiers.<\/p>\n<h4>Comment puis-je modifier mes param\u00e8tres de cookies ?<\/h4>\n<p>La plupart des navigateurs web permettent de contr\u00f4ler la plupart des cookies via leurs param\u00e8tres. Pour en savoir plus sur les cookies, notamment comment savoir quels cookies ont \u00e9t\u00e9 install\u00e9s, consultez la page\u00a0<a href=\"https:\/\/www.allaboutcookies.org\" target=\"_blank\" rel=\"noopener\">www.allaboutcookies.org<\/a>.<\/p>\n<p>D\u00e9couvrez comment g\u00e9rer les cookies sur les navigateurs populaires\u00a0:<\/p>\n<ul>\n<li><a href=\"https:\/\/support.google.com\/accounts\/answer\/61416?co=GENIE.Platform%3DDesktop&amp;hl=en\" target=\"_blank\" rel=\"noopener\">Google Chrome<\/a><\/li>\n<li><a href=\"https:\/\/support.microsoft.com\/en-us\/windows\/microsoft-edge-browsing-data-and-privacy-bb8174ba-9d73-dcf2-9b4a-c582b4e640dd\" target=\"_blank\" rel=\"noopener\">Microsoft Edge<\/a><\/li>\n<li><a href=\"https:\/\/support.mozilla.org\/en-US\/kb\/enhanced-tracking-protection-firefox-desktop?redirectslug=enable-and-disable-cookies-website-preferences&amp;redirectlocale=en-US\" target=\"_blank\" rel=\"noopener\">Mozilla Firefox<\/a><\/li>\n<li><a href=\"https:\/\/support.microsoft.com\/en-us\/windows\/delete-and-manage-cookies-168dab11-0753-043d-7c16-ede5947fc64d\" target=\"_blank\" rel=\"noopener\">Microsoft Internet Explorer<\/a><\/li>\n<li><a href=\"https:\/\/help.opera.com\/en\/latest\/web-preferences\/\" target=\"_blank\" rel=\"noopener\">Op\u00e9ra<\/a><\/li>\n<li><a href=\"https:\/\/support.apple.com\/en-gb\/guide\/safari\/sfri11471\/mac\" target=\"_blank\" rel=\"noopener\">Apple Safari<\/a><\/li>\n<\/ul>\n<p>Pour trouver des informations relatives \u00e0 d&#039;autres navigateurs, visitez le site Web du d\u00e9veloppeur du navigateur.<\/p>","protected":false},"excerpt":{"rendered":"<p>Cookies Nous utilisons des cookies sur notre site web. Un cookie est un petit fichier texte enregistr\u00e9 sur votre ordinateur pour am\u00e9liorer l&#039;exp\u00e9rience utilisateur. En g\u00e9n\u00e9ral, nous utilisons des cookies pour administrer ce site web et en am\u00e9liorer la convivialit\u00e9. Nous pouvons \u00e9galement utiliser des cookies pour identifier les pages\u2026 <a title=\"Cookies\" class=\"read-more\" href=\"https:\/\/gcf.community\/fr\/cookies\/\" aria-label=\"En savoir plus sur les cookies\">Lire la suite<\/a><\/p>","protected":false},"author":1,"featured_media":0,"parent":0,"menu_order":0,"comment_status":"closed","ping_status":"closed","template":"","meta":{"_acf_changed":false,"_seopress_robots_primary_cat":"","_seopress_titles_title":"","_seopress_titles_desc":"","_seopress_robots_index":"","footnotes":"","_links_to":"","_links_to_target":""},"categories":[],"class_list":["post-313","page","type-page","status-publish"],"acf":[],"_links":{"self":[{"href":"https:\/\/gcf.community\/fr\/wp-json\/wp\/v2\/pages\/313","targetHints":{"allow":["GET"]}}],"collection":[{"href":"https:\/\/gcf.community\/fr\/wp-json\/wp\/v2\/pages"}],"about":[{"href":"https:\/\/gcf.community\/fr\/wp-json\/wp\/v2\/types\/page"}],"author":[{"embeddable":true,"href":"https:\/\/gcf.community\/fr\/wp-json\/wp\/v2\/users\/1"}],"replies":[{"embeddable":true,"href":"https:\/\/gcf.community\/fr\/wp-json\/wp\/v2\/comments?post=313"}],"version-history":[{"count":1,"href":"https:\/\/gcf.community\/fr\/wp-json\/wp\/v2\/pages\/313\/revisions"}],"predecessor-version":[{"id":3228,"href":"https:\/\/gcf.community\/fr\/wp-json\/wp\/v2\/pages\/313\/revisions\/3228"}],"wp:attachment":[{"href":"https:\/\/gcf.community\/fr\/wp-json\/wp\/v2\/media?parent=313"}],"wp:term":[{"taxonomy":"category","embeddable":true,"href":"https:\/\/gcf.community\/fr\/wp-json\/wp\/v2\/categories?post=313"}],"curies":[{"name":"wp","href":"https:\/\/api.w.org\/{rel}","templated":true}]}}