{"id":2840,"date":"2024-10-21T14:13:57","date_gmt":"2024-10-21T13:13:57","guid":{"rendered":"https:\/\/gcf.community\/?page_id=2840"},"modified":"2024-10-22T14:18:08","modified_gmt":"2024-10-22T13:18:08","slug":"getting-ai-apps-set-up","status":"publish","type":"page","link":"https:\/\/gcf.community\/fr\/events\/max7-ai-academy\/ai-manual\/getting-ai-apps-set-up\/","title":{"rendered":"Configuration des applications d&#039;IA"},"content":{"rendered":"<button tabindex=\"0\" aria-label=\"Menu\">\n\t\t\t\t\t\t\t<\/button>\n\t<nav aria-label=\"IA\" itemscope=\"itemscope\" itemtype=\"https:\/\/schema.org\/SiteNavigationElement\">\n\t\t<ul id=\"menu-ai\"><li id=\"menu-item-2607\"><a href=\"https:\/\/gcf.community\/fr\/events\/max7-ai-academy\/\">Acad\u00e9mie d&#039;IA Max7<\/a><\/li><li id=\"menu-item-2604\"><a href=\"https:\/\/gcf.community\/fr\/events\/max7-ai-academy\/dates-times\/\">Dates \/ Heures<\/a><\/li><li id=\"menu-item-2603\"><a href=\"https:\/\/gcf.community\/fr\/events\/max7-ai-academy\/info-updates\/\">Mises \u00e0 jour d&#039;informations<\/a><\/li><li id=\"menu-item-2606\"><a href=\"https:\/\/gcf.community\/fr\/events\/max7-ai-academy\/faqs\/\">FAQ<\/a><\/li><li id=\"menu-item-2797\"><a href=\"https:\/\/gcf.community\/fr\/events\/max7-ai-academy\/ai-glossary\/\">Glossaire de l&#039;IA<\/a><\/li><li id=\"menu-item-2798\"><a href=\"https:\/\/gcf.community\/fr\/events\/max7-ai-academy\/tools\/\">Outils<\/a><\/li><li id=\"menu-item-2796\"><a href=\"https:\/\/gcf.community\/fr\/events\/max7-ai-academy\/ai-manual\/\">Manuel d&#039;IA<\/a><ul>\t<li id=\"menu-item-2866\"><a href=\"https:\/\/gcf.community\/fr\/events\/max7-ai-academy\/ai-manual\/introduction\/\">Introduction<\/a><\/li>\t<li id=\"menu-item-2865\"><a href=\"https:\/\/gcf.community\/fr\/events\/max7-ai-academy\/ai-manual\/what-is-ai\/\">Qu&#039;est-ce que l&#039;IA ?<\/a><\/li>\t<li id=\"menu-item-2864\"><a href=\"https:\/\/gcf.community\/fr\/events\/max7-ai-academy\/ai-manual\/ai-and-ministry-leaders\/\">L&#039;IA et les dirigeants des minist\u00e8res<\/a><\/li>\t<li id=\"menu-item-2863\"><a href=\"https:\/\/gcf.community\/fr\/events\/max7-ai-academy\/ai-manual\/getting-ai-apps-set-up\/\" aria-current=\"page\">Configuration des applications d&#039;IA<\/a><\/li>\t<li id=\"menu-item-2924\"><a href=\"https:\/\/gcf.community\/fr\/events\/max7-ai-academy\/ai-manual\/types-of-prompts\/\">Types d&#039;invites<\/a><\/li><\/ul><\/li><li id=\"menu-item-2795\"><a href=\"https:\/\/gcf.community\/fr\/events\/max7-ai-academy\/videos\/\">Vid\u00e9os<\/a><\/li><li id=\"menu-item-2825\"><a href=\"https:\/\/ai-academy.max7.org\/\">AI Academy sur Max7<\/a><\/li><\/ul>\n\t\t\t<\/nav>\n<h1>\n\t\tConfiguration des applications d&#039;IA\n\t<\/h1>\n<h2>\n\t\tIntroduction\n\t<\/h2>\n\t<p>Nous souhaitons vous aider \u00e0 apprendre \u00e0 utiliser l&#039;IA. La plupart des applications que nous partageons sont gratuites. Il est important que vous appreniez \u00e0 acc\u00e9der aux applications d&#039;IA que vous souhaitez utiliser et \u00e0 les configurer afin que la formation soit utile et pratique.<\/p>\n<h2>\n\t\tMise en place d&#039;un Chatbot\n\t<\/h2>\n\t<h3>Qu&#039;est-ce qu&#039;un Chatbot ?<\/h3>\n<p>Les chatbots sont con\u00e7us pour imiter la conversation humaine. Le logiciel est programm\u00e9 pour permettre une conversation bidirectionnelle. Il peut s&#039;agir de poser des questions ou d&#039;y r\u00e9pondre, de proposer des solutions et de r\u00e9soudre des probl\u00e8mes. Les chatbots existent en versions textuelle et vocale.<\/p>\n<h3>Que peuvent faire les chatbots ?<\/h3>\n<p>Les chatbots peuvent fournir des solutions simples aux clients sur un site web, puis les orienter vers un agent humain lorsqu&#039;ils atteignent les limites de leur programmation. Mais ils peuvent fournir des r\u00e9ponses bien plus complexes, comme ceux que nous verrons dans nos tutoriels et sur Zoom. Nous pouvons les utiliser comme partenaire de r\u00e9daction ou de correction de texte, partenaire de recherche, \u00e9quipe de brainstorming\u2026 Les applications sont tellement vari\u00e9es\u00a0!<\/p>\n<h3>Configuration de ChatGPT<\/h3>\n<ol>\n<li>Aller \u00e0 <a href=\"https:\/\/chatgpt.com\/\" target=\"_blank\" rel=\"noopener\">https:\/\/chatgpt.com\/<\/a> et suivez le processus d&#039;inscription ou de connexion. T\u00e9l\u00e9chargez l&#039;application si vous pr\u00e9voyez de travailler hors ligne.<\/li>\n<li>Une fois connect\u00e9 (vous pouvez utiliser votre compte Google, Microsoft, etc.), vous verrez la barre d&#039;invite - elle ressemble \u00e0 une barre de recherche - c&#039;est l\u00e0 que vous pouvez taper ou coller vos invites.<\/li>\n<li>Sur le c\u00f4t\u00e9 gauche de la page, vous verrez le titre de votre premi\u00e8re invite. Pour cr\u00e9er une nouvelle discussion, cliquez sur l&#039;ic\u00f4ne Crayon sur papier.<\/li>\n<li>ChatGPT enregistrera vos fils de discussion, leur donnera un titre utile et logique, afin que vous puissiez facilement les identifier pour les r\u00e9utiliser ult\u00e9rieurement.<\/li>\n<li>Si vous utilisez ChatGPT sans vous connecter, aucun de vos travaux ne sera enregistr\u00e9 pour une utilisation ult\u00e9rieure.<\/li>\n<\/ol>\n<h3>Configuration de Google Gemini<\/h3>\n<p>Google Gemini est \u00e9galement gratuit. Acc\u00e9der \u00e0 <a href=\"https:\/\/gemini.google.com\/\" target=\"_blank\" rel=\"noopener\">https:\/\/gemini.google.com\/<\/a> et connectez-vous.<\/p>\n<h2>\n\t\tD\u00e9buter dans l&#039;art g\u00e9n\u00e9ratif\n\t<\/h2>\n        <p>L&#039;art g\u00e9n\u00e9ratif de l&#039;IA est une image cr\u00e9\u00e9e par un programme informatique utilisant l&#039;intelligence artificielle.<\/p>    \n\t<p>L&#039;ordinateur est entra\u00een\u00e9 \u00e0 partir d&#039;une quantit\u00e9 consid\u00e9rable de donn\u00e9es artistiques existantes, ou peut cr\u00e9er de nouvelles \u0153uvres de toutes pi\u00e8ces. L&#039;art g\u00e9n\u00e9ratif par IA permet de cr\u00e9er une grande vari\u00e9t\u00e9 de formes d&#039;art, notamment des peintures, des dessins, des graphismes, des logos, des sculptures, etc.<\/p>\n<h3>Configuration de Microsoft Designer<\/h3>\n<p>Vous trouverez des sites d&#039;IA artistique plus avanc\u00e9s \u00e0 la fin. Nous avons utilis\u00e9 Microsoft Designer, car c&#039;est un point de d\u00e9part simple (ou essayez Adobe Firefly\u00a0: <a href=\"https:\/\/firefly.adobe.com\/\" target=\"_blank\" rel=\"noopener\">https:\/\/firefly.adobe.com\/<\/a>):<\/p>\n<ol>\n<li>Acc\u00e9der \u00e0 Microsoft Designer <a href=\"https:\/\/designer.microsoft.com\/\" target=\"_blank\" rel=\"noopener\">https:\/\/designer.microsoft.com\/<\/a><\/li>\n<li>Connectez-vous avec votre compte Microsoft.<\/li>\n<li>Recherchez \u00ab Cr\u00e9ateur d\u2019images \u00bb.<\/li>\n<li>Tapez une invite ou une question dans la zone de texte.<\/li>\n<li>Cliquez sur le bouton \u00ab\u00a0G\u00e9n\u00e9rer\u00a0\u00bb.<\/li>\n<li>Le concepteur g\u00e9n\u00e9rera une image en fonction de votre invite.<\/li>\n<\/ol>\n<p>Vous pouvez ensuite enregistrer l&#039;image et l&#039;utiliser dans vos ressources.<\/p>\n<h2>\n\t\tAutres applications d&#039;IA\n\t<\/h2>\n\t<p>Plus tard dans le manuel, nous discuterons de la vid\u00e9o, de la musique et de l&#039;animation IA et de la mani\u00e8re d&#039;y acc\u00e9der.<\/p>\n<p>Vous pouvez \u00e9galement cliquer sur <a href=\"https:\/\/gcf.community\/fr\/events\/max7-ai-academy\/tools\/\">ici<\/a> pour une liste croissante d&#039;outils d&#039;IA et comment les trouver. Vous pouvez \u00e9galement y ajouter vos suggestions.<\/p>\n\t<a href=\"https:\/\/gcf.community\/fr\/events\/max7-ai-academy\/ai-manual\/ai-and-ministry-leaders\/\" target=\"_self\" role=\"button\" aria-label=\"PR\u00c9C\u00c9DENT\" rel=\"noopener\">\n\t\t\t\t\t\tPR\u00c9C\u00c9DENT\n\t\t\t\t\t<\/a>\n\t<a href=\"https:\/\/gcf.community\/fr\/events\/max7-ai-academy\/ai-manual\/types-of-prompts\/\" target=\"_self\" role=\"button\" aria-label=\"SUIVANT\" rel=\"noopener\">\n\t\t\t\t\t\tSUIVANT\n\t\t\t<\/a>","protected":false},"excerpt":{"rendered":"<p>Acad\u00e9mie d&#039;IA Max7 Dates et horaires Informations Mises \u00e0 jour FAQ Glossaire de l&#039;IA Outils Manuel de l&#039;IA Introduction Qu&#039;est-ce que l&#039;IA\u00a0? L&#039;IA et les responsables de minist\u00e8res Configuration des applications d&#039;IA Types d&#039;invites Vid\u00e9os Acad\u00e9mie d&#039;IA sur Max7 Configuration des applications d&#039;IA Introduction Nous aimerions vous apprendre \u00e0 utiliser l&#039;IA. De nombreuses applications\u2026 <a title=\"Configuration des applications d&#039;IA\" class=\"read-more\" href=\"https:\/\/gcf.community\/fr\/events\/max7-ai-academy\/ai-manual\/getting-ai-apps-set-up\/\" aria-label=\"En savoir plus sur Configuration des applications IA\">Lire la suite<\/a><\/p>","protected":false},"author":1,"featured_media":0,"parent":2632,"menu_order":0,"comment_status":"closed","ping_status":"closed","template":"","meta":{"_acf_changed":false,"_seopress_robots_primary_cat":"","_seopress_titles_title":"","_seopress_titles_desc":"","_seopress_robots_index":"","footnotes":"","_links_to":"","_links_to_target":""},"categories":[],"class_list":["post-2840","page","type-page","status-publish"],"acf":[],"_links":{"self":[{"href":"https:\/\/gcf.community\/fr\/wp-json\/wp\/v2\/pages\/2840","targetHints":{"allow":["GET"]}}],"collection":[{"href":"https:\/\/gcf.community\/fr\/wp-json\/wp\/v2\/pages"}],"about":[{"href":"https:\/\/gcf.community\/fr\/wp-json\/wp\/v2\/types\/page"}],"author":[{"embeddable":true,"href":"https:\/\/gcf.community\/fr\/wp-json\/wp\/v2\/users\/1"}],"replies":[{"embeddable":true,"href":"https:\/\/gcf.community\/fr\/wp-json\/wp\/v2\/comments?post=2840"}],"version-history":[{"count":6,"href":"https:\/\/gcf.community\/fr\/wp-json\/wp\/v2\/pages\/2840\/revisions"}],"predecessor-version":[{"id":2927,"href":"https:\/\/gcf.community\/fr\/wp-json\/wp\/v2\/pages\/2840\/revisions\/2927"}],"up":[{"embeddable":true,"href":"https:\/\/gcf.community\/fr\/wp-json\/wp\/v2\/pages\/2632"}],"wp:attachment":[{"href":"https:\/\/gcf.community\/fr\/wp-json\/wp\/v2\/media?parent=2840"}],"wp:term":[{"taxonomy":"category","embeddable":true,"href":"https:\/\/gcf.community\/fr\/wp-json\/wp\/v2\/categories?post=2840"}],"curies":[{"name":"wp","href":"https:\/\/api.w.org\/{rel}","templated":true}]}}