{"id":2836,"date":"2024-10-21T14:13:23","date_gmt":"2024-10-21T13:13:23","guid":{"rendered":"https:\/\/gcf.community\/?page_id=2836"},"modified":"2024-10-21T21:37:48","modified_gmt":"2024-10-21T20:37:48","slug":"ai-and-ministry-leaders","status":"publish","type":"page","link":"https:\/\/gcf.community\/fr\/events\/max7-ai-academy\/ai-manual\/ai-and-ministry-leaders\/","title":{"rendered":"L&#039;IA et les dirigeants des minist\u00e8res"},"content":{"rendered":"<button tabindex=\"0\" aria-label=\"Menu\">\n\t\t\t\t\t\t\t<\/button>\n\t<nav aria-label=\"IA\" itemscope=\"itemscope\" itemtype=\"https:\/\/schema.org\/SiteNavigationElement\">\n\t\t<ul id=\"menu-ai\"><li id=\"menu-item-2607\"><a href=\"https:\/\/gcf.community\/fr\/events\/max7-ai-academy\/\">Acad\u00e9mie d&#039;IA Max7<\/a><\/li><li id=\"menu-item-2604\"><a href=\"https:\/\/gcf.community\/fr\/events\/max7-ai-academy\/dates-times\/\">Dates \/ Heures<\/a><\/li><li id=\"menu-item-2603\"><a href=\"https:\/\/gcf.community\/fr\/events\/max7-ai-academy\/info-updates\/\">Mises \u00e0 jour d&#039;informations<\/a><\/li><li id=\"menu-item-2606\"><a href=\"https:\/\/gcf.community\/fr\/events\/max7-ai-academy\/faqs\/\">FAQ<\/a><\/li><li id=\"menu-item-2797\"><a href=\"https:\/\/gcf.community\/fr\/events\/max7-ai-academy\/ai-glossary\/\">Glossaire de l&#039;IA<\/a><\/li><li id=\"menu-item-2798\"><a href=\"https:\/\/gcf.community\/fr\/events\/max7-ai-academy\/tools\/\">Outils<\/a><\/li><li id=\"menu-item-2796\"><a href=\"https:\/\/gcf.community\/fr\/events\/max7-ai-academy\/ai-manual\/\">Manuel d&#039;IA<\/a><ul>\t<li id=\"menu-item-2866\"><a href=\"https:\/\/gcf.community\/fr\/events\/max7-ai-academy\/ai-manual\/introduction\/\">Introduction<\/a><\/li>\t<li id=\"menu-item-2865\"><a href=\"https:\/\/gcf.community\/fr\/events\/max7-ai-academy\/ai-manual\/what-is-ai\/\">Qu&#039;est-ce que l&#039;IA ?<\/a><\/li>\t<li id=\"menu-item-2864\"><a href=\"https:\/\/gcf.community\/fr\/events\/max7-ai-academy\/ai-manual\/ai-and-ministry-leaders\/\" aria-current=\"page\">L&#039;IA et les dirigeants des minist\u00e8res<\/a><\/li>\t<li id=\"menu-item-2863\"><a href=\"https:\/\/gcf.community\/fr\/events\/max7-ai-academy\/ai-manual\/getting-ai-apps-set-up\/\">Configuration des applications d&#039;IA<\/a><\/li><\/ul><\/li><li id=\"menu-item-2795\"><a href=\"https:\/\/gcf.community\/fr\/events\/max7-ai-academy\/videos\/\">Vid\u00e9os<\/a><\/li><li id=\"menu-item-2825\"><a href=\"https:\/\/www.max7.org\/en\/resource\/aiacademy\">AI Academy sur Max7<\/a><\/li><\/ul>\n\t\t\t<\/nav>\n<h1>\n\t\tL&#039;IA et les dirigeants des minist\u00e8res\n\t<\/h1>\n<h2>\n\t\tPourquoi utiliserais-je l\u2019IA dans le minist\u00e8re biblique\u00a0?\n\t<\/h2>\n\t<p>Vous \u00eates peut-\u00eatre venu \u00e0 cette Acad\u00e9mie d&#039;IA pour d\u00e9couvrir pourquoi et comment l&#039;IA est utile dans un contexte minist\u00e9riel. De nombreux outils d&#039;IA sont nouveaux, et m\u00eame ceux qui les d\u00e9veloppent n&#039;ont pas encore d\u00e9couvert toutes leurs possibilit\u00e9s\u00a0! On craint beaucoup que l&#039;IA prenne des emplois, d\u00e9truise la cr\u00e9ativit\u00e9 humaine, soit utilis\u00e9e pour cr\u00e9er de fausses vid\u00e9os, et m\u00eame qu&#039;elle ne prenne le contr\u00f4le du monde.<\/p>\n<p>Ainsi, se demander quel r\u00f4le il joue dans un minist\u00e8re centr\u00e9 sur J\u00e9sus est une question particuli\u00e8rement valable.<\/p>\n<p>Pour les responsables de minist\u00e8re, l&#039;IA offre de nouvelles fa\u00e7ons de servir les communaut\u00e9s, de diffuser l&#039;\u00c9vangile et de faire progresser l&#039;\u0153uvre de Dieu. L&#039;IA peut contribuer \u00e0 tous les aspects, de l&#039;automatisation des t\u00e2ches administratives \u00e0 la g\u00e9n\u00e9ration d&#039;id\u00e9es nouvelles pour le minist\u00e8re et l&#039;\u00e9vang\u00e9lisation, en lib\u00e9rant davantage de temps pour le discipulat et les relations personnelles.<\/p>\n<p>Cependant, comme tout outil, il doit \u00eatre abord\u00e9 avec discernement et sagesse. L&#039;IA peut apporter de nombreuses contributions, mais elle est au service de l&#039;autre, et non au ma\u00eetre. Nous aborderons certaines de ces questions dans un chapitre ult\u00e9rieur de ce manuel.<\/p>\n<h3>Certaines choses ne changent jamais<\/h3>\n<p>Nous pouvons r\u00e9fl\u00e9chir \u00e0 ce qu&#039;est le minist\u00e8re et \u00e0 ce que nous croyons \u00eatre les fondements immuables de notre vie de service et de foi. Voici ce que nous croyons\u00a0:<\/p>\n<ul>\n<li>La Parole de Dieu est immuable. \u00ab\u00a0Ta parole, \u00c9ternel\u00a0! dure \u00e9ternellement, elle demeure ferme dans les cieux.\u00a0\u00bb Psaume 119:89 (LSG)<\/li>\n<li>La Bonne Nouvelle (l&#039;\u00c9vangile) de J\u00e9sus est immuable. \u00ab\u00a0J\u00e9sus-Christ est le m\u00eame hier, aujourd&#039;hui, et \u00e9ternellement.\u00a0\u00bb H\u00e9breux 13:8 (LSG)<\/li>\n<li>Le commandement et la mission de J\u00e9sus sont d\u2019aimer Dieu, d\u2019aimer les autres et de faire des disciples, chacun d\u2019eux concernant les personnes et les relations.<\/li>\n<li>J\u00e9sus a v\u00e9cu, est mort et est ressuscit\u00e9 pour les hommes.<\/li>\n<\/ul>\n<p>Nous pourrions en ajouter davantage, mais c\u2019est un d\u00e9but utile.<\/p>\n<p>Alors, quel r\u00f4le joue l\u2019IA dans notre minist\u00e8re ? \u2026 en ob\u00e9issant au plus grand commandement et en nous permettant de participer pleinement \u00e0 la Grande Mission ?<\/p>\n<h3>Que peut nous apprendre l\u2019histoire ?<\/h3>\n<p>Au cours de l\u2019histoire, la technologie et l\u2019innovation ont jou\u00e9 un r\u00f4le important dans le plan de salut de Dieu.<\/p>\n\t\t\t\t<img loading=\"lazy\" decoding=\"async\" src=\"https:\/\/gcf.community\/wp-content\/uploads\/2024\/10\/ai-blue.png\" alt=\"ai blue\" itemprop=\"image\" height=\"87\" width=\"81\" title=\"ai bleu\" onerror=\"this.style.display='none'\"  \/>\n\t<p><strong>Id\u00e9e rapide<\/strong>: Demandez \u00e0 ChatGPT : Pouvez-vous \u00e9num\u00e9rer les inventions ou innovations cl\u00e9s de l\u2019\u00e9poque de J\u00e9sus \u00e0 aujourd\u2019hui qui ont fait une diff\u00e9rence significative dans la mission positive de l\u2019\u00c9glise ?<\/p>\n\t<p>Vous d\u00e9couvrirez peut-\u00eatre que la mission de J\u00e9sus a b\u00e9n\u00e9fici\u00e9 de :<\/p>\n<ul>\n<li><strong>Le Codex<\/strong> \u2013 L\u2019adoption d\u2019une nouvelle innovation romaine des codex (ou codex \u2013 parchemins reli\u00e9s ensemble comme des livres) pour diffuser les \u00c9critures au 1er et 2e si\u00e8cle.<\/li>\n<li><strong>Papier<\/strong> \u2013 une invention chinoise introduite en Europe au XIIe si\u00e8cle et utilis\u00e9e pour diffuser la litt\u00e9rature chr\u00e9tienne.<\/li>\n<li><strong>L&#039;imprimerie<\/strong> L&#039;invention de l&#039;imprimerie par Johannes Gutenberg en 1440 a r\u00e9volutionn\u00e9 la capacit\u00e9 de l&#039;\u00c9glise \u00e0 diffuser la Bible et la litt\u00e9rature chr\u00e9tienne. La production en masse de Bibles (notamment la Bible de Gutenberg) a permis un acc\u00e8s g\u00e9n\u00e9ralis\u00e9 aux \u00c9critures, favorisant ainsi la R\u00e9forme et une \u00e9ducation g\u00e9n\u00e9ralis\u00e9e.<\/li>\n<\/ul>\n<p>Tout au long de l&#039;histoire, chaque innovation technologique (par exemple, les transports plus rapides, les journaux, le t\u00e9l\u00e9phone, l&#039;avion, la radio, le cin\u00e9ma, la t\u00e9l\u00e9vision, l&#039;informatique, Internet et les t\u00e9l\u00e9phones portables) a \u00e9t\u00e9 utilis\u00e9e par les disciples de J\u00e9sus pour accomplir leur \u0153uvre de service. Chaque technologie peut servir le plus grand bien et, malheureusement, \u00eatre utilis\u00e9e pour promouvoir le mal.<\/p>\n<p>L&#039;IA est une autre technologie de cette vaste gamme qui peut faciliter les t\u00e2ches du minist\u00e8re. Elle n&#039;emp\u00eache pas les humains d&#039;accomplir ce que seuls les humains peuvent faire. Elle peut acc\u00e9l\u00e9rer et simplifier certaines t\u00e2ches, lib\u00e9rant ainsi du temps pour les relations et le minist\u00e8re. Mais comme vous le d\u00e9couvrirez dans cette Acad\u00e9mie de l&#039;IA, l&#039;IA offre de nombreuses possibilit\u00e9s qui pourraient vous \u00eatre utiles.<\/p>\n<h2>\n\t\tQue peut faire l\u2019IA pour m\u2019aider dans mon minist\u00e8re ?\n\t<\/h2>\n\t<p>Pour les responsables de minist\u00e8re, la Bible est l&#039;outil le plus important dont nous disposons, et le SEUL outil n\u00e9cessaire pour accomplir les desseins de Dieu. Cependant, l&#039;IA est comme un membre de l&#039;\u00e9quipe poss\u00e9dant des comp\u00e9tences qui pourraient s&#039;av\u00e9rer utiles. Imaginez si vous aviez un membre de votre \u00e9quipe capable de vous aider\u00a0:<\/p>\n<div id=\"footable_parent_2893\"\n         class=\"footable_parent ninja_table_wrapper loading_ninja_table wp_table_data_press_parent semantic_ui\">\n                <table data-ninja_table_instance=\"ninja_table_instance_0\" data-footable_id=\"2893\" data-filter-delay=\"1000\" aria-label=\"Manuel AIA T5\"            id=\"footable_2893\"\n           data-unique_identifier=\"ninja_table_unique_id_3618515944_2893\"\n           class=\"foo-table ninja_footable foo_table_2893 ninja_table_unique_id_3618515944_2893 ui table  nt_type_legacy_table selectable striped vertical_centered  footable-paging-right ninjatable_hide_header_row ninja_table_search_disabled ninja_table_pro\">\n                <colgroup>\n                            <col class=\"ninja_column_0\">\n                            <col class=\"ninja_column_1\">\n                    <\/colgroup>\n        <thead>\n<tr class=\"footable-header\">\n                                        <th scope=\"col\"  class=\"ninja_column_0 ninja_clmn_nm_1\">1<\/th><th scope=\"col\"  class=\"ninja_column_1 ninja_clmn_nm_2\">2<\/th><\/tr>\n<\/thead>\n<tbody>\n\n        <tr data-row_id=\"62\" class=\"ninja_table_row_0 nt_row_id_62\">\n            <td>R\u00e9fl\u00e9chissez \u00e0 des id\u00e9es pour vos conf\u00e9rences<\/td><td>Expliquez quels sont les mots grecs originaux dans un passage biblique et ce qu&#039;ils signifient<\/td>        <\/tr>\n            <tr data-row_id=\"63\" class=\"ninja_table_row_1 nt_row_id_63\">\n            <td>Concevoir des images et des illustrations<\/td><td>Traduire du texte ou une vid\u00e9o<\/td>        <\/tr>\n            <tr data-row_id=\"64\" class=\"ninja_table_row_2 nt_row_id_64\">\n            <td>Lire de longs documents et vous donner un r\u00e9sum\u00e9 simple<\/td><td>R\u00e9digez un programme de camp pour 3, 5 ou 10 jours (selon le nombre dont vous avez besoin)<\/td>        <\/tr>\n            <tr data-row_id=\"65\" class=\"ninja_table_row_3 nt_row_id_65\">\n            <td>Enregistrer les r\u00e9unions et r\u00e9diger le r\u00e9sum\u00e9<\/td><td>Vous aider \u00e0 planifier la communication avec les parents<\/td>        <\/tr>\n            <tr data-row_id=\"66\" class=\"ninja_table_row_4 nt_row_id_66\">\n            <td>Cr\u00e9ez une chanson avec des paroles que vous avez \u00e9crites en fonction de votre discours<\/td><td>Lire un document juridique et l&#039;expliquer dans un langage simple<\/td>        <\/tr>\n            <tr data-row_id=\"67\" class=\"ninja_table_row_5 nt_row_id_67\">\n            <td>Prenez votre \u00e9criture et relisez-la, simplifiez-la, modifiez-la et terminez votre \u00e9criture.<\/td><td>Expliquez un concept complexe ou un sujet que vous ne savez pas comment communiquer avec des mots qu&#039;un enfant de 8 ans comprendra<\/td>        <\/tr>\n            <tr data-row_id=\"68\" class=\"ninja_table_row_6 nt_row_id_68\">\n            <td>Vous aider \u00e0 r\u00e9fl\u00e9chir \u00e0 des questions bas\u00e9es sur votre sermon \/ discours biblique.<\/td><td>Expliquez quels sont les mots grecs originaux dans un passage biblique et ce qu&#039;ils signifient<\/td>        <\/tr>\n    <\/tbody><!--ninja_tobody_rendering_done-->\n    <\/table>\n    \n    \n    \n<\/div>\n\n<p>Ce n&#039;est qu&#039;un d\u00e9but ! Nous avons tous besoin de collaborateurs capables de nous aider \u00e0 accomplir notre travail. L&#039;IA peut \u00eatre une b\u00e9n\u00e9diction dans les domaines o\u00f9 l&#039;on manque de comp\u00e9tences, de temps ou d&#039;id\u00e9es.<\/p>\n<h2>\n\t\t\u00c9tude de cas \u2013 Images IA dans un village tribal\n\t<\/h2>\n\t<p>Le World FlashLab 2023. Lors d&#039;une de nos conf\u00e9rences Zoom, un participant a demand\u00e9 de l&#039;aide pour cr\u00e9er des \u0153uvres. Il mettait en place une mission pour les enfants et avait besoin d&#039;\u0153uvres d&#039;art. Le probl\u00e8me \u00e9tait que l&#039;artiste qu&#039;il avait engag\u00e9 n&#039;\u00e9tait plus en mesure de r\u00e9aliser le travail. Il n&#039;avait personne d&#039;autre pour l&#039;aider et le temps pressait\u00a0!<\/p>\n<p>Gr\u00e2ce \u00e0 un logiciel gratuit (BING image create), des flashcards essentielles \u00e0 la narration ont pu \u00eatre r\u00e9alis\u00e9es. C&#039;\u00e9tait la mani\u00e8re la plus pratique de raconter des histoires dans cette culture. Nos apprenants du FlashLab ont pu disposer de ce dont ils avaient besoin pour compl\u00e9ter leur programme et le partager lors de leur formation de dirigeants.<\/p>\n<p>Outre le fait qu\u2019elles \u00e9taient ponctuelles, ces images \u00e9taient importantes car :<\/p>\n<ul>\n<li>Ils ressemblaient aux enfants de ces villages<\/li>\n<li>Aucune photographie d\u2019enfants vuln\u00e9rables n\u2019a \u00e9t\u00e9 utilis\u00e9e<\/li>\n<li>Ils ont soulev\u00e9 les enfants et leur ont renvoy\u00e9 une image positive d\u2019eux.<\/li>\n<li>Le minist\u00e8re a pu obtenir ces images gratuitement.<\/li>\n<\/ul>\n\t\t\t\t<img loading=\"lazy\" decoding=\"async\" src=\"https:\/\/gcf.community\/wp-content\/uploads\/2024\/10\/1.jpg\" alt=\"1\" itemprop=\"image\" height=\"435\" width=\"435\" title=\"1\" onerror=\"this.style.display='none'\"  \/>\n\t\t\t\t<img loading=\"lazy\" decoding=\"async\" src=\"https:\/\/gcf.community\/wp-content\/uploads\/2024\/10\/2.jpg\" alt=\"2\" itemprop=\"image\" height=\"435\" width=\"435\" title=\"2\" onerror=\"this.style.display='none'\"  \/>\n\t\t\t\t<img loading=\"lazy\" decoding=\"async\" src=\"https:\/\/gcf.community\/wp-content\/uploads\/2024\/10\/3.jpg\" alt=\"3\" itemprop=\"image\" height=\"435\" width=\"435\" title=\"3\" onerror=\"this.style.display='none'\"  \/>\n\t\t\t\t<img loading=\"lazy\" decoding=\"async\" src=\"https:\/\/gcf.community\/wp-content\/uploads\/2024\/10\/4.jpg\" alt=\"4\" itemprop=\"image\" height=\"435\" width=\"435\" title=\"4\" onerror=\"this.style.display='none'\"  \/>\n\t<a href=\"https:\/\/gcf.community\/fr\/events\/max7-ai-academy\/ai-manual\/what-is-ai\/\" target=\"_self\" role=\"button\" aria-label=\"PR\u00c9C\u00c9DENT\" rel=\"noopener\">\n\t\t\t\t\t\tPR\u00c9C\u00c9DENT\n\t\t\t\t\t<\/a>\n\t<a href=\"https:\/\/gcf.community\/fr\/events\/max7-ai-academy\/ai-manual\/getting-ai-apps-set-up\/\" target=\"_self\" role=\"button\" aria-label=\"SUIVANT\" rel=\"noopener\">\n\t\t\t\t\t\tSUIVANT\n\t\t\t<\/a>","protected":false},"excerpt":{"rendered":"<p>Acad\u00e9mie d&#039;IA Max7 Dates et horaires Informations Mises \u00e0 jour FAQ Glossaire de l&#039;IA Outils Manuel de l&#039;IA Introduction Qu&#039;est-ce que l&#039;IA\u00a0? L&#039;IA et les responsables de minist\u00e8res Configuration des applications d&#039;IA Vid\u00e9os Acad\u00e9mie d&#039;IA sur Max7 L&#039;IA et les responsables de minist\u00e8res Pourquoi utiliser l&#039;IA dans le minist\u00e8re biblique\u00a0? Vous \u00eates peut-\u00eatre venu \u00e0 cette Acad\u00e9mie d&#039;IA pour d\u00e9couvrir pourquoi\u2026 <a title=\"L&#039;IA et les dirigeants des minist\u00e8res\" class=\"read-more\" href=\"https:\/\/gcf.community\/fr\/events\/max7-ai-academy\/ai-manual\/ai-and-ministry-leaders\/\" aria-label=\"En savoir plus sur AI et dirigeants minist\u00e9riels\">Lire la suite<\/a><\/p>","protected":false},"author":1,"featured_media":0,"parent":2632,"menu_order":0,"comment_status":"closed","ping_status":"closed","template":"","meta":{"_acf_changed":false,"_seopress_robots_primary_cat":"","_seopress_titles_title":"","_seopress_titles_desc":"","_seopress_robots_index":"","footnotes":"","_links_to":"","_links_to_target":""},"categories":[],"class_list":["post-2836","page","type-page","status-publish"],"acf":[],"_links":{"self":[{"href":"https:\/\/gcf.community\/fr\/wp-json\/wp\/v2\/pages\/2836","targetHints":{"allow":["GET"]}}],"collection":[{"href":"https:\/\/gcf.community\/fr\/wp-json\/wp\/v2\/pages"}],"about":[{"href":"https:\/\/gcf.community\/fr\/wp-json\/wp\/v2\/types\/page"}],"author":[{"embeddable":true,"href":"https:\/\/gcf.community\/fr\/wp-json\/wp\/v2\/users\/1"}],"replies":[{"embeddable":true,"href":"https:\/\/gcf.community\/fr\/wp-json\/wp\/v2\/comments?post=2836"}],"version-history":[{"count":5,"href":"https:\/\/gcf.community\/fr\/wp-json\/wp\/v2\/pages\/2836\/revisions"}],"predecessor-version":[{"id":2905,"href":"https:\/\/gcf.community\/fr\/wp-json\/wp\/v2\/pages\/2836\/revisions\/2905"}],"up":[{"embeddable":true,"href":"https:\/\/gcf.community\/fr\/wp-json\/wp\/v2\/pages\/2632"}],"wp:attachment":[{"href":"https:\/\/gcf.community\/fr\/wp-json\/wp\/v2\/media?parent=2836"}],"wp:term":[{"taxonomy":"category","embeddable":true,"href":"https:\/\/gcf.community\/fr\/wp-json\/wp\/v2\/categories?post=2836"}],"curies":[{"name":"wp","href":"https:\/\/api.w.org\/{rel}","templated":true}]}}