{"id":2828,"date":"2024-10-21T13:52:37","date_gmt":"2024-10-21T12:52:37","guid":{"rendered":"https:\/\/gcf.community\/?page_id=2828"},"modified":"2024-10-21T21:35:08","modified_gmt":"2024-10-21T20:35:08","slug":"introduction","status":"publish","type":"page","link":"https:\/\/gcf.community\/fr\/events\/max7-ai-academy\/ai-manual\/introduction\/","title":{"rendered":"Introduction"},"content":{"rendered":"<button tabindex=\"0\" aria-label=\"Menu\">\n\t\t\t\t\t\t\t<\/button>\n\t<nav aria-label=\"IA\" itemscope=\"itemscope\" itemtype=\"https:\/\/schema.org\/SiteNavigationElement\">\n\t\t<ul id=\"menu-ai\"><li id=\"menu-item-2607\"><a href=\"https:\/\/gcf.community\/fr\/events\/max7-ai-academy\/\">Acad\u00e9mie d&#039;IA Max7<\/a><\/li><li id=\"menu-item-2604\"><a href=\"https:\/\/gcf.community\/fr\/events\/max7-ai-academy\/dates-times\/\">Dates \/ Heures<\/a><\/li><li id=\"menu-item-2603\"><a href=\"https:\/\/gcf.community\/fr\/events\/max7-ai-academy\/info-updates\/\">Mises \u00e0 jour d&#039;informations<\/a><\/li><li id=\"menu-item-2606\"><a href=\"https:\/\/gcf.community\/fr\/events\/max7-ai-academy\/faqs\/\">FAQ<\/a><\/li><li id=\"menu-item-2797\"><a href=\"https:\/\/gcf.community\/fr\/events\/max7-ai-academy\/ai-glossary\/\">Glossaire de l&#039;IA<\/a><\/li><li id=\"menu-item-2798\"><a href=\"https:\/\/gcf.community\/fr\/events\/max7-ai-academy\/tools\/\">Outils<\/a><\/li><li id=\"menu-item-2796\"><a href=\"https:\/\/gcf.community\/fr\/events\/max7-ai-academy\/ai-manual\/\">Manuel d&#039;IA<\/a><ul>\t<li id=\"menu-item-2866\"><a href=\"https:\/\/gcf.community\/fr\/events\/max7-ai-academy\/ai-manual\/introduction\/\" aria-current=\"page\">Introduction<\/a><\/li>\t<li id=\"menu-item-2865\"><a href=\"https:\/\/gcf.community\/fr\/events\/max7-ai-academy\/ai-manual\/what-is-ai\/\">Qu&#039;est-ce que l&#039;IA ?<\/a><\/li>\t<li id=\"menu-item-2864\"><a href=\"https:\/\/gcf.community\/fr\/events\/max7-ai-academy\/ai-manual\/ai-and-ministry-leaders\/\">L&#039;IA et les dirigeants des minist\u00e8res<\/a><\/li>\t<li id=\"menu-item-2863\"><a href=\"https:\/\/gcf.community\/fr\/events\/max7-ai-academy\/ai-manual\/getting-ai-apps-set-up\/\">Configuration des applications d&#039;IA<\/a><\/li><\/ul><\/li><li id=\"menu-item-2795\"><a href=\"https:\/\/gcf.community\/fr\/events\/max7-ai-academy\/videos\/\">Vid\u00e9os<\/a><\/li><li id=\"menu-item-2825\"><a href=\"https:\/\/www.max7.org\/en\/resource\/aiacademy\">AI Academy sur Max7<\/a><\/li><\/ul>\n\t\t\t<\/nav>\n<h1>\n\t\tIntroduction \u00e0 l&#039;Acad\u00e9mie de l&#039;IA\n\t<\/h1>\n<h2>\n\t\t\u00c0 propos de l&#039;Acad\u00e9mie de l&#039;IA\n\t<\/h2>\n\t<p>Bienvenue \u00e0 la Max7 AI Academy 2024. Nous sommes ravis de vous accueillir ! Vous avez rejoint une communaut\u00e9 d&#039;apprentissage mondiale unique et exp\u00e9rimentale, qui se concentre sur la mani\u00e8re d&#039;exploiter notre cr\u00e9ativit\u00e9 inn\u00e9e de mani\u00e8re innovante.<\/p>\n<p>L&#039;Acad\u00e9mie de l&#039;IA est con\u00e7ue pour exploiter la cr\u00e9ativit\u00e9 humaine dans l&#039;exploration de l&#039;IA. Nous sommes convaincus, et nous continuons de le d\u00e9couvrir, qu&#039;une utilisation efficace de l&#039;IA requiert davantage de cr\u00e9ativit\u00e9, et non moins. L&#039;IA peut ex\u00e9cuter certaines t\u00e2ches plus rapidement et avec plus de pr\u00e9cision que les humains. Cependant, dans de nombreuses t\u00e2ches d&#039;IA, l&#039;implication humaine est essentielle pour d\u00e9finir le p\u00e9rim\u00e8tre de la t\u00e2che, v\u00e9rifier les faits, formuler les commandes et garantir l&#039;ad\u00e9quation des r\u00e9sultats au public vis\u00e9. \u00c0 bien des \u00e9gards, le cerveau humain et sa cr\u00e9ativit\u00e9 restent bien sup\u00e9rieurs \u00e0 l&#039;IA. L&#039;IA nous aide en d\u00e9couvrant, m\u00e9morisant et utilisant les donn\u00e9es\/informations comme nous le souhaitons.<\/p>\n<p>La combinaison de la cr\u00e9ativit\u00e9 humaine et de l\u2019IA, lorsqu\u2019elle est utilis\u00e9e avec discernement, ouvre une myriade de nouvelles applications et possibilit\u00e9s minist\u00e9rielles\u00a0!<\/p>\n        <p>De nombreuses surprises vous attendent\u2026 la premi\u00e8re \u00e9tant que le MANUEL DE L&#039;ACAD\u00c9MIE DE L&#039;IA n&#039;est pas termin\u00e9\u00a0! Non pas par paresse, mais parce que nous souhaitons que VOUS nous aidiez \u00e0 le terminer. Lisez la suite pour en savoir plus.<\/p>    \n<h2>\n\t\tC\u00e9l\u00e9bration et culte\n\t<\/h2>\n\t<p>Nous souhaitons que ce soit une c\u00e9l\u00e9bration de la cr\u00e9ativit\u00e9 d\u00e9bordante des disciples de J\u00e9sus du monde entier. Nous accueillons tous ceux qui ne connaissent pas encore J\u00e9sus et qui souhaitent le d\u00e9couvrir aussi\u00a0!<\/p>\n<p>Le psaume 98 jubilatoire de David capture une partie de l&#039;essence de cette Acad\u00e9mie, en commen\u00e7ant par :<\/p>\n\t\t\t\t<p>Chantez au Seigneur un cantique nouveau, car il a fait des merveilles\u2026<\/p>\n\t\t\t\t<h4>Psaume 98:1a (NIV)<\/h4>\n\t<p>Nous chanterons de nouvelles chansons, \u00e9crirons de nouvelles id\u00e9es, cr\u00e9erons de nouvelles images et apprendrons \u00e0 cr\u00e9er de nouvelles animations, tout cela pour glorifier notre Dieu immuable. Gr\u00e2ce \u00e0 ces nouvelles comp\u00e9tences, nous esp\u00e9rons que beaucoup plus de personnes d\u00e9couvriront ce Dieu merveilleux qui nous aime et que nous servons.<\/p>\n<h2>\n\t\tL&#039;IA est un outil\n\t<\/h2>\n        <p>Dans cette Acad\u00e9mie, nous consid\u00e9rons l&#039;intelligence artificielle (IA) comme un simple outil. \u00c0 l&#039;instar des inventions qui l&#039;ont pr\u00e9c\u00e9d\u00e9e, comme l&#039;imprimerie, l&#039;ordinateur, Internet et le t\u00e9l\u00e9phone portable, chacune peut \u00eatre exploit\u00e9e \u00e0 des fins bonnes (et mauvaises).<\/p>    \n\t<p>Nous esp\u00e9rons que vous acquerrez de nouvelles comp\u00e9tences, que vous comprendrez mieux l&#039;IA et que vous vous d\u00e9passerez pour tenter des exp\u00e9riences in\u00e9dites. Par-dessus tout, nous cherchons \u00e0 nous encourager mutuellement \u00e0 pers\u00e9v\u00e9rer dans notre mission de servir J\u00e9sus dans nos familles, nos \u00e9glises, nos communaut\u00e9s, nos \u00e9coles et nos lieux de travail.<\/p>\n<p>Nous avons h\u00e2te de partager ensemble cette exp\u00e9rience d\u2019apprentissage pratique.<\/p>\n<h2>\n\t\tQu&#039;allons-nous apprendre ?\n\t<\/h2>\n\t<p>L&#039;Acad\u00e9mie de l&#039;IA se d\u00e9roule sur cinq semaines, mais le mat\u00e9riel partag\u00e9 restera actif et en ligne. Ainsi, que vous lisiez ce manuel pendant l&#039;Acad\u00e9mie de l&#039;IA ou apr\u00e8s, nous apprendrons de diff\u00e9rentes mani\u00e8res :<\/p>\n        <ol><li>Nous allons d\u00e9couvrir diff\u00e9rents outils d\u2019IA et comment nous pouvons en tirer le meilleur parti.<\/li><li>Nous allons vous expliquer comment configurer diff\u00e9rents outils d\u2019IA.<\/li><li>Des guides et des t\u00e2ches pour d\u00e9butants nous seront fournis pour nous montrer comment utiliser ces outils.<\/li><li>Des t\u00e2ches plus avanc\u00e9es et plus stimulantes nous seront confi\u00e9es pour \u00e9largir notre r\u00e9flexion et nous aider \u00e0 d\u00e9couvrir davantage de choses que nous pouvons faire avec l\u2019IA.<\/li><li>Nous serons guid\u00e9s par une approche du Royaume ; comment utiliser ces outils de mani\u00e8re \u00e0 servir la mission de J\u00e9sus dans le monde.<\/li><li>Nous recevrons des tutoriels Zoom hebdomadaires, des guides pratiques, des exemples et un manuel d&#039;assistance afin que nous puissions faire davantage d&#039;apprentissage autodirig\u00e9 dans les domaines qui nous int\u00e9ressent le plus.<\/li><li>Nous aurons une communaut\u00e9 de discussion WhatsApp mod\u00e9r\u00e9e o\u00f9 nous pourrons partager des questions, nos r\u00e9sultats et nous inspirer les uns les autres avec des id\u00e9es.<\/li><li>Nous pourrons nous enseigner les uns les autres en partageant dans le manuel, sur notre forum de discussion WhatsApp et \u00e0 travers des sessions de questions-r\u00e9ponses lors de nos appels Zoom hebdomadaires.<\/li><\/ol>    \n<h2>\n\t\tPratique et amusant\n\t<\/h2>\n\t<p>Cette Acad\u00e9mie d&#039;IA est con\u00e7ue pour explorer de nouvelles pistes et apprendre en s&#039;amusant. Pour ce faire, nous\u00a0:<\/p>\n<ol>\n<li>Chaque jour de la semaine, l&#039;Acad\u00e9mie vous propose de nouvelles vid\u00e9os et de nouveaux documents \u00e0 lire. \u00c0 vous de choisir la fr\u00e9quence de vos lectures et le temps que vous souhaitez y consacrer.<\/li>\n<li>Tout restera en ligne, afin que vous puissiez prendre plus de cinq semaines pour apprendre et explorer.<\/li>\n<li>Les appels Zoom et le groupe WhatsApp sont con\u00e7us pour \u00eatre interactifs, vous permettant de poser des questions et d&#039;apprendre des autres.<\/li>\n<li>Chaque document que nous envoyons contiendra des id\u00e9es d&#039;invite dans une bo\u00eete jaune, que vous pourrez copier et coller dans votre application d&#039;IA pour voir comment cela fonctionne et apprendre des r\u00e9sultats.<\/li>\n<\/ol>\n\t\t\t\t<img loading=\"lazy\" decoding=\"async\" src=\"https:\/\/gcf.community\/wp-content\/uploads\/2024\/10\/ai-blue.png\" alt=\"ai blue\" itemprop=\"image\" height=\"87\" width=\"81\" title=\"ai bleu\" onerror=\"this.style.display='none'\"  \/>\n\t<p>L&#039;ic\u00f4ne bleue sera une invite pour un chatbot.<\/p>\n\t\t\t\t<img loading=\"lazy\" decoding=\"async\" src=\"https:\/\/gcf.community\/wp-content\/uploads\/2024\/10\/ai-yellow.png\" alt=\"ai yellow\" itemprop=\"image\" height=\"92\" width=\"85\" title=\"ai jaune\" onerror=\"this.style.display='none'\"  \/>\n\t<p>L&#039;ic\u00f4ne jaune sera une invite pour l&#039;art g\u00e9n\u00e9ratif, la vid\u00e9o ou la musique.<\/p>\n\t<h3>Par exemple<\/h3>\n<p>Essayez de copier ceci dans votre Chatbot (ChatGPT ou Google Gemini par exemple)\u00a0:<\/p>\n\t\t\t\t<img loading=\"lazy\" decoding=\"async\" src=\"https:\/\/gcf.community\/wp-content\/uploads\/2024\/10\/ai-blue.png\" alt=\"ai blue\" itemprop=\"image\" height=\"87\" width=\"81\" title=\"ai bleu\" onerror=\"this.style.display='none'\"  \/>\n\t<p><strong>Id\u00e9e rapide<\/strong>:Pouvez-vous me donner une liste de cinq fa\u00e7ons surprenantes d&#039;apprendre quelque chose de nouveau aujourd&#039;hui\u00a0? Je ne veux pas d\u00e9penser d&#039;argent et je ne veux utiliser aucune technologie.<\/p>\n\t<p>Si vous n\u2019avez jamais utilis\u00e9 de chatbot IA, nous vous expliquerons comment proc\u00e9der.<\/p>\n<h2>\n\t\tPr\u00e9sentation de l&#039;Acad\u00e9mie\n\t<\/h2>\n\t<h3>Documents du manuel d&#039;IA<\/h3>\n<p>Ce manuel est en cours de r\u00e9alisation et sera partag\u00e9 par segments au cours de nos cinq semaines de collaboration. Nous publierons des PDF sur la cha\u00eene WhatsApp AI Academy ACTUALIT\u00c9S et INFOS. Nous partagerons \u00e9galement un lien de t\u00e9l\u00e9chargement pour vous permettre de t\u00e9l\u00e9charger une version Word si vous le souhaitez.<\/p>\n<ul>\n<li>T\u00e9l\u00e9chargez le manuel et tous les fichiers de l&#039;Acad\u00e9mie depuis la cha\u00eene AI Academy sur Max7.org.<\/li>\n<li>Lisez le manuel en ligne sur le site Web gcf.community.<\/li>\n<\/ul>\n<h3>Cha\u00eene YouTube de l&#039;Acad\u00e9mie de l&#039;IA<\/h3>\n<p>La cha\u00eene YouTube de l&#039;AI Academy s&#039;enrichit de jour en jour\u00a0! Nous vous tiendrons inform\u00e9s de la mise en ligne de nouvelles ressources dans le groupe WhatsApp \u00ab\u00a0ACTUALIT\u00c9S ET INFOS\u00a0\u00bb.<\/p>\n<p>Voici ce qui est pr\u00e9vu au cours des cinq semaines dans chacune des playlists :<\/p>\n<div id=\"footable_parent_2873\"\n         class=\"footable_parent ninja_table_wrapper loading_ninja_table wp_table_data_press_parent semantic_ui\">\n                <table data-ninja_table_instance=\"ninja_table_instance_0\" data-footable_id=\"2873\" data-filter-delay=\"1000\" aria-label=\"Manuel AIA T1\"            id=\"footable_2873\"\n           data-unique_identifier=\"ninja_table_unique_id_2201666604_2873\"\n           class=\"foo-table ninja_footable foo_table_2873 ninja_table_unique_id_2201666604_2873 ui table  nt_type_legacy_table selectable striped vertical_centered  footable-paging-right ninjatable_hide_header_row ninja_table_search_disabled ninja_table_pro\">\n                <colgroup>\n                            <col class=\"ninja_column_0\">\n                            <col class=\"ninja_column_1\">\n                    <\/colgroup>\n        <thead>\n<tr class=\"footable-header\">\n                                        <th scope=\"col\"  class=\"ninja_column_0 ninja_clmn_nm_week_subject\">Sujet de la semaine<\/th><th scope=\"col\"  class=\"ninja_column_1 ninja_clmn_nm_week_content\">Contenu de la semaine<\/th><\/tr>\n<\/thead>\n<tbody>\n\n        <tr data-row_id=\"32\" class=\"ninja_table_row_0 nt_row_id_32\">\n            <td>Comment utiliser...<\/td><td>Chatbots, art g\u00e9n\u00e9ratif, vid\u00e9o et animation IA, musique IA, diverses autres applications IA<\/td>        <\/tr>\n            <tr data-row_id=\"33\" class=\"ninja_table_row_1 nt_row_id_33\">\n            <td>Boostez votre cr\u00e9ativit\u00e9<\/td><td>Des vid\u00e9os qui vous aident \u00e0 d\u00e9velopper vos capacit\u00e9s de r\u00e9flexion cr\u00e9ative et \u00e0 les appliquer \u00e0 l\u2019IA.<\/td>        <\/tr>\n            <tr data-row_id=\"34\" class=\"ninja_table_row_2 nt_row_id_34\">\n            <td>La Bible et l&#039;IA<\/td><td>Cr\u00e9ation d&#039;images bibliques, exemples d&#039;histoires bibliques<\/td>        <\/tr>\n            <tr data-row_id=\"35\" class=\"ninja_table_row_3 nt_row_id_35\">\n            <td>Comment j&#039;ai fait...<\/td><td>Une s\u00e9rie de vid\u00e9os expliquant la cr\u00e9ation d&#039;une ressource. Cela vous permettra d&#039;apprendre des autres et de leurs r\u00e9alisations.<\/td>        <\/tr>\n            <tr data-row_id=\"36\" class=\"ninja_table_row_4 nt_row_id_36\">\n            <td>Mon histoire<\/td><td>C&#039;est ici que nous voulons partager des histoires sur ce que vous avez fait dans le minist\u00e8re et comment l&#039;IA a aid\u00e9 ou entrav\u00e9.<\/td>        <\/tr>\n    <\/tbody><!--ninja_tobody_rendering_done-->\n    <\/table>\n    \n    \n    \n<\/div>\n\n<h3>Appels Zoom de l&#039;AI Academy<\/h3>\n<p>Deux appels Zoom sont organis\u00e9s chaque semaine, le jeudi (ou le vendredi matin dans certaines r\u00e9gions du monde, notamment en Australie et dans le Pacifique). Le deuxi\u00e8me appel est un appel r\u00e9p\u00e9t\u00e9 afin de couvrir tous les fuseaux horaires.<\/p>\n<p>Aller <a href=\"https:\/\/gcf.community\/fr\/events\/max7-ai-academy\/dates-times\/\">ici<\/a> pour vous inscrire et trouver les horaires des appels Zoom dans votre r\u00e9gion du monde.<\/p>\n<h2>\n\t\tTypes d&#039;IA que cette Acad\u00e9mie abordera\n\t<\/h2>\n\t<p>Il existe de nombreux types d&#039;outils d&#039;IA, et de nouveaux outils sont constamment publi\u00e9s ou mis \u00e0 jour. La liste suivante r\u00e9pertorie ceux sur lesquels nous nous concentrerons dans cette Acad\u00e9mie de l&#039;IA\u00a0:<\/p>\n<div id=\"footable_parent_2874\"\n         class=\"footable_parent ninja_table_wrapper loading_ninja_table wp_table_data_press_parent semantic_ui\">\n                <table data-ninja_table_instance=\"ninja_table_instance_1\" data-footable_id=\"2874\" data-filter-delay=\"1000\" aria-label=\"Manuel AIA T2\"            id=\"footable_2874\"\n           data-unique_identifier=\"ninja_table_unique_id_2983725620_2874\"\n           class=\"foo-table ninja_footable foo_table_2874 ninja_table_unique_id_2983725620_2874 ui table  nt_type_legacy_table selectable striped vertical_centered  footable-paging-right ninja_table_search_disabled ninja_table_pro\">\n                <colgroup>\n                            <col class=\"ninja_column_0\">\n                            <col class=\"ninja_column_1\">\n                    <\/colgroup>\n        <thead>\n<tr class=\"footable-header\">\n                                        <th scope=\"col\"  class=\"ninja_column_0 ninja_clmn_nm_type_of_ai\">Type d&#039;IA<\/th><th scope=\"col\"  class=\"ninja_column_1 ninja_clmn_nm_what_does_it_do\">Qu&#039;est-ce que \u00e7a fait ?<\/th><\/tr>\n<\/thead>\n<tbody>\n\n        <tr data-row_id=\"37\" class=\"ninja_table_row_0 nt_row_id_37\">\n            <td>Chatbots (IA conversationnelle)<\/td><td>IA qui comprend et r\u00e9agit au langage humain de mani\u00e8re naturelle, par le biais de textes ou de voix. Utilis\u00e9e pour le service client, la r\u00e9ponse aux questions ou l&#039;assistance personnelle.<\/td>        <\/tr>\n            <tr data-row_id=\"38\" class=\"ninja_table_row_1 nt_row_id_38\">\n            <td>Art g\u00e9n\u00e9ratif (Art IA)<\/td><td>Une IA qui cr\u00e9e des \u0153uvres visuelles originales \u00e0 partir des suggestions ou des donn\u00e9es des utilisateurs. Elle peut g\u00e9n\u00e9rer des peintures, des illustrations et m\u00eame des mod\u00e8les 3D.<\/td>        <\/tr>\n            <tr data-row_id=\"39\" class=\"ninja_table_row_2 nt_row_id_39\">\n            <td>G\u00e9n\u00e9ration de vid\u00e9os par IA<\/td><td>IA qui aide \u00e0 cr\u00e9er et \u00e0 \u00e9diter des vid\u00e9os, g\u00e9n\u00e9rant parfois m\u00eame des vid\u00e9os \u00e0 partir de descriptions textuelles ou d&#039;animations.<\/td>        <\/tr>\n            <tr data-row_id=\"40\" class=\"ninja_table_row_3 nt_row_id_40\">\n            <td>G\u00e9n\u00e9ration de musique par IA<\/td><td>IA qui compose de la musique ou aide \u00e0 la cr\u00e9ation musicale en g\u00e9n\u00e9rant des m\u00e9lodies, des harmonies ou m\u00eame des morceaux complets.<\/td>        <\/tr>\n            <tr data-row_id=\"41\" class=\"ninja_table_row_4 nt_row_id_41\">\n            <td>Assistants d&#039;\u00e9criture IA<\/td><td>Une IA qui aide \u00e0 \u00e9crire, \u00e0 proposer des suggestions, \u00e0 corriger la grammaire ou m\u00eame \u00e0 g\u00e9n\u00e9rer du texte complet en fonction des entr\u00e9es.<\/td>        <\/tr>\n            <tr data-row_id=\"42\" class=\"ninja_table_row_5 nt_row_id_42\">\n            <td>Outils de traduction IA<\/td><td>Une IA qui traduit du texte ou de la parole d\u2019une langue \u00e0 une autre, souvent instantan\u00e9ment et avec une bonne pr\u00e9cision.<\/td>        <\/tr>\n            <tr data-row_id=\"43\" class=\"ninja_table_row_6 nt_row_id_43\">\n            <td>IA pour la traduction de vid\u00e9os et d&#039;audio<\/td><td>IA qui traduit le langage parl\u00e9 dans des vid\u00e9os ou des fichiers audio et synchronise souvent le texte ou la voix traduit avec les visuels.<\/td>        <\/tr>\n            <tr data-row_id=\"44\" class=\"ninja_table_row_7 nt_row_id_44\">\n            <td>G\u00e9n\u00e9ration de voix par IA<\/td><td>IA qui cr\u00e9e une parole naturelle \u00e0 partir de texte. Ce syst\u00e8me est souvent utilis\u00e9 pour les assistants virtuels, les livres audio, les podcasts, etc.<\/td>        <\/tr>\n            <tr data-row_id=\"45\" class=\"ninja_table_row_8 nt_row_id_45\">\n            <td>Am\u00e9lioration audio par l&#039;IA<\/td><td>IA qui am\u00e9liore la qualit\u00e9 du son dans les enregistrements, en supprimant le bruit ou en am\u00e9liorant la clart\u00e9.<\/td>        <\/tr>\n    <\/tbody><!--ninja_tobody_rendering_done-->\n    <\/table>\n    \n    \n    \n<\/div>\n\n<p>Il y en a bien d\u2019autres que nous ne pourrons probablement pas aborder.<\/p>\n<h2>\n\t\tContribuer votre apprentissage \u00e0 tous\n\t<\/h2>\n\t<p>Ce sera une exp\u00e9rience d\u2019apprentissage partag\u00e9e !<\/p>\n<p>Nous avons dit plus haut que ce manuel n&#039;\u00e9tait pas termin\u00e9. Expliquons-le\u2026<\/p>\n<p>L&#039;un des atouts uniques de cette Acad\u00e9mie d&#039;IA r\u00e9side dans son caract\u00e8re communautaire (o\u00f9 nous apprenons les uns des autres). Au sein du groupe, on retrouve des personnes aux exp\u00e9riences, comp\u00e9tences, apprentissages et exemples d&#039;utilisation de l&#039;IA tr\u00e8s vari\u00e9s\u00a0:<\/p>\n<ul>\n<li>Nous savons que des camps pour enfants num\u00e9riques et IA se d\u00e9roulent dans une zone de guerre !<\/li>\n<li>Nous connaissons de nouvelles ressources fabuleuses qui ont \u00e9t\u00e9 enti\u00e8rement cr\u00e9\u00e9es gr\u00e2ce \u00e0 l\u2019IA.<\/li>\n<\/ul>\n<p>Nous avons cinq semaines dans cette Acad\u00e9mie et nous aimerions recueillir vos histoires, vos id\u00e9es, ce que vous avez appris en l&#039;utilisant dans votre contexte local, les comp\u00e9tences que vous avez d\u00e9velopp\u00e9es dans l&#039;utilisation de l&#039;IA et bien plus encore.<\/p>\n<p>Au cours de ces cinq semaines, nous recueillerons vos commentaires, les utiliserons pour \u00e9diter ce manuel et vous en remettrons une version r\u00e9vis\u00e9e \u00e0 la fin de notre rencontre. \u00c0 la fin, notre apprentissage sera bien plus riche gr\u00e2ce \u00e0 cet \u00e9change.<\/p>\n<h2>\n\t\tComment partager vos id\u00e9es\n\t<\/h2>\n\t<p>Vous pouvez partager des id\u00e9es de deux mani\u00e8res\u00a0:<\/p>\n<ol>\n<li><strong>Discussion sur l&#039;Acad\u00e9mie de l&#039;IA sur WhatsApp<\/strong>: <a href=\"https:\/\/chat.whatsapp.com\/JCI5YZ0erTjEJgiLdgDnB4\" target=\"_blank\" rel=\"noopener\">https:\/\/chat.whatsapp.com\/JCI5YZ0erTjEJgiLdgDnB4<\/a><\/li>\n<li><strong>Ce formulaire Google<\/strong> \u2013 o\u00f9 vous pouvez partager des r\u00e9ponses plus d\u00e9taill\u00e9es que vous pensez qu\u2019il serait bon de partager avec les participants de l\u2019AI Academy \u2013 <a href=\"https:\/\/forms.gle\/x6hWpMuTboixsVzJ6\" target=\"_blank\" rel=\"noopener\">https:\/\/forms.gle\/x6hWpMuTboixsVzJ6<\/a><\/li>\n<\/ol>\n<h2>\n\t\tQui dirige cette Acad\u00e9mie d\u2019IA ?\n\t<\/h2>\n\t<p>Cette Acad\u00e9mie d&#039;IA Max7 vous est propos\u00e9e par un groupe de mouvements d\u00e9di\u00e9s \u00e0 la diffusion de la Bonne Nouvelle de J\u00e9sus et \u00e0 la formation de disciples. Parmi ceux-ci\u00a0:<\/p>\n        <p>Forum mondial des enfants\u00a0; GO Play et le mouvement sportif\u00a0; G\u00e9n\u00e9rations g\u00e9n\u00e9reuses\u00a0; Mouvement 4\/14\u00a0; Association \u00e9vang\u00e9lique mondiale et bien d&#039;autres. Vous pourrez rencontrer l&#039;\u00e9quipe lors de nos appels et vid\u00e9os Zoom et en apprendre davantage.<\/p>    \n\t<p><strong>Max7.org<\/strong> est une biblioth\u00e8que partag\u00e9e de ressources minist\u00e9rielles gratuites qui a servi tous ces mouvements depuis son lancement en 2007. Visitez <a href=\"https:\/\/www.max7.org\/\" target=\"_blank\" rel=\"noopener\">max7.org<\/a> pour trouver des milliers d\u2019outils et de ressources merveilleux que vous pouvez utiliser ou adapter gratuitement.<\/p>\n\t<a href=\"https:\/\/gcf.community\/fr\/events\/max7-ai-academy\/ai-manual\/what-is-ai\/\" target=\"_self\" role=\"button\" aria-label=\"SUIVANT\" rel=\"noopener\">\n\t\t\t\t\t\tSUIVANT\n\t\t\t<\/a>","protected":false},"excerpt":{"rendered":"<p>Max7 AI Academy Dates \/ Horaires Informations Mises \u00e0 jour FAQ Glossaire de l&#039;IA Outils Manuel de l&#039;IA Introduction Qu&#039;est-ce que l&#039;IA ? L&#039;IA et les responsables de minist\u00e8res Configuration des applications d&#039;IA Vid\u00e9os AI Academy sur Max7 Pr\u00e9sentation de l&#039;AI Academy \u00c0 propos de l&#039;AI Academy Bienvenue \u00e0 la Max7 AI Academy 2024. Nous sommes ravis de vous accueillir ! \u2026 <a title=\"Introduction\" class=\"read-more\" href=\"https:\/\/gcf.community\/fr\/events\/max7-ai-academy\/ai-manual\/introduction\/\" aria-label=\"En savoir plus sur Introduction\">Lire la suite<\/a><\/p>","protected":false},"author":1,"featured_media":0,"parent":2632,"menu_order":0,"comment_status":"closed","ping_status":"closed","template":"","meta":{"_acf_changed":false,"_seopress_robots_primary_cat":"","_seopress_titles_title":"","_seopress_titles_desc":"","_seopress_robots_index":"","footnotes":"","_links_to":"","_links_to_target":""},"categories":[],"class_list":["post-2828","page","type-page","status-publish"],"acf":[],"_links":{"self":[{"href":"https:\/\/gcf.community\/fr\/wp-json\/wp\/v2\/pages\/2828","targetHints":{"allow":["GET"]}}],"collection":[{"href":"https:\/\/gcf.community\/fr\/wp-json\/wp\/v2\/pages"}],"about":[{"href":"https:\/\/gcf.community\/fr\/wp-json\/wp\/v2\/types\/page"}],"author":[{"embeddable":true,"href":"https:\/\/gcf.community\/fr\/wp-json\/wp\/v2\/users\/1"}],"replies":[{"embeddable":true,"href":"https:\/\/gcf.community\/fr\/wp-json\/wp\/v2\/comments?post=2828"}],"version-history":[{"count":6,"href":"https:\/\/gcf.community\/fr\/wp-json\/wp\/v2\/pages\/2828\/revisions"}],"predecessor-version":[{"id":2903,"href":"https:\/\/gcf.community\/fr\/wp-json\/wp\/v2\/pages\/2828\/revisions\/2903"}],"up":[{"embeddable":true,"href":"https:\/\/gcf.community\/fr\/wp-json\/wp\/v2\/pages\/2632"}],"wp:attachment":[{"href":"https:\/\/gcf.community\/fr\/wp-json\/wp\/v2\/media?parent=2828"}],"wp:term":[{"taxonomy":"category","embeddable":true,"href":"https:\/\/gcf.community\/fr\/wp-json\/wp\/v2\/categories?post=2828"}],"curies":[{"name":"wp","href":"https:\/\/api.w.org\/{rel}","templated":true}]}}