{"id":2632,"date":"2024-10-09T20:10:57","date_gmt":"2024-10-09T19:10:57","guid":{"rendered":"https:\/\/gcf.community\/?page_id=2632"},"modified":"2024-11-21T19:44:42","modified_gmt":"2024-11-21T19:44:42","slug":"ai-manual","status":"publish","type":"page","link":"https:\/\/gcf.community\/fr\/events\/max7-ai-academy\/ai-manual\/","title":{"rendered":"Manuel d&#039;IA"},"content":{"rendered":"<button tabindex=\"0\" aria-label=\"Menu\">\n\t\t\t\t\t\t\t<\/button>\n\t<nav aria-label=\"IA\" itemscope=\"itemscope\" itemtype=\"https:\/\/schema.org\/SiteNavigationElement\">\n\t\t<ul id=\"menu-ai\"><li id=\"menu-item-2607\"><a href=\"https:\/\/gcf.community\/fr\/events\/max7-ai-academy\/\">Acad\u00e9mie d&#039;IA Max7<\/a><\/li><li id=\"menu-item-2604\"><a href=\"https:\/\/gcf.community\/fr\/events\/max7-ai-academy\/dates-times\/\">Dates \/ Heures<\/a><\/li><li id=\"menu-item-2606\"><a href=\"https:\/\/gcf.community\/fr\/events\/max7-ai-academy\/faqs\/\">FAQ<\/a><\/li><li id=\"menu-item-2797\"><a href=\"https:\/\/gcf.community\/fr\/events\/max7-ai-academy\/ai-glossary\/\">Glossaire de l&#039;IA<\/a><\/li><li id=\"menu-item-2798\"><a href=\"https:\/\/gcf.community\/fr\/events\/max7-ai-academy\/tools\/\">Outils<\/a><\/li><li id=\"menu-item-2796\"><a href=\"https:\/\/gcf.community\/fr\/events\/max7-ai-academy\/ai-manual\/\" aria-current=\"page\">Manuel d&#039;IA<\/a><ul>\t<li id=\"menu-item-2866\"><a href=\"https:\/\/gcf.community\/fr\/events\/max7-ai-academy\/ai-manual\/introduction\/\">Introduction<\/a><\/li>\t<li id=\"menu-item-2865\"><a href=\"https:\/\/gcf.community\/fr\/events\/max7-ai-academy\/ai-manual\/what-is-ai\/\">Qu&#039;est-ce que l&#039;IA ?<\/a><\/li>\t<li id=\"menu-item-2864\"><a href=\"https:\/\/gcf.community\/fr\/events\/max7-ai-academy\/ai-manual\/ai-and-ministry-leaders\/\">L&#039;IA et les dirigeants des minist\u00e8res<\/a><\/li>\t<li id=\"menu-item-2863\"><a href=\"https:\/\/gcf.community\/fr\/events\/max7-ai-academy\/ai-manual\/getting-ai-apps-set-up\/\">Configuration des applications d&#039;IA<\/a><\/li>\t<li id=\"menu-item-2924\"><a href=\"https:\/\/gcf.community\/fr\/events\/max7-ai-academy\/ai-manual\/types-of-prompts\/\">Types d&#039;invites<\/a><\/li>\t<li id=\"menu-item-2944\"><a href=\"https:\/\/gcf.community\/fr\/events\/max7-ai-academy\/ai-manual\/chatbot-ministry-examples-to-try\/\">Exemples de minist\u00e8res de chatbot \u00e0 essayer<\/a><\/li><\/ul><\/li><li id=\"menu-item-2795\"><a href=\"https:\/\/gcf.community\/fr\/events\/max7-ai-academy\/videos\/\">Vid\u00e9os<\/a><\/li><li id=\"menu-item-2825\"><a href=\"https:\/\/ai-academy.max7.org\/\">AI Academy sur Max7<\/a><\/li><\/ul>\n\t\t\t<\/nav>\n<h1>\n\t\tManuel d&#039;IA\n\t<\/h1>\n\t<p>Vous pouvez acc\u00e9der au manuel de l&#039;AI Academy soit via un acc\u00e8s en ligne en parcourant les chapitres r\u00e9pertori\u00e9s ci-dessous, soit en t\u00e9l\u00e9chargeant les versions PDF du manuel.<\/p>\n<h2>\n\t\tAcc\u00e8s en ligne\n\t<\/h2>\n\t\t\t<a href=\"https:\/\/gcf.community\/fr\/events\/max7-ai-academy\/ai-manual\/introduction\/\" target=\"_self\">\n\t\t<h4>Introduction \u00e0 l&#039;Acad\u00e9mie de l&#039;IA<\/h4>\n\t\t<\/a>\n\t\t\t<a href=\"https:\/\/gcf.community\/fr\/events\/max7-ai-academy\/ai-manual\/what-is-ai\/\" target=\"_self\">\n\t\t<h4>Qu&#039;est-ce que l&#039;IA ?<\/h4>\n\t\t<\/a>\n\t\t\t<a href=\"https:\/\/gcf.community\/fr\/events\/max7-ai-academy\/ai-manual\/ai-and-ministry-leaders\/\" target=\"_self\">\n\t\t<h4>L&#039;IA et les dirigeants des minist\u00e8res<\/h4>\n\t\t<\/a>\n\t\t\t<a href=\"https:\/\/gcf.community\/fr\/events\/max7-ai-academy\/ai-manual\/getting-ai-apps-set-up\/\" target=\"_self\">\n\t\t<h4>Configuration des applications d&#039;IA<\/h4>\n\t\t<\/a>\n\t\t\t<a href=\"https:\/\/gcf.community\/fr\/events\/max7-ai-academy\/ai-manual\/types-of-prompts\/\" target=\"_self\">\n\t\t<h4>Types d&#039;invites<\/h4>\n\t\t<\/a>\n\t\t\t<a href=\"https:\/\/gcf.community\/fr\/events\/max7-ai-academy\/ai-manual\/types-of-prompts\/\" target=\"_self\">\n\t\t<h4>Exemples de minist\u00e8res de chatbots \u00e0 essayer<\/h4>\n\t\t<\/a>\n<h2>\n\t\tPDF\n\t<\/h2>\n<h3>\n\t\tManuel \u2013 Partie 1\n\t<\/h3>\n\t<a href=\"https:\/\/ai-academy.max7.org\/en\/resource\/aiacademymanualintroduction01\" target=\"_blank\" role=\"button\" rel=\"noopener\" aria-label=\"T\u00e9l\u00e9charger la partie 1 (PDF)\">\n\t\t\t\t\t\tT\u00e9l\u00e9charger la partie 1 (PDF)\n\t\t\t<\/a>\n\t        <div class=\"embedpress-document-embed ose-document ep-doc-d7fcf3f3b136871a304a78937b86779c\" style=\"width: 730px; height: 450px;; max-width:100%; display: block\">\n                                    <iframe title=\"Manuel de formation de l&#039;AI Academy, partie 1\" allowfullscreen=\"true\" mozallowfullscreen=\"true\" webkitallowfullscreen=\"true\" style=\"width: 730px; height: 450px;; max-width:100%; display: inline-block\" data-emsrc=\"https:\/\/gcf.community\/wp-content\/uploads\/2024\/10\/AI-Academy-Training-Manual-Part-1.pdf\" data-emid=\"embedpress-pdf-shortcode\" class=\"embedpress-embed-document-pdf embedpress-pdf-shortcode\" src=\"https:\/\/gcf.community\/wp-admin\/admin-ajax.php?action=get_viewer&#038;file=https%3A%2F%2Fgcf.community%2Fwp-content%2Fuploads%2F2024%2F10%2FAI-Academy-Training-Manual-Part-1.pdf#key=dGhlbWVNb2RlPWRlZmF1bHQmdG9vbGJhcj10cnVlJmxhenlMb2FkPWZhbHNlJnBvc2l0aW9uPXRvcCZwcmVzZW50YXRpb249dHJ1ZSZkb3dubG9hZD10cnVlJmNvcHlfdGV4dD10cnVlJmFkZF90ZXh0PXRydWUmZHJhdz10cnVlJmRvY19yb3RhdGlvbj10cnVlJmFkZF9pbWFnZT10cnVlJmRvY19kZXRhaWxzPXRydWUmc2VsZWN0aW9uX3Rvb2w9MCZzY3JvbGxpbmc9LTEmc3ByZWFkcz0tMSZ6b29tX2luPXRydWUmem9vbV9vdXQ9dHJ1ZSZmaXRfdmlldz10cnVlJmJvb2ttYXJrPXRydWUmc291bmQ9dHJ1ZSZmbGlwYm9va190b29sYmFyX3Bvc2l0aW9uPWJvdHRvbQ==\" frameborder=\"0\">\n                        <\/iframe>\n                            <\/div>\n\n\n<h3>\n\t\tManuel \u2013 Partie 2\n\t<\/h3>\n\t<a href=\"https:\/\/ai-academy.max7.org\/en\/resource\/aiacademymanualpart02prompting\" target=\"_blank\" role=\"button\" rel=\"noopener\" aria-label=\"T\u00e9l\u00e9charger la partie 2 (PDF)\">\n\t\t\t\t\t\tT\u00e9l\u00e9charger la partie 2 (PDF)\n\t\t\t<\/a>\n\t        <div class=\"embedpress-document-embed ose-document ep-doc-d7fcf3f3b136871a304a78937b86779c\" style=\"width: 730px; height: 450px;; max-width:100%; display: block\">\n                                    <iframe title=\"Manuel de formation de l&#039;AI Academy, partie 2\" allowfullscreen=\"true\" mozallowfullscreen=\"true\" webkitallowfullscreen=\"true\" style=\"width: 730px; height: 450px;; max-width:100%; display: inline-block\" data-emsrc=\"https:\/\/gcf.community\/wp-content\/uploads\/2024\/10\/AI-Academy-Training-Manual-Part-2.pdf\" data-emid=\"embedpress-pdf-shortcode\" class=\"embedpress-embed-document-pdf embedpress-pdf-shortcode\" src=\"https:\/\/gcf.community\/wp-admin\/admin-ajax.php?action=get_viewer&#038;file=https%3A%2F%2Fgcf.community%2Fwp-content%2Fuploads%2F2024%2F10%2FAI-Academy-Training-Manual-Part-2.pdf#key=dGhlbWVNb2RlPWRlZmF1bHQmdG9vbGJhcj10cnVlJmxhenlMb2FkPWZhbHNlJnBvc2l0aW9uPXRvcCZwcmVzZW50YXRpb249dHJ1ZSZkb3dubG9hZD10cnVlJmNvcHlfdGV4dD10cnVlJmFkZF90ZXh0PXRydWUmZHJhdz10cnVlJmRvY19yb3RhdGlvbj10cnVlJmFkZF9pbWFnZT10cnVlJmRvY19kZXRhaWxzPXRydWUmc2VsZWN0aW9uX3Rvb2w9MCZzY3JvbGxpbmc9LTEmc3ByZWFkcz0tMSZ6b29tX2luPXRydWUmem9vbV9vdXQ9dHJ1ZSZmaXRfdmlldz10cnVlJmJvb2ttYXJrPXRydWUmc291bmQ9dHJ1ZSZmbGlwYm9va190b29sYmFyX3Bvc2l0aW9uPWJvdHRvbQ==\" frameborder=\"0\">\n                        <\/iframe>\n                            <\/div>\n\n\n<h3>\n\t\tManuel \u2013 Partie 3\n\t<\/h3>\n\t<a href=\"https:\/\/ai-academy.max7.org\/en\/resource\/aiacademymanualpart3\" target=\"_blank\" role=\"button\" rel=\"noopener\" aria-label=\"T\u00e9l\u00e9charger la partie 3 (PDF)\">\n\t\t\t\t\t\tT\u00e9l\u00e9charger la partie 3 (PDF)\n\t\t\t<\/a>\n\t        <div class=\"embedpress-document-embed ose-document ep-doc-d7fcf3f3b136871a304a78937b86779c\" style=\"width: 730px; height: 450px;; max-width:100%; display: block\">\n                                    <iframe title=\"aiacademymanualpart3_a4_fr\" allowfullscreen=\"true\" mozallowfullscreen=\"true\" webkitallowfullscreen=\"true\" style=\"width: 730px; height: 450px;; max-width:100%; display: inline-block\" data-emsrc=\"https:\/\/gcf.community\/wp-content\/uploads\/2024\/10\/aiacademymanualpart3_a4_en.pdf\" data-emid=\"embedpress-pdf-shortcode\" class=\"embedpress-embed-document-pdf embedpress-pdf-shortcode\" src=\"https:\/\/gcf.community\/wp-admin\/admin-ajax.php?action=get_viewer&#038;file=https%3A%2F%2Fgcf.community%2Fwp-content%2Fuploads%2F2024%2F10%2Faiacademymanualpart3_a4_en.pdf#key=dGhlbWVNb2RlPWRlZmF1bHQmdG9vbGJhcj10cnVlJmxhenlMb2FkPWZhbHNlJnBvc2l0aW9uPXRvcCZwcmVzZW50YXRpb249dHJ1ZSZkb3dubG9hZD10cnVlJmNvcHlfdGV4dD10cnVlJmFkZF90ZXh0PXRydWUmZHJhdz10cnVlJmRvY19yb3RhdGlvbj10cnVlJmFkZF9pbWFnZT10cnVlJmRvY19kZXRhaWxzPXRydWUmc2VsZWN0aW9uX3Rvb2w9MCZzY3JvbGxpbmc9LTEmc3ByZWFkcz0tMSZ6b29tX2luPXRydWUmem9vbV9vdXQ9dHJ1ZSZmaXRfdmlldz10cnVlJmJvb2ttYXJrPXRydWUmc291bmQ9dHJ1ZSZmbGlwYm9va190b29sYmFyX3Bvc2l0aW9uPWJvdHRvbQ==\" frameborder=\"0\">\n                        <\/iframe>\n                            <\/div>\n\n\n<h3>\n\t\tManuel \u2013 Partie 4\n\t<\/h3>\n\t<a href=\"https:\/\/ai-academy.max7.org\/en\/resource\/aiacademymanualpart4generativeart\" target=\"_blank\" role=\"button\" rel=\"noopener\" aria-label=\"T\u00e9l\u00e9charger la partie 4 (PDF)\">\n\t\t\t\t\t\tT\u00e9l\u00e9charger la partie 4 (PDF)\n\t\t\t<\/a>\n\t        <div class=\"embedpress-document-embed ose-document ep-doc-d7fcf3f3b136871a304a78937b86779c\" style=\"width: 730px; height: 450px;; max-width:100%; display: block\">\n                                    <iframe title=\"aiacademymanualpart4generativeart_manual_a4_fr\" allowfullscreen=\"true\" mozallowfullscreen=\"true\" webkitallowfullscreen=\"true\" style=\"width: 730px; height: 450px;; max-width:100%; display: inline-block\" data-emsrc=\"https:\/\/gcf.community\/wp-content\/uploads\/2024\/10\/aiacademymanualpart4generativeart_manual_a4_en.pdf\" data-emid=\"embedpress-pdf-shortcode\" class=\"embedpress-embed-document-pdf embedpress-pdf-shortcode\" src=\"https:\/\/gcf.community\/wp-admin\/admin-ajax.php?action=get_viewer&#038;file=https%3A%2F%2Fgcf.community%2Fwp-content%2Fuploads%2F2024%2F10%2Faiacademymanualpart4generativeart_manual_a4_en.pdf#key=dGhlbWVNb2RlPWRlZmF1bHQmdG9vbGJhcj10cnVlJmxhenlMb2FkPWZhbHNlJnBvc2l0aW9uPXRvcCZwcmVzZW50YXRpb249dHJ1ZSZkb3dubG9hZD10cnVlJmNvcHlfdGV4dD10cnVlJmFkZF90ZXh0PXRydWUmZHJhdz10cnVlJmRvY19yb3RhdGlvbj10cnVlJmFkZF9pbWFnZT10cnVlJmRvY19kZXRhaWxzPXRydWUmc2VsZWN0aW9uX3Rvb2w9MCZzY3JvbGxpbmc9LTEmc3ByZWFkcz0tMSZ6b29tX2luPXRydWUmem9vbV9vdXQ9dHJ1ZSZmaXRfdmlldz10cnVlJmJvb2ttYXJrPXRydWUmc291bmQ9dHJ1ZSZmbGlwYm9va190b29sYmFyX3Bvc2l0aW9uPWJvdHRvbQ==\" frameborder=\"0\">\n                        <\/iframe>\n                            <\/div>\n\n\n<h3>\n\t\tManuel \u2013 Partie 5\n\t<\/h3>\n\t<a href=\"https:\/\/ai-academy.max7.org\/en\/resource\/aiacademymanualpart5biblehandling\" target=\"_blank\" role=\"button\" rel=\"noopener\" aria-label=\"T\u00e9l\u00e9charger la partie 5 (PDF)\">\n\t\t\t\t\t\tT\u00e9l\u00e9charger la partie 5 (PDF)\n\t\t\t<\/a>\n\t        <div class=\"embedpress-document-embed ose-document ep-doc-d7fcf3f3b136871a304a78937b86779c\" style=\"width: 730px; height: 450px;; max-width:100%; display: block\">\n                                    <iframe title=\"aiacademymanualpart5biblehandling_a4_fr\" allowfullscreen=\"true\" mozallowfullscreen=\"true\" webkitallowfullscreen=\"true\" style=\"width: 730px; height: 450px;; max-width:100%; display: inline-block\" data-emsrc=\"https:\/\/gcf.community\/wp-content\/uploads\/2024\/10\/aiacademymanualpart5biblehandling_a4_en.pdf\" data-emid=\"embedpress-pdf-shortcode\" class=\"embedpress-embed-document-pdf embedpress-pdf-shortcode\" src=\"https:\/\/gcf.community\/wp-admin\/admin-ajax.php?action=get_viewer&#038;file=https%3A%2F%2Fgcf.community%2Fwp-content%2Fuploads%2F2024%2F10%2Faiacademymanualpart5biblehandling_a4_en.pdf#key=dGhlbWVNb2RlPWRlZmF1bHQmdG9vbGJhcj10cnVlJmxhenlMb2FkPWZhbHNlJnBvc2l0aW9uPXRvcCZwcmVzZW50YXRpb249dHJ1ZSZkb3dubG9hZD10cnVlJmNvcHlfdGV4dD10cnVlJmFkZF90ZXh0PXRydWUmZHJhdz10cnVlJmRvY19yb3RhdGlvbj10cnVlJmFkZF9pbWFnZT10cnVlJmRvY19kZXRhaWxzPXRydWUmc2VsZWN0aW9uX3Rvb2w9MCZzY3JvbGxpbmc9LTEmc3ByZWFkcz0tMSZ6b29tX2luPXRydWUmem9vbV9vdXQ9dHJ1ZSZmaXRfdmlldz10cnVlJmJvb2ttYXJrPXRydWUmc291bmQ9dHJ1ZSZmbGlwYm9va190b29sYmFyX3Bvc2l0aW9uPWJvdHRvbQ==\" frameborder=\"0\">\n                        <\/iframe>\n                            <\/div>\n\n\n<h3>\n\t\tManuel \u2013 Partie 6\n\t<\/h3>\n\t<a href=\"https:\/\/ai-academy.max7.org\/en\/resource\/aiacademymanualpart6creativityquestions\" target=\"_blank\" role=\"button\" rel=\"noopener\" aria-label=\"T\u00e9l\u00e9charger la partie 6 (PDF)\">\n\t\t\t\t\t\tT\u00e9l\u00e9charger la partie 6 (PDF)\n\t\t\t<\/a>\n\t        <div class=\"embedpress-document-embed ose-document ep-doc-d7fcf3f3b136871a304a78937b86779c\" style=\"width: 730px; height: 450px;; max-width:100%; display: block\">\n                                    <iframe title=\"aiacademymanualpartie 6cr\u00e9ativit\u00e9questions_a4_fr\" allowfullscreen=\"true\" mozallowfullscreen=\"true\" webkitallowfullscreen=\"true\" style=\"width: 730px; height: 450px;; max-width:100%; display: inline-block\" data-emsrc=\"https:\/\/gcf.community\/wp-content\/uploads\/2024\/11\/aiacademymanualpart6creativityquestions_a4_en.pdf\" data-emid=\"embedpress-pdf-shortcode\" class=\"embedpress-embed-document-pdf embedpress-pdf-shortcode\" src=\"https:\/\/gcf.community\/wp-admin\/admin-ajax.php?action=get_viewer&#038;file=https%3A%2F%2Fgcf.community%2Fwp-content%2Fuploads%2F2024%2F11%2Faiacademymanualpart6creativityquestions_a4_en.pdf#key=dGhlbWVNb2RlPWRlZmF1bHQmdG9vbGJhcj10cnVlJmxhenlMb2FkPWZhbHNlJnBvc2l0aW9uPXRvcCZwcmVzZW50YXRpb249dHJ1ZSZkb3dubG9hZD10cnVlJmNvcHlfdGV4dD10cnVlJmFkZF90ZXh0PXRydWUmZHJhdz10cnVlJmRvY19yb3RhdGlvbj10cnVlJmFkZF9pbWFnZT10cnVlJmRvY19kZXRhaWxzPXRydWUmc2VsZWN0aW9uX3Rvb2w9MCZzY3JvbGxpbmc9LTEmc3ByZWFkcz0tMSZ6b29tX2luPXRydWUmem9vbV9vdXQ9dHJ1ZSZmaXRfdmlldz10cnVlJmJvb2ttYXJrPXRydWUmc291bmQ9dHJ1ZSZmbGlwYm9va190b29sYmFyX3Bvc2l0aW9uPWJvdHRvbQ==\" frameborder=\"0\">\n                        <\/iframe>\n                            <\/div>\n\n\n<h3>\n\t\tManuel \u2013 Partie 7\n\t<\/h3>\n\t<a href=\"https:\/\/ai-academy.max7.org\/en\/resource\/aiacademymanualpart7aivideoaimusic\" target=\"_blank\" role=\"button\" rel=\"noopener\" aria-label=\"T\u00e9l\u00e9charger la partie 7 (PDF)\">\n\t\t\t\t\t\tT\u00e9l\u00e9charger la partie 7 (PDF)\n\t\t\t<\/a>\n\t        <div class=\"embedpress-document-embed ose-document ep-doc-d7fcf3f3b136871a304a78937b86779c\" style=\"width: 730px; height: 450px;; max-width:100%; display: block\">\n                                    <iframe title=\"aiacademymanualpart7aivideoaimusic_manual_a4_fr\" allowfullscreen=\"true\" mozallowfullscreen=\"true\" webkitallowfullscreen=\"true\" style=\"width: 730px; height: 450px;; max-width:100%; display: inline-block\" data-emsrc=\"https:\/\/gcf.community\/wp-content\/uploads\/2024\/11\/aiacademymanualpart7aivideoaimusic_manual_a4_en.pdf\" data-emid=\"embedpress-pdf-shortcode\" class=\"embedpress-embed-document-pdf embedpress-pdf-shortcode\" src=\"https:\/\/gcf.community\/wp-admin\/admin-ajax.php?action=get_viewer&#038;file=https%3A%2F%2Fgcf.community%2Fwp-content%2Fuploads%2F2024%2F11%2Faiacademymanualpart7aivideoaimusic_manual_a4_en.pdf#key=dGhlbWVNb2RlPWRlZmF1bHQmdG9vbGJhcj10cnVlJmxhenlMb2FkPWZhbHNlJnBvc2l0aW9uPXRvcCZwcmVzZW50YXRpb249dHJ1ZSZkb3dubG9hZD10cnVlJmNvcHlfdGV4dD10cnVlJmFkZF90ZXh0PXRydWUmZHJhdz10cnVlJmRvY19yb3RhdGlvbj10cnVlJmFkZF9pbWFnZT10cnVlJmRvY19kZXRhaWxzPXRydWUmc2VsZWN0aW9uX3Rvb2w9MCZzY3JvbGxpbmc9LTEmc3ByZWFkcz0tMSZ6b29tX2luPXRydWUmem9vbV9vdXQ9dHJ1ZSZmaXRfdmlldz10cnVlJmJvb2ttYXJrPXRydWUmc291bmQ9dHJ1ZSZmbGlwYm9va190b29sYmFyX3Bvc2l0aW9uPWJvdHRvbQ==\" frameborder=\"0\">\n                        <\/iframe>\n                            <\/div>\n\n\n<h3>\n\t\tManuel \u2013 Partie 8\n\t<\/h3>\n\t<a href=\"https:\/\/ai-academy.max7.org\/en\/resource\/aiacademymanualpart8theologicalconsiderations\" target=\"_blank\" role=\"button\" rel=\"noopener\" aria-label=\"T\u00e9l\u00e9charger la partie 8 (PDF)\">\n\t\t\t\t\t\tT\u00e9l\u00e9charger la partie 8 (PDF)\n\t\t\t<\/a>\n\t        <div class=\"embedpress-document-embed ose-document ep-doc-d7fcf3f3b136871a304a78937b86779c\" style=\"width: 730px; height: 450px;; max-width:100%; display: block\">\n                                    <iframe title=\"Manuel de formation AI Academy, partie 8\" allowfullscreen=\"true\" mozallowfullscreen=\"true\" webkitallowfullscreen=\"true\" style=\"width: 730px; height: 450px;; max-width:100%; display: inline-block\" data-emsrc=\"https:\/\/gcf.community\/wp-content\/uploads\/2024\/11\/AI-Academy-Training-Manual-Part-8.pdf\" data-emid=\"embedpress-pdf-shortcode\" class=\"embedpress-embed-document-pdf embedpress-pdf-shortcode\" src=\"https:\/\/gcf.community\/wp-admin\/admin-ajax.php?action=get_viewer&#038;file=https%3A%2F%2Fgcf.community%2Fwp-content%2Fuploads%2F2024%2F11%2FAI-Academy-Training-Manual-Part-8.pdf#key=dGhlbWVNb2RlPWRlZmF1bHQmdG9vbGJhcj10cnVlJmxhenlMb2FkPWZhbHNlJnBvc2l0aW9uPXRvcCZwcmVzZW50YXRpb249dHJ1ZSZkb3dubG9hZD10cnVlJmNvcHlfdGV4dD10cnVlJmFkZF90ZXh0PXRydWUmZHJhdz10cnVlJmRvY19yb3RhdGlvbj10cnVlJmFkZF9pbWFnZT10cnVlJmRvY19kZXRhaWxzPXRydWUmc2VsZWN0aW9uX3Rvb2w9MCZzY3JvbGxpbmc9LTEmc3ByZWFkcz0tMSZ6b29tX2luPXRydWUmem9vbV9vdXQ9dHJ1ZSZmaXRfdmlldz10cnVlJmJvb2ttYXJrPXRydWUmc291bmQ9dHJ1ZSZmbGlwYm9va190b29sYmFyX3Bvc2l0aW9uPWJvdHRvbQ==\" frameborder=\"0\">\n                        <\/iframe>\n                            <\/div>\n\n\n<h3>\n\t\tManuel \u2013 Partie 9\n\t<\/h3>\n\t<a href=\"https:\/\/ai-academy.max7.org\/en\/resource\/aiacademymanualpart9dangersandethicsinai\" target=\"_blank\" role=\"button\" rel=\"noopener\" aria-label=\"T\u00e9l\u00e9charger la partie 7 (PDF)\">\n\t\t\t\t\t\tT\u00e9l\u00e9charger la partie 7 (PDF)\n\t\t\t<\/a>\n\t        <div class=\"embedpress-document-embed ose-document ep-doc-d7fcf3f3b136871a304a78937b86779c\" style=\"width: 730px; height: 450px;; max-width:100%; display: block\">\n                                    <iframe title=\"Manuel de formation AI Academy - Partie 9\" allowfullscreen=\"true\" mozallowfullscreen=\"true\" webkitallowfullscreen=\"true\" style=\"width: 730px; height: 450px;; max-width:100%; display: inline-block\" data-emsrc=\"https:\/\/gcf.community\/wp-content\/uploads\/2024\/11\/AI-Academy-Training-Manual-Part-9.pdf\" data-emid=\"embedpress-pdf-shortcode\" class=\"embedpress-embed-document-pdf embedpress-pdf-shortcode\" src=\"https:\/\/gcf.community\/wp-admin\/admin-ajax.php?action=get_viewer&#038;file=https%3A%2F%2Fgcf.community%2Fwp-content%2Fuploads%2F2024%2F11%2FAI-Academy-Training-Manual-Part-9.pdf#key=dGhlbWVNb2RlPWRlZmF1bHQmdG9vbGJhcj10cnVlJmxhenlMb2FkPWZhbHNlJnBvc2l0aW9uPXRvcCZwcmVzZW50YXRpb249dHJ1ZSZkb3dubG9hZD10cnVlJmNvcHlfdGV4dD10cnVlJmFkZF90ZXh0PXRydWUmZHJhdz10cnVlJmRvY19yb3RhdGlvbj10cnVlJmFkZF9pbWFnZT10cnVlJmRvY19kZXRhaWxzPXRydWUmc2VsZWN0aW9uX3Rvb2w9MCZzY3JvbGxpbmc9LTEmc3ByZWFkcz0tMSZ6b29tX2luPXRydWUmem9vbV9vdXQ9dHJ1ZSZmaXRfdmlldz10cnVlJmJvb2ttYXJrPXRydWUmc291bmQ9dHJ1ZSZmbGlwYm9va190b29sYmFyX3Bvc2l0aW9uPWJvdHRvbQ==\" frameborder=\"0\">\n                        <\/iframe>\n                            <\/div>","protected":false},"excerpt":{"rendered":"<p>Dates \/ Horaires de l&#039;Acad\u00e9mie d&#039;IA Max7 FAQ Glossaire de l&#039;IA Outils Manuel de l&#039;IA Introduction Qu&#039;est-ce que l&#039;IA ? L&#039;IA et les responsables de minist\u00e8res Configuration des applications d&#039;IA Types d&#039;invites Exemples de minist\u00e8res de chatbot \u00e0 essayer Vid\u00e9os AI Academy sur Max7 Manuel de l&#039;IA Vous pouvez acc\u00e9der au manuel de l&#039;Acad\u00e9mie de l&#039;IA soit via un acc\u00e8s en ligne en parcourant les chapitres\u2026 <a title=\"Manuel d&#039;IA\" class=\"read-more\" href=\"https:\/\/gcf.community\/fr\/events\/max7-ai-academy\/ai-manual\/\" aria-label=\"En savoir plus sur AI Manual\">Lire la suite<\/a><\/p>","protected":false},"author":1,"featured_media":0,"parent":2379,"menu_order":0,"comment_status":"closed","ping_status":"closed","template":"","meta":{"_acf_changed":false,"_seopress_robots_primary_cat":"","_seopress_titles_title":"","_seopress_titles_desc":"","_seopress_robots_index":"","footnotes":"","_links_to":"","_links_to_target":""},"categories":[],"class_list":["post-2632","page","type-page","status-publish"],"acf":[],"_links":{"self":[{"href":"https:\/\/gcf.community\/fr\/wp-json\/wp\/v2\/pages\/2632","targetHints":{"allow":["GET"]}}],"collection":[{"href":"https:\/\/gcf.community\/fr\/wp-json\/wp\/v2\/pages"}],"about":[{"href":"https:\/\/gcf.community\/fr\/wp-json\/wp\/v2\/types\/page"}],"author":[{"embeddable":true,"href":"https:\/\/gcf.community\/fr\/wp-json\/wp\/v2\/users\/1"}],"replies":[{"embeddable":true,"href":"https:\/\/gcf.community\/fr\/wp-json\/wp\/v2\/comments?post=2632"}],"version-history":[{"count":17,"href":"https:\/\/gcf.community\/fr\/wp-json\/wp\/v2\/pages\/2632\/revisions"}],"predecessor-version":[{"id":3118,"href":"https:\/\/gcf.community\/fr\/wp-json\/wp\/v2\/pages\/2632\/revisions\/3118"}],"up":[{"embeddable":true,"href":"https:\/\/gcf.community\/fr\/wp-json\/wp\/v2\/pages\/2379"}],"wp:attachment":[{"href":"https:\/\/gcf.community\/fr\/wp-json\/wp\/v2\/media?parent=2632"}],"wp:term":[{"taxonomy":"category","embeddable":true,"href":"https:\/\/gcf.community\/fr\/wp-json\/wp\/v2\/categories?post=2632"}],"curies":[{"name":"wp","href":"https:\/\/api.w.org\/{rel}","templated":true}]}}