{"id":2627,"date":"2024-10-09T20:10:10","date_gmt":"2024-10-09T19:10:10","guid":{"rendered":"https:\/\/gcf.community\/?page_id=2627"},"modified":"2024-10-21T14:16:32","modified_gmt":"2024-10-21T13:16:32","slug":"ai-glossary","status":"publish","type":"page","link":"https:\/\/gcf.community\/fr\/events\/max7-ai-academy\/ai-glossary\/","title":{"rendered":"Glossaire de l&#039;IA"},"content":{"rendered":"<button tabindex=\"0\" aria-label=\"Menu\">\n\t\t\t\t\t\t\t<\/button>\n\t<nav aria-label=\"IA\" itemscope=\"itemscope\" itemtype=\"https:\/\/schema.org\/SiteNavigationElement\">\n\t\t<ul id=\"menu-ai\"><li id=\"menu-item-2607\"><a href=\"https:\/\/gcf.community\/fr\/events\/max7-ai-academy\/\">Acad\u00e9mie d&#039;IA Max7<\/a><\/li><li id=\"menu-item-2604\"><a href=\"https:\/\/gcf.community\/fr\/events\/max7-ai-academy\/dates-times\/\">Dates \/ Heures<\/a><\/li><li id=\"menu-item-2603\"><a href=\"https:\/\/gcf.community\/fr\/events\/max7-ai-academy\/info-updates\/\">Mises \u00e0 jour d&#039;informations<\/a><\/li><li id=\"menu-item-2606\"><a href=\"https:\/\/gcf.community\/fr\/events\/max7-ai-academy\/faqs\/\">FAQ<\/a><\/li><li id=\"menu-item-2797\"><a href=\"https:\/\/gcf.community\/fr\/events\/max7-ai-academy\/ai-glossary\/\" aria-current=\"page\">Glossaire de l&#039;IA<\/a><\/li><li id=\"menu-item-2798\"><a href=\"https:\/\/gcf.community\/fr\/events\/max7-ai-academy\/tools\/\">Outils<\/a><\/li><li id=\"menu-item-2796\"><a href=\"https:\/\/gcf.community\/fr\/events\/max7-ai-academy\/ai-manual\/\">Manuel d&#039;IA<\/a><\/li><li id=\"menu-item-2795\"><a href=\"https:\/\/gcf.community\/fr\/events\/max7-ai-academy\/videos\/\">Vid\u00e9os<\/a><\/li><li id=\"menu-item-2825\"><a href=\"https:\/\/www.max7.org\/en\/resource\/aiacademy\">AI Academy sur Max7<\/a><\/li><\/ul>\n\t\t\t<\/nav>\n<h1>\n\t\tGlossaire de l&#039;IA\n\t<\/h1>\n\t<p>L&#039;IA est un domaine riche en nouveaux mots\u00a0! Vous ne comprenez pas ce que signifie un terme\u00a0? Utilisez le champ de recherche ci-dessous pour filtrer le glossaire.<\/p>\n\t<div class=\"wpgb-facet wpgb-loading wpgb-facet-12\" data-facet=\"12\" data-grid=\"6\">\t<fieldset>\n\t\t<legend class=\"wpgb-facet-title wpgb-sr-only\">Recherche (termes d&#039;IA)<\/legend>\n\t\t<div class=\"wpgb-search-facet\"><label>\n\t\t\t\t<span class=\"wpgb-sr-only\" data-no-translation=\"\" data-trp-gettext=\"\">Rechercher<\/span>\n\t\t\t\t<input class=\"wpgb-input\" type=\"search\" name=\"search_faqs_2\" placeholder=\"Recherchez dans le glossaire pour filtrer les r\u00e9sultats\" value=\"\" autocomplete=\"off\">\n\t\t\t\t<svg class=\"wpgb-input-icon\" viewbox=\"0 0 24 24\" height=\"16\" width=\"16\" aria-hidden=\"true\" focusable=\"false\"><path d=\"M17.5 17.5 23 23Zm-16-7a9 9 0 1 1 9 9 9 9 0 0 1-9-9Z\"\/><\/svg>\n\t\t\t<\/label><button type=\"button\" class=\"wpgb-clear-button\" hidden><span class=\"wpgb-sr-only\" data-no-translation=\"\" data-trp-gettext=\"\">Effacer<\/span><svg viewbox=\"0 0 24 24\" height=\"24\" width=\"24\" aria-hidden=\"true\" focusable=\"false\"><path d=\"m12 12-4.25 4.75L12.001 12 7.75 7.25 12.001 12l4.249-4.75L12 12l4.25 4.75Z\"\/><\/svg><\/button><\/div>\t<\/fieldset>\n\t<\/div>\n\t<!-- Gridbuilder \u1d42\u1d3e Plugin (https:\/\/wpgridbuilder.com) -->\n<div class=\"wp-grid-builder wpgb-grid-6\" data-options=\"{&quot;id&quot;:6,&quot;type&quot;:&quot;masonry&quot;,&quot;source&quot;:&quot;post_type&quot;,&quot;loader&quot;:false,&quot;layout&quot;:&quot;vertical&quot;,&quot;reveal&quot;:0,&quot;isMainQuery&quot;:0,&quot;lazyLoad&quot;:false,&quot;cardSizes&quot;:{&quot;9999&quot;:{&quot;columns&quot;:1,&quot;height&quot;:240,&quot;gutter&quot;:16,&quot;ratio&quot;:&quot;1.33333&quot;},&quot;1280&quot;:{&quot;columns&quot;:1,&quot;height&quot;:220,&quot;gutter&quot;:16,&quot;ratio&quot;:&quot;1.33333&quot;},&quot;1024&quot;:{&quot;columns&quot;:1,&quot;height&quot;:200,&quot;gutter&quot;:16,&quot;ratio&quot;:&quot;1.33333&quot;},&quot;640&quot;:{&quot;columns&quot;:1,&quot;height&quot;:200,&quot;gutter&quot;:16,&quot;ratio&quot;:&quot;1.33333&quot;}},&quot;fitRows&quot;:false,&quot;equalRows&quot;:0,&quot;equalColumns&quot;:false,&quot;fillLastRow&quot;:0,&quot;centerLastRow&quot;:0,&quot;horizontalOrder&quot;:false,&quot;fullWidth&quot;:false,&quot;transitionDelay&quot;:100,&quot;gallerySlideshow&quot;:false,&quot;rowsNumber&quot;:1,&quot;slideAlign&quot;:&quot;left&quot;,&quot;groupCells&quot;:1,&quot;draggable&quot;:true,&quot;initialIndex&quot;:0,&quot;contain&quot;:false,&quot;freeScroll&quot;:false,&quot;freeFriction&quot;:&quot;0.075&quot;,&quot;friction&quot;:&quot;0.285&quot;,&quot;attraction&quot;:&quot;0.025&quot;,&quot;autoPlay&quot;:0,&quot;pageDotAriaLabel&quot;:&quot;Point de page %d&quot;,&quot;isPreview&quot;:false,&quot;isGutenberg&quot;:false,&quot;rightToLeft&quot;:false}\"><div class=\"wpgb-svg-icons\" hidden>\n\t<svg viewbox=\"0 0 120 24\" width=\"0\" height=\"0\">\n\t<defs>\n        <polygon id=\"wpgb-star-svg\" points=\"12 2.5 15.1 8.8 22 9.8 17 14.6 18.2 21.5 12 18.3 5.8 21.5 7 14.6 2 9.8 8.9 8.8\"><\/polygon>\n    <\/defs>\n    <symbol id=\"wpgb-rating-stars-svg\">\n        <use xlink:href=\"#wpgb-star-svg\"><\/use>\n        <use xlink:href=\"#wpgb-star-svg\" x=\"24\"><\/use>\n        <use xlink:href=\"#wpgb-star-svg\" x=\"48\"><\/use>\n        <use xlink:href=\"#wpgb-star-svg\" x=\"72\"><\/use>\n        <use xlink:href=\"#wpgb-star-svg\" x=\"96\"><\/use>\n    <\/symbol>\n<\/svg>\n<\/div>\n<div class=\"wpgb-wrapper\">\n\t<div class=\"wpgb-main\">\n\t<div class=\"wpgb-layout\">\n\t<div class=\"wpgb-viewport\">\n\t\t<div class=\"wpgb-masonry\">\n\t\t\t<article class=\"wpgb-card wpgb-card-28 wpgb-post-2708\" data-col=\"1\" data-row=\"1\" data-format=\"standard\"><div class=\"wpgb-card-wrapper\"><div class=\"wpgb-card-inner\"><div class=\"wpgb-card-content wpgb-scheme-dark\"><div class=\"wpgb-card-body\"><h3 class=\"wpgb-block-1\">Agent IA<\/h3><div class=\"wpgb-block-2\"><\/div><div class=\"wpgb-block-5\"><p>Un syst\u00e8me bas\u00e9 sur l&#039;IA capable d&#039;agir dans un environnement. Par exemple, un LLM ayant acc\u00e8s \u00e0 une suite d&#039;outils et devant choisir lequel utiliser pour accomplir une t\u00e2che qui lui a \u00e9t\u00e9 confi\u00e9e.<\/p><\/div><\/div><\/div><\/div><\/div><\/article><article class=\"wpgb-card wpgb-card-28 wpgb-post-2644\" data-col=\"1\" data-row=\"1\" data-format=\"standard\"><div class=\"wpgb-card-wrapper\"><div class=\"wpgb-card-inner\"><div class=\"wpgb-card-content wpgb-scheme-dark\"><div class=\"wpgb-card-body\"><h3 class=\"wpgb-block-1\">Algorithme<\/h3><div class=\"wpgb-block-2\"><\/div><div class=\"wpgb-block-5\"><p>Un ensemble d\u2019instructions ou de r\u00e8gles con\u00e7ues pour r\u00e9soudre un probl\u00e8me ou accomplir une t\u00e2che.<\/p><\/div><\/div><\/div><\/div><\/div><\/article><article class=\"wpgb-card wpgb-card-28 wpgb-post-2693\" data-col=\"1\" data-row=\"1\" data-format=\"standard\"><div class=\"wpgb-card-wrapper\"><div class=\"wpgb-card-inner\"><div class=\"wpgb-card-content wpgb-scheme-dark\"><div class=\"wpgb-card-body\"><h3 class=\"wpgb-block-1\">API (interface de programmation d&#039;application)<\/h3><div class=\"wpgb-block-2\"><\/div><div class=\"wpgb-block-5\"><p>Ensemble de r\u00e8gles et d&#039;outils pour la cr\u00e9ation d&#039;applications logicielles. En IA, les API permettent aux d\u00e9veloppeurs d&#039;acc\u00e9der \u00e0 des mod\u00e8les ou services pr\u00e9-entra\u00een\u00e9s et de les utiliser.<\/p><\/div><\/div><\/div><\/div><\/div><\/article><article class=\"wpgb-card wpgb-card-28 wpgb-post-2705\" data-col=\"1\" data-row=\"1\" data-format=\"standard\"><div class=\"wpgb-card-wrapper\"><div class=\"wpgb-card-inner\"><div class=\"wpgb-card-content wpgb-scheme-dark\"><div class=\"wpgb-card-body\"><h3 class=\"wpgb-block-1\">Intelligence artificielle g\u00e9n\u00e9rale (IAG) :<\/h3><div class=\"wpgb-block-2\"><\/div><div class=\"wpgb-block-5\"><p>Un terme utilis\u00e9 pour d\u00e9crire les futures machines qui pourraient \u00e9galer, voire d\u00e9passer, toute la gamme des capacit\u00e9s cognitives humaines.<\/p><\/div><\/div><\/div><\/div><\/div><\/article><article class=\"wpgb-card wpgb-card-28 wpgb-post-2641\" data-col=\"1\" data-row=\"1\" data-format=\"standard\"><div class=\"wpgb-card-wrapper\"><div class=\"wpgb-card-inner\"><div class=\"wpgb-card-content wpgb-scheme-dark\"><div class=\"wpgb-card-body\"><h3 class=\"wpgb-block-1\">Intelligence artificielle (IA)<\/h3><div class=\"wpgb-block-2\"><\/div><div class=\"wpgb-block-5\"><p>Domaine de l&#039;informatique ax\u00e9 sur la cr\u00e9ation de syst\u00e8mes capables d&#039;ex\u00e9cuter des t\u00e2ches n\u00e9cessitant g\u00e9n\u00e9ralement l&#039;intelligence humaine. Ces t\u00e2ches comprennent l&#039;apprentissage, le raisonnement, la r\u00e9solution de probl\u00e8mes et la compr\u00e9hension du langage.<\/p><\/div><\/div><\/div><\/div><\/div><\/article><article class=\"wpgb-card wpgb-card-28 wpgb-post-2675\" data-col=\"1\" data-row=\"1\" data-format=\"standard\"><div class=\"wpgb-card-wrapper\"><div class=\"wpgb-card-inner\"><div class=\"wpgb-card-content wpgb-scheme-dark\"><div class=\"wpgb-card-body\"><h3 class=\"wpgb-block-1\">Chatbot<\/h3><div class=\"wpgb-block-2\"><\/div><div class=\"wpgb-block-5\"><p>Un programme informatique con\u00e7u pour simuler une conversation avec des utilisateurs humains, souvent via des interactions textuelles ou vocales.<\/p><\/div><\/div><\/div><\/div><\/div><\/article><article class=\"wpgb-card wpgb-card-28 wpgb-post-2690\" data-col=\"1\" data-row=\"1\" data-format=\"standard\"><div class=\"wpgb-card-wrapper\"><div class=\"wpgb-card-inner\"><div class=\"wpgb-card-content wpgb-scheme-dark\"><div class=\"wpgb-card-body\"><h3 class=\"wpgb-block-1\">Vision par ordinateur<\/h3><div class=\"wpgb-block-2\"><\/div><div class=\"wpgb-block-5\"><p>Un domaine de l\u2019IA visant \u00e0 permettre aux machines d\u2019interpr\u00e9ter et de comprendre les informations visuelles du monde, comme la reconnaissance d\u2019objets dans des images.<\/p><\/div><\/div><\/div><\/div><\/div><\/article><article class=\"wpgb-card wpgb-card-28 wpgb-post-2699\" data-col=\"1\" data-row=\"1\" data-format=\"standard\"><div class=\"wpgb-card-wrapper\"><div class=\"wpgb-card-inner\"><div class=\"wpgb-card-content wpgb-scheme-dark\"><div class=\"wpgb-card-body\"><h3 class=\"wpgb-block-1\">DALL-E<\/h3><div class=\"wpgb-block-2\"><\/div><div class=\"wpgb-block-5\"><p>Un mod\u00e8le d&#039;IA d\u00e9velopp\u00e9 par OpenAI sp\u00e9cialement con\u00e7u pour g\u00e9n\u00e9rer des images \u00e0 partir de descriptions textuelles.<\/p><\/div><\/div><\/div><\/div><\/div><\/article><article class=\"wpgb-card wpgb-card-28 wpgb-post-2663\" data-col=\"1\" data-row=\"1\" data-format=\"standard\"><div class=\"wpgb-card-wrapper\"><div class=\"wpgb-card-inner\"><div class=\"wpgb-card-content wpgb-scheme-dark\"><div class=\"wpgb-card-body\"><h3 class=\"wpgb-block-1\">Ensemble de donn\u00e9es<\/h3><div class=\"wpgb-block-2\"><\/div><div class=\"wpgb-block-5\"><p>Un ensemble structur\u00e9 de donn\u00e9es. Dans le contexte de l&#039;IA et du ML, les ensembles de donn\u00e9es sont utilis\u00e9s pour entra\u00eener, valider et tester des mod\u00e8les.<\/p><\/div><\/div><\/div><\/div><\/div><\/article><article class=\"wpgb-card wpgb-card-28 wpgb-post-2657\" data-col=\"1\" data-row=\"1\" data-format=\"standard\"><div class=\"wpgb-card-wrapper\"><div class=\"wpgb-card-inner\"><div class=\"wpgb-card-content wpgb-scheme-dark\"><div class=\"wpgb-card-body\"><h3 class=\"wpgb-block-1\">Apprentissage profond<\/h3><div class=\"wpgb-block-2\"><\/div><div class=\"wpgb-block-5\"><p>Une approche de l&#039;IA inspir\u00e9e par la fa\u00e7on dont les neurones du cerveau reconnaissent des sch\u00e9mas complexes dans les donn\u00e9es. Le terme \u00ab\u00a0profond\u00a0\u00bb d\u00e9signe les nombreuses couches de neurones des mod\u00e8les actuels qui permettent d&#039;apprendre des repr\u00e9sentations riches des donn\u00e9es pour optimiser les performances.<\/p><\/div><\/div><\/div><\/div><\/div><\/article>\t\t<\/div>\n\t<\/div>\n\t<\/div>\n\t<\/div>\n\t\t<\/div>\n<\/div>\n\n\t<div class=\"wpgb-facet wpgb-loading wpgb-facet-11\" data-facet=\"11\" data-grid=\"6\"><nav class=\"wpgb-pagination-facet\" aria-label=\"Navigation\" data-no-translation-aria-label=\"\"><ul class=\"wpgb-pagination\"><li class=\"wpgb-page\"><a href=\"https:\/\/gcf.community\/fr\/events\/max7-ai-academy\/ai-glossary\/?_pagination_faqs=1\" aria-current=\"true\" aria-label=\"Page courante, Page 1\" data-page=\"1\" data-no-translation-aria-label=\"\">1<\/a><\/li><li class=\"wpgb-page\"><a href=\"https:\/\/gcf.community\/fr\/events\/max7-ai-academy\/ai-glossary\/?_pagination_faqs=2\" aria-label=\"Aller \u00e0 la page 2\" data-page=\"2\" data-no-translation-aria-label=\"\">2<\/a><\/li><li class=\"wpgb-page\"><a href=\"https:\/\/gcf.community\/fr\/events\/max7-ai-academy\/ai-glossary\/?_pagination_faqs=3\" aria-label=\"Aller \u00e0 la page 3\" data-page=\"3\" data-no-translation-aria-label=\"\">3<\/a><\/li><li class=\"wpgb-page\"><a href=\"https:\/\/gcf.community\/fr\/events\/max7-ai-academy\/ai-glossary\/?_pagination_faqs=4\" aria-label=\"Aller \u00e0 la page 4\" data-page=\"4\" data-no-translation-aria-label=\"\">4<\/a><\/li><li class=\"wpgb-page wpgb-page-next\"><a href=\"https:\/\/gcf.community\/fr\/events\/max7-ai-academy\/ai-glossary\/?_pagination_faqs=2\" aria-label=\"Aller \u00e0 la page 2\" data-page=\"2\" data-no-translation-aria-label=\"\">Suivant &quot;<\/a><\/li><\/ul><\/nav><\/div>","protected":false},"excerpt":{"rendered":"<p>Une approche de l&#039;IA inspir\u00e9e par la fa\u00e7on dont les neurones du cerveau reconnaissent des sch\u00e9mas complexes dans les donn\u00e9es. Le terme \u00ab\u00a0profond\u00a0\u00bb d\u00e9signe les nombreuses couches de neurones des mod\u00e8les actuels qui permettent d&#039;apprendre des repr\u00e9sentations riches des donn\u00e9es pour optimiser les performances.<\/p>","protected":false},"author":1,"featured_media":0,"parent":2379,"menu_order":0,"comment_status":"closed","ping_status":"closed","template":"","meta":{"_acf_changed":false,"_seopress_robots_primary_cat":"","_seopress_titles_title":"","_seopress_titles_desc":"","_seopress_robots_index":"","footnotes":"","_links_to":"","_links_to_target":""},"categories":[],"class_list":["post-2627","page","type-page","status-publish","hentry"],"acf":[],"_links":{"self":[{"href":"https:\/\/gcf.community\/fr\/wp-json\/wp\/v2\/pages\/2627","targetHints":{"allow":["GET"]}}],"collection":[{"href":"https:\/\/gcf.community\/fr\/wp-json\/wp\/v2\/pages"}],"about":[{"href":"https:\/\/gcf.community\/fr\/wp-json\/wp\/v2\/types\/page"}],"author":[{"embeddable":true,"href":"https:\/\/gcf.community\/fr\/wp-json\/wp\/v2\/users\/1"}],"replies":[{"embeddable":true,"href":"https:\/\/gcf.community\/fr\/wp-json\/wp\/v2\/comments?post=2627"}],"version-history":[{"count":5,"href":"https:\/\/gcf.community\/fr\/wp-json\/wp\/v2\/pages\/2627\/revisions"}],"predecessor-version":[{"id":2850,"href":"https:\/\/gcf.community\/fr\/wp-json\/wp\/v2\/pages\/2627\/revisions\/2850"}],"up":[{"embeddable":true,"href":"https:\/\/gcf.community\/fr\/wp-json\/wp\/v2\/pages\/2379"}],"wp:attachment":[{"href":"https:\/\/gcf.community\/fr\/wp-json\/wp\/v2\/media?parent=2627"}],"wp:term":[{"taxonomy":"category","embeddable":true,"href":"https:\/\/gcf.community\/fr\/wp-json\/wp\/v2\/categories?post=2627"}],"curies":[{"name":"wp","href":"https:\/\/api.w.org\/{rel}","templated":true}]}}