{"id":2612,"date":"2024-10-09T17:37:59","date_gmt":"2024-10-09T16:37:59","guid":{"rendered":"https:\/\/gcf.community\/?page_id=2612"},"modified":"2024-11-08T10:36:59","modified_gmt":"2024-11-08T10:36:59","slug":"tools","status":"publish","type":"page","link":"https:\/\/gcf.community\/fr\/events\/max7-ai-academy\/tools\/","title":{"rendered":"Outils"},"content":{"rendered":"<button tabindex=\"0\" aria-label=\"Menu\">\n\t\t\t\t\t\t\t<\/button>\n\t<nav aria-label=\"IA\" itemscope=\"itemscope\" itemtype=\"https:\/\/schema.org\/SiteNavigationElement\">\n\t\t<ul id=\"menu-ai\"><li id=\"menu-item-2607\"><a href=\"https:\/\/gcf.community\/fr\/events\/max7-ai-academy\/\">Acad\u00e9mie d&#039;IA Max7<\/a><\/li><li id=\"menu-item-2604\"><a href=\"https:\/\/gcf.community\/fr\/events\/max7-ai-academy\/dates-times\/\">Dates \/ Heures<\/a><\/li><li id=\"menu-item-2603\"><a href=\"https:\/\/gcf.community\/fr\/events\/max7-ai-academy\/info-updates\/\">Mises \u00e0 jour d&#039;informations<\/a><\/li><li id=\"menu-item-2606\"><a href=\"https:\/\/gcf.community\/fr\/events\/max7-ai-academy\/faqs\/\">FAQ<\/a><\/li><li id=\"menu-item-2797\"><a href=\"https:\/\/gcf.community\/fr\/events\/max7-ai-academy\/ai-glossary\/\">Glossaire de l&#039;IA<\/a><\/li><li id=\"menu-item-2798\"><a href=\"https:\/\/gcf.community\/fr\/events\/max7-ai-academy\/tools\/\" aria-current=\"page\">Outils<\/a><\/li><li id=\"menu-item-2796\"><a href=\"https:\/\/gcf.community\/fr\/events\/max7-ai-academy\/ai-manual\/\">Manuel d&#039;IA<\/a><ul>\t<li id=\"menu-item-2866\"><a href=\"https:\/\/gcf.community\/fr\/events\/max7-ai-academy\/ai-manual\/introduction\/\">Introduction<\/a><\/li>\t<li id=\"menu-item-2865\"><a href=\"https:\/\/gcf.community\/fr\/events\/max7-ai-academy\/ai-manual\/what-is-ai\/\">Qu&#039;est-ce que l&#039;IA ?<\/a><\/li>\t<li id=\"menu-item-2864\"><a href=\"https:\/\/gcf.community\/fr\/events\/max7-ai-academy\/ai-manual\/ai-and-ministry-leaders\/\">L&#039;IA et les dirigeants des minist\u00e8res<\/a><\/li>\t<li id=\"menu-item-2863\"><a href=\"https:\/\/gcf.community\/fr\/events\/max7-ai-academy\/ai-manual\/getting-ai-apps-set-up\/\">Configuration des applications d&#039;IA<\/a><\/li>\t<li id=\"menu-item-2924\"><a href=\"https:\/\/gcf.community\/fr\/events\/max7-ai-academy\/ai-manual\/types-of-prompts\/\">Types d&#039;invites<\/a><\/li>\t<li id=\"menu-item-2944\"><a href=\"https:\/\/gcf.community\/fr\/events\/max7-ai-academy\/ai-manual\/chatbot-ministry-examples-to-try\/\">Exemples de minist\u00e8res de chatbot \u00e0 essayer<\/a><\/li><\/ul><\/li><li id=\"menu-item-2795\"><a href=\"https:\/\/gcf.community\/fr\/events\/max7-ai-academy\/videos\/\">Vid\u00e9os<\/a><\/li><li id=\"menu-item-2825\"><a href=\"https:\/\/ai-academy.max7.org\/\">AI Academy sur Max7<\/a><\/li><\/ul>\n\t\t\t<\/nav>\n<h1>\n\t\tOutils d&#039;IA\n\t<\/h1>\n\t<p>Vous trouverez ci-dessous une liste de ressources et d&#039;outils pour l&#039;IA que nous avons rassembl\u00e9s. Ils sont class\u00e9s par cat\u00e9gories.<\/p>\n<p>Vous pouvez utiliser les cases \u00e0 cocher pour filtrer les outils par cat\u00e9gorie, ou vous pouvez utiliser le champ de recherche ci-dessous pour filtrer les outils.<\/p>\n<p>Si vous trouvez qu&#039;un lien est rompu, ou si les informations sont incorrectes, ou si vous trouvez une ressource qui, selon vous, serait utile pour nous d&#039;ajouter \u00e0 cette liste, veuillez utiliser le formulaire sur cette page pour nous le faire savoir.<\/p>\n<h4>\n\t\tRechercher des outils d&#039;IA\n\t<\/h4>\n\t<div class=\"wpgb-facet wpgb-loading wpgb-facet-14\" data-facet=\"14\" data-grid=\"4\">\t<fieldset>\n\t\t<legend class=\"wpgb-facet-title wpgb-sr-only\">Recherche (outils d&#039;IA)<\/legend>\n\t\t<div class=\"wpgb-search-facet\"><label>\n\t\t\t\t<span class=\"wpgb-sr-only\" data-no-translation=\"\" data-trp-gettext=\"\">Rechercher<\/span>\n\t\t\t\t<input class=\"wpgb-input\" type=\"search\" name=\"search_faqs_3\" placeholder=\"Outils de recherche pour filtrer les r\u00e9sultats\" value=\"\" autocomplete=\"off\">\n\t\t\t\t<svg class=\"wpgb-input-icon\" viewbox=\"0 0 24 24\" height=\"16\" width=\"16\" aria-hidden=\"true\" focusable=\"false\"><path d=\"M17.5 17.5 23 23Zm-16-7a9 9 0 1 1 9 9 9 9 0 0 1-9-9Z\"\/><\/svg>\n\t\t\t<\/label><button type=\"button\" class=\"wpgb-clear-button\" hidden><span class=\"wpgb-sr-only\" data-no-translation=\"\" data-trp-gettext=\"\">Effacer<\/span><svg viewbox=\"0 0 24 24\" height=\"24\" width=\"24\" aria-hidden=\"true\" focusable=\"false\"><path d=\"m12 12-4.25 4.75L12.001 12 7.75 7.25 12.001 12l4.249-4.75L12 12l4.25 4.75Z\"\/><\/svg><\/button><\/div>\t<\/fieldset>\n\t<\/div>\n<h4>\n\t\tCat\u00e9gories d&#039;outils\n\t<\/h4>\n\t<div class=\"wpgb-facet wpgb-loading wpgb-facet-13\" data-facet=\"13\" data-grid=\"4\">\t<fieldset>\n\t\t<legend class=\"wpgb-facet-title wpgb-sr-only\">Cat\u00e9gories (outils d&#039;IA)<\/legend>\n\t\t<div class=\"wpgb-checkbox-facet\"><ul class=\"wpgb-hierarchical-list\"><li><div class=\"wpgb-checkbox\" role=\"button\" aria-pressed=\"false\" tabindex=\"0\"><input type=\"hidden\" name=\"categories_faqs_2[]\" value=\"ai\"><span class=\"wpgb-checkbox-control\"><\/span><span class=\"wpgb-checkbox-label\">IA&nbsp;<span>(35)<\/span><\/span><\/div><\/li><li><div class=\"wpgb-checkbox\" role=\"button\" aria-pressed=\"false\" tabindex=\"0\"><input type=\"hidden\" name=\"categories_faqs_2[]\" value=\"animation\"><span class=\"wpgb-checkbox-control\"><\/span><span class=\"wpgb-checkbox-label\">Animation&nbsp;<span>(3)<\/span><\/span><\/div><\/li><li><div class=\"wpgb-checkbox\" role=\"button\" aria-pressed=\"false\" tabindex=\"0\"><input type=\"hidden\" name=\"categories_faqs_2[]\" value=\"art\"><span class=\"wpgb-checkbox-control\"><\/span><span class=\"wpgb-checkbox-label\">Art&nbsp;<span>(15)<\/span><\/span><\/div><\/li><li><div class=\"wpgb-checkbox\" role=\"button\" aria-pressed=\"false\" tabindex=\"0\"><input type=\"hidden\" name=\"categories_faqs_2[]\" value=\"audio\"><span class=\"wpgb-checkbox-control\"><\/span><span class=\"wpgb-checkbox-label\">Audio&nbsp;<span>(4)<\/span><\/span><\/div><\/li><li><div class=\"wpgb-checkbox\" role=\"button\" aria-pressed=\"false\" tabindex=\"0\"><input type=\"hidden\" name=\"categories_faqs_2[]\" value=\"chatbots\"><span class=\"wpgb-checkbox-control\"><\/span><span class=\"wpgb-checkbox-label\">Chatbots&nbsp;<span>(6)<\/span><\/span><\/div><\/li><li><div class=\"wpgb-checkbox\" role=\"button\" aria-pressed=\"false\" tabindex=\"0\"><input type=\"hidden\" name=\"categories_faqs_2[]\" value=\"free\"><span class=\"wpgb-checkbox-control\"><\/span><span class=\"wpgb-checkbox-label\">Gratuit&nbsp;<span>(10)<\/span><\/span><\/div><\/li><li><div class=\"wpgb-checkbox\" role=\"button\" aria-pressed=\"false\" tabindex=\"0\"><input type=\"hidden\" name=\"categories_faqs_2[]\" value=\"freemium\"><span class=\"wpgb-checkbox-control\"><\/span><span class=\"wpgb-checkbox-label\">Freemium&nbsp;<span>(22)<\/span><\/span><\/div><\/li><li><div class=\"wpgb-checkbox\" role=\"button\" aria-pressed=\"false\" tabindex=\"0\"><input type=\"hidden\" name=\"categories_faqs_2[]\" value=\"music\"><span class=\"wpgb-checkbox-control\"><\/span><span class=\"wpgb-checkbox-label\">Musique&nbsp;<span>(5)<\/span><\/span><\/div><\/li><li><div class=\"wpgb-checkbox\" role=\"button\" aria-pressed=\"false\" tabindex=\"0\"><input type=\"hidden\" name=\"categories_faqs_2[]\" value=\"news-hub\"><span class=\"wpgb-checkbox-control\"><\/span><span class=\"wpgb-checkbox-label\">Actualit\u00e9s \/ Hub&nbsp;<span>(4)<\/span><\/span><\/div><\/li><li><div class=\"wpgb-checkbox\" role=\"button\" aria-pressed=\"false\" tabindex=\"0\"><input type=\"hidden\" name=\"categories_faqs_2[]\" value=\"premium\"><span class=\"wpgb-checkbox-control\"><\/span><span class=\"wpgb-checkbox-label\">Prime&nbsp;<span>(6)<\/span><\/span><\/div><\/li><li><div class=\"wpgb-checkbox\" role=\"button\" aria-pressed=\"false\" tabindex=\"0\"><input type=\"hidden\" name=\"categories_faqs_2[]\" value=\"special-effects\"><span class=\"wpgb-checkbox-control\"><\/span><span class=\"wpgb-checkbox-label\">Effets sp\u00e9ciaux&nbsp;<span>(3)<\/span><\/span><\/div><\/li><li><div class=\"wpgb-checkbox\" role=\"button\" aria-pressed=\"false\" tabindex=\"0\"><input type=\"hidden\" name=\"categories_faqs_2[]\" value=\"speech-to-text\"><span class=\"wpgb-checkbox-control\"><\/span><span class=\"wpgb-checkbox-label\">Parole en texte&nbsp;<span>(6)<\/span><\/span><\/div><\/li><li><div class=\"wpgb-checkbox\" role=\"button\" aria-pressed=\"false\" tabindex=\"0\"><input type=\"hidden\" name=\"categories_faqs_2[]\" value=\"subtitles\"><span class=\"wpgb-checkbox-control\"><\/span><span class=\"wpgb-checkbox-label\">Sous-titres&nbsp;<span>(1)<\/span><\/span><\/div><\/li><li><div class=\"wpgb-checkbox\" role=\"button\" aria-pressed=\"false\" tabindex=\"0\"><input type=\"hidden\" name=\"categories_faqs_2[]\" value=\"text-to-speech\"><span class=\"wpgb-checkbox-control\"><\/span><span class=\"wpgb-checkbox-label\">Synth\u00e8se vocale&nbsp;<span>(7)<\/span><\/span><\/div><\/li><li><div class=\"wpgb-checkbox\" role=\"button\" aria-pressed=\"false\" tabindex=\"0\"><input type=\"hidden\" name=\"categories_faqs_2[]\" value=\"translation\"><span class=\"wpgb-checkbox-control\"><\/span><span class=\"wpgb-checkbox-label\">Traduction&nbsp;<span>(8)<\/span><\/span><\/div><\/li><li><div class=\"wpgb-checkbox\" role=\"button\" aria-pressed=\"false\" tabindex=\"0\"><input type=\"hidden\" name=\"categories_faqs_2[]\" value=\"video\"><span class=\"wpgb-checkbox-control\"><\/span><span class=\"wpgb-checkbox-label\">Vid\u00e9o&nbsp;<span>(15)<\/span><\/span><\/div><\/li><\/ul><\/div>\t<\/fieldset>\n\t<\/div>\n\t<div class=\"wpgb-facet wpgb-loading wpgb-facet-4\" data-facet=\"4\" data-grid=\"4\"><button type=\"button\" class=\"wpgb-button wpgb-reset\" name=\"reset\">R\u00e9initialiser<\/button><\/div>\n<h4>\n\t\tR\u00e9sultats des outils d&#039;IA\n\t<\/h4>\n\t<!-- Gridbuilder \u1d42\u1d3e Plugin (https:\/\/wpgridbuilder.com) -->\n<div class=\"wp-grid-builder wpgb-grid-4\" data-options=\"{&quot;id&quot;:4,&quot;type&quot;:&quot;masonry&quot;,&quot;source&quot;:&quot;post_type&quot;,&quot;loader&quot;:false,&quot;layout&quot;:&quot;vertical&quot;,&quot;reveal&quot;:0,&quot;isMainQuery&quot;:0,&quot;lazyLoad&quot;:false,&quot;cardSizes&quot;:{&quot;9999&quot;:{&quot;columns&quot;:3,&quot;height&quot;:240,&quot;gutter&quot;:16,&quot;ratio&quot;:&quot;1.33333&quot;},&quot;1280&quot;:{&quot;columns&quot;:3,&quot;height&quot;:240,&quot;gutter&quot;:16,&quot;ratio&quot;:&quot;1.33333&quot;},&quot;1024&quot;:{&quot;columns&quot;:2,&quot;height&quot;:220,&quot;gutter&quot;:16,&quot;ratio&quot;:&quot;1.33333&quot;},&quot;640&quot;:{&quot;columns&quot;:1,&quot;height&quot;:220,&quot;gutter&quot;:16,&quot;ratio&quot;:&quot;1.33333&quot;}},&quot;fitRows&quot;:false,&quot;equalRows&quot;:0,&quot;equalColumns&quot;:false,&quot;fillLastRow&quot;:0,&quot;centerLastRow&quot;:0,&quot;horizontalOrder&quot;:false,&quot;fullWidth&quot;:false,&quot;transitionDelay&quot;:100,&quot;gallerySlideshow&quot;:false,&quot;rowsNumber&quot;:1,&quot;slideAlign&quot;:&quot;left&quot;,&quot;groupCells&quot;:1,&quot;draggable&quot;:true,&quot;initialIndex&quot;:0,&quot;contain&quot;:false,&quot;freeScroll&quot;:false,&quot;freeFriction&quot;:&quot;0.075&quot;,&quot;friction&quot;:&quot;0.285&quot;,&quot;attraction&quot;:&quot;0.025&quot;,&quot;autoPlay&quot;:0,&quot;pageDotAriaLabel&quot;:&quot;Point de page %d&quot;,&quot;isPreview&quot;:false,&quot;isGutenberg&quot;:false,&quot;rightToLeft&quot;:false}\"><div class=\"wpgb-svg-icons\" hidden>\n\t<svg viewbox=\"0 0 120 24\" width=\"0\" height=\"0\">\n\t<defs>\n        <polygon id=\"wpgb-star-svg\" points=\"12 2.5 15.1 8.8 22 9.8 17 14.6 18.2 21.5 12 18.3 5.8 21.5 7 14.6 2 9.8 8.9 8.8\"><\/polygon>\n    <\/defs>\n    <symbol id=\"wpgb-rating-stars-svg\">\n        <use xlink:href=\"#wpgb-star-svg\"><\/use>\n        <use xlink:href=\"#wpgb-star-svg\" x=\"24\"><\/use>\n        <use xlink:href=\"#wpgb-star-svg\" x=\"48\"><\/use>\n        <use xlink:href=\"#wpgb-star-svg\" x=\"72\"><\/use>\n        <use xlink:href=\"#wpgb-star-svg\" x=\"96\"><\/use>\n    <\/symbol>\n<\/svg>\n<\/div>\n<div class=\"wpgb-wrapper\">\n\t<div class=\"wpgb-main\">\n\t<div class=\"wpgb-layout\">\n\t<div class=\"wpgb-viewport\">\n\t\t<div class=\"wpgb-masonry\">\n\t\t\t<article class=\"wpgb-card wpgb-card-29 wpgb-post-3186\" data-col=\"1\" data-row=\"1\" data-format=\"standard\"><div class=\"wpgb-card-wrapper\"><div class=\"wpgb-card-inner\"><div class=\"wpgb-card-content wpgb-scheme-dark\"><div class=\"wpgb-card-body\"><h3 class=\"wpgb-block-1\">Pixverse<\/h3><div class=\"wpgb-block-2\"><\/div><a class=\"wpgb-block-3\" target=\"_blank\" rel=\"external noopener noreferrer\" href=\"https:\/\/app.pixverse.ai\/home\">https:\/\/app.pixverse.ai\/home<\/a><\/div><\/div><\/div><\/div><\/article><article class=\"wpgb-card wpgb-card-29 wpgb-post-2778\" data-col=\"1\" data-row=\"1\" data-format=\"standard\"><div class=\"wpgb-card-wrapper\"><div class=\"wpgb-card-inner\"><div class=\"wpgb-card-content wpgb-scheme-dark\"><div class=\"wpgb-card-body\"><h3 class=\"wpgb-block-1\">\u00c0 mi-parcours<\/h3><div class=\"wpgb-block-2\"><\/div><div class=\"wpgb-block-5\"><p>Midjourney est un programme qui cr\u00e9e des images \u00e0 partir de descriptions textuelles gr\u00e2ce \u00e0 l&#039;informatique. Il permet de cr\u00e9er facilement des images artistiques en saisissant simplement ce que l&#039;on imagine.<\/p><\/div><a class=\"wpgb-block-3\" target=\"_blank\" rel=\"external noopener noreferrer\" href=\"https:\/\/www.midjourney.com\/\">https:\/\/www.midjourney.com\/<\/a><\/div><\/div><\/div><\/div><\/article><article class=\"wpgb-card wpgb-card-29 wpgb-post-3098\" data-col=\"1\" data-row=\"1\" data-format=\"standard\"><div class=\"wpgb-card-wrapper\"><div class=\"wpgb-card-inner\"><div class=\"wpgb-card-content wpgb-scheme-dark\"><div class=\"wpgb-card-body\"><h3 class=\"wpgb-block-1\">TexteUnited<\/h3><div class=\"wpgb-block-2\"><\/div><div class=\"wpgb-block-5\"><p>Traductions automatiques instantan\u00e9es, affin\u00e9es par des humains.<\/p><\/p><\/div><a class=\"wpgb-block-3\" target=\"_blank\" rel=\"external noopener noreferrer\" href=\"https:\/\/www.textunited.com\/\">https:\/\/www.textunited.com\/<\/a><\/div><\/div><\/div><\/div><\/article><article class=\"wpgb-card wpgb-card-29 wpgb-post-2976\" data-col=\"1\" data-row=\"1\" data-format=\"standard\"><div class=\"wpgb-card-wrapper\"><div class=\"wpgb-card-inner\"><div class=\"wpgb-card-content wpgb-scheme-dark\"><div class=\"wpgb-card-body\"><h3 class=\"wpgb-block-1\">Kaiber Superstudio<\/h3><div class=\"wpgb-block-2\"><\/div><div class=\"wpgb-block-5\"><p>Kaiber AI est un moteur avanc\u00e9 de g\u00e9n\u00e9ration vid\u00e9o bas\u00e9 sur l&#039;IA. Cr\u00e9ez des histoires visuelles, des animations et des vid\u00e9os \u00e9poustouflantes \u00e0 partir de textes et d&#039;images.<\/p><\/div><a class=\"wpgb-block-3\" target=\"_blank\" rel=\"external noopener noreferrer\" href=\"https:\/\/www.kaiber.ai\/superstudio\/\">https:\/\/www.kaiber.ai\/superstudio\/<\/a><\/div><\/div><\/div><\/div><\/article><article class=\"wpgb-card wpgb-card-29 wpgb-post-2997\" data-col=\"1\" data-row=\"1\" data-format=\"standard\"><div class=\"wpgb-card-wrapper\"><div class=\"wpgb-card-inner\"><div class=\"wpgb-card-content wpgb-scheme-dark\"><div class=\"wpgb-card-body\"><h3 class=\"wpgb-block-1\">E\/S multim\u00e9dia<\/h3><div class=\"wpgb-block-2\"><\/div><div class=\"wpgb-block-5\"><p>Une collection d&#039;outils qui vous permettent de g\u00e9n\u00e9rer et d&#039;\u00e9diter des images, des vid\u00e9os, de la musique et des animations.<\/p><\/div><a class=\"wpgb-block-3\" target=\"_blank\" rel=\"external noopener noreferrer\" href=\"https:\/\/www.media.io\/\">https:\/\/www.media.io\/<\/a><\/div><\/div><\/div><\/div><\/article><article class=\"wpgb-card wpgb-card-29 wpgb-post-2781\" data-col=\"1\" data-row=\"1\" data-format=\"standard\"><div class=\"wpgb-card-wrapper\"><div class=\"wpgb-card-inner\"><div class=\"wpgb-card-content wpgb-scheme-dark\"><div class=\"wpgb-card-body\"><h3 class=\"wpgb-block-1\">Claude<\/h3><div class=\"wpgb-block-2\"><\/div><div class=\"wpgb-block-5\"><p>Claude AI est un mod\u00e8le linguistique avanc\u00e9 d\u00e9velopp\u00e9 par Anthropic, con\u00e7u pour g\u00e9n\u00e9rer du texte de type humain \u00e0 partir des donn\u00e9es re\u00e7ues. Il privil\u00e9gie une interaction s\u00fbre et b\u00e9n\u00e9fique en int\u00e9grant des directives visant \u00e0 r\u00e9duire les contenus pr\u00e9judiciables et \u00e0 am\u00e9liorer la compr\u00e9hension.<\/p><\/div><a class=\"wpgb-block-3\" target=\"_blank\" rel=\"external noopener noreferrer\" href=\"https:\/\/claude.ai\/\">https:\/\/claude.ai\/<\/a><\/div><\/div><\/div><\/div><\/article><article class=\"wpgb-card wpgb-card-29 wpgb-post-3095\" data-col=\"1\" data-row=\"1\" data-format=\"standard\"><div class=\"wpgb-card-wrapper\"><div class=\"wpgb-card-inner\"><div class=\"wpgb-card-content wpgb-scheme-dark\"><div class=\"wpgb-card-body\"><h3 class=\"wpgb-block-1\">Chat intelligent<\/h3><div class=\"wpgb-block-2\"><\/div><div class=\"wpgb-block-5\"><p>Smartcat couvre tous vos besoins linguistiques avec la traduction IA, la g\u00e9n\u00e9ration de contenu IA et les flux de travail humains IA.<\/p><\/div><a class=\"wpgb-block-3\" target=\"_blank\" rel=\"external noopener noreferrer\" href=\"https:\/\/www.smartcat.com\/%20\">https:\/\/www.smartcat.com\/ <\/a><\/div><\/div><\/div><\/div><\/article><article class=\"wpgb-card wpgb-card-29 wpgb-post-3189\" data-col=\"1\" data-row=\"1\" data-format=\"standard\"><div class=\"wpgb-card-wrapper\"><div class=\"wpgb-card-inner\"><div class=\"wpgb-card-content wpgb-scheme-dark\"><div class=\"wpgb-card-body\"><h3 class=\"wpgb-block-1\">Sora<\/h3><div class=\"wpgb-block-2\"><\/div><a class=\"wpgb-block-3\" target=\"_blank\" rel=\"external noopener noreferrer\" href=\"https:\/\/openai.com\/sora\">https:\/\/openai.com\/sora<\/a><\/div><\/div><\/div><\/div><\/article><article class=\"wpgb-card wpgb-card-29 wpgb-post-2994\" data-col=\"1\" data-row=\"1\" data-format=\"standard\"><div class=\"wpgb-card-wrapper\"><div class=\"wpgb-card-inner\"><div class=\"wpgb-card-content wpgb-scheme-dark\"><div class=\"wpgb-card-body\"><h3 class=\"wpgb-block-1\">Picsart<\/h3><div class=\"wpgb-block-2\"><\/div><div class=\"wpgb-block-5\"><p>Picsart vous aide \u00e0 acc\u00e9l\u00e9rer vos projets cr\u00e9atifs. Retouchez vos photos, supprimez les arri\u00e8re-plans et cr\u00e9ez-en de nouveaux.<\/p><\/div><a class=\"wpgb-block-3\" target=\"_blank\" rel=\"external noopener noreferrer\" href=\"https:\/\/picsart.com\/\">https:\/\/picsart.com\/<\/a><\/div><\/div><\/div><\/div><\/article><article class=\"wpgb-card wpgb-card-29 wpgb-post-3011\" data-col=\"1\" data-row=\"1\" data-format=\"standard\"><div class=\"wpgb-card-wrapper\"><div class=\"wpgb-card-inner\"><div class=\"wpgb-card-content wpgb-scheme-dark\"><div class=\"wpgb-card-body\"><h3 class=\"wpgb-block-1\">Adobe Podcast<\/h3><div class=\"wpgb-block-2\"><\/div><div class=\"wpgb-block-5\"><p>Supprimer le bruit et l&#039;\u00e9cho des enregistrements vocaux<\/p><\/div><a class=\"wpgb-block-3\" target=\"_blank\" rel=\"external noopener noreferrer\" href=\"https:\/\/podcast.adobe.com\/enhance\">https:\/\/podcast.adobe.com\/enhance<\/a><\/div><\/div><\/div><\/div><\/article>\t\t<\/div>\n\t<\/div>\n\t<\/div>\n\t<\/div>\n\t\t<\/div>\n<\/div>\n\n\t<div class=\"wpgb-facet wpgb-loading wpgb-facet-11\" data-facet=\"11\" data-grid=\"4\"><nav class=\"wpgb-pagination-facet\" aria-label=\"Navigation\" data-no-translation-aria-label=\"\"><ul class=\"wpgb-pagination\"><li class=\"wpgb-page\"><a href=\"https:\/\/gcf.community\/fr\/events\/max7-ai-academy\/tools\/?_pagination_faqs=1\" aria-current=\"true\" aria-label=\"Page courante, Page 1\" data-page=\"1\" data-no-translation-aria-label=\"\">1<\/a><\/li><li class=\"wpgb-page\"><a href=\"https:\/\/gcf.community\/fr\/events\/max7-ai-academy\/tools\/?_pagination_faqs=2\" aria-label=\"Aller \u00e0 la page 2\" data-page=\"2\" data-no-translation-aria-label=\"\">2<\/a><\/li><li class=\"wpgb-page\"><a href=\"https:\/\/gcf.community\/fr\/events\/max7-ai-academy\/tools\/?_pagination_faqs=3\" aria-label=\"Aller \u00e0 la page 3\" data-page=\"3\" data-no-translation-aria-label=\"\">3<\/a><\/li><li class=\"wpgb-page\"><span class=\"wpgb-dots-page\">\u2026<\/span><\/li><li class=\"wpgb-page\"><a href=\"https:\/\/gcf.community\/fr\/events\/max7-ai-academy\/tools\/?_pagination_faqs=5\" aria-label=\"Aller \u00e0 la page 5\" data-page=\"5\" data-no-translation-aria-label=\"\">5<\/a><\/li><li class=\"wpgb-page\"><a href=\"https:\/\/gcf.community\/fr\/events\/max7-ai-academy\/tools\/?_pagination_faqs=6\" aria-label=\"Aller \u00e0 la page 6\" data-page=\"6\" data-no-translation-aria-label=\"\">6<\/a><\/li><li class=\"wpgb-page wpgb-page-next\"><a href=\"https:\/\/gcf.community\/fr\/events\/max7-ai-academy\/tools\/?_pagination_faqs=2\" aria-label=\"Aller \u00e0 la page 2\" data-page=\"2\" data-no-translation-aria-label=\"\">Suivant &quot;<\/a><\/li><\/ul><\/nav><\/div>\n<h2>\n\t\tContactez-nous pour de nouvelles ressources et de nouveaux outils\n\t<\/h2>\n\t<p>Avez-vous des id\u00e9es de ressources et d&#039;outils \u00e0 ajouter \u00e0 la liste ci-dessus\u00a0? N&#039;h\u00e9sitez pas \u00e0 nous les envoyer via le formulaire ci-dessous.<\/p>\n\t<form action=\"https:\/\/gcf.community\/fr\/wp-json\/ws-form\/v1\/submit\" class=\"wsf-form wsf-form-canvas\" id=\"ws-form-1\" data-id=\"36\" method=\"POST\" data-instance-id=\"1\" data-wsf-style-id=\"1\" data-trp-original-action=\"https:\/\/gcf.community\/fr\/wp-json\/ws-form\/v1\/submit\"><input type=\"hidden\" name=\"trp-form-language\" value=\"fr\"\/><\/form>","protected":false},"excerpt":{"rendered":"<p>Supprimer le bruit et l&#039;\u00e9cho des enregistrements vocaux<\/p>","protected":false},"author":1,"featured_media":0,"parent":2379,"menu_order":0,"comment_status":"closed","ping_status":"closed","template":"","meta":{"_acf_changed":false,"_seopress_robots_primary_cat":"","_seopress_titles_title":"","_seopress_titles_desc":"","_seopress_robots_index":"","footnotes":"","_links_to":"","_links_to_target":""},"categories":[],"class_list":["post-2612","page","type-page","status-publish","hentry"],"acf":[],"_links":{"self":[{"href":"https:\/\/gcf.community\/fr\/wp-json\/wp\/v2\/pages\/2612","targetHints":{"allow":["GET"]}}],"collection":[{"href":"https:\/\/gcf.community\/fr\/wp-json\/wp\/v2\/pages"}],"about":[{"href":"https:\/\/gcf.community\/fr\/wp-json\/wp\/v2\/types\/page"}],"author":[{"embeddable":true,"href":"https:\/\/gcf.community\/fr\/wp-json\/wp\/v2\/users\/1"}],"replies":[{"embeddable":true,"href":"https:\/\/gcf.community\/fr\/wp-json\/wp\/v2\/comments?post=2612"}],"version-history":[{"count":24,"href":"https:\/\/gcf.community\/fr\/wp-json\/wp\/v2\/pages\/2612\/revisions"}],"predecessor-version":[{"id":2985,"href":"https:\/\/gcf.community\/fr\/wp-json\/wp\/v2\/pages\/2612\/revisions\/2985"}],"up":[{"embeddable":true,"href":"https:\/\/gcf.community\/fr\/wp-json\/wp\/v2\/pages\/2379"}],"wp:attachment":[{"href":"https:\/\/gcf.community\/fr\/wp-json\/wp\/v2\/media?parent=2612"}],"wp:term":[{"taxonomy":"category","embeddable":true,"href":"https:\/\/gcf.community\/fr\/wp-json\/wp\/v2\/categories?post=2612"}],"curies":[{"name":"wp","href":"https:\/\/api.w.org\/{rel}","templated":true}]}}