{"id":2433,"date":"2024-10-08T16:11:53","date_gmt":"2024-10-08T15:11:53","guid":{"rendered":"https:\/\/gcf.community\/?page_id=2433"},"modified":"2024-10-21T14:16:04","modified_gmt":"2024-10-21T13:16:04","slug":"info-updates","status":"publish","type":"page","link":"https:\/\/gcf.community\/fr\/events\/max7-ai-academy\/info-updates\/","title":{"rendered":"Mises \u00e0 jour d&#039;informations"},"content":{"rendered":"<button tabindex=\"0\" aria-label=\"Menu\">\n\t\t\t\t\t\t\t<\/button>\n\t<nav aria-label=\"IA\" itemscope=\"itemscope\" itemtype=\"https:\/\/schema.org\/SiteNavigationElement\">\n\t\t<ul id=\"menu-ai\"><li id=\"menu-item-2607\"><a href=\"https:\/\/gcf.community\/fr\/events\/max7-ai-academy\/\">Acad\u00e9mie d&#039;IA Max7<\/a><\/li><li id=\"menu-item-2604\"><a href=\"https:\/\/gcf.community\/fr\/events\/max7-ai-academy\/dates-times\/\">Dates \/ Heures<\/a><\/li><li id=\"menu-item-2603\"><a href=\"https:\/\/gcf.community\/fr\/events\/max7-ai-academy\/info-updates\/\" aria-current=\"page\">Mises \u00e0 jour d&#039;informations<\/a><\/li><li id=\"menu-item-2606\"><a href=\"https:\/\/gcf.community\/fr\/events\/max7-ai-academy\/faqs\/\">FAQ<\/a><\/li><li id=\"menu-item-2797\"><a href=\"https:\/\/gcf.community\/fr\/events\/max7-ai-academy\/ai-glossary\/\">Glossaire de l&#039;IA<\/a><\/li><li id=\"menu-item-2798\"><a href=\"https:\/\/gcf.community\/fr\/events\/max7-ai-academy\/tools\/\">Outils<\/a><\/li><li id=\"menu-item-2796\"><a href=\"https:\/\/gcf.community\/fr\/events\/max7-ai-academy\/ai-manual\/\">Manuel d&#039;IA<\/a><\/li><li id=\"menu-item-2795\"><a href=\"https:\/\/gcf.community\/fr\/events\/max7-ai-academy\/videos\/\">Vid\u00e9os<\/a><\/li><li id=\"menu-item-2825\"><a href=\"https:\/\/www.max7.org\/en\/resource\/aiacademy\">AI Academy sur Max7<\/a><\/li><\/ul>\n\t\t\t<\/nav>\n<h1>\n\t\tMises \u00e0 jour d&#039;informations\n\t<\/h1>\n\t\t\t\tMise \u00e0 jour d&#039;informations 01\n\t\t\t\t<p><img loading=\"lazy\" decoding=\"async\" src=\"https:\/\/gcf.community\/wp-content\/uploads\/2024\/10\/Update-1-1024x303.jpeg\" alt=\"\" width=\"1024\" height=\"303\" \/><\/p>\n<p>Salut les amis<\/p>\n<p>L&#039;image rouge \u00ab\u00a0MISE \u00c0 JOUR DES INFORMATIONS\u00a0\u00bb ci-dessus vous aidera \u00e0 visualiser les informations importantes. Nous num\u00e9roterons les mises \u00e0 jour au cas o\u00f9 nous aurions besoin de les partager \u00e0 nouveau une fois que d&#039;autres personnes auront rejoint le groupe.<\/p>\n<ol>\n<li><strong>PARTAGE D&#039;APPLICATIONS<\/strong> &#8211; If you have an AI app you would like to share with the group, please click here <a href=\"https:\/\/gcf.community\/fr\/tools\/resources\/\">https:\/\/gcf.community\/tools\/resources\/<\/a> and add your suggestion into the form there (plus you&#8217;ll see links to AI tools). We will be collating everything to share in the Academy Manual you will receive.<\/li>\n<li><strong>QUESTIONS ET R\u00c9PONSES<\/strong> &#8211; In a few days time we will be emailing updated details of dates, times and answers to the questions people have sent in the Google registration form.<\/li>\n<li><strong>PR\u00c9PARATION<\/strong> &#8211; Please be in prayer for this unique AI Academy. Pray also about what you want to make in the Academy, as this will help you learn and use AI by doing it. (Pray also for the admin team who are all volunteers!)<\/li>\n<\/ol>\n<p>Cette Acad\u00e9mie sera unique car nous cherchons \u00e0 apprendre les uns des autres. Nous repr\u00e9sentons plus de 70 nations et toutes les r\u00e9gions du monde. 442 personnes se sont d\u00e9j\u00e0 inscrites\u00a0!<\/p>\n<p>Nous prions pour que ce temps soit pratique, qu\u2019il \u00e9largisse notre r\u00e9flexion de mani\u00e8re utile sur l\u2019utilisation de l\u2019IA dans notre minist\u00e8re, qu\u2019il nous aide \u00e0 \u00eatre plus cr\u00e9atifs et qu\u2019il nous donne un aper\u00e7u unique de la mani\u00e8re dont l\u2019IA est utilis\u00e9e dans diff\u00e9rents endroits.<\/p>\n<p>Notre objectif est de r\u00e9pondre aux besoins des d\u00e9butants n&#039;ayant jamais utilis\u00e9 l&#039;IA, comme des utilisateurs exp\u00e9riment\u00e9s qui l&#039;exploitent au quotidien\u00a0! De plus, nous souhaitons vous donner les moyens de contribuer \u00e0 votre apprentissage. Personne ne sait tout sur l&#039;IA\u00a0! Ce sera un moment passionnant et stimulant \u00e0 partager ensemble.<\/p>\n<p>S&#039;il vous pla\u00eet, priez et demandez au Seigneur de nous pr\u00e9parer tous \u00e0 apprendre et \u00e0 grandir.<\/p>\n\t\t\t\tMise \u00e0 jour d&#039;information 02\n\t\t\t\t<p><img loading=\"lazy\" decoding=\"async\" src=\"https:\/\/gcf.community\/wp-content\/uploads\/2024\/10\/Update-2-1024x303.jpeg\" alt=\"\" width=\"1024\" height=\"303\" \/><\/p>\n<p>We will be sending everyone an email in the next few days with important information about the AI Academy. Please look out for it, as it will come from the Global Children&#8217;s Forum email system.<\/p>\n<p>This will be a long email attempting to answer everyone&#8217;s questions! So please take a few minutes to read it when it comes.<\/p>\n<h3>Aper\u00e7u rapide des dates et des horaires<\/h3>\n<ol>\n<li><strong>LANCEMENT LE 19 OCTOBRE<\/strong>Le 19 octobre, nous vous enverrons la premi\u00e8re s\u00e9rie de supports et de vid\u00e9os de formation. Cela vous donnera le temps de les consulter avant le premier appel. <strong>Nous n&#039;aurons PAS d&#039;appel Zoom le 19 octobre maintenant<\/strong>Nous comprenons que vous aurez besoin de temps pour examiner les documents afin que les appels Zoom en valent la peine.<\/li>\n<li><strong>APPELS ZOOM HEBDOMADAIRES<\/strong>Les appels Zoom de l&#039;AI Academy d\u00e9buteront le jeudi 24 octobre \u00e0 10h GMT\/UTC et reprendront \u00e0 22h GMT\/UTC (voir ici pour plus de d\u00e9tails). Ils se d\u00e9rouleront cinq jeudis cons\u00e9cutifs et se termineront le 21 novembre. Ces appels sont destin\u00e9s \u00e0 des \u00e9changes et \u00e0 un apprentissage collectif, bas\u00e9s sur les supports de formation et les vid\u00e9os de l&#039;Acad\u00e9mie. Ils seront enregistr\u00e9s et partag\u00e9s avec tous.<\/li>\n<\/ol>\n<p>Sachez que cette Acad\u00e9mie d&#039;IA vise \u00e0 d\u00e9velopper concr\u00e8tement notre cr\u00e9ativit\u00e9, \u00e0 apprendre \u00e0 bien utiliser la Bible (avec l&#039;IA), \u00e0 d\u00e9velopper nos comp\u00e9tences pastorales et \u00e0 mieux conna\u00eetre J\u00e9sus, tout en d\u00e9couvrant le fonctionnement de l&#039;IA et son utilit\u00e9\u00a0! Continuez \u00e0 prier pour ce moment ensemble.<\/p>\n<p>Merci!<\/p>\n\t\t\t\tMise \u00e0 jour d&#039;information 03\n\t\t\t\t<p>Hello everyone! I just wanted to let you know that we sent out an email on Saturday to everyone who has registered for the AI Academy. Do please look out for that in your email inbox. If you haven&#8217;t received it do please check your &#8216;Promotions&#8217; folder and your Spam folder.<\/p>\n<p>L&#039;e-mail contient de nombreuses informations utiles, notamment :<\/p>\n<ul>\n<li>Informations cl\u00e9s sur l&#039;Acad\u00e9mie<\/li>\n<li>Dates et heures des appels Zoom<\/li>\n<li>Le lien pour s&#039;inscrire aux appels Zoom<\/li>\n<li>R\u00e9ponses \u00e0 toutes les questions pos\u00e9es sur le formulaire d&#039;inscription<\/li>\n<\/ul>\n<p><strong>Si vous n&#039;avez pas re\u00e7u l&#039;e-mail<\/strong> veuillez envoyer un e-mail \u00e0 <a href=\"mailto:info@gcf.community\">info@gcf.community<\/a>.<\/p>\n<p><strong>Si vous avez des questions<\/strong> alors, veuillez \u00e9galement les ajouter ici.<\/p>\n<p>Si vous pr\u00e9voyez d&#039;assister aux appels Zoom, assurez-vous que :<\/p>\n<ul>\n<li>Vous \u00eates inscrit aux appels Zoom. Vous pouvez le faire ici\u00a0:<\/li>\n<li>Vous avez ajout\u00e9 les dates et heures des appels \u00e0 votre calendrier. Veuillez noter que de nombreuses r\u00e9gions du monde changeront d&#039;heure au cours des prochains mois. Vous pouvez consulter les horaires et ajouter automatiquement les appels \u00e0 votre calendrier en cliquant sur les liens ci-dessous\u00a0:<\/li>\n<\/ul>\n<p>Veuillez cliquer sur les liens ci-dessous pour conna\u00eetre l&#039;heure de chaque r\u00e9union Zoom dans votre fuseau horaire local. Vous pouvez cliquer sur \u00ab\u00a0<strong>Ajouter au calendrier<\/strong>&#039; pour ajouter chaque r\u00e9union \u00e0 laquelle vous souhaitez participer<\/p>\n<p>Veuillez noter que le lien \u00ab\u00a0Ajouter au calendrier\u00a0\u00bb dans l&#039;e-mail de confirmation d&#039;inscription Zoom que vous recevrez, <strong>peut ne pas ajouter les r\u00e9unions aux bons moments<\/strong>. Veuillez utiliser les liens <strong>ci-dessous<\/strong> pour ajouter ces r\u00e9unions \u00e0 votre calendrier.<\/p>\n<p>Veuillez noter que de nombreuses r\u00e9gions du monde changeront d\u2019heure \u00e0 un moment donn\u00e9 au cours des prochains mois.<\/p>\n<h4>Jeudi 24 octobre<\/h4>\n<ul>\n<li>10h (GMT\/UTC) <a href=\"https:\/\/www.timeanddate.com\/worldclock\/fixedtime.html?msg=AI+Academy+Session+1A+%2810am+UTC%29&amp;iso=20241024T10&amp;p1=1440&amp;ah=2\" target=\"_blank\" rel=\"noopener\">Afficher l&#039;heure dans votre fuseau horaire<\/a> | <a href=\"https:\/\/gcf.community\/wp-content\/uploads\/2024\/10\/AI-Academy-Session-1A-10am-UTC.ics\" target=\"_blank\" rel=\"noopener\">Ajouter au calendrier<\/a><\/li>\n<li>22h00 (GMT\/UTC) <a href=\"https:\/\/www.timeanddate.com\/worldclock\/fixedtime.html?msg=AI+Academy+Session+1B+%2810pm+UTC%29&amp;iso=20241024T22&amp;p1=1440&amp;ah=2\" target=\"_blank\" rel=\"noopener\">Afficher l&#039;heure dans votre fuseau horaire<\/a> | <a href=\"https:\/\/gcf.community\/wp-content\/uploads\/2024\/10\/AI-Academy-Session-1B-10pm-UTC.ics\" target=\"_blank\" rel=\"noopener\">Ajouter au calendrier<\/a><\/li>\n<\/ul>\n<h4>Jeudi 31 octobre<\/h4>\n<ul>\n<li>10h (GMT\/UTC) <a href=\"https:\/\/www.timeanddate.com\/worldclock\/fixedtime.html?msg=AI+Academy+Session+2A+%2810am+UTC%29&amp;iso=20241031T10&amp;p1=1440&amp;ah=2\" target=\"_blank\" rel=\"noopener\">Afficher l&#039;heure dans votre fuseau horaire<\/a> | <a href=\"https:\/\/gcf.community\/wp-content\/uploads\/2024\/10\/AI-Academy-Session-2A-10am-UTC.ics\" target=\"_blank\" rel=\"noopener\">Ajouter au calendrier<\/a><\/li>\n<li>22h00 (GMT\/UTC) <a href=\"https:\/\/www.timeanddate.com\/worldclock\/fixedtime.html?msg=AI+Academy+Session+2B+%2810pm+UTC%29&amp;iso=20241031T22&amp;p1=1440&amp;ah=2\" target=\"_blank\" rel=\"noopener\">Afficher l&#039;heure dans votre fuseau horaire<\/a> | <a href=\"https:\/\/gcf.community\/wp-content\/uploads\/2024\/10\/AI-Academy-Session-2B-10pm-UTC.ics\" target=\"_blank\" rel=\"noopener\">Ajouter au calendrier<\/a><\/li>\n<\/ul>\n<h4>Jeudi 7 novembre<\/h4>\n<ul>\n<li>10h (GMT\/UTC) <a href=\"https:\/\/www.timeanddate.com\/worldclock\/fixedtime.html?msg=AI+Academy+Session+3A+%2810am+UTC%29&amp;iso=20241107T10&amp;p1=1440&amp;ah=2\" target=\"_blank\" rel=\"noopener\">Afficher l&#039;heure dans votre fuseau horaire<\/a> | <a href=\"https:\/\/gcf.community\/wp-content\/uploads\/2024\/10\/AI-Academy-Session-3A-10am-UTC.ics\" target=\"_blank\" rel=\"noopener\">Ajouter au calendrier<\/a><\/li>\n<li>22h00 (GMT\/UTC) <a href=\"https:\/\/www.timeanddate.com\/worldclock\/fixedtime.html?msg=AI+Academy+Session+3B+%2810pm+UTC%29&amp;iso=20241107T22&amp;p1=1440&amp;ah=2\" target=\"_blank\" rel=\"noopener\">Afficher l&#039;heure dans votre fuseau horaire<\/a> | <a href=\"https:\/\/gcf.community\/wp-content\/uploads\/2024\/10\/AI-Academy-Session-3B-10pm-UTC.ics\" target=\"_blank\" rel=\"noopener\">Ajouter au calendrier<\/a><\/li>\n<\/ul>\n<h4>Jeudi 14 novembre<\/h4>\n<ul>\n<li>10h (GMT\/UTC) <a href=\"https:\/\/www.timeanddate.com\/worldclock\/fixedtime.html?msg=AI+Academy+Session+4A+%2810am+UTC%29&amp;iso=20241114T10&amp;p1=1440&amp;ah=2\" target=\"_blank\" rel=\"noopener\">Afficher l&#039;heure dans votre fuseau horaire<\/a> | <a href=\"https:\/\/gcf.community\/wp-content\/uploads\/2024\/10\/AI-Academy-Session-4A-10am-UTC.ics\" target=\"_blank\" rel=\"noopener\">Ajouter au calendrier<\/a><\/li>\n<li>22h00 (GMT\/UTC) <a href=\"https:\/\/www.timeanddate.com\/worldclock\/fixedtime.html?msg=AI+Academy+Session+4B+%2810pm+UTC%29&amp;iso=20241114T22&amp;p1=1440&amp;ah=2\" target=\"_blank\" rel=\"noopener\">Afficher l&#039;heure dans votre fuseau horaire<\/a> | <a href=\"https:\/\/gcf.community\/wp-content\/uploads\/2024\/10\/AI-Academy-Session-4B-10pm-UTC.ics\" target=\"_blank\" rel=\"noopener\">Ajouter au calendrier<\/a><\/li>\n<\/ul>\n<h4>Jeudi 21 novembre<\/h4>\n<ul>\n<li>10h (GMT\/UTC) <a href=\"https:\/\/www.timeanddate.com\/worldclock\/fixedtime.html?msg=AI+Academy+Session+5A+%2810am+UTC%29&amp;iso=20241121T10&amp;p1=1440&amp;ah=2\" target=\"_blank\" rel=\"noopener\">Afficher l&#039;heure dans votre fuseau horaire<\/a> | <a href=\"https:\/\/gcf.community\/wp-content\/uploads\/2024\/10\/AI-Academy-Session-5A-10am-UTC.ics\" target=\"_blank\" rel=\"noopener\">Ajouter au calendrier<\/a><\/li>\n<li>22h00 (GMT\/UTC) <a href=\"https:\/\/www.timeanddate.com\/worldclock\/fixedtime.html?msg=AI+Academy+Session+5B+%2810pm+UTC%29&amp;iso=20241121T22&amp;p1=1440&amp;ah=2\" target=\"_blank\" rel=\"noopener\">Afficher l&#039;heure dans votre fuseau horaire<\/a> | <a href=\"https:\/\/gcf.community\/wp-content\/uploads\/2024\/10\/AI-Academy-Session-5B-10pm-UTC.ics\" target=\"_blank\" rel=\"noopener\">Ajouter au calendrier<\/a><\/li>\n<\/ul>\n<p>Merci<\/p>\n\t\t\t\tMise \u00e0 jour d&#039;information 04\n\t\t\t\t<p><img loading=\"lazy\" decoding=\"async\" src=\"https:\/\/gcf.community\/wp-content\/uploads\/2024\/10\/Update-4-1024x303.jpeg\" alt=\"\" width=\"1024\" height=\"303\" \/><\/p>\n<h3>AVERTISSEMENTS ET DIRECTIVES<\/h3>\n<p>Nous sommes tr\u00e8s tristes d&#039;annoncer que certaines personnes ont utilis\u00e9 les informations de ce groupe pour envoyer \u00e0 certains d&#039;entre nous des messages de spam et rejoindre des groupes.<\/p>\n<p><strong>SI VOUS \u00caTES INVIT\u00c9 DANS UN GROUPE AUTRE QU&#039;UN GROUPE OFFICIEL DE L&#039;AI ACADEMY<\/strong> Veuillez le bloquer et le supprimer. Vous saurez qu&#039;un groupe est officiel s&#039;il provient de Simon Hood ou de James Burden.<\/p>\n<p>This AI Academy is going to be wonderful celebration of Jesus, the Bible, human creativity and learning AI Tools. It involves so many remarkable leaders from 90+ countries. It is about learning together is an environment of love, joy and encouragement. We value everyone&#8217;s precious time and involvement.<\/p>\n<p>Pour prot\u00e9ger tout le monde, nous avons des directives strictes et n&#039;autorisons que les messages li\u00e9s \u00e0 l&#039;AI Academy. <strong>You may not use anyone&#8217;s WhatsApp numbers<\/strong> ou des d\u00e9tails \u00e0 toute autre fin.<\/p>\n<p>Toute personne qui enfreint cette r\u00e8gle sera imm\u00e9diatement exclue du groupe AI Academy.<\/p>\n<p>Merci de votre compr\u00e9hension et de votre plaisir \u00e0 profiter de cette formation en IA offerte gratuitement en toute int\u00e9grit\u00e9.<\/p>","protected":false},"excerpt":{"rendered":"<p>Max7 AI Academy Dates \/ Times Info Updates FAQs AI Glossary Tools AI Manual Videos AI Academy on Max7 Info Updates Info Update 01 Hi friends This red INFO UPDATE IMAGE above will help you see important information. We will number the updates in case we have to share again once more people are in &#8230; <a title=\"Mises \u00e0 jour d&#039;informations\" class=\"read-more\" href=\"https:\/\/gcf.community\/fr\/events\/max7-ai-academy\/info-updates\/\" aria-label=\"En savoir plus sur Info Updates\">Lire la suite<\/a><\/p>","protected":false},"author":1,"featured_media":0,"parent":2379,"menu_order":0,"comment_status":"closed","ping_status":"closed","template":"","meta":{"_acf_changed":false,"_seopress_robots_primary_cat":"","_seopress_titles_title":"","_seopress_titles_desc":"","_seopress_robots_index":"","footnotes":"","_links_to":"","_links_to_target":""},"categories":[],"class_list":["post-2433","page","type-page","status-publish"],"acf":[],"_links":{"self":[{"href":"https:\/\/gcf.community\/fr\/wp-json\/wp\/v2\/pages\/2433","targetHints":{"allow":["GET"]}}],"collection":[{"href":"https:\/\/gcf.community\/fr\/wp-json\/wp\/v2\/pages"}],"about":[{"href":"https:\/\/gcf.community\/fr\/wp-json\/wp\/v2\/types\/page"}],"author":[{"embeddable":true,"href":"https:\/\/gcf.community\/fr\/wp-json\/wp\/v2\/users\/1"}],"replies":[{"embeddable":true,"href":"https:\/\/gcf.community\/fr\/wp-json\/wp\/v2\/comments?post=2433"}],"version-history":[{"count":5,"href":"https:\/\/gcf.community\/fr\/wp-json\/wp\/v2\/pages\/2433\/revisions"}],"predecessor-version":[{"id":2848,"href":"https:\/\/gcf.community\/fr\/wp-json\/wp\/v2\/pages\/2433\/revisions\/2848"}],"up":[{"embeddable":true,"href":"https:\/\/gcf.community\/fr\/wp-json\/wp\/v2\/pages\/2379"}],"wp:attachment":[{"href":"https:\/\/gcf.community\/fr\/wp-json\/wp\/v2\/media?parent=2433"}],"wp:term":[{"taxonomy":"category","embeddable":true,"href":"https:\/\/gcf.community\/fr\/wp-json\/wp\/v2\/categories?post=2433"}],"curies":[{"name":"wp","href":"https:\/\/api.w.org\/{rel}","templated":true}]}}