{"id":2426,"date":"2024-10-08T16:11:02","date_gmt":"2024-10-08T15:11:02","guid":{"rendered":"https:\/\/gcf.community\/?page_id=2426"},"modified":"2024-11-08T10:40:13","modified_gmt":"2024-11-08T10:40:13","slug":"dates-times","status":"publish","type":"page","link":"https:\/\/gcf.community\/fr\/events\/max7-ai-academy\/dates-times\/","title":{"rendered":"Dates \/ Heures"},"content":{"rendered":"<button tabindex=\"0\" aria-label=\"Menu\">\n\t\t\t\t\t\t\t<\/button>\n\t<nav aria-label=\"IA\" itemscope=\"itemscope\" itemtype=\"https:\/\/schema.org\/SiteNavigationElement\">\n\t\t<ul id=\"menu-ai\"><li id=\"menu-item-2607\"><a href=\"https:\/\/gcf.community\/fr\/events\/max7-ai-academy\/\">Acad\u00e9mie d&#039;IA Max7<\/a><\/li><li id=\"menu-item-2604\"><a href=\"https:\/\/gcf.community\/fr\/events\/max7-ai-academy\/dates-times\/\" aria-current=\"page\">Dates \/ Heures<\/a><\/li><li id=\"menu-item-2603\"><a href=\"https:\/\/gcf.community\/fr\/events\/max7-ai-academy\/info-updates\/\">Mises \u00e0 jour d&#039;informations<\/a><\/li><li id=\"menu-item-2606\"><a href=\"https:\/\/gcf.community\/fr\/events\/max7-ai-academy\/faqs\/\">FAQ<\/a><\/li><li id=\"menu-item-2797\"><a href=\"https:\/\/gcf.community\/fr\/events\/max7-ai-academy\/ai-glossary\/\">Glossaire de l&#039;IA<\/a><\/li><li id=\"menu-item-2798\"><a href=\"https:\/\/gcf.community\/fr\/events\/max7-ai-academy\/tools\/\">Outils<\/a><\/li><li id=\"menu-item-2796\"><a href=\"https:\/\/gcf.community\/fr\/events\/max7-ai-academy\/ai-manual\/\">Manuel d&#039;IA<\/a><ul>\t<li id=\"menu-item-2866\"><a href=\"https:\/\/gcf.community\/fr\/events\/max7-ai-academy\/ai-manual\/introduction\/\">Introduction<\/a><\/li>\t<li id=\"menu-item-2865\"><a href=\"https:\/\/gcf.community\/fr\/events\/max7-ai-academy\/ai-manual\/what-is-ai\/\">Qu&#039;est-ce que l&#039;IA ?<\/a><\/li>\t<li id=\"menu-item-2864\"><a href=\"https:\/\/gcf.community\/fr\/events\/max7-ai-academy\/ai-manual\/ai-and-ministry-leaders\/\">L&#039;IA et les dirigeants des minist\u00e8res<\/a><\/li>\t<li id=\"menu-item-2863\"><a href=\"https:\/\/gcf.community\/fr\/events\/max7-ai-academy\/ai-manual\/getting-ai-apps-set-up\/\">Configuration des applications d&#039;IA<\/a><\/li>\t<li id=\"menu-item-2924\"><a href=\"https:\/\/gcf.community\/fr\/events\/max7-ai-academy\/ai-manual\/types-of-prompts\/\">Types d&#039;invites<\/a><\/li>\t<li id=\"menu-item-2944\"><a href=\"https:\/\/gcf.community\/fr\/events\/max7-ai-academy\/ai-manual\/chatbot-ministry-examples-to-try\/\">Exemples de minist\u00e8res de chatbot \u00e0 essayer<\/a><\/li><\/ul><\/li><li id=\"menu-item-2795\"><a href=\"https:\/\/gcf.community\/fr\/events\/max7-ai-academy\/videos\/\">Vid\u00e9os<\/a><\/li><li id=\"menu-item-2825\"><a href=\"https:\/\/ai-academy.max7.org\/\">AI Academy sur Max7<\/a><\/li><\/ul>\n\t\t\t<\/nav>\n<h1>\n\t\tDates \/ Heures\n\t<\/h1>\n\t<p>Vous pr\u00e9voyez de participer aux sessions Zoom\u00a0? Si oui, inscrivez-vous. Cliquez sur le bouton ci-dessous pour cela. Cette inscription est valable une seule fois et vous pourrez participer \u00e0 toutes les sessions Zoom auxquelles vous souhaitez participer.<\/p>\n\t<a href=\"https:\/\/us02web.zoom.us\/meeting\/register\/tZEvceGtqz4qG9W2MJODRe7PPmCTlWHeM3CD#\/registration\" target=\"_blank\" role=\"button\" rel=\"noopener\" aria-label=\"Inscrivez-vous aux sessions Zoom\">\n\t\t\t\t\t\tInscrivez-vous aux sessions Zoom\n\t\t\t\t\t<\/a>\n\t<p>Veuillez cliquer sur les liens ci-dessous pour conna\u00eetre l&#039;heure de chaque r\u00e9union Zoom dans votre fuseau horaire local. Vous pouvez cliquer sur \u00ab\u00a0<strong>Ajouter au calendrier<\/strong>&#039; pour ajouter chaque r\u00e9union \u00e0 laquelle vous souhaitez participer<\/p>\n<p>Veuillez noter que le lien \u00ab\u00a0Ajouter au calendrier\u00a0\u00bb dans l&#039;e-mail de confirmation d&#039;inscription Zoom que vous recevrez, <strong>peut ne pas ajouter les r\u00e9unions aux bons moments<\/strong>. Veuillez utiliser les liens <strong>ci-dessous<\/strong> pour ajouter ces r\u00e9unions \u00e0 votre calendrier.<\/p>\n<p>Veuillez noter que de nombreuses r\u00e9gions du monde changeront d\u2019heure \u00e0 un moment donn\u00e9 au cours des prochains mois.<\/p>\n<p>Attention : nous courons <strong>cinq<\/strong> Sessions Zoom \u2013 une fois par semaine pendant cinq semaines. Chaque session Zoom sera relanc\u00e9e 12 heures plus tard. Chaque semaine, l&#039;appel de 22h (GMT\/UTC) est une r\u00e9p\u00e9tition de celui de 10h (GMT\/UTC). Choisissez simplement l&#039;un des deux appels de la journ\u00e9e, celui qui convient le mieux \u00e0 votre fuseau horaire. <strong>Vous n\u2019avez pas besoin d\u2019assister \u00e0 deux appels Zoom dans la m\u00eame semaine<\/strong>.<\/p>\n<h4>Jeudi 24 octobre<\/h4>\n<ul>\n<li>10h (GMT\/UTC) <a href=\"https:\/\/www.timeanddate.com\/worldclock\/fixedtime.html?msg=AI+Academy+Session+1A+%2810am+UTC%29&amp;iso=20241024T10&amp;p1=1440&amp;ah=2\" target=\"_blank\" rel=\"noopener\">Afficher l&#039;heure dans votre fuseau horaire<\/a> | <a href=\"https:\/\/gcf.community\/wp-content\/uploads\/2024\/10\/AI-Academy-Session-1A-10am-UTC.ics\" target=\"_blank\" rel=\"noopener\">Ajouter au calendrier<\/a><\/li>\n<li>22h00 (GMT\/UTC) <a href=\"https:\/\/www.timeanddate.com\/worldclock\/fixedtime.html?msg=AI+Academy+Session+1B+%2810pm+UTC%29&amp;iso=20241024T22&amp;p1=1440&amp;ah=2\" target=\"_blank\" rel=\"noopener\">Afficher l&#039;heure dans votre fuseau horaire<\/a> | <a href=\"https:\/\/gcf.community\/wp-content\/uploads\/2024\/10\/AI-Academy-Session-1B-10pm-UTC.ics\" target=\"_blank\" rel=\"noopener\">Ajouter au calendrier<\/a><\/li>\n<\/ul>\n<h4>Jeudi 31 octobre<\/h4>\n<ul>\n<li>10h (GMT\/UTC) <a href=\"https:\/\/www.timeanddate.com\/worldclock\/fixedtime.html?msg=AI+Academy+Session+2A+%2810am+UTC%29&amp;iso=20241031T10&amp;p1=1440&amp;ah=2\" target=\"_blank\" rel=\"noopener\">Afficher l&#039;heure dans votre fuseau horaire<\/a> | <a href=\"https:\/\/gcf.community\/wp-content\/uploads\/2024\/10\/AI-Academy-Session-2A-10am-UTC.ics\" target=\"_blank\" rel=\"noopener\">Ajouter au calendrier<\/a><\/li>\n<li>22h00 (GMT\/UTC) <a href=\"https:\/\/www.timeanddate.com\/worldclock\/fixedtime.html?msg=AI+Academy+Session+2B+%2810pm+UTC%29&amp;iso=20241031T22&amp;p1=1440&amp;ah=2\" target=\"_blank\" rel=\"noopener\">Afficher l&#039;heure dans votre fuseau horaire<\/a> | <a href=\"https:\/\/gcf.community\/wp-content\/uploads\/2024\/10\/AI-Academy-Session-2B-10pm-UTC.ics\" target=\"_blank\" rel=\"noopener\">Ajouter au calendrier<\/a><\/li>\n<\/ul>\n<h4>Jeudi 7 novembre<\/h4>\n<ul>\n<li>10h (GMT\/UTC) <a href=\"https:\/\/www.timeanddate.com\/worldclock\/fixedtime.html?msg=AI+Academy+Session+3A+%2810am+UTC%29&amp;iso=20241107T10&amp;p1=1440&amp;ah=2\" target=\"_blank\" rel=\"noopener\">Afficher l&#039;heure dans votre fuseau horaire<\/a> | <a href=\"https:\/\/gcf.community\/wp-content\/uploads\/2024\/10\/AI-Academy-Session-3A-10am-UTC.ics\" target=\"_blank\" rel=\"noopener\">Ajouter au calendrier<\/a><\/li>\n<li>22h00 (GMT\/UTC) <a href=\"https:\/\/www.timeanddate.com\/worldclock\/fixedtime.html?msg=AI+Academy+Session+3B+%2810pm+UTC%29&amp;iso=20241107T22&amp;p1=1440&amp;ah=2\" target=\"_blank\" rel=\"noopener\">Afficher l&#039;heure dans votre fuseau horaire<\/a> | <a href=\"https:\/\/gcf.community\/wp-content\/uploads\/2024\/10\/AI-Academy-Session-3B-10pm-UTC.ics\" target=\"_blank\" rel=\"noopener\">Ajouter au calendrier<\/a><\/li>\n<\/ul>\n<h4>Jeudi 14 novembre<\/h4>\n<ul>\n<li>10h (GMT\/UTC) <a href=\"https:\/\/www.timeanddate.com\/worldclock\/fixedtime.html?msg=AI+Academy+Session+4A+%2810am+UTC%29&amp;iso=20241114T10&amp;p1=1440&amp;ah=2\" target=\"_blank\" rel=\"noopener\">Afficher l&#039;heure dans votre fuseau horaire<\/a> | <a href=\"https:\/\/gcf.community\/wp-content\/uploads\/2024\/10\/AI-Academy-Session-4A-10am-UTC.ics\" target=\"_blank\" rel=\"noopener\">Ajouter au calendrier<\/a><\/li>\n<li>22h00 (GMT\/UTC) <a href=\"https:\/\/www.timeanddate.com\/worldclock\/fixedtime.html?msg=AI+Academy+Session+4B+%2810pm+UTC%29&amp;iso=20241114T22&amp;p1=1440&amp;ah=2\" target=\"_blank\" rel=\"noopener\">Afficher l&#039;heure dans votre fuseau horaire<\/a> | <a href=\"https:\/\/gcf.community\/wp-content\/uploads\/2024\/10\/AI-Academy-Session-4B-10pm-UTC.ics\" target=\"_blank\" rel=\"noopener\">Ajouter au calendrier<\/a><\/li>\n<\/ul>\n<h4>Jeudi 21 novembre<\/h4>\n<ul>\n<li>10h (GMT\/UTC) <a href=\"https:\/\/www.timeanddate.com\/worldclock\/fixedtime.html?msg=AI+Academy+Session+5A+%2810am+UTC%29&amp;iso=20241121T10&amp;p1=1440&amp;ah=2\" target=\"_blank\" rel=\"noopener\">Afficher l&#039;heure dans votre fuseau horaire<\/a> | <a href=\"https:\/\/gcf.community\/wp-content\/uploads\/2024\/10\/AI-Academy-Session-5A-10am-UTC.ics\" target=\"_blank\" rel=\"noopener\">Ajouter au calendrier<\/a><\/li>\n<li>22h00 (GMT\/UTC) <a href=\"https:\/\/www.timeanddate.com\/worldclock\/fixedtime.html?msg=AI+Academy+Session+5B+%2810pm+UTC%29&amp;iso=20241121T22&amp;p1=1440&amp;ah=2\" target=\"_blank\" rel=\"noopener\">Afficher l&#039;heure dans votre fuseau horaire<\/a> | <a href=\"https:\/\/gcf.community\/wp-content\/uploads\/2024\/10\/AI-Academy-Session-5B-10pm-UTC.ics\" target=\"_blank\" rel=\"noopener\">Ajouter au calendrier<\/a><\/li>\n<\/ul>\n<h2>\n\t\tTemps jusqu&#039;au prochain appel Zoom\n\t<\/h2>\n\t\t\t\tJour Heure Minute Seconde","protected":false},"excerpt":{"rendered":"<p>Acad\u00e9mie d&#039;IA Max7 Dates et horaires Informations Mises \u00e0 jour FAQ Glossaire de l&#039;IA Outils Manuel d&#039;IA Introduction Qu&#039;est-ce que l&#039;IA\u00a0? L&#039;IA et les responsables de minist\u00e8res Configuration des applications d&#039;IA Types d&#039;invites Exemples de minist\u00e8res de chatbots \u00e0 essayer Vid\u00e9os Acad\u00e9mie d&#039;IA sur Max7 Dates et horaires Pr\u00e9voyez-vous d&#039;assister aux sessions Zoom\u00a0? Si oui, vous devez\u2026 <a title=\"Dates \/ Heures\" class=\"read-more\" href=\"https:\/\/gcf.community\/fr\/events\/max7-ai-academy\/dates-times\/\" aria-label=\"En savoir plus sur Dates \/ Horaires\">Lire la suite<\/a><\/p>","protected":false},"author":1,"featured_media":0,"parent":2379,"menu_order":0,"comment_status":"closed","ping_status":"closed","template":"","meta":{"_acf_changed":false,"_seopress_robots_primary_cat":"","_seopress_titles_title":"","_seopress_titles_desc":"","_seopress_robots_index":"","footnotes":"","_links_to":"","_links_to_target":""},"categories":[],"class_list":["post-2426","page","type-page","status-publish"],"acf":[],"_links":{"self":[{"href":"https:\/\/gcf.community\/fr\/wp-json\/wp\/v2\/pages\/2426","targetHints":{"allow":["GET"]}}],"collection":[{"href":"https:\/\/gcf.community\/fr\/wp-json\/wp\/v2\/pages"}],"about":[{"href":"https:\/\/gcf.community\/fr\/wp-json\/wp\/v2\/types\/page"}],"author":[{"embeddable":true,"href":"https:\/\/gcf.community\/fr\/wp-json\/wp\/v2\/users\/1"}],"replies":[{"embeddable":true,"href":"https:\/\/gcf.community\/fr\/wp-json\/wp\/v2\/comments?post=2426"}],"version-history":[{"count":8,"href":"https:\/\/gcf.community\/fr\/wp-json\/wp\/v2\/pages\/2426\/revisions"}],"predecessor-version":[{"id":2987,"href":"https:\/\/gcf.community\/fr\/wp-json\/wp\/v2\/pages\/2426\/revisions\/2987"}],"up":[{"embeddable":true,"href":"https:\/\/gcf.community\/fr\/wp-json\/wp\/v2\/pages\/2379"}],"wp:attachment":[{"href":"https:\/\/gcf.community\/fr\/wp-json\/wp\/v2\/media?parent=2426"}],"wp:term":[{"taxonomy":"category","embeddable":true,"href":"https:\/\/gcf.community\/fr\/wp-json\/wp\/v2\/categories?post=2426"}],"curies":[{"name":"wp","href":"https:\/\/api.w.org\/{rel}","templated":true}]}}