{"id":2411,"date":"2024-10-08T15:59:58","date_gmt":"2024-10-08T14:59:58","guid":{"rendered":"https:\/\/gcf.community\/?page_id=2411"},"modified":"2024-11-08T10:37:02","modified_gmt":"2024-11-08T10:37:02","slug":"faqs","status":"publish","type":"page","link":"https:\/\/gcf.community\/fr\/events\/max7-ai-academy\/faqs\/","title":{"rendered":"FAQ"},"content":{"rendered":"<button tabindex=\"0\" aria-label=\"Menu\">\n\t\t\t\t\t\t\t<\/button>\n\t<nav aria-label=\"IA\" itemscope=\"itemscope\" itemtype=\"https:\/\/schema.org\/SiteNavigationElement\">\n\t\t<ul id=\"menu-ai\"><li id=\"menu-item-2607\"><a href=\"https:\/\/gcf.community\/fr\/events\/max7-ai-academy\/\">Acad\u00e9mie d&#039;IA Max7<\/a><\/li><li id=\"menu-item-2604\"><a href=\"https:\/\/gcf.community\/fr\/events\/max7-ai-academy\/dates-times\/\">Dates \/ Heures<\/a><\/li><li id=\"menu-item-2603\"><a href=\"https:\/\/gcf.community\/fr\/events\/max7-ai-academy\/info-updates\/\">Mises \u00e0 jour d&#039;informations<\/a><\/li><li id=\"menu-item-2606\"><a href=\"https:\/\/gcf.community\/fr\/events\/max7-ai-academy\/faqs\/\" aria-current=\"page\">FAQ<\/a><\/li><li id=\"menu-item-2797\"><a href=\"https:\/\/gcf.community\/fr\/events\/max7-ai-academy\/ai-glossary\/\">Glossaire de l&#039;IA<\/a><\/li><li id=\"menu-item-2798\"><a href=\"https:\/\/gcf.community\/fr\/events\/max7-ai-academy\/tools\/\">Outils<\/a><\/li><li id=\"menu-item-2796\"><a href=\"https:\/\/gcf.community\/fr\/events\/max7-ai-academy\/ai-manual\/\">Manuel d&#039;IA<\/a><ul>\t<li id=\"menu-item-2866\"><a href=\"https:\/\/gcf.community\/fr\/events\/max7-ai-academy\/ai-manual\/introduction\/\">Introduction<\/a><\/li>\t<li id=\"menu-item-2865\"><a href=\"https:\/\/gcf.community\/fr\/events\/max7-ai-academy\/ai-manual\/what-is-ai\/\">Qu&#039;est-ce que l&#039;IA ?<\/a><\/li>\t<li id=\"menu-item-2864\"><a href=\"https:\/\/gcf.community\/fr\/events\/max7-ai-academy\/ai-manual\/ai-and-ministry-leaders\/\">L&#039;IA et les dirigeants des minist\u00e8res<\/a><\/li>\t<li id=\"menu-item-2863\"><a href=\"https:\/\/gcf.community\/fr\/events\/max7-ai-academy\/ai-manual\/getting-ai-apps-set-up\/\">Configuration des applications d&#039;IA<\/a><\/li>\t<li id=\"menu-item-2924\"><a href=\"https:\/\/gcf.community\/fr\/events\/max7-ai-academy\/ai-manual\/types-of-prompts\/\">Types d&#039;invites<\/a><\/li>\t<li id=\"menu-item-2944\"><a href=\"https:\/\/gcf.community\/fr\/events\/max7-ai-academy\/ai-manual\/chatbot-ministry-examples-to-try\/\">Exemples de minist\u00e8res de chatbot \u00e0 essayer<\/a><\/li><\/ul><\/li><li id=\"menu-item-2795\"><a href=\"https:\/\/gcf.community\/fr\/events\/max7-ai-academy\/videos\/\">Vid\u00e9os<\/a><\/li><li id=\"menu-item-2825\"><a href=\"https:\/\/ai-academy.max7.org\/\">AI Academy sur Max7<\/a><\/li><\/ul>\n\t\t\t<\/nav>\n<h1>\n\t\tQuestions fr\u00e9quemment pos\u00e9es\n\t<\/h1>\n\t<p>Des questions\u00a0? Nous sommes l\u00e0 pour vous aider\u00a0!<\/p>\n<p>Vous pouvez utiliser le champ de recherche ci-dessous pour filtrer les FAQ. Vous pouvez \u00e9galement utiliser les boutons ci-dessous pour filtrer les FAQ par cat\u00e9gorie.<\/p>\n<h4>\n\t\tFAQ Recherche\n\t<\/h4>\n\t<div class=\"wpgb-facet wpgb-loading wpgb-facet-10\" data-facet=\"10\" data-grid=\"5\">\t<fieldset>\n\t\t<legend class=\"wpgb-facet-title wpgb-sr-only\">Recherche (FAQ)<\/legend>\n\t\t<div class=\"wpgb-search-facet\"><label>\n\t\t\t\t<span class=\"wpgb-sr-only\">Rechercher du contenu<\/span>\n\t\t\t\t<input class=\"wpgb-input\" type=\"search\" name=\"search_faqs\" placeholder=\"Recherchez dans la FAQ pour filtrer les r\u00e9sultats\" value=\"\" autocomplete=\"off\">\n\t\t\t\t<svg class=\"wpgb-input-icon\" viewbox=\"0 0 24 24\" height=\"16\" width=\"16\" aria-hidden=\"true\" focusable=\"false\"><path d=\"M17.5 17.5 23 23Zm-16-7a9 9 0 1 1 9 9 9 9 0 0 1-9-9Z\"\/><\/svg>\n\t\t\t<\/label><button type=\"button\" class=\"wpgb-clear-button\" hidden><span class=\"wpgb-sr-only\">Clair<\/span><svg viewbox=\"0 0 24 24\" height=\"24\" width=\"24\" aria-hidden=\"true\" focusable=\"false\"><path d=\"m12 12-4.25 4.75L12.001 12 7.75 7.25 12.001 12l4.249-4.75L12 12l4.25 4.75Z\"\/><\/svg><\/button><\/div>\t<\/fieldset>\n\t<\/div>\n<h4>\n\t\tFAQ Cat\u00e9gories\n\t<\/h4>\n\t<div class=\"wpgb-facet wpgb-loading wpgb-facet-9\" data-facet=\"9\" data-grid=\"5\">\t<fieldset>\n\t\t<legend class=\"wpgb-facet-title wpgb-sr-only\">Cat\u00e9gories (FAQ)<\/legend>\n\t\t<div class=\"wpgb-checkbox-facet\"><ul class=\"wpgb-hierarchical-list\"><li><div class=\"wpgb-checkbox\" role=\"button\" aria-pressed=\"false\" tabindex=\"0\"><input type=\"hidden\" name=\"categories_faqs[]\" value=\"technical-and-logistical\"><span class=\"wpgb-checkbox-control\"><\/span><span class=\"wpgb-checkbox-label\">Technique et logistique&nbsp;<span>(9)<\/span><\/span><\/div><\/li><li><div class=\"wpgb-checkbox\" role=\"button\" aria-pressed=\"false\" tabindex=\"0\"><input type=\"hidden\" name=\"categories_faqs[]\" value=\"preparation-and-pre-training\"><span class=\"wpgb-checkbox-control\"><\/span><span class=\"wpgb-checkbox-label\">Pr\u00e9paration et pr\u00e9-formation&nbsp;<span>(4)<\/span><\/span><\/div><\/li><li><div class=\"wpgb-checkbox\" role=\"button\" aria-pressed=\"false\" tabindex=\"0\"><input type=\"hidden\" name=\"categories_faqs[]\" value=\"personal-commitments-and-flexibility\"><span class=\"wpgb-checkbox-control\"><\/span><span class=\"wpgb-checkbox-label\">Engagements personnels et flexibilit\u00e9&nbsp;<span>(2)<\/span><\/span><\/div><\/li><li><div class=\"wpgb-checkbox\" role=\"button\" aria-pressed=\"false\" tabindex=\"0\"><input type=\"hidden\" name=\"categories_faqs[]\" value=\"participation-and-collaboration\"><span class=\"wpgb-checkbox-control\"><\/span><span class=\"wpgb-checkbox-label\">Participation et collaboration&nbsp;<span>(4)<\/span><\/span><\/div><\/li><li><div class=\"wpgb-checkbox\" role=\"button\" aria-pressed=\"false\" tabindex=\"0\"><input type=\"hidden\" name=\"categories_faqs[]\" value=\"ministry-impact-and-ai-application\"><span class=\"wpgb-checkbox-control\"><\/span><span class=\"wpgb-checkbox-label\">Impact du minist\u00e8re et application de l&#039;IA&nbsp;<span>(2)<\/span><\/span><\/div><\/li><li><div class=\"wpgb-checkbox\" role=\"button\" aria-pressed=\"false\" tabindex=\"0\"><input type=\"hidden\" name=\"categories_faqs[]\" value=\"language-and-regional-support\"><span class=\"wpgb-checkbox-control\"><\/span><span class=\"wpgb-checkbox-label\">Support linguistique et r\u00e9gional&nbsp;<span>(7)<\/span><\/span><\/div><\/li><li><div class=\"wpgb-checkbox\" role=\"button\" aria-pressed=\"false\" tabindex=\"0\"><input type=\"hidden\" name=\"categories_faqs[]\" value=\"academy-and-course-expectations\"><span class=\"wpgb-checkbox-control\"><\/span><span class=\"wpgb-checkbox-label\">Attentes de l&#039;Acad\u00e9mie et des cours&nbsp;<span>(7)<\/span><\/span><\/div><\/li><\/ul><\/div>\t<\/fieldset>\n\t<\/div>\n\t<div class=\"wpgb-facet wpgb-loading wpgb-facet-4\" data-facet=\"4\" data-grid=\"5\"><button type=\"button\" class=\"wpgb-button wpgb-reset\" name=\"reset\">R\u00e9initialiser<\/button><\/div>\n<h4>\n\t\tR\u00e9sultats de la FAQ\n\t<\/h4>\n\t<!-- Gridbuilder \u1d42\u1d3e Plugin (https:\/\/wpgridbuilder.com) -->\n<div class=\"wp-grid-builder wpgb-grid-5\" data-options=\"{&quot;id&quot;:5,&quot;type&quot;:&quot;masonry&quot;,&quot;source&quot;:&quot;post_type&quot;,&quot;loader&quot;:false,&quot;layout&quot;:&quot;vertical&quot;,&quot;reveal&quot;:0,&quot;isMainQuery&quot;:0,&quot;lazyLoad&quot;:false,&quot;cardSizes&quot;:{&quot;9999&quot;:{&quot;columns&quot;:3,&quot;height&quot;:240,&quot;gutter&quot;:16,&quot;ratio&quot;:&quot;1.33333&quot;},&quot;1280&quot;:{&quot;columns&quot;:3,&quot;height&quot;:220,&quot;gutter&quot;:16,&quot;ratio&quot;:&quot;1.33333&quot;},&quot;1024&quot;:{&quot;columns&quot;:2,&quot;height&quot;:200,&quot;gutter&quot;:16,&quot;ratio&quot;:&quot;1.33333&quot;},&quot;640&quot;:{&quot;columns&quot;:1,&quot;height&quot;:200,&quot;gutter&quot;:16,&quot;ratio&quot;:&quot;1.33333&quot;}},&quot;fitRows&quot;:false,&quot;equalRows&quot;:0,&quot;equalColumns&quot;:false,&quot;fillLastRow&quot;:0,&quot;centerLastRow&quot;:0,&quot;horizontalOrder&quot;:false,&quot;fullWidth&quot;:false,&quot;transitionDelay&quot;:100,&quot;gallerySlideshow&quot;:false,&quot;rowsNumber&quot;:1,&quot;slideAlign&quot;:&quot;left&quot;,&quot;groupCells&quot;:1,&quot;draggable&quot;:true,&quot;initialIndex&quot;:0,&quot;contain&quot;:false,&quot;freeScroll&quot;:false,&quot;freeFriction&quot;:&quot;0.075&quot;,&quot;friction&quot;:&quot;0.285&quot;,&quot;attraction&quot;:&quot;0.025&quot;,&quot;autoPlay&quot;:0,&quot;pageDotAriaLabel&quot;:&quot;Point de page %d&quot;,&quot;isPreview&quot;:false,&quot;isGutenberg&quot;:false,&quot;rightToLeft&quot;:false}\"><div class=\"wpgb-svg-icons\" hidden>\n\t<svg viewbox=\"0 0 120 24\" width=\"0\" height=\"0\">\n\t<defs>\n        <polygon id=\"wpgb-star-svg\" points=\"12 2.5 15.1 8.8 22 9.8 17 14.6 18.2 21.5 12 18.3 5.8 21.5 7 14.6 2 9.8 8.9 8.8\"><\/polygon>\n    <\/defs>\n    <symbol id=\"wpgb-rating-stars-svg\">\n        <use xlink:href=\"#wpgb-star-svg\"><\/use>\n        <use xlink:href=\"#wpgb-star-svg\" x=\"24\"><\/use>\n        <use xlink:href=\"#wpgb-star-svg\" x=\"48\"><\/use>\n        <use xlink:href=\"#wpgb-star-svg\" x=\"72\"><\/use>\n        <use xlink:href=\"#wpgb-star-svg\" x=\"96\"><\/use>\n    <\/symbol>\n<\/svg>\n<\/div>\n<div class=\"wpgb-wrapper\">\n\t<div class=\"wpgb-main\">\n\t<div class=\"wpgb-layout\">\n\t<div class=\"wpgb-viewport\">\n\t\t<div class=\"wpgb-masonry\">\n\t\t\t<article class=\"wpgb-card wpgb-card-27 wpgb-post-2530\" data-col=\"1\" data-row=\"1\" data-format=\"standard\"><div class=\"wpgb-card-wrapper\"><div class=\"wpgb-card-inner\"><div class=\"wpgb-card-content wpgb-scheme-dark\"><div class=\"wpgb-card-body\"><h3 class=\"wpgb-block-1\">Est-il possible d&#039;acc\u00e9der aux contenus de formation de niveau 1 si je n&#039;ai pas d&#039;acc\u00e8s en ligne ?<\/h3><div class=\"wpgb-block-2\"><\/div><div class=\"wpgb-block-5\"><p>Tout est en ligne et accessible gratuitement. Un manuel de formation sera disponible sur le site web du GCF et au format PDF.<\/p><\/div><\/div><\/div><\/div><\/div><\/article><article class=\"wpgb-card wpgb-card-27 wpgb-post-2505\" data-col=\"1\" data-row=\"1\" data-format=\"standard\"><div class=\"wpgb-card-wrapper\"><div class=\"wpgb-card-inner\"><div class=\"wpgb-card-content wpgb-scheme-dark\"><div class=\"wpgb-card-body\"><h3 class=\"wpgb-block-1\">Quel est votre fuseau horaire pour les r\u00e9unions en ligne\u00a0?<\/h3><div class=\"wpgb-block-2\"><\/div><div class=\"wpgb-block-5\"><p>Les r\u00e9unions en ligne auront lieu \u00e0 10h et 22h GMT\/UTC tous les jeudis du 24 octobre au 21 novembre. La conf\u00e9rence de 22h GMT\/UTC sera une r\u00e9p\u00e9tition de celle de 10h GMT\/UTC. Vous n&#039;\u00eates pas oblig\u00e9 d&#039;assister aux deux. Choisissez celle qui correspond le mieux \u00e0 votre fuseau horaire.<\/p>\n<p>Vous pouvez consulter les horaires dans votre propre fuseau horaire et t\u00e9l\u00e9charger des invitations de calendrier <a href=\"https:\/\/gcf.community\/fr\/events\/ai-academy\/dates-times\/\">ici<\/a>.<\/p><\/div><\/div><\/div><\/div><\/div><\/article><article class=\"wpgb-card wpgb-card-27 wpgb-post-2551\" data-col=\"1\" data-row=\"1\" data-format=\"standard\"><div class=\"wpgb-card-wrapper\"><div class=\"wpgb-card-inner\"><div class=\"wpgb-card-content wpgb-scheme-dark\"><div class=\"wpgb-card-body\"><h3 class=\"wpgb-block-1\">Offrez-vous des formations en personne ?<\/h3><div class=\"wpgb-block-2\"><\/div><div class=\"wpgb-block-5\"><p>Nous ferons de notre mieux pour encadrer le plus grand nombre possible de participants gr\u00e2ce aux m\u00e9thodes pr\u00e9sent\u00e9es ci-dessus. Ce service est offert gratuitement\u00a0; la formation et l&#039;accompagnement seront donc dispens\u00e9s de mani\u00e8re \u00e0 aider le plus grand nombre possible de personnes.<\/p><\/div><\/div><\/div><\/div><\/div><\/article><article class=\"wpgb-card wpgb-card-27 wpgb-post-2560\" data-col=\"1\" data-row=\"1\" data-format=\"standard\"><div class=\"wpgb-card-wrapper\"><div class=\"wpgb-card-inner\"><div class=\"wpgb-card-content wpgb-scheme-dark\"><div class=\"wpgb-card-body\"><h3 class=\"wpgb-block-1\">Je ne parle pas couramment l&#039;anglais. Cela posera-t-il probl\u00e8me lors des r\u00e9unions Zoom\u00a0?<\/h3><div class=\"wpgb-block-2\"><\/div><div class=\"wpgb-block-5\"><p>Il sera difficile de tout comprendre si vous ne parlez pas anglais, m\u00eame si nous avons des locuteurs d&#039;autres langues qui seront peut-\u00eatre dispos\u00e9s \u00e0 vous aider.<\/p><\/div><\/div><\/div><\/div><\/div><\/article><article class=\"wpgb-card wpgb-card-27 wpgb-post-2578\" data-col=\"1\" data-row=\"1\" data-format=\"standard\"><div class=\"wpgb-card-wrapper\"><div class=\"wpgb-card-inner\"><div class=\"wpgb-card-content wpgb-scheme-dark\"><div class=\"wpgb-card-body\"><h3 class=\"wpgb-block-1\">J&#039;ai aussi des engagements comme mon travail et mes \u00e9tudes, donc j&#039;aimerais avoir de la flexibilit\u00e9.<\/h3><div class=\"wpgb-block-2\"><\/div><div class=\"wpgb-block-5\"><p>Tout est flexible et partag\u00e9. Ainsi, m\u00eame si vous ne pouvez pas participer \u00e0 des appels Zoom, vous recevrez l&#039;enregistrement pour le visionner \u00e0 votre rythme. Toutes les vid\u00e9os et supports de cours sont partag\u00e9s pour que vous puissiez les suivre \u00e0 votre rythme.<\/p><\/div><\/div><\/div><\/div><\/div><\/article><article class=\"wpgb-card wpgb-card-27 wpgb-post-2533\" data-col=\"1\" data-row=\"1\" data-format=\"standard\"><div class=\"wpgb-card-wrapper\"><div class=\"wpgb-card-inner\"><div class=\"wpgb-card-content wpgb-scheme-dark\"><div class=\"wpgb-card-body\"><h3 class=\"wpgb-block-1\">Quels objectifs ou r\u00e9sultats sp\u00e9cifiques l\u2019\u00e9quipe vise-t-elle \u00e0 atteindre avec l\u2019AI Academy ?<\/h3><div class=\"wpgb-block-2\"><\/div><div class=\"wpgb-block-5\"><p>Notre objectif principal est d&#039;aider les responsables de minist\u00e8re et les praticiens de tous \u00e2ges et de toutes cultures \u00e0 mieux comprendre comment l&#039;IA peut les aider dans leur minist\u00e8re et au service de J\u00e9sus. L&#039;objectif sp\u00e9cifique est d&#039;apprendre ensemble \u00e0 accompagner chacun au-del\u00e0 de sa situation actuelle pour d\u00e9couvrir et d\u00e9couvrir de nouvelles possibilit\u00e9s.<\/p><\/div><\/div><\/div><\/div><\/div><\/article><article class=\"wpgb-card wpgb-card-27 wpgb-post-2584\" data-col=\"1\" data-row=\"1\" data-format=\"standard\"><div class=\"wpgb-card-wrapper\"><div class=\"wpgb-card-inner\"><div class=\"wpgb-card-content wpgb-scheme-dark\"><div class=\"wpgb-card-body\"><h3 class=\"wpgb-block-1\">Comment l&#039;IA peut-elle \u00eatre utilis\u00e9e pour am\u00e9liorer le minist\u00e8re\u00a0? Ou comment peut-elle \u00eatre mise en \u0153uvre dans le minist\u00e8re aupr\u00e8s des enfants\u00a0?<\/h3><div class=\"wpgb-block-2\"><\/div><div class=\"wpgb-block-5\"><p>Nous cherchons \u00e0 expliquer diff\u00e9rents types d&#039;outils d&#039;IA et comment ils peuvent \u00eatre utilis\u00e9s, simplement comme un autre outil, pour faciliter diff\u00e9rentes t\u00e2ches. Le \u00ab minist\u00e8re \u00bb lui-m\u00eame, faire des disciples, suivre J\u00e9sus, est une relation d&#039;humain \u00e0 humain et d&#039;humain \u00e0 Dieu.<\/p>\n<p>L&#039;IA est simplement un outil qui facilite certaines t\u00e2ches. Elle peut vous permettre de r\u00e9aliser certaines t\u00e2ches et de lib\u00e9rer du temps pour que les humains puissent se consacrer davantage au minist\u00e8re. Elle peut \u00e9galement cr\u00e9er des ressources et des outils utiles dans un contexte minist\u00e9riel. Nous envisageons l&#039;IA sous cet angle et nous vous en parlerons plus en d\u00e9tail lors de l&#039;Acad\u00e9mie.<\/p>\n<p>L&#039;invention de l&#039;imprimerie, il y a 575 ans, constituait une innovation technologique remarquable pour l&#039;\u00e9poque. Elle a permis de partager la Bible en de nombreuses langues et de diffuser l&#039;\u00e9ducation. Elle a \u00e9galement ouvert la voie \u00e0 la diffusion de contenus malveillants et dangereux.<\/p>\n<p>L&#039;IA a le potentiel de r\u00e9aliser de grandes choses, mais elle sera aussi utilis\u00e9e \u00e0 des fins malveillantes. L&#039;Acad\u00e9mie souhaite nous aider \u00e0 mieux la comprendre afin que nous soyons plus sages, plus vigilants et plus lucides quant \u00e0 son utilisation optimale.<\/p><\/div><\/div><\/div><\/div><\/div><\/article><article class=\"wpgb-card wpgb-card-27 wpgb-post-2542\" data-col=\"1\" data-row=\"1\" data-format=\"standard\"><div class=\"wpgb-card-wrapper\"><div class=\"wpgb-card-inner\"><div class=\"wpgb-card-content wpgb-scheme-dark\"><div class=\"wpgb-card-body\"><h3 class=\"wpgb-block-1\">Y aura-t-il acc\u00e8s aux supports\/vid\u00e9os de formation apr\u00e8s la formation ?<\/h3><div class=\"wpgb-block-2\"><\/div><div class=\"wpgb-block-5\"><p>Oui. Une fois l&#039;Acad\u00e9mie termin\u00e9e, nous mettrons les liens \u00e0 la disposition de tous.<\/p><\/div><\/div><\/div><\/div><\/div><\/article><article class=\"wpgb-card wpgb-card-27 wpgb-post-2557\" data-col=\"1\" data-row=\"1\" data-format=\"standard\"><div class=\"wpgb-card-wrapper\"><div class=\"wpgb-card-inner\"><div class=\"wpgb-card-content wpgb-scheme-dark\"><div class=\"wpgb-card-body\"><h3 class=\"wpgb-block-1\">L\u2019Acad\u00e9mie peut-elle \u00eatre \u00e9tendue \u00e0 des r\u00e9gions du monde d\u00e9pourvues d\u2019acc\u00e8s informatique ?<\/h3><div class=\"wpgb-block-2\"><\/div><div class=\"wpgb-block-5\"><p>L&#039;IA n\u00e9cessite un ordinateur pour fonctionner. \u00c0 ce stade, la formation est donc ax\u00e9e sur les personnes capables d&#039;y acc\u00e9der. Cependant, nous disposons d\u00e9j\u00e0 d&#039;excellents exemples de ressources cr\u00e9\u00e9es avec l&#039;IA qui aident les personnes sans ordinateur ni t\u00e9l\u00e9phone.<\/p><\/div><\/div><\/div><\/div><\/div><\/article>\t\t<\/div>\n\t<\/div>\n\t<\/div>\n\t<\/div>\n\t\t<\/div>\n<\/div>\n\n\t<div class=\"wpgb-facet wpgb-loading wpgb-facet-11\" data-facet=\"11\" data-grid=\"5\"><nav class=\"wpgb-pagination-facet\" aria-label=\"Navigation des pages\"><ul class=\"wpgb-pagination\"><li class=\"wpgb-page\"><a href=\"https:\/\/gcf.community\/fr\/events\/max7-ai-academy\/faqs\/?_pagination_faqs=1\" aria-current=\"true\" aria-label=\"Page actuelle, Page 1\" data-page=\"1\">1<\/a><\/li><li class=\"wpgb-page\"><a href=\"https:\/\/gcf.community\/fr\/events\/max7-ai-academy\/faqs\/?_pagination_faqs=2\" aria-label=\"Aller \u00e0 la page 2\" data-page=\"2\">2<\/a><\/li><li class=\"wpgb-page\"><a href=\"https:\/\/gcf.community\/fr\/events\/max7-ai-academy\/faqs\/?_pagination_faqs=3\" aria-label=\"Aller \u00e0 la page 3\" data-page=\"3\">3<\/a><\/li><li class=\"wpgb-page\"><a href=\"https:\/\/gcf.community\/fr\/events\/max7-ai-academy\/faqs\/?_pagination_faqs=4\" aria-label=\"Aller \u00e0 la page 4\" data-page=\"4\">4<\/a><\/li><li class=\"wpgb-page wpgb-page-next\"><a href=\"https:\/\/gcf.community\/fr\/events\/max7-ai-academy\/faqs\/?_pagination_faqs=2\" aria-label=\"Aller \u00e0 la page 2\" data-page=\"2\">Suivant &quot;<\/a><\/li><\/ul><\/nav><\/div>\n<h2>\n\t\tVous avez encore des questions ?\n\t<\/h2>\n\t<p>Vous avez une question \u00e0 laquelle nous ne r\u00e9pondons pas ci-dessus\u00a0? N&#039;h\u00e9sitez pas \u00e0 nous contacter\u00a0! Utilisez le formulaire ci-dessous pour nous poser votre question et nous vous r\u00e9pondrons dans les plus brefs d\u00e9lais.<\/p>\n\t<form action=\"https:\/\/gcf.community\/fr\/wp-json\/ws-form\/v1\/submit\" class=\"wsf-form wsf-form-canvas\" id=\"ws-form-1\" data-id=\"44\" method=\"POST\" data-instance-id=\"1\" data-wsf-style-id=\"1\" data-trp-original-action=\"https:\/\/gcf.community\/fr\/wp-json\/ws-form\/v1\/submit\"><input type=\"hidden\" name=\"trp-form-language\" value=\"fr\"\/><\/form>","protected":false},"excerpt":{"rendered":"<p>L&#039;IA n\u00e9cessite un ordinateur pour fonctionner. \u00c0 ce stade, la formation est donc ax\u00e9e sur les personnes capables d&#039;y acc\u00e9der. Cependant, nous disposons d\u00e9j\u00e0 d&#039;excellents exemples de ressources cr\u00e9\u00e9es avec l&#039;IA qui aident les personnes sans ordinateur ni t\u00e9l\u00e9phone.<\/p>","protected":false},"author":1,"featured_media":0,"parent":2379,"menu_order":0,"comment_status":"closed","ping_status":"closed","template":"","meta":{"_acf_changed":false,"_seopress_robots_primary_cat":"","_seopress_titles_title":"","_seopress_titles_desc":"","_seopress_robots_index":"","footnotes":"","_links_to":"","_links_to_target":""},"categories":[],"class_list":["post-2411","page","type-page","status-publish","hentry"],"acf":[],"_links":{"self":[{"href":"https:\/\/gcf.community\/fr\/wp-json\/wp\/v2\/pages\/2411","targetHints":{"allow":["GET"]}}],"collection":[{"href":"https:\/\/gcf.community\/fr\/wp-json\/wp\/v2\/pages"}],"about":[{"href":"https:\/\/gcf.community\/fr\/wp-json\/wp\/v2\/types\/page"}],"author":[{"embeddable":true,"href":"https:\/\/gcf.community\/fr\/wp-json\/wp\/v2\/users\/1"}],"replies":[{"embeddable":true,"href":"https:\/\/gcf.community\/fr\/wp-json\/wp\/v2\/comments?post=2411"}],"version-history":[{"count":13,"href":"https:\/\/gcf.community\/fr\/wp-json\/wp\/v2\/pages\/2411\/revisions"}],"predecessor-version":[{"id":2986,"href":"https:\/\/gcf.community\/fr\/wp-json\/wp\/v2\/pages\/2411\/revisions\/2986"}],"up":[{"embeddable":true,"href":"https:\/\/gcf.community\/fr\/wp-json\/wp\/v2\/pages\/2379"}],"wp:attachment":[{"href":"https:\/\/gcf.community\/fr\/wp-json\/wp\/v2\/media?parent=2411"}],"wp:term":[{"taxonomy":"category","embeddable":true,"href":"https:\/\/gcf.community\/fr\/wp-json\/wp\/v2\/categories?post=2411"}],"curies":[{"name":"wp","href":"https:\/\/api.w.org\/{rel}","templated":true}]}}