{"id":2379,"date":"2024-08-22T16:33:00","date_gmt":"2024-08-22T15:33:00","guid":{"rendered":"https:\/\/gcf.community\/?page_id=2379"},"modified":"2026-02-05T19:57:28","modified_gmt":"2026-02-05T19:57:28","slug":"max7-ai-academy","status":"publish","type":"page","link":"https:\/\/gcf.community\/fr\/events\/max7-ai-academy\/","title":{"rendered":"Acad\u00e9mie d&#039;IA Max7"},"content":{"rendered":"<button tabindex=\"0\" aria-label=\"Menu\" aria-expanded=\"false\">\n\t\t\t\t\t\t\t<\/button>\n\t<nav aria-label=\"Menu\" itemscope=\"itemscope\" itemtype=\"https:\/\/schema.org\/SiteNavigationElement\">\n\t\t<ul id=\"menu-ai\"><li id=\"menu-item-2607\"><a href=\"https:\/\/gcf.community\/fr\/events\/max7-ai-academy\/\" aria-current=\"page\">Acad\u00e9mie d&#039;IA Max7<\/a><\/li><li id=\"menu-item-2606\"><a href=\"https:\/\/gcf.community\/fr\/events\/max7-ai-academy\/faqs\/\">FAQ<\/a><\/li><li id=\"menu-item-2797\"><a href=\"https:\/\/gcf.community\/fr\/events\/max7-ai-academy\/ai-glossary\/\">Glossaire de l&#039;IA<\/a><\/li><li id=\"menu-item-2798\"><a href=\"https:\/\/gcf.community\/fr\/events\/max7-ai-academy\/tools\/\">Outils<\/a><\/li><li id=\"menu-item-2796\"><a href=\"https:\/\/gcf.community\/fr\/events\/max7-ai-academy\/ai-manual\/\">Manuel d&#039;IA<\/a><ul>\t<li id=\"menu-item-2866\"><a href=\"https:\/\/gcf.community\/fr\/events\/max7-ai-academy\/ai-manual\/introduction\/\">Introduction<\/a><\/li>\t<li id=\"menu-item-2865\"><a href=\"https:\/\/gcf.community\/fr\/events\/max7-ai-academy\/ai-manual\/what-is-ai\/\">Qu&#039;est-ce que l&#039;IA ?<\/a><\/li>\t<li id=\"menu-item-2864\"><a href=\"https:\/\/gcf.community\/fr\/events\/max7-ai-academy\/ai-manual\/ai-and-ministry-leaders\/\">L&#039;IA et les dirigeants des minist\u00e8res<\/a><\/li>\t<li id=\"menu-item-2863\"><a href=\"https:\/\/gcf.community\/fr\/events\/max7-ai-academy\/ai-manual\/getting-ai-apps-set-up\/\">Configuration des applications d&#039;IA<\/a><\/li>\t<li id=\"menu-item-2924\"><a href=\"https:\/\/gcf.community\/fr\/events\/max7-ai-academy\/ai-manual\/types-of-prompts\/\">Types d&#039;invites<\/a><\/li>\t<li id=\"menu-item-2944\"><a href=\"https:\/\/gcf.community\/fr\/events\/max7-ai-academy\/ai-manual\/chatbot-ministry-examples-to-try\/\">Exemples de minist\u00e8res de chatbot \u00e0 essayer<\/a><\/li><\/ul><\/li><li id=\"menu-item-2795\"><a href=\"https:\/\/gcf.community\/fr\/events\/max7-ai-academy\/videos\/\">Vid\u00e9os<\/a><\/li><li id=\"menu-item-2825\"><a href=\"https:\/\/ai-academy.max7.org\/en\/library\/ai-academy\">AI Academy sur Max7<\/a><\/li><\/ul>\t<\/nav>\n<h1>\n\t\t\tAcad\u00e9mie d&#039;IA Max7\t<\/h1>\n\t<iframe allowfullscreen allow=\"autoplay\" data-src=\"https:\/\/www.youtube.com\/embed\/3F_9QiHMYUQ?feature=oembed&amp;start&amp;end&amp;wmode=opaque&amp;loop=0&amp;controls=1&amp;mute=0&amp;rel=0&amp;modestbranding=0\"><\/iframe>\t\t\n\t\t\t\t\tLire la vid\u00e9o\n\t<p><img loading=\"lazy\" decoding=\"async\" src=\"https:\/\/gcf.community\/wp-content\/uploads\/2024\/08\/Max7-AI-Academy-logo-v2-236x300.png\" alt=\"\" width=\"236\" height=\"300\" \/>L&#039;Acad\u00e9mie Max7 IA est l&#039;occasion de d\u00e9couvrir les derni\u00e8res nouveaut\u00e9s en mati\u00e8re d&#039;outils d&#039;IA aupr\u00e8s de responsables de minist\u00e8res internationaux qui les utilisent au quotidien. Cette Acad\u00e9mie se veut une exp\u00e9rience d&#039;apprentissage pratique et actualis\u00e9e sur l&#039;utilisation des chatbots IA, de l&#039;art et de la musique g\u00e9n\u00e9ratifs, ainsi que de la vid\u00e9o et de l&#039;animation IA. Elle s&#039;appuie \u00e9galement sur les comp\u00e9tences et la dynamique de l&#039;\u00e9quipe m\u00e9dia et animation derri\u00e8re Max7.org et sur les animations Max7 vues par des dizaines de millions de personnes. L&#039;Acad\u00e9mie s&#039;appuie sur des d\u00e9cennies d&#039;exp\u00e9rience en d\u00e9veloppement m\u00e9dia avant l&#039;IA.<\/p>\n<p>Si vous avez la passion de servir J\u00e9sus, si vous \u00eates pr\u00eat \u00e0 d\u00e9velopper votre cr\u00e9ativit\u00e9 humaine donn\u00e9e par Dieu et \u00e0 exploiter les derni\u00e8res technologies d&#039;IA, alors engagez-vous !<\/p>\n<h2>OMS?<\/h2>\n<p>Ce projet s&#039;adresse \u00e0 toute personne, quel que soit son \u00e2ge, souhaitant cr\u00e9er des outils pour son \u00e9glise, sa famille, son \u00e9cole ou son organisation. D\u00e9couvrez ci-dessous les trois fa\u00e7ons de participer et les conditions requises.<\/p>\n<h2>Combien?<\/h2>\n<p>La formation dispens\u00e9e vaut des milliers de dollars. Nous pouvons la dispenser gratuitement \u00e0 ceux qui souhaitent y participer pleinement et qui la mettront au service du Royaume de J\u00e9sus.<\/p>\n<h2>Qu&#039;allez-vous apprendre ?<\/h2>\n<p>La formation couvre :<\/p>\n<p><strong>La cr\u00e9ativit\u00e9 humaine<\/strong> \u2013 Nous croyons que l&#039;IA exige davantage de cr\u00e9ativit\u00e9 humaine, et non moins\u00a0! Une grande partie de cette Acad\u00e9mie d&#039;IA consiste \u00e0 d\u00e9velopper vos comp\u00e9tences cr\u00e9atives et \u00e0 les mettre au service de J\u00e9sus. En exploitant les derni\u00e8res technologies, nous nous inspirerons pleinement de J\u00e9sus et de la Bible.<\/p>\n<p><strong>Comp\u00e9tences humaines en m\u00e9dias<\/strong> &#8211; we look at storytelling, comedy, animation principles and other media skills that will be invaluable as you use AI tools.<\/p>\n<p><strong>Chatbots IA<\/strong> \u2013 Des m\u00e9thodes simples et avanc\u00e9es de cr\u00e9ation de contenu. L&#039;objectif est de vous aider \u00e0 cr\u00e9er un outil de minist\u00e8re utilisable et partageable. Programmes et le\u00e7ons, scripts, supports de formation, jeux, etc.<\/p>\n<p><strong>Vid\u00e9o et animation IA<\/strong> \u2013 Comment cr\u00e9er des vid\u00e9os \u00e0 l&#039;aide des derniers outils d&#039;IA. L&#039;objectif est de r\u00e9aliser une vid\u00e9o ou une animation biblique, ou de raconter une histoire qui vous sera utile dans votre minist\u00e8re. Comment exploiter diff\u00e9rents styles visuels, mouvements de cam\u00e9ra, techniques de narration visuelle, etc.<\/p>\n<p><strong>Musique IA<\/strong> \u2013 comment cr\u00e9er des chansons et de la musique instrumentale pour votre minist\u00e8re, pour vos vid\u00e9os et plus encore.<\/p>\n<h2>Qui organise \u00e7a ?<\/h2>\n<p>This AI Academy is hosted by the leadership teams of GO Play, the Global Children&#8217;s Forum, Generous Generations, the sports movement, Families on Mission and Max7.org. These are all global Kingdom-minded movements who love and follow Jesus and believe the Bible is God&#8217;s Word for the world.<\/p>\n<figure itemscope itemtype=\"https:\/\/schema.org\/ImageObject\">\n\t\t\t\t<img decoding=\"async\" src=\"https:\/\/gcf.community\/wp-content\/uploads\/2024\/10\/goplay-500.png\" alt=\"goplay 500\" height=\"500\" width=\"500\" title=\"goplay 500\" onerror=\"this.style.display='none'\" loading=\"lazy\" \/>\n\t<\/figure>\n<figure itemscope itemtype=\"https:\/\/schema.org\/ImageObject\">\n\t\t\t\t<img decoding=\"async\" src=\"https:\/\/gcf.community\/wp-content\/uploads\/2024\/10\/GCF-500.png\" alt=\"GCF 500\" height=\"500\" width=\"500\" title=\"GCF 500\" onerror=\"this.style.display='none'\" loading=\"lazy\" \/>\n\t<\/figure>\n<figure itemscope itemtype=\"https:\/\/schema.org\/ImageObject\">\n\t\t\t\t<img decoding=\"async\" src=\"https:\/\/gcf.community\/wp-content\/uploads\/2024\/10\/rsg-500.png\" alt=\"rsg 500\" height=\"500\" width=\"500\" title=\"rsg 500\" onerror=\"this.style.display='none'\" loading=\"lazy\" \/>\n\t<\/figure>\n<figure itemscope itemtype=\"https:\/\/schema.org\/ImageObject\">\n\t\t\t\t<img decoding=\"async\" src=\"https:\/\/gcf.community\/wp-content\/uploads\/2024\/10\/fom-500.jpg\" alt=\"Community people, social community, human family logo abstract d\" height=\"500\" width=\"500\" title=\"Communaut\u00e9 de personnes, communaut\u00e9 sociale, logo de la famille humaine abstrait d\" onerror=\"this.style.display='none'\" loading=\"lazy\" \/>\n\t<\/figure>\n<figure itemscope itemtype=\"https:\/\/schema.org\/ImageObject\">\n\t\t\t\t<img decoding=\"async\" src=\"https:\/\/gcf.community\/wp-content\/uploads\/2024\/10\/max7-500.jpg\" alt=\"max7 500\" height=\"500\" width=\"500\" title=\"max7 500\" onerror=\"this.style.display='none'\" loading=\"lazy\" \/>\n\t<\/figure>\n<figure itemscope itemtype=\"https:\/\/schema.org\/ImageObject\">\n\t\t\t\t<img decoding=\"async\" src=\"https:\/\/gcf.community\/wp-content\/uploads\/2024\/10\/GG-500.jpg\" alt=\"GG 500\" height=\"500\" width=\"500\" title=\"GG 500\" onerror=\"this.style.display='none'\" loading=\"lazy\" \/>\n\t<\/figure>\n<figure itemscope itemtype=\"https:\/\/schema.org\/ImageObject\">\n\t\t\t\t<img decoding=\"async\" src=\"https:\/\/gcf.community\/wp-content\/uploads\/2024\/10\/414-500.jpg\" alt=\"414 500\" height=\"500\" width=\"500\" title=\"414 500\" onerror=\"this.style.display='none'\" loading=\"lazy\" \/>\n\t<\/figure>\n<figure itemscope itemtype=\"https:\/\/schema.org\/ImageObject\">\n\t\t\t\t<img decoding=\"async\" src=\"https:\/\/gcf.community\/wp-content\/uploads\/2024\/10\/wea-500.jpg\" alt=\"wea 500\" height=\"500\" width=\"500\" title=\"wea 500\" onerror=\"this.style.display='none'\" loading=\"lazy\" \/>\n\t<\/figure>","protected":false},"excerpt":{"rendered":"<p>Max7 AI Academy FAQs AI Glossary Tools AI Manual Introduction What is AI? AI and Ministry Leaders Getting AI Apps Set Up Types of Prompts Chatbot ministry examples to try Videos AI Academy on Max7 Max7 AI Academy Play Video The Max7 AI Academy is an opportunity to learn the latest about AI tools from &#8230; <a title=\"Acad\u00e9mie d&#039;IA Max7\" class=\"read-more\" href=\"https:\/\/gcf.community\/fr\/events\/max7-ai-academy\/\" aria-label=\"En savoir plus sur Max7 AI Academy\">Lire la suite<\/a><\/p>","protected":false},"author":1,"featured_media":0,"parent":629,"menu_order":0,"comment_status":"closed","ping_status":"closed","template":"","meta":{"_acf_changed":false,"_seopress_robots_primary_cat":"","_seopress_titles_title":"","_seopress_titles_desc":"","_seopress_robots_index":"","footnotes":"","_links_to":"","_links_to_target":""},"categories":[],"class_list":["post-2379","page","type-page","status-publish"],"acf":[],"_links":{"self":[{"href":"https:\/\/gcf.community\/fr\/wp-json\/wp\/v2\/pages\/2379","targetHints":{"allow":["GET"]}}],"collection":[{"href":"https:\/\/gcf.community\/fr\/wp-json\/wp\/v2\/pages"}],"about":[{"href":"https:\/\/gcf.community\/fr\/wp-json\/wp\/v2\/types\/page"}],"author":[{"embeddable":true,"href":"https:\/\/gcf.community\/fr\/wp-json\/wp\/v2\/users\/1"}],"replies":[{"embeddable":true,"href":"https:\/\/gcf.community\/fr\/wp-json\/wp\/v2\/comments?post=2379"}],"version-history":[{"count":11,"href":"https:\/\/gcf.community\/fr\/wp-json\/wp\/v2\/pages\/2379\/revisions"}],"predecessor-version":[{"id":3206,"href":"https:\/\/gcf.community\/fr\/wp-json\/wp\/v2\/pages\/2379\/revisions\/3206"}],"up":[{"embeddable":true,"href":"https:\/\/gcf.community\/fr\/wp-json\/wp\/v2\/pages\/629"}],"wp:attachment":[{"href":"https:\/\/gcf.community\/fr\/wp-json\/wp\/v2\/media?parent=2379"}],"wp:term":[{"taxonomy":"category","embeddable":true,"href":"https:\/\/gcf.community\/fr\/wp-json\/wp\/v2\/categories?post=2379"}],"curies":[{"name":"wp","href":"https:\/\/api.w.org\/{rel}","templated":true}]}}