{"id":2283,"date":"2023-10-19T07:47:26","date_gmt":"2023-10-19T06:47:26","guid":{"rendered":"https:\/\/gcf.community\/?page_id=2283"},"modified":"2023-11-02T11:14:09","modified_gmt":"2023-11-02T11:14:09","slug":"faq","status":"publish","type":"page","link":"https:\/\/gcf.community\/fr\/events\/ethiopia2023\/faq\/","title":{"rendered":"FAQ"},"content":{"rendered":"<h1>\n\t\tFVC \u00c9thiopie 2023\n\t<\/h1>\n\t\t\t<button tabindex=\"0\" aria-label=\"Menu\">\n\t\t\t\t\t\t\t<\/button>\n\t<nav aria-label=\"Ethiopia\" itemscope=\"itemscope\" itemtype=\"https:\/\/schema.org\/SiteNavigationElement\">\n\t\t<ul id=\"menu-ethiopia\"><li id=\"menu-item-1790\"><a href=\"https:\/\/gcf.community\/fr\/events\/ethiopia2023\/registration\/\">Inscription<\/a><\/li><li id=\"menu-item-2277\"><a href=\"https:\/\/gcf.community\/fr\/events\/ethiopia2023\/confirmation\/\">Confirmation<\/a><\/li><li id=\"menu-item-1797\"><a href=\"https:\/\/gcf.community\/fr\/events\/ethiopia2023\/payment\/\">Paiement<\/a><\/li><li id=\"menu-item-2310\"><a href=\"https:\/\/gcf.community\/fr\/events\/ethiopia2023\/program\/\">Programme<\/a><\/li><li id=\"menu-item-2328\"><a href=\"https:\/\/gcf.community\/fr\/events\/ethiopia2023\/local-information\/\">Informations locales<\/a><\/li><li id=\"menu-item-2292\"><a href=\"https:\/\/gcf.community\/fr\/events\/ethiopia2023\/faq\/\" aria-current=\"page\">FAQ<\/a><\/li><\/ul>\n\t\t\t<\/nav>\n<h2>\n\t\tQuestions fr\u00e9quemment pos\u00e9es\n\t<\/h2>\n\t<p>Veuillez consulter ci-dessous les r\u00e9ponses aux questions fr\u00e9quemment pos\u00e9es.<\/p>\n<p>Vous pouvez \u00e9galement consulter le document d&#039;information locale <a href=\"https:\/\/gcf.community\/fr\/events\/ethiopia2023\/local-information\/\">ici<\/a>.<\/p>\n\t\t\t\tH\u00f4tels\n\t\t\t\t<p>Nos r\u00e9unions auront lieu \u00e0 l&#039;H\u00f4tel Grand Eliana (<a href=\"https:\/\/elianahotel.com\/\" target=\"_blank\" rel=\"noopener\">https:\/\/elianahotel.com\/<\/a>).<\/p>\n<p>En raison du nombre de personnes pr\u00e9sentes, nous h\u00e9bergerons certaines personnes au Grand Eliana et d&#039;autres \u00e0 l&#039;h\u00f4tel Churchill (<a href=\"https:\/\/churchilladdisababa.com-hotel.website\/\" target=\"_blank\" rel=\"noopener\">https:\/\/churchilladdisababa.com-hotel.website\/<\/a>) situ\u00e9 \u00e0 quelques pas du Grand Eliana. Vous devriez avoir re\u00e7u la confirmation de votre h\u00f4tel. Si vous ne l&#039;avez pas re\u00e7u, veuillez nous contacter. <a href=\"mailto:info@gcf.community\">info@gcf.community<\/a>.<\/p>\n<p>Les coordonn\u00e9es de l&#039;H\u00f4tel Grand Eliana sont :<\/p>\n<p><strong>Adresse<\/strong>: H\u00f4tel Grand Eliana, Piazza, rue Wawel, 21777, Addis-Abeba <br \/><strong>T\u00e9l.<\/strong>. <a href=\"tel:+251111262600\">+251 11 126 2600<\/a><\/p>\n<p>Les coordonn\u00e9es de l&#039;H\u00f4tel Churchill sont :<\/p>\n<p><strong>Adresse<\/strong>: H\u00f4tel Churchill, Churchill Avenue, Arada, Addis-Abeba <br \/><strong>T\u00e9l.<\/strong>: <a href=\"tel:+251111111212\">+251 11 111 1212<\/a><\/p>\n\t\t\t\tContacts d&#039;urgence\n\t\t\t\t<p>En cas d&#039;urgence, veuillez contacter l&#039;un des services suivants :<\/p>\n<p><strong>Seble<\/strong><br \/>T\u00e9l. <a href=\"tel:+251942526573\">+251 94 252 6573<\/a><br \/>E-mail: <a href=\"mailto:swongelasrat@gmail.com\">swongelasrat@gmail.com<\/a><\/p>\n<p><strong>Getu<\/strong><br \/>T\u00e9l. <a href=\"tel:+251911706784\">+251 91 170 6784<\/a><br \/>E-mail: <a href=\"mailto:getuamare@gmail.com\">getuamare@gmail.com<\/a><\/p>\n<p><strong>Jacques<\/strong><br \/>T\u00e9l. <a href=\"tel:+447506789420\">+44 7506 789420<\/a><br \/>E-mail: <a href=\"mailto:james@perfectlydigital.net\">james@perfectlydigital.net<\/a><\/p>\n<p><strong>Dawit<\/strong><br \/>T\u00e9l. <a href=\"tel:+251913757587\">+251 91 375 7587<\/a><br \/>E-mail: <a href=\"mailto:davemul8@gmail.com\">davemul8@gmail.com<\/a><\/p>\n\t\t\t\tEnregistrement de l&#039;appel Zoom pr\u00e9-forum\n\t\t\t\t<p>L&#039;enregistrement de la conf\u00e9rence Zoom pr\u00e9-forum est d\u00e9sormais disponible. Vous pouvez le visionner ici\u00a0: <a href=\"https:\/\/gcf.community\/fr\/events\/ethiopia2023\/pre-forum-zoom-call\/\">https:\/\/gcf.community\/events\/ethiopia2023\/pre-forum-zoom-call\/<\/a>.<\/p>\n<p>Si vous n&#039;avez pas pu y assister, nous vous recommandons de visionner l&#039;enregistrement. Il vous donnera un bon aper\u00e7u des diff\u00e9rents domaines sur lesquels nous nous concentrerons durant notre s\u00e9jour en \u00c9thiopie.<\/p>\n\t\t\t\tVisas\n\t\t\t\t<p>Les visas peuvent \u00eatre achet\u00e9s en ligne via le site Web du gouvernement \u00e9thiopien ici : <a href=\"https:\/\/www.evisa.gov.et\/\" target=\"_blank\" rel=\"noopener\">https:\/\/www.evisa.gov.et\/<\/a>Assurez-vous de choisir un visa touristique. Certains d&#039;entre vous devront peut-\u00eatre acheter leur visa \u00e0 leur arriv\u00e9e, mais nous vous encourageons, dans la mesure du possible, \u00e0 l&#039;obtenir en ligne \u00e0 l&#039;avance. Cela vous fera gagner beaucoup de temps \u00e0 l&#039;a\u00e9roport.<\/p>\n<p>\u00c0 moins d&#039;\u00eatre ressortissant \u00e9thiopien, les seuls pays exempt\u00e9s de visa pour se rendre en \u00c9thiopie sont le Kenya et Djibouti. En cas de doute, veuillez vous renseigner aupr\u00e8s de votre ambassade ou de votre consulat.<\/p>\n\t\t\t\tCo\u00fbts journaliers\n\t\t\t\t<p>Si vous \u00eates un visiteur d&#039;un jour (par exemple, si vous vivez \u00e0 Addis, ou si vous s\u00e9journez chez des amis\/coll\u00e8gues, et non \u00e0 l&#039;h\u00f4tel), le co\u00fbt est <strong>$30 par jour<\/strong>Cela comprend l&#039;utilisation des installations pendant la journ\u00e9e et le d\u00e9jeuner. Si vous souhaitez d\u00eener \u00e0 l&#039;h\u00f4tel, un suppl\u00e9ment de $15 est requis, ce qui porte le total de la journ\u00e9e \u00e0 <strong>$45 par jour<\/strong>.<\/p>\n<p>Vous pouvez r\u00e9gler ce montant via le formulaire de paiement sur le site web. Vous pouvez \u00e9galement apporter des esp\u00e8ces et payer \u00e0 votre arriv\u00e9e. Si vous apportez des esp\u00e8ces, veuillez vous assurer de voir James afin qu&#039;il puisse vous inscrire sur la liste.<\/p>\n\t\t\t\tCode vestimentaire\n\t\t\t\t<p>Le code vestimentaire pour nos r\u00e9unions est d\u00e9contract\u00e9. En \u00c9thiopie, surtout en ville, les femmes portent souvent des pantalons et des robes. Les shorts sont rares dans les \u00e9glises. \u00c9viter les shorts serait une bonne id\u00e9e.<\/p>\n\t\t\t\tM\u00e9t\u00e9o\n\t\t\t\t<p>The average for November is highs of 23c (73f) and lows of 7c (45f). It&#8217;s likely to be dry, but rain is of course possible.<\/p>\n\t\t\t\tInformations sur les vaccins\n\t\t\t\t<p>We&#8217;ve had a few people ask about whether there are any required vaccinations for Ethiopia, specifically around Yellow Fever.<\/p>\n<p>L&#039;\u00c9thiopie exige une preuve de vaccination contre la fi\u00e8vre jaune si vous arrivez d&#039;une r\u00e9gion o\u00f9 le virus est pr\u00e9sent. Cela d\u00e9pend donc enti\u00e8rement de votre provenance et de votre destination.<\/p>\n<p>De plus, vous pourriez avoir besoin de certains vaccins \u00e0 votre retour dans votre pays apr\u00e8s avoir visit\u00e9 certains pays.<\/p>\n<p>Les variables sont assez importantes, nous vous recommandons donc fortement d&#039;obtenir des conseils personnalis\u00e9s en mati\u00e8re de vaccins aupr\u00e8s d&#039;un centre de sant\u00e9 local qui devrait \u00eatre en mesure de vous donner des conseils sp\u00e9cifiques \u00e0 votre situation.<\/p>","protected":false},"excerpt":{"rendered":"<p>GCF Ethiopia 2023 Registration Confirmation Payment Program Local Information FAQ Frequently Asked Questions Please see below for responses to frequently asked questions. You may also like to see the Local Information document here. Hotels Our meetings will be held in the Grand Eliana Hotel (https:\/\/elianahotel.com\/). Due to the amount of people attending we will be &#8230; <a title=\"FAQ\" class=\"read-more\" href=\"https:\/\/gcf.community\/fr\/events\/ethiopia2023\/faq\/\" aria-label=\"En savoir plus sur FAQ\">Lire la suite<\/a><\/p>","protected":false},"author":1,"featured_media":0,"parent":1574,"menu_order":0,"comment_status":"closed","ping_status":"closed","template":"","meta":{"_acf_changed":false,"_seopress_robots_primary_cat":"","_seopress_titles_title":"","_seopress_titles_desc":"","_seopress_robots_index":"","footnotes":"","_links_to":"","_links_to_target":""},"categories":[],"class_list":["post-2283","page","type-page","status-publish"],"acf":[],"_links":{"self":[{"href":"https:\/\/gcf.community\/fr\/wp-json\/wp\/v2\/pages\/2283","targetHints":{"allow":["GET"]}}],"collection":[{"href":"https:\/\/gcf.community\/fr\/wp-json\/wp\/v2\/pages"}],"about":[{"href":"https:\/\/gcf.community\/fr\/wp-json\/wp\/v2\/types\/page"}],"author":[{"embeddable":true,"href":"https:\/\/gcf.community\/fr\/wp-json\/wp\/v2\/users\/1"}],"replies":[{"embeddable":true,"href":"https:\/\/gcf.community\/fr\/wp-json\/wp\/v2\/comments?post=2283"}],"version-history":[{"count":8,"href":"https:\/\/gcf.community\/fr\/wp-json\/wp\/v2\/pages\/2283\/revisions"}],"predecessor-version":[{"id":2332,"href":"https:\/\/gcf.community\/fr\/wp-json\/wp\/v2\/pages\/2283\/revisions\/2332"}],"up":[{"embeddable":true,"href":"https:\/\/gcf.community\/fr\/wp-json\/wp\/v2\/pages\/1574"}],"wp:attachment":[{"href":"https:\/\/gcf.community\/fr\/wp-json\/wp\/v2\/media?parent=2283"}],"wp:term":[{"taxonomy":"category","embeddable":true,"href":"https:\/\/gcf.community\/fr\/wp-json\/wp\/v2\/categories?post=2283"}],"curies":[{"name":"wp","href":"https:\/\/api.w.org\/{rel}","templated":true}]}}