{"id":2264,"date":"2023-10-04T18:01:02","date_gmt":"2023-10-04T17:01:02","guid":{"rendered":"https:\/\/gcf.community\/?page_id=2264"},"modified":"2023-10-05T12:59:20","modified_gmt":"2023-10-05T11:59:20","slug":"confirmation","status":"publish","type":"page","link":"https:\/\/gcf.community\/fr\/events\/ethiopia2023\/confirmation\/","title":{"rendered":"Confirmation"},"content":{"rendered":"<h1>\n\t\tFVC \u00c9thiopie 2023\n\t<\/h1>\n\t\t\t<button tabindex=\"0\" role=\"button\" aria-label=\"Menu\">\n\t\t\t\t\t\t\t<\/button>\n\t<nav aria-label=\"Ethiopia\" itemscope=\"itemscope\" itemtype=\"https:\/\/schema.org\/SiteNavigationElement\">\n\t\t<ul id=\"menu-ethiopia\"><li id=\"menu-item-1790\"><a href=\"https:\/\/gcf.community\/fr\/events\/ethiopia2023\/registration\/\">Inscription<\/a><\/li><li id=\"menu-item-1797\"><a href=\"https:\/\/gcf.community\/fr\/events\/ethiopia2023\/payment\/\">Paiement<\/a><\/li><\/ul>\n\t\t\t<\/nav>\n<h2>\n\t\tConfirmation\n\t<\/h2>\n\t<p>Nous avons h\u00e2te de vous accueillir au prochain forum du FVC en \u00c9thiopie dans quelques semaines. Il est essentiel que vous remplissiez le formulaire ci-dessous pour confirmer votre participation.<\/p>\n<h3>Remarque importante sur les visas<\/h3>\n<p>Si vous avez besoin d\u2019un visa pour voyager en \u00c9thiopie (et la plupart des gens en ont besoin), alors <strong>tu devrais le faire d\u00e8s que possible<\/strong>Nous vous conseillons vivement de faire d\u00e9livrer votre visa <strong>au moins trois jours avant votre voyage<\/strong>. Sinon, vous courez le risque d\u2019\u00eatre retenu \u00e0 l\u2019a\u00e9roport jusqu\u2019\u00e0 ce que ces trois jours soient \u00e9coul\u00e9s.<\/p>\n<p>Il est \u00e9galement conseill\u00e9 de demander et de payer votre visa en ligne (m\u00eame si vous pouvez acheter votre visa \u00e0 l&#039;arriv\u00e9e). Les files d&#039;attente \u00e0 l&#039;a\u00e9roport pour acheter un visa peuvent \u00eatre tr\u00e8s longues.<\/p>\n\t<form action=\"https:\/\/gcf.community\/fr\/wp-json\/ws-form\/v1\/submit\" class=\"wsf-form wsf-form-canvas\" id=\"ws-form-1\" data-id=\"35\" method=\"POST\" data-instance-id=\"1\" data-wsf-style-id=\"1\" data-trp-original-action=\"https:\/\/gcf.community\/fr\/wp-json\/ws-form\/v1\/submit\"><input type=\"hidden\" name=\"trp-form-language\" value=\"fr\"\/><\/form>","protected":false},"excerpt":{"rendered":"<p>GCF Ethiopia 2023 Registration Payment Confirmation We look forward to welcoming you to the next GCF forum in Ethiopia in just a few weeks time.\u00a0It is really important that you complete the details in the form below to confirm your attendance. An important note about visas If you need a visa for travel to Ethiopia &#8230; <a title=\"Confirmation\" class=\"read-more\" href=\"https:\/\/gcf.community\/fr\/events\/ethiopia2023\/confirmation\/\" aria-label=\"En savoir plus sur Confirmation\">Lire la suite<\/a><\/p>","protected":false},"author":1,"featured_media":0,"parent":1574,"menu_order":0,"comment_status":"closed","ping_status":"closed","template":"","meta":{"_acf_changed":false,"_seopress_robots_primary_cat":"","_seopress_titles_title":"","_seopress_titles_desc":"Registrations now open! We are excited to announce the GCF \/ GoPlay \/ family.fit meetings which will take place in Farol IBMAlphaville in Brazil.","_seopress_robots_index":"","footnotes":"","_links_to":"","_links_to_target":""},"categories":[],"class_list":["post-2264","page","type-page","status-publish"],"acf":[],"_links":{"self":[{"href":"https:\/\/gcf.community\/fr\/wp-json\/wp\/v2\/pages\/2264","targetHints":{"allow":["GET"]}}],"collection":[{"href":"https:\/\/gcf.community\/fr\/wp-json\/wp\/v2\/pages"}],"about":[{"href":"https:\/\/gcf.community\/fr\/wp-json\/wp\/v2\/types\/page"}],"author":[{"embeddable":true,"href":"https:\/\/gcf.community\/fr\/wp-json\/wp\/v2\/users\/1"}],"replies":[{"embeddable":true,"href":"https:\/\/gcf.community\/fr\/wp-json\/wp\/v2\/comments?post=2264"}],"version-history":[{"count":5,"href":"https:\/\/gcf.community\/fr\/wp-json\/wp\/v2\/pages\/2264\/revisions"}],"predecessor-version":[{"id":2271,"href":"https:\/\/gcf.community\/fr\/wp-json\/wp\/v2\/pages\/2264\/revisions\/2271"}],"up":[{"embeddable":true,"href":"https:\/\/gcf.community\/fr\/wp-json\/wp\/v2\/pages\/1574"}],"wp:attachment":[{"href":"https:\/\/gcf.community\/fr\/wp-json\/wp\/v2\/media?parent=2264"}],"wp:term":[{"taxonomy":"category","embeddable":true,"href":"https:\/\/gcf.community\/fr\/wp-json\/wp\/v2\/categories?post=2264"}],"curies":[{"name":"wp","href":"https:\/\/api.w.org\/{rel}","templated":true}]}}