{"id":2230,"date":"2023-10-03T23:04:09","date_gmt":"2023-10-03T22:04:09","guid":{"rendered":"https:\/\/gcf.community\/?page_id=2230"},"modified":"2023-11-15T21:15:50","modified_gmt":"2023-11-15T21:15:50","slug":"resources","status":"publish","type":"page","link":"https:\/\/gcf.community\/fr\/tools\/resources\/","title":{"rendered":"Ressources"},"content":{"rendered":"<h1>\n\t\tRessources\n\t<\/h1>\n\t<p>Vous trouverez ci-dessous une liste de ressources et d&#039;outils que nous avons rassembl\u00e9s. Ils sont organis\u00e9s en diff\u00e9rentes sections. Cliquez simplement sur la barre bleue pour acc\u00e9der aux liens correspondants.<\/p>\n<p>Si vous constatez qu&#039;un lien est rompu, que les informations sont erron\u00e9es ou que vous trouvez une ressource que vous jugez utile d&#039;ajouter \u00e0 cette liste, veuillez utiliser le formulaire sur cette page pour nous le faire savoir. Merci.<\/p>\n\t\t\t\tChatbots\n\t\t\t\t<p><strong>Barde<\/strong> (<a href=\"https:\/\/bard.google.com\/\" target=\"_blank\" rel=\"noopener\">https:\/\/bard.google.com\/<\/a>)<\/p>\n<p><strong>ChatGPT<\/strong> (<a href=\"https:\/\/chat.openai.com\/chat\" target=\"_blank\" rel=\"noopener\">https:\/\/chat.openai.com\/chat<\/a>)<\/p>\n<p><strong>Poe.com<\/strong> (<a href=\"https:\/\/poe.com\/\" target=\"_blank\" rel=\"noopener\">https:\/\/poe.com\/<\/a>)<\/p>\n\t\t\t\tArt g\u00e9n\u00e9ratif\n\t\t\t\t<p><strong>Bing Cr\u00e9er<\/strong> (<a href=\"https:\/\/www.bing.com\/create\" target=\"_blank\" rel=\"noopener\">https:\/\/www.bing.com\/create<\/a>)<\/p>\n<p><b>Saule bleu <\/b>(<a href=\"https:\/\/www.bluewillow.ai\/\" target=\"_blank\" rel=\"noopener\">https:\/\/www.bluewillow.ai\/<\/a>)<\/p>\n<p><strong>StarryAI<\/strong> (<a href=\"https:\/\/starryai.com\/\" target=\"_blank\" rel=\"noopener\">https:\/\/starryai.com\/<\/a>)<\/p>\n<p><strong>\u00c0 mi-parcours <\/strong>(<a href=\"https:\/\/www.midjourney.com\/\" target=\"_blank\" rel=\"noopener\">https:\/\/www.midjourney.com\/<\/a>)<\/p>\n\t\t\t\tVid\u00e9o g\u00e9n\u00e9rative\n\t\t\t\t<p><strong>Kaiber<\/strong> (<a href=\"https:\/\/kaiber.ai\/\" target=\"_blank\" rel=\"noopener\">https:\/\/kaiber.ai\/<\/a>)<\/p>\n<p><strong>HeyGen<\/strong> (<a href=\"https:\/\/www.heygen.com\/\" target=\"_blank\" rel=\"noopener\">https:\/\/www.heygen.com\/<\/a>)<\/p>\n\t\t\t\tMusique g\u00e9n\u00e9rative\n\t\t\t\t<p><strong>Aiva<\/strong> (<a href=\"https:\/\/www.aiva.ai\/\" target=\"_blank\" rel=\"noopener\">https:\/\/www.aiva.ai\/<\/a>)<\/p>\n<p><strong>Sonore<\/strong> (<a href=\"https:\/\/soundful.com\/\" target=\"_blank\" rel=\"noopener\">https:\/\/soundful.com\/<\/a>)<\/p>\n<p><strong>Musique Ecrett<\/strong> (<a href=\"https:\/\/ecrettmusic.com\/\" target=\"_blank\" rel=\"noopener\">https:\/\/ecrettmusic.com\/<\/a>)<\/p>\n<p><strong>Sounddraw<\/strong> (<a href=\"https:\/\/soundraw.io\/\" target=\"_blank\" rel=\"noopener\">https:\/\/soundraw.io\/<\/a>)<\/p>\n<p><strong>Bruyamment<\/strong> (<a href=\"https:\/\/www.loudly.com\/music\/\" target=\"_blank\" rel=\"noopener\">https:\/\/www.loudly.com\/music\/<\/a>)<\/p>\n\t\t\t\tTranscription et r\u00e9sum\u00e9 de l&#039;IA\n\t\t\t\t<p><strong>Brasse<\/strong> (<a href=\"https:\/\/fathom.video\/\" target=\"_blank\" rel=\"noopener\">https:\/\/fathom.video\/<\/a>)<\/p>\n\t\t\t\tImages de stock\n\t\t\t\t<p><strong>Unsplash<\/strong> (<a href=\"https:\/\/unsplash.com\/\" target=\"_blank\" rel=\"noopener\">https:\/\/unsplash.com\/<\/a>)<\/p>\n<p><strong>Pexels<\/strong> (<a href=\"https:\/\/www.pexels.com\/\" target=\"_blank\" rel=\"noopener\">https:\/\/www.pexels.com\/<\/a>)<\/p>\n<p><strong>Images gratuites<\/strong> (<a href=\"https:\/\/www.freeimages.com\/\" target=\"_blank\" rel=\"noopener\">https:\/\/www.freeimages.com\/<\/a>)<\/p>\n<p><strong>Gratisographie<\/strong> (<a href=\"https:\/\/gratisography.com\/\" target=\"_blank\" rel=\"noopener\">https:\/\/gratisography.com\/<\/a>)<\/p>\n<p><strong>\u00c9change de cr\u00e9ation<\/strong> (<a href=\"https:\/\/www.creationswap.com\/\" target=\"_blank\" rel=\"noopener\">https:\/\/www.creationswap.com\/<\/a>)<\/p>\n<p><strong>Photos libres<\/strong> (<a href=\"https:\/\/www.freelyphotos.com\" target=\"_blank\" rel=\"noopener\">https:\/\/www.freelyphotos.com<\/a>)<\/p>\n<p><strong>Christian Lightstock<\/strong> (<a href=\"https:\/\/www.lightstock.com\/\" target=\"_blank\" rel=\"noopener\">https:\/\/www.lightstock.com\/<\/a>)<\/p>\n\t<h2>Bo\u00eete \u00e0 outils d&#039;IA<\/h2>\n<p>Cette bo\u00eete \u00e0 outils de formation offre un aper\u00e7u de l&#039;utilisation de l&#039;IA (intelligence artificielle) dans le minist\u00e8re. Cr\u00e9\u00e9e en octobre 2023, elle vise \u00e0 accompagner les responsables de minist\u00e8res du monde entier dans leurs actions aupr\u00e8s des enfants, des jeunes, de la famille, du sport, de la g\u00e9n\u00e9rosit\u00e9, du fitness et autres formes de minist\u00e8re. Il s&#039;agit d&#039;une introduction pratique et simple \u00e0 l&#039;utilisation de l&#039;intelligence artificielle dans le minist\u00e8re. Ce livret se concentre sur l&#039;utilisation de l&#039;IA, plut\u00f4t que sur les dangers potentiels et les enjeux \u00e9thiques li\u00e9s \u00e0 l&#039;IA.<\/p>\n<p>L&#039;IA \u00e9volue si rapidement que de nombreux \u00e9l\u00e9ments de ce livret pourraient \u00eatre obsol\u00e8tes au moment o\u00f9 vous le lirez. Cependant, une grande partie de ce qu&#039;il contient est pratique et simple, et s&#039;appliquera probablement d&#039;une mani\u00e8re ou d&#039;une autre \u00e0 de nombreuses applications de l&#039;IA.<\/p>\n<p>Vous pouvez t\u00e9l\u00e9charger cette bo\u00eete \u00e0 outils en utilisant le bouton ci-dessous.<\/p>\n\t<a href=\"https:\/\/gcf.community\/wp-content\/uploads\/2023\/10\/AI-Toolkit.pdf\" target=\"_self\" role=\"button\" download=\"AI-Toolkit.pdf\" aria-label=\"Bo\u00eete \u00e0 outils d&#039;IA\" rel=\"noopener\">\n\t\t\t\t\t\tBo\u00eete \u00e0 outils d&#039;IA\n\t\t\t\t\t<\/a>\n\t<h3>Contactez-nous pour de nouvelles ressources et de nouveaux outils<\/h3>\n<p>Avez-vous des id\u00e9es de ressources et d&#039;outils \u00e0 ajouter \u00e0 la liste ci-dessus\u00a0? N&#039;h\u00e9sitez pas \u00e0 nous les envoyer via le formulaire ci-dessous.<\/p>\n\t<form action=\"https:\/\/gcf.community\/fr\/wp-json\/ws-form\/v1\/submit\" class=\"wsf-form wsf-form-canvas\" id=\"ws-form-1\" data-id=\"36\" method=\"POST\" data-instance-id=\"1\" data-wsf-style-id=\"1\" data-trp-original-action=\"https:\/\/gcf.community\/fr\/wp-json\/ws-form\/v1\/submit\"><input type=\"hidden\" name=\"trp-form-language\" value=\"fr\"\/><\/form>\n<h2>\n\t\tRegardez la session de formation sur l&#039;IA ci-dessous\n\t<\/h2>\n\t\t\t<img decoding=\"async\" src=\"https:\/\/i.ytimg.com\/vi\/u14_ivnVcH8\/hqdefault.jpg\" alt=\"Video\" \/>\t\t\t\t\t\t\t\n\t\t\t\t\tLire la vid\u00e9o\n\t<h3>Souhaitez-vous rejoindre notre communaut\u00e9 d&#039;apprentissage de l&#039;IA sur WhatsApp ?<\/h3>\n<p>Si vous souhaitez rejoindre ce groupe, veuillez remplir vos coordonn\u00e9es ci-dessous et vous recevrez un e-mail avec un lien pour rejoindre le groupe.<\/p>\n<p>Veuillez noter que ce groupe est uniquement destin\u00e9 \u00e0 l&#039;apprentissage et au partage d&#039;id\u00e9es autour de l&#039;IA. Tout autre contenu publi\u00e9 sera supprim\u00e9. Merci de votre compr\u00e9hension.<\/p>\n\t<form action=\"https:\/\/gcf.community\/fr\/wp-json\/ws-form\/v1\/submit\" class=\"wsf-form wsf-form-canvas\" id=\"ws-form-2\" data-id=\"37\" method=\"POST\" data-instance-id=\"2\" data-wsf-style-id=\"1\" data-trp-original-action=\"https:\/\/gcf.community\/fr\/wp-json\/ws-form\/v1\/submit\"><input type=\"hidden\" name=\"trp-form-language\" value=\"fr\"\/><\/form>\n\t<h3>Tarification<\/h3>\n<p>Ces outils et ressources suivent trois mod\u00e8les de tarification de base\u00a0:<\/p>\n<p><strong>Gratuit<\/strong>Vous pouvez utiliser librement l&#039;outil et les ressources qu&#039;il g\u00e9n\u00e8re. Veuillez lire attentivement les conditions g\u00e9n\u00e9rales d&#039;utilisation du site web concern\u00e9 afin de v\u00e9rifier s&#039;il existe des restrictions d&#039;utilisation. Par exemple, vous pourriez \u00eatre tenu de mentionner le nom de l&#039;auteur ou ne pas \u00eatre autoris\u00e9 \u00e0 vendre le contenu que vous avez cr\u00e9\u00e9.<\/p>\n<p><strong>Freemium<\/strong>: You can use the tool for free. But your usage will be limited &#8211; either by time (e.g. you can create 10 images a month), or by functionality (e.g. you can only download your images as low resolution jpegs). If you pay for the tool then these restrictions are lifted.<\/p>\n<p><strong>Prime<\/strong>: L&#039;utilisation de l&#039;outil n&#039;est pas gratuite et vous devrez payer un forfait unique ou un abonnement. Les outils premium proposent parfois des essais gratuits pour vous permettre de d\u00e9terminer si vous souhaitez les utiliser.<\/p>\n\t<h3>Avertissements<\/h3>\n<p>Les outils list\u00e9s ci-dessus se trouvent tous sur des sites web externes. Ces liens sont fournis \u00e0 titre informatif uniquement et vous les utilisez \u00e0 vos propres risques. Nous avons inclus ces outils car nous pensons qu&#039;ils peuvent \u00eatre utiles. Cela ne signifie pas que nous approuvons l&#039;int\u00e9gralit\u00e9 du contenu que vous pourriez trouver sur ces sites web. Comme pour tout site web, leur contenu peut \u00eatre modifi\u00e9 ou supprim\u00e9.<\/p>\n<p>Veuillez noter que nous n&#039;avons aucun contr\u00f4le sur ces sites, ces ressources ou leur contenu. Soyez donc prudents et prudents\u00a0!<\/p>","protected":false},"excerpt":{"rendered":"<p>Resources Below is a list of resources and tools that we have collected. They are organised into different areas. Simply click on the blue bar to view the links in that section. If you find a link is broken, or if the information is incorrect, or if you find a resource that you think would &#8230; <a title=\"Ressources\" class=\"read-more\" href=\"https:\/\/gcf.community\/fr\/tools\/resources\/\" aria-label=\"En savoir plus sur les ressources\">Lire la suite<\/a><\/p>","protected":false},"author":1,"featured_media":0,"parent":849,"menu_order":0,"comment_status":"closed","ping_status":"closed","template":"","meta":{"_acf_changed":false,"_seopress_robots_primary_cat":"","_seopress_titles_title":"","_seopress_titles_desc":"","_seopress_robots_index":"","footnotes":"","_links_to":"","_links_to_target":""},"categories":[],"class_list":["post-2230","page","type-page","status-publish"],"acf":[],"_links":{"self":[{"href":"https:\/\/gcf.community\/fr\/wp-json\/wp\/v2\/pages\/2230","targetHints":{"allow":["GET"]}}],"collection":[{"href":"https:\/\/gcf.community\/fr\/wp-json\/wp\/v2\/pages"}],"about":[{"href":"https:\/\/gcf.community\/fr\/wp-json\/wp\/v2\/types\/page"}],"author":[{"embeddable":true,"href":"https:\/\/gcf.community\/fr\/wp-json\/wp\/v2\/users\/1"}],"replies":[{"embeddable":true,"href":"https:\/\/gcf.community\/fr\/wp-json\/wp\/v2\/comments?post=2230"}],"version-history":[{"count":22,"href":"https:\/\/gcf.community\/fr\/wp-json\/wp\/v2\/pages\/2230\/revisions"}],"predecessor-version":[{"id":2345,"href":"https:\/\/gcf.community\/fr\/wp-json\/wp\/v2\/pages\/2230\/revisions\/2345"}],"up":[{"embeddable":true,"href":"https:\/\/gcf.community\/fr\/wp-json\/wp\/v2\/pages\/849"}],"wp:attachment":[{"href":"https:\/\/gcf.community\/fr\/wp-json\/wp\/v2\/media?parent=2230"}],"wp:term":[{"taxonomy":"category","embeddable":true,"href":"https:\/\/gcf.community\/fr\/wp-json\/wp\/v2\/categories?post=2230"}],"curies":[{"name":"wp","href":"https:\/\/api.w.org\/{rel}","templated":true}]}}