{"id":221,"date":"2021-10-27T10:10:20","date_gmt":"2021-10-27T10:10:20","guid":{"rendered":"https:\/\/gcf.community\/terms-of-service\/"},"modified":"2022-02-20T16:24:51","modified_gmt":"2022-02-20T16:24:51","slug":"terms-of-service","status":"publish","type":"page","link":"https:\/\/gcf.community\/fr\/terms-of-service\/","title":{"rendered":"Conditions d&#039;utilisation"},"content":{"rendered":"<h1>\n\t\tConditions d&#039;utilisation\n\t<\/h1>\n\t<p>Veuillez lire attentivement ces termes et conditions avant d&#039;utiliser ce site<\/p>\n<h3>Que contiennent ces termes ?<\/h3>\n<p>Ces conditions vous indiquent les r\u00e8gles d&#039;utilisation de notre site Web <a href=\"https:\/\/gcf.community\/fr\/\">https:\/\/gcf.community<\/a> (notre site).<\/p>\n<h3>Qui sommes-nous et comment nous contacter<\/h3>\n<p><a href=\"https:\/\/gcf.community\/fr\/\">https:\/\/gcf.community<\/a> est un site exploit\u00e9 par XX. Nous sommes immatricul\u00e9s \u00e0 XX sous le num\u00e9ro d&#039;entreprise XX et avons notre si\u00e8ge social \u00e0 XX.<\/p>\n<p>Nous sommes enregistr\u00e9s aupr\u00e8s du Bureau du Commissaire \u00e0 l&#039;information (r\u00e9f. : XX).<\/p>\n<h3>En utilisant notre site, vous acceptez ces conditions<\/h3>\n<p>En utilisant notre site, vous confirmez que vous acceptez ces conditions et que vous vous engagez \u00e0 les respecter.<\/p>\n<p>Si vous n\u2019acceptez pas ces conditions, vous ne devez pas utiliser notre site.<\/p>\n<h3>Il existe d&#039;autres conditions qui s&#039;appliquent \u00e0 vous<\/h3>\n<p>Ces conditions font r\u00e9f\u00e9rence aux conditions suppl\u00e9mentaires suivantes, qui s&#039;appliquent \u00e9galement \u00e0 votre utilisation de notre site :<\/p>\n<ul>\n<li>Notre <a href=\"https:\/\/gcf.community\/fr\/privacy\/\">politique de confidentialit\u00e9<\/a> (voir plus loin sous Comment nous pouvons utiliser vos informations personnelles).<\/li>\n<li>Notre <a href=\"https:\/\/gcf.community\/fr\/cookies\/\">Politique relative aux cookies<\/a> (ceci contient des informations sur les cookies pr\u00e9sents sur notre site).<\/li>\n<\/ul>\n<h3>Nous pouvons apporter des modifications \u00e0 ces conditions<\/h3>\n<p>Nous modifions ces conditions de temps \u00e0 autre. Chaque fois que vous souhaitez utiliser notre site, veuillez les consulter afin de vous assurer de bien comprendre les conditions applicables.<\/p>\n<h3>Nous pouvons apporter des modifications \u00e0 notre site<\/h3>\n<p>Nous pouvons mettre \u00e0 jour et modifier notre site de temps \u00e0 autre.<\/p>\n<h3>Nous pouvons suspendre ou retirer notre site<\/h3>\n<p>Notre site est mis \u00e0 disposition gratuitement.<\/p>\n<p>Nous ne garantissons pas que notre site, ni son contenu, sera toujours disponible ou ininterrompu. Nous pouvons suspendre, supprimer ou restreindre la disponibilit\u00e9 de tout ou partie de notre site pour des raisons op\u00e9rationnelles.<\/p>\n<p>Vous \u00eates \u00e9galement responsable de vous assurer que toutes les personnes qui acc\u00e8dent \u00e0 notre site via votre connexion Internet connaissent ces conditions et les autres conditions g\u00e9n\u00e9rales applicables, et qu&#039;elles les respectent.<\/p>\n<h3>Vous devez conserver les d\u00e9tails de votre compte en toute s\u00e9curit\u00e9<\/h3>\n<p>Si vous choisissez, ou recevez, un nom d&#039;utilisateur, un code d&#039;identification, un mot de passe ou toute autre information dans le cadre de nos proc\u00e9dures de s\u00e9curit\u00e9, vous devez traiter ces informations de mani\u00e8re confidentielle. Vous ne devez pas les divulguer \u00e0 des tiers.<\/p>\n<p>Nous avons le droit de d\u00e9sactiver tout nom d&#039;utilisateur, code d&#039;identification ou mot de passe, qu&#039;il soit choisi par vous ou attribu\u00e9 par nous, \u00e0 tout moment, si, selon notre opinion raisonnable, vous n&#039;avez pas respect\u00e9 l&#039;une des dispositions des pr\u00e9sentes conditions.<\/p>\n<p>Si vous savez ou soup\u00e7onnez que quelqu\u2019un d\u2019autre que vous conna\u00eet votre nom d\u2019utilisateur, votre code d\u2019identification ou votre mot de passe, vous devez nous en informer rapidement.<\/p>\n<h3>Nous n&#039;approuvons pas les documents auxquels nous faisons r\u00e9f\u00e9rence.<\/h3>\n<p>Lorsque notre site fait r\u00e9f\u00e9rence \u00e0 des documents tiers ou les cite, ces informations sont fournies \u00e0 titre indicatif uniquement. Ces r\u00e9f\u00e9rences ne sauraient \u00eatre interpr\u00e9t\u00e9es comme une approbation de notre part de ces documents et ne repr\u00e9sentent pas nos opinions ou nos valeurs.<\/p>\n<h3>Nous ne sommes pas responsables des sites Web auxquels nous renvoyons<\/h3>\n<p>Lorsque notre site contient des liens vers d&#039;autres sites et ressources fournis par des tiers, ces liens sont fournis \u00e0 titre informatif uniquement. Ils ne sauraient \u00eatre interpr\u00e9t\u00e9s comme une approbation de notre part de ces sites web ni des informations que vous pourriez y trouver.<\/p>\n<p>Nous n\u2019avons aucun contr\u00f4le sur le contenu de ces sites ou ressources.<\/p>\n<h3>Comment nous pouvons utiliser vos informations personnelles<\/h3>\n<p>Nous n&#039;utiliserons vos informations personnelles que comme indiqu\u00e9 dans notre <a href=\"https:\/\/gcf.community\/fr\/privacy\/\">politique de confidentialit\u00e9<\/a>.<\/p>\n<h3>Nous ne sommes pas responsables des virus et vous ne devez pas les introduire<\/h3>\n<p>Nous ne garantissons pas que notre site sera s\u00e9curis\u00e9 ou exempt de bugs ou de virus.<\/p>\n<p>Vous \u00eates responsable de la configuration de votre syst\u00e8me d&#039;information, de vos programmes informatiques et de votre plateforme d&#039;acc\u00e8s \u00e0 notre site. Vous devez utiliser votre propre logiciel antivirus.<\/p>\n<p>Vous ne devez pas utiliser notre site \u00e0 mauvais escient en introduisant sciemment des virus, chevaux de Troie, vers, bombes logiques ou tout autre mat\u00e9riel malveillant ou technologiquement nuisible. Vous ne devez pas tenter d&#039;acc\u00e9der sans autorisation \u00e0 notre site, au serveur sur lequel il est h\u00e9berg\u00e9, ni \u00e0 tout serveur, ordinateur ou base de donn\u00e9es connect\u00e9 \u00e0 notre site. Vous ne devez pas attaquer notre site par d\u00e9ni de service ou par d\u00e9ni de service distribu\u00e9. En cas de violation de cette disposition, vous commettriez une infraction p\u00e9nale au sens de la loi de 1990 sur l&#039;utilisation abusive des ordinateurs. Nous signalerons toute violation de ce type aux autorit\u00e9s comp\u00e9tentes et coop\u00e9rerons avec elles en leur divulguant votre identit\u00e9. En cas de violation, votre droit d&#039;utiliser notre site cessera imm\u00e9diatement.<\/p>\n<h3>R\u00e8gles concernant les liens vers notre site<\/h3>\n<p>Vous pouvez cr\u00e9er un lien vers notre page d&#039;accueil, \u00e0 condition de le faire de mani\u00e8re juste et l\u00e9gale et de ne pas nuire \u00e0 notre r\u00e9putation ni d&#039;en tirer profit.<\/p>\n<p>Vous ne devez pas \u00e9tablir de lien de mani\u00e8re \u00e0 sugg\u00e9rer une quelconque forme d\u2019association, d\u2019approbation ou de soutien de notre part l\u00e0 o\u00f9 il n\u2019en existe pas.<\/p>\n<p>Vous ne devez pas \u00e9tablir de lien vers notre site sur un site Web qui ne vous appartient pas.<\/p>\n<p>Notre site ne doit pas \u00eatre encadr\u00e9 sur un autre site, et vous ne pouvez pas cr\u00e9er de lien vers une partie de notre site autre que la page d&#039;accueil.<\/p>\n<p>Nous nous r\u00e9servons le droit de retirer l&#039;autorisation de cr\u00e9ation de liens sans pr\u00e9avis.<\/p>","protected":false},"excerpt":{"rendered":"<p>Terms of Service Please read these terms and conditions carefully before using this site What is in these terms? These terms tell you the rules for using our website https:\/\/gcf.community (our site). Who we are and how to contact us https:\/\/gcf.community is a site operated by XX. We are registered in XX under company number &#8230; <a title=\"Conditions d&#039;utilisation\" class=\"read-more\" href=\"https:\/\/gcf.community\/fr\/terms-of-service\/\" aria-label=\"En savoir plus sur Terms of Service\">Lire la suite<\/a><\/p>","protected":false},"author":1,"featured_media":0,"parent":0,"menu_order":0,"comment_status":"closed","ping_status":"closed","template":"","meta":{"_acf_changed":false,"_seopress_robots_primary_cat":"","_seopress_titles_title":"","_seopress_titles_desc":"","_seopress_robots_index":"","footnotes":"","_links_to":"","_links_to_target":""},"categories":[],"class_list":["post-221","page","type-page","status-publish"],"acf":[],"_links":{"self":[{"href":"https:\/\/gcf.community\/fr\/wp-json\/wp\/v2\/pages\/221","targetHints":{"allow":["GET"]}}],"collection":[{"href":"https:\/\/gcf.community\/fr\/wp-json\/wp\/v2\/pages"}],"about":[{"href":"https:\/\/gcf.community\/fr\/wp-json\/wp\/v2\/types\/page"}],"author":[{"embeddable":true,"href":"https:\/\/gcf.community\/fr\/wp-json\/wp\/v2\/users\/1"}],"replies":[{"embeddable":true,"href":"https:\/\/gcf.community\/fr\/wp-json\/wp\/v2\/comments?post=221"}],"version-history":[{"count":0,"href":"https:\/\/gcf.community\/fr\/wp-json\/wp\/v2\/pages\/221\/revisions"}],"wp:attachment":[{"href":"https:\/\/gcf.community\/fr\/wp-json\/wp\/v2\/media?parent=221"}],"wp:term":[{"taxonomy":"category","embeddable":true,"href":"https:\/\/gcf.community\/fr\/wp-json\/wp\/v2\/categories?post=221"}],"curies":[{"name":"wp","href":"https:\/\/api.w.org\/{rel}","templated":true}]}}