{"id":2138,"date":"2023-08-31T14:49:28","date_gmt":"2023-08-31T13:49:28","guid":{"rendered":"https:\/\/gcf.community\/?page_id=2138"},"modified":"2023-09-05T13:54:51","modified_gmt":"2023-09-05T12:54:51","slug":"schedule","status":"publish","type":"page","link":"https:\/\/gcf.community\/fr\/resources\/flashlab\/flashlab23\/schedule\/","title":{"rendered":"Calendrier"},"content":{"rendered":"<nav aria-label=\"FlashLab\" itemscope=\"itemscope\" itemtype=\"https:\/\/schema.org\/SiteNavigationElement\">\n\t\t<ul id=\"menu-flashlab\"><li id=\"menu-item-2008\"><a href=\"https:\/\/gcf.community\/fr\/tools\/flashlab\/\" tabindex=\"0\" role=\"link\">FlashLab<\/a><\/li><li id=\"menu-item-2010\"><a href=\"https:\/\/gcf.community\/fr\/tools\/flashlab\/flashlab23\/\" tabindex=\"0\" role=\"link\">FlashLab23<\/a><ul>\t<li id=\"menu-item-2022\"><a href=\"https:\/\/gcf.community\/fr\/tools\/flashlab\/flashlab23\/reflection\/\" tabindex=\"0\" role=\"link\">R\u00e9flexion<\/a><\/li>\t<li id=\"menu-item-2016\"><a href=\"https:\/\/gcf.community\/fr\/tools\/flashlab\/flashlab23\/files\/\" tabindex=\"0\" role=\"link\">Fichiers<\/a><\/li>\t<li id=\"menu-item-2027\"><a href=\"https:\/\/gcf.community\/fr\/tools\/flashlab\/zoom-recordings\/\" tabindex=\"0\" role=\"link\">Enregistrements Zoom<\/a><\/li>\t<li id=\"menu-item-2142\"><a href=\"https:\/\/gcf.community\/fr\/tools\/flashlab\/flashlab23\/schedule\/\" aria-current=\"page\" tabindex=\"0\" role=\"link\">Calendrier<\/a><\/li><\/ul><\/li><li id=\"menu-item-2014\"><a href=\"https:\/\/gcf.community\/fr\/tools\/flashlab\/overview\/\" tabindex=\"0\" role=\"link\">Aper\u00e7u<\/a><\/li><li id=\"menu-item-2011\"><a href=\"https:\/\/gcf.community\/fr\/tools\/flashlab\/how-to-start\/\" tabindex=\"0\" role=\"link\">Comment commencer<\/a><\/li><li id=\"menu-item-2017\"><a href=\"https:\/\/gcf.community\/fr\/tools\/flashlab\/process\/\" tabindex=\"0\" role=\"link\">Processus<\/a><\/li><li id=\"menu-item-2009\"><a href=\"https:\/\/gcf.community\/fr\/tools\/flashlab\/different-models\/\" tabindex=\"0\" role=\"link\">Diff\u00e9rents mod\u00e8les<\/a><\/li><li id=\"menu-item-2012\"><a href=\"https:\/\/gcf.community\/fr\/tools\/flashlab\/look-and-listen\/\" tabindex=\"0\" role=\"link\">1 \u2013 Regardez et \u00e9coutez<\/a><\/li><li id=\"menu-item-2020\"><a href=\"https:\/\/gcf.community\/fr\/tools\/flashlab\/think-and-explore\/\" tabindex=\"0\" role=\"link\">2 \u2013 R\u00e9fl\u00e9chissez et explorez<\/a><\/li><li id=\"menu-item-2013\"><a href=\"https:\/\/gcf.community\/fr\/tools\/flashlab\/make-and-create\/\" tabindex=\"0\" role=\"link\">3 \u2013 Fabriquer et cr\u00e9er<\/a><\/li><li id=\"menu-item-2019\"><a href=\"https:\/\/gcf.community\/fr\/tools\/flashlab\/test-and-refine\/\" tabindex=\"0\" role=\"link\">4 \u2013 Tester et affiner<\/a><\/li><li id=\"menu-item-2018\"><a href=\"https:\/\/gcf.community\/fr\/tools\/flashlab\/share-and-multiply\/\" tabindex=\"0\" role=\"link\">5 \u2013 Partagez et multipliez<\/a><\/li><li id=\"menu-item-2136\"><a href=\"https:\/\/gcf.community\/fr\/tools\/flashlab\/useful-links\/\" tabindex=\"0\" role=\"link\">Liens utiles<\/a><\/li><\/ul>\n\t\t\t<\/nav>\n\t\t\t<button tabindex=\"0\" role=\"button\" aria-label=\"Menu FlashLab\">\n\t\t\t\tMenu FlashLab\t\t\t<\/button>\n\t<nav aria-label=\"FlashLab\" itemscope=\"itemscope\" itemtype=\"https:\/\/schema.org\/SiteNavigationElement\">\n\t\t<a href=\"javascript:void(0)\" aria-label=\"Fermer le menu\" role=\"button\">\u00d7<\/a>\n\t\t<ul id=\"menu-flashlab-1\"><li id=\"menu-item-2008\"><a href=\"https:\/\/gcf.community\/fr\/tools\/flashlab\/\" tabindex=\"0\" role=\"link\">FlashLab<\/a><\/li><li id=\"menu-item-2010\"><a href=\"https:\/\/gcf.community\/fr\/tools\/flashlab\/flashlab23\/\" tabindex=\"0\" role=\"link\">FlashLab23<\/a><ul>\t<li id=\"menu-item-2022\"><a href=\"https:\/\/gcf.community\/fr\/tools\/flashlab\/flashlab23\/reflection\/\" tabindex=\"0\" role=\"link\">R\u00e9flexion<\/a><\/li>\t<li id=\"menu-item-2016\"><a href=\"https:\/\/gcf.community\/fr\/tools\/flashlab\/flashlab23\/files\/\" tabindex=\"0\" role=\"link\">Fichiers<\/a><\/li>\t<li id=\"menu-item-2027\"><a href=\"https:\/\/gcf.community\/fr\/tools\/flashlab\/zoom-recordings\/\" tabindex=\"0\" role=\"link\">Enregistrements Zoom<\/a><\/li>\t<li id=\"menu-item-2142\"><a href=\"https:\/\/gcf.community\/fr\/tools\/flashlab\/flashlab23\/schedule\/\" aria-current=\"page\" tabindex=\"0\" role=\"link\">Calendrier<\/a><\/li><\/ul><\/li><li id=\"menu-item-2014\"><a href=\"https:\/\/gcf.community\/fr\/tools\/flashlab\/overview\/\" tabindex=\"0\" role=\"link\">Aper\u00e7u<\/a><\/li><li id=\"menu-item-2011\"><a href=\"https:\/\/gcf.community\/fr\/tools\/flashlab\/how-to-start\/\" tabindex=\"0\" role=\"link\">Comment commencer<\/a><\/li><li id=\"menu-item-2017\"><a href=\"https:\/\/gcf.community\/fr\/tools\/flashlab\/process\/\" tabindex=\"0\" role=\"link\">Processus<\/a><\/li><li id=\"menu-item-2009\"><a href=\"https:\/\/gcf.community\/fr\/tools\/flashlab\/different-models\/\" tabindex=\"0\" role=\"link\">Diff\u00e9rents mod\u00e8les<\/a><\/li><li id=\"menu-item-2012\"><a href=\"https:\/\/gcf.community\/fr\/tools\/flashlab\/look-and-listen\/\" tabindex=\"0\" role=\"link\">1 \u2013 Regardez et \u00e9coutez<\/a><\/li><li id=\"menu-item-2020\"><a href=\"https:\/\/gcf.community\/fr\/tools\/flashlab\/think-and-explore\/\" tabindex=\"0\" role=\"link\">2 \u2013 R\u00e9fl\u00e9chissez et explorez<\/a><\/li><li id=\"menu-item-2013\"><a href=\"https:\/\/gcf.community\/fr\/tools\/flashlab\/make-and-create\/\" tabindex=\"0\" role=\"link\">3 \u2013 Fabriquer et cr\u00e9er<\/a><\/li><li id=\"menu-item-2019\"><a href=\"https:\/\/gcf.community\/fr\/tools\/flashlab\/test-and-refine\/\" tabindex=\"0\" role=\"link\">4 \u2013 Tester et affiner<\/a><\/li><li id=\"menu-item-2018\"><a href=\"https:\/\/gcf.community\/fr\/tools\/flashlab\/share-and-multiply\/\" tabindex=\"0\" role=\"link\">5 \u2013 Partagez et multipliez<\/a><\/li><li id=\"menu-item-2136\"><a href=\"https:\/\/gcf.community\/fr\/tools\/flashlab\/useful-links\/\" tabindex=\"0\" role=\"link\">Liens utiles<\/a><\/li><\/ul>\n\t\t\t<\/nav>\n\n\t<h4>Semaine 1<\/h4>\n<strong>Sujet<\/strong>: (1) REGARDER ET \u00c9COUTER \/ FORMER DES \u00c9QUIPES<br>\n<strong>Date<\/strong>: Mercredi 6 septembre<br>\n<strong>Temps<\/strong>: 7h00, heure de New York (<a href=\"https:\/\/www.timeanddate.com\/worldclock\/fixedtime.html?msg=Week+1&amp;iso=20230906T07&amp;p1=179&amp;ah=1\" target=\"_blank\" rel=\"noopener\">afficher l&#039;heure de l&#039;\u00e9v\u00e9nement dans votre fuseau horaire local<\/a>)\n<h4>Semaine 2<\/h4>\n<strong>Sujet<\/strong>: (2) PENSER ET EXPLORER + (3) FAIRE ET CR\u00c9ER<br>\n<strong>Date<\/strong>: Mercredi 13 septembre<br>\n<strong>Temps<\/strong>: 7h00, heure de New York (<a href=\"https:\/\/www.timeanddate.com\/worldclock\/fixedtime.html?msg=Week+2&amp;iso=20230913T07&amp;p1=179&amp;ah=1\" target=\"_blank\" rel=\"noopener\">afficher l&#039;heure de l&#039;\u00e9v\u00e9nement dans votre fuseau horaire local<\/a>)\n<h4>Semaine 3<\/h4>\n<strong>Sujet<\/strong>: (3) FAIRE ET CR\u00c9ER<br>\n<strong>Date<\/strong>: Mercredi 20 septembre<br>\n<strong>Temps<\/strong>: 7h00, heure de New York (<a href=\"https:\/\/www.timeanddate.com\/worldclock\/fixedtime.html?msg=Week+3&amp;iso=20230920T07&amp;ah=1\" target=\"_blank\" rel=\"noopener\">afficher l&#039;heure de l&#039;\u00e9v\u00e9nement dans votre fuseau horaire local<\/a>)\n<h4>Semaine 4<\/h4>\n<strong>Sujet<\/strong>: (4) TESTER ET AFFINER<br>\n<strong>Date<\/strong>: Mercredi 27 septembre<br>\n<strong>Temps<\/strong>: 7h00, heure de New York (<a href=\"https:\/\/www.timeanddate.com\/worldclock\/fixedtime.html?msg=Week+4&amp;iso=20230927T07&amp;p1=179&amp;ah=1\" target=\"_blank\" rel=\"noopener\">afficher l&#039;heure de l&#039;\u00e9v\u00e9nement dans votre fuseau horaire local<\/a>)\n<h4>Semaine 5<\/h4>\n<strong>Sujet<\/strong>: (5) PARTAGEZ ET MULTIPLIEZ<br>\n<strong>Date<\/strong>: Mercredi 4 octobre<br>\n<strong>Temps<\/strong>: 7h00, heure de New York (<a href=\"https:\/\/www.timeanddate.com\/worldclock\/fixedtime.html?msg=Week+5&amp;iso=20231004T07&amp;p1=179&amp;ah=1\" target=\"_blank\" rel=\"noopener\">afficher l&#039;heure de l&#039;\u00e9v\u00e9nement dans votre fuseau horaire local<\/a>)\n<h4>Semaine 6<\/h4>\n<strong>Sujet<\/strong>: \u00c0 confirmer<br>\n<strong>Date<\/strong>: Mercredi 11 octobre<br>\n<strong>Temps<\/strong>: 7h00, heure de New York (<a href=\"https:\/\/www.timeanddate.com\/worldclock\/fixedtime.html?msg=Week+6&amp;iso=20231011T07&amp;p1=179&amp;ah=1\" target=\"_blank\" rel=\"noopener\">afficher l&#039;heure de l&#039;\u00e9v\u00e9nement dans votre fuseau horaire local<\/a>)\n<h4>Post-FlashLab<\/h4>\n<strong>Sujet<\/strong>: C\u00c9L\u00c9BRATION<br>\n<strong>Date<\/strong>: \u00c0 confirmer<br>\n<strong>Temps<\/strong>: \u00c0 confirmer","protected":false},"excerpt":{"rendered":"<p>FlashLab FlashLab23 R\u00e9flexion Fichiers Zoom Enregistrements Calendrier Aper\u00e7u Comment d\u00e9marrer Processus Diff\u00e9rents mod\u00e8les 1 \u2013 Regarder et \u00e9couter 2 \u2013 Penser et explorer 3 \u2013 Fabriquer et cr\u00e9er 4 \u2013 Tester et affiner 5 \u2013 Partager et multiplier Liens utiles Menu FlashLab \u00d7 FlashLab FlashLab23 R\u00e9flexion Fichiers Zoom Enregistrements Calendrier Aper\u00e7u Comment d\u00e9marrer \u2026 <a title=\"Calendrier\" class=\"read-more\" href=\"https:\/\/gcf.community\/fr\/resources\/flashlab\/flashlab23\/schedule\/\" aria-label=\"En savoir plus sur Schedule\">Lire la suite<\/a><\/p>","protected":false},"author":1,"featured_media":0,"parent":1921,"menu_order":0,"comment_status":"closed","ping_status":"closed","template":"","meta":{"_acf_changed":false,"_seopress_robots_primary_cat":"","_seopress_titles_title":"FlashLab: Schedule","_seopress_titles_desc":"A list of all our forthcoming meetings.","_seopress_robots_index":"","footnotes":"","_links_to":"","_links_to_target":""},"categories":[],"class_list":["post-2138","page","type-page","status-publish"],"acf":[],"_links":{"self":[{"href":"https:\/\/gcf.community\/fr\/wp-json\/wp\/v2\/pages\/2138","targetHints":{"allow":["GET"]}}],"collection":[{"href":"https:\/\/gcf.community\/fr\/wp-json\/wp\/v2\/pages"}],"about":[{"href":"https:\/\/gcf.community\/fr\/wp-json\/wp\/v2\/types\/page"}],"author":[{"embeddable":true,"href":"https:\/\/gcf.community\/fr\/wp-json\/wp\/v2\/users\/1"}],"replies":[{"embeddable":true,"href":"https:\/\/gcf.community\/fr\/wp-json\/wp\/v2\/comments?post=2138"}],"version-history":[{"count":0,"href":"https:\/\/gcf.community\/fr\/wp-json\/wp\/v2\/pages\/2138\/revisions"}],"up":[{"embeddable":true,"href":"https:\/\/gcf.community\/fr\/wp-json\/wp\/v2\/pages\/1921"}],"wp:attachment":[{"href":"https:\/\/gcf.community\/fr\/wp-json\/wp\/v2\/media?parent=2138"}],"wp:term":[{"taxonomy":"category","embeddable":true,"href":"https:\/\/gcf.community\/fr\/wp-json\/wp\/v2\/categories?post=2138"}],"curies":[{"name":"wp","href":"https:\/\/api.w.org\/{rel}","templated":true}]}}