{"id":1992,"date":"2023-08-30T14:52:30","date_gmt":"2023-08-30T13:52:30","guid":{"rendered":"https:\/\/gcf.community\/?page_id=1992"},"modified":"2023-09-05T13:49:24","modified_gmt":"2023-09-05T12:49:24","slug":"think-and-explore","status":"publish","type":"page","link":"https:\/\/gcf.community\/fr\/resources\/flashlab\/think-and-explore\/","title":{"rendered":"2 \u2013 R\u00e9fl\u00e9chissez et explorez"},"content":{"rendered":"<nav aria-label=\"FlashLab\" itemscope=\"itemscope\" itemtype=\"https:\/\/schema.org\/SiteNavigationElement\">\n\t\t<ul id=\"menu-flashlab\"><li id=\"menu-item-2008\"><a href=\"https:\/\/gcf.community\/fr\/tools\/flashlab\/\" tabindex=\"0\" role=\"link\">FlashLab<\/a><\/li><li id=\"menu-item-2010\"><a href=\"https:\/\/gcf.community\/fr\/tools\/flashlab\/flashlab23\/\" tabindex=\"0\" role=\"link\">FlashLab23<\/a><ul>\t<li id=\"menu-item-2022\"><a href=\"https:\/\/gcf.community\/fr\/tools\/flashlab\/flashlab23\/reflection\/\" tabindex=\"0\" role=\"link\">R\u00e9flexion<\/a><\/li>\t<li id=\"menu-item-2016\"><a href=\"https:\/\/gcf.community\/fr\/tools\/flashlab\/flashlab23\/files\/\" tabindex=\"0\" role=\"link\">Fichiers<\/a><\/li>\t<li id=\"menu-item-2027\"><a href=\"https:\/\/gcf.community\/fr\/tools\/flashlab\/zoom-recordings\/\" tabindex=\"0\" role=\"link\">Enregistrements Zoom<\/a><\/li>\t<li id=\"menu-item-2142\"><a href=\"https:\/\/gcf.community\/fr\/tools\/flashlab\/flashlab23\/schedule\/\" tabindex=\"0\" role=\"link\">Calendrier<\/a><\/li><\/ul><\/li><li id=\"menu-item-2014\"><a href=\"https:\/\/gcf.community\/fr\/tools\/flashlab\/overview\/\" tabindex=\"0\" role=\"link\">Aper\u00e7u<\/a><\/li><li id=\"menu-item-2011\"><a href=\"https:\/\/gcf.community\/fr\/tools\/flashlab\/how-to-start\/\" tabindex=\"0\" role=\"link\">Comment commencer<\/a><\/li><li id=\"menu-item-2017\"><a href=\"https:\/\/gcf.community\/fr\/tools\/flashlab\/process\/\" tabindex=\"0\" role=\"link\">Processus<\/a><\/li><li id=\"menu-item-2009\"><a href=\"https:\/\/gcf.community\/fr\/tools\/flashlab\/different-models\/\" tabindex=\"0\" role=\"link\">Diff\u00e9rents mod\u00e8les<\/a><\/li><li id=\"menu-item-2012\"><a href=\"https:\/\/gcf.community\/fr\/tools\/flashlab\/look-and-listen\/\" tabindex=\"0\" role=\"link\">1 \u2013 Regardez et \u00e9coutez<\/a><\/li><li id=\"menu-item-2020\"><a href=\"https:\/\/gcf.community\/fr\/tools\/flashlab\/think-and-explore\/\" aria-current=\"page\" tabindex=\"0\" role=\"link\">2 \u2013 R\u00e9fl\u00e9chissez et explorez<\/a><\/li><li id=\"menu-item-2013\"><a href=\"https:\/\/gcf.community\/fr\/tools\/flashlab\/make-and-create\/\" tabindex=\"0\" role=\"link\">3 \u2013 Fabriquer et cr\u00e9er<\/a><\/li><li id=\"menu-item-2019\"><a href=\"https:\/\/gcf.community\/fr\/tools\/flashlab\/test-and-refine\/\" tabindex=\"0\" role=\"link\">4 \u2013 Tester et affiner<\/a><\/li><li id=\"menu-item-2018\"><a href=\"https:\/\/gcf.community\/fr\/tools\/flashlab\/share-and-multiply\/\" tabindex=\"0\" role=\"link\">5 \u2013 Partagez et multipliez<\/a><\/li><li id=\"menu-item-2136\"><a href=\"https:\/\/gcf.community\/fr\/tools\/flashlab\/useful-links\/\" tabindex=\"0\" role=\"link\">Liens utiles<\/a><\/li><\/ul>\n\t\t\t<\/nav>\n\t\t\t<button tabindex=\"0\" role=\"button\" aria-label=\"Menu FlashLab\">\n\t\t\t\tMenu FlashLab\t\t\t<\/button>\n\t<nav aria-label=\"FlashLab\" itemscope=\"itemscope\" itemtype=\"https:\/\/schema.org\/SiteNavigationElement\">\n\t\t<a href=\"javascript:void(0)\" aria-label=\"Fermer le menu\" role=\"button\">\u00d7<\/a>\n\t\t<ul id=\"menu-flashlab-1\"><li id=\"menu-item-2008\"><a href=\"https:\/\/gcf.community\/fr\/tools\/flashlab\/\" tabindex=\"0\" role=\"link\">FlashLab<\/a><\/li><li id=\"menu-item-2010\"><a href=\"https:\/\/gcf.community\/fr\/tools\/flashlab\/flashlab23\/\" tabindex=\"0\" role=\"link\">FlashLab23<\/a><ul>\t<li id=\"menu-item-2022\"><a href=\"https:\/\/gcf.community\/fr\/tools\/flashlab\/flashlab23\/reflection\/\" tabindex=\"0\" role=\"link\">R\u00e9flexion<\/a><\/li>\t<li id=\"menu-item-2016\"><a href=\"https:\/\/gcf.community\/fr\/tools\/flashlab\/flashlab23\/files\/\" tabindex=\"0\" role=\"link\">Fichiers<\/a><\/li>\t<li id=\"menu-item-2027\"><a href=\"https:\/\/gcf.community\/fr\/tools\/flashlab\/zoom-recordings\/\" tabindex=\"0\" role=\"link\">Enregistrements Zoom<\/a><\/li>\t<li id=\"menu-item-2142\"><a href=\"https:\/\/gcf.community\/fr\/tools\/flashlab\/flashlab23\/schedule\/\" tabindex=\"0\" role=\"link\">Calendrier<\/a><\/li><\/ul><\/li><li id=\"menu-item-2014\"><a href=\"https:\/\/gcf.community\/fr\/tools\/flashlab\/overview\/\" tabindex=\"0\" role=\"link\">Aper\u00e7u<\/a><\/li><li id=\"menu-item-2011\"><a href=\"https:\/\/gcf.community\/fr\/tools\/flashlab\/how-to-start\/\" tabindex=\"0\" role=\"link\">Comment commencer<\/a><\/li><li id=\"menu-item-2017\"><a href=\"https:\/\/gcf.community\/fr\/tools\/flashlab\/process\/\" tabindex=\"0\" role=\"link\">Processus<\/a><\/li><li id=\"menu-item-2009\"><a href=\"https:\/\/gcf.community\/fr\/tools\/flashlab\/different-models\/\" tabindex=\"0\" role=\"link\">Diff\u00e9rents mod\u00e8les<\/a><\/li><li id=\"menu-item-2012\"><a href=\"https:\/\/gcf.community\/fr\/tools\/flashlab\/look-and-listen\/\" tabindex=\"0\" role=\"link\">1 \u2013 Regardez et \u00e9coutez<\/a><\/li><li id=\"menu-item-2020\"><a href=\"https:\/\/gcf.community\/fr\/tools\/flashlab\/think-and-explore\/\" aria-current=\"page\" tabindex=\"0\" role=\"link\">2 \u2013 R\u00e9fl\u00e9chissez et explorez<\/a><\/li><li id=\"menu-item-2013\"><a href=\"https:\/\/gcf.community\/fr\/tools\/flashlab\/make-and-create\/\" tabindex=\"0\" role=\"link\">3 \u2013 Fabriquer et cr\u00e9er<\/a><\/li><li id=\"menu-item-2019\"><a href=\"https:\/\/gcf.community\/fr\/tools\/flashlab\/test-and-refine\/\" tabindex=\"0\" role=\"link\">4 \u2013 Tester et affiner<\/a><\/li><li id=\"menu-item-2018\"><a href=\"https:\/\/gcf.community\/fr\/tools\/flashlab\/share-and-multiply\/\" tabindex=\"0\" role=\"link\">5 \u2013 Partagez et multipliez<\/a><\/li><li id=\"menu-item-2136\"><a href=\"https:\/\/gcf.community\/fr\/tools\/flashlab\/useful-links\/\" tabindex=\"0\" role=\"link\">Liens utiles<\/a><\/li><\/ul>\n\t\t\t<\/nav>\n\n<h4>\n\t\tPrenez le temps de trouver des id\u00e9es originales et utiles. Choisissez-en une et mettez-la en pratique.\n\t<\/h4>\n<h2>\n\t\tExplorer des id\u00e9es\n\t<\/h2>\n\t<p>La deuxi\u00e8me \u00e9tape consiste \u00e0 engager votre cerveau et votre c\u0153ur de diff\u00e9rentes mani\u00e8res pour trouver des id\u00e9es qui aideront \u00e0 r\u00e9pondre aux besoins d\u00e9couverts dans <a href=\"https:\/\/gcf.community\/fr\/tools\/flashlab\/look-and-listen\/\">Regardez et \u00e9coutez<\/a>.<\/p>\n<h3>Produire de nombreuses id\u00e9es<\/h3>\n<p>En \u00e9quipe, prenez 20 \u00e0 30 minutes pour produire autant d&#039;id\u00e9es que possible. Arr\u00eatez-vous.<\/p>\n<ul>\n<li>Ne discutez pas et ne jugez pas encore les id\u00e9es \u2013 laissez simplement le groupe \u00e9crire ou partager ses id\u00e9es.<\/li>\n<li>S\u2019appuyer sur les id\u00e9es de chacun (par exemple, une personne sugg\u00e8re une id\u00e9e, et d\u2019autres rel\u00e8vent le d\u00e9fi \u00ab Oui ! Et\u2026 \u00bb, en proposant quelque chose qui s\u2019appuie sur l\u2019id\u00e9e originale).<\/li>\n<li>Continuez \u00e0 stimuler votre cerveau pour trouver de nouvelles id\u00e9es. Votre 10e ou 30e id\u00e9e pourrait bien \u00eatre la meilleure\u00a0!<\/li>\n<li>Ajoutez un objet ou un mot au hasard (exemples\u00a0: bleu, sandwich, nuage, pieuvre). Essayez de g\u00e9n\u00e9rer davantage d&#039;id\u00e9es en utilisant ce mot comme tremplin.<\/li>\n<\/ul>\n<p>Enregistrez les id\u00e9es de chacun de mani\u00e8re visible. Utilisez ce que vous avez \u00e0 disposition\u00a0: tableaux, petites notes, grandes feuilles de papier. <a href=\"https:\/\/jamboard.google.com\/\" target=\"_blank\" rel=\"noopener\">Google Jamboard<\/a> est un excellent outil en ligne gratuit pour le brainstorming. Il est particuli\u00e8rement utile pour les FlashLabs virtuels.<\/p>\n<h2>\n\t\tRepose-toi et oublie\n\t<\/h2>\n\t<p>Votre cerveau a \u00e9t\u00e9 cr\u00e9\u00e9 par Dieu pour \u00eatre incroyablement cr\u00e9atif. Ce qui est incroyable, c&#039;est que votre cerveau est \u00e0 son apog\u00e9e, m\u00eame lorsque vous ne cherchez pas \u00e0 l&#039;\u00eatre\u00a0!<\/p>\n<p>L\u2019\u00e9tape suivante de cette \u00e9tape du FlashLab est de quitter le brainstorming et de se concentrer sur autre chose !<\/p>\n<ul>\n<li>Repos<\/li>\n<li>Faites une promenade ou faites du sport<\/li>\n<li>Faites quelque chose de diff\u00e9rent<\/li>\n<\/ul>\n<p>Laissez votre cerveau travailler pendant que vous \u00eates concentr\u00e9 ailleurs. Vous d\u00e9couvrirez peut-\u00eatre que vos meilleures id\u00e9es naissent sous la douche, en courant ou au r\u00e9veil. C&#039;est votre cerveau qui travaille en arri\u00e8re-plan.<\/p>\n<p>Notez toutes les nouvelles pens\u00e9es ou modifications \u00e0 apporter pour d\u00e9velopper les id\u00e9es existantes qui vous viennent \u00e0 l\u2019esprit.<\/p>\n<h2>\n\t\tJouer avec les id\u00e9es\n\t<\/h2>\n\t<p>Le jeu est un exercice pr\u00e9cieux pour les id\u00e9es produites par votre \u00e9quipe \u00e0 l\u2019\u00e9tape ci-dessus.<\/p>\n<p>Choisissez trois des id\u00e9es suivantes\u00a0:<\/p>\n<ul>\n<li>Un qui semble facile et pratique<\/li>\n<li>Une chose qui semble scandaleuse ou difficile<\/li>\n<li>Un au milieu \u2013 ni trop facile ni trop difficile<\/li>\n<\/ul>\n<p>Voici quelques pistes pour explorer vos id\u00e9es. Vous trouverez plus d&#039;informations dans la bo\u00eete \u00e0 outils FlashLab.<\/p>\n<p>D\u00e9formez une id\u00e9e en imaginant \u00e0 quoi cela ressemblerait si :<\/p>\n<ul>\n<li>C\u2019\u00e9tait \u00e0 l\u2019envers : par exemple, au lieu d\u2019un seul grand \u00e9v\u00e9nement, il y avait plusieurs petits \u00e9v\u00e9nements.<\/li>\n<li>Si c&#039;\u00e9tait r\u00e9duit, au lieu d&#039;un manuel de 50 pages, vous en auriez fait un avec seulement deux pages.<\/li>\n<\/ul>\n<p>D\u00e9composez une id\u00e9e en la divisant en ses parties et :<\/p>\n<ul>\n<li>R\u00e9organisez les pi\u00e8ces dans un nouvel ordre.<\/li>\n<li>Jetez une partie et voyez ce que vous avez.<\/li>\n<\/ul>\n<p>M\u00e9langer les id\u00e9es en :<\/p>\n<ul>\n<li>M\u00e9langer deux de vos id\u00e9es diff\u00e9rentes ensemble.<\/li>\n<\/ul>\n<p>Jonglez entre ces deux id\u00e9es dans votre esprit et voyez ce qu\u2019elles pourraient devenir.<\/p>\n<ul>\n<li>Regardez une id\u00e9e \u00e0 travers une perspective diff\u00e9rente, comme celle d\u2019un enfant, d\u2019une fourmi ou d\u2019en haut.<\/li>\n<\/ul>\n<h2>\n\t\tChoisissez des id\u00e9es\n\t<\/h2>\n\t<p>Une fois que vous avez jou\u00e9 avec les id\u00e9es, prenez le temps de prier, de r\u00e9fl\u00e9chir et de choisir ce que vous allez d\u00e9velopper.<\/p>\n<h3>Comment choisir une bonne id\u00e9e<\/h3>\n<p>Certains de ces aspects pourraient \u00eatre utiles pour choisir l\u2019id\u00e9e \u00e0 mettre en \u0153uvre :<\/p>\n<ul>\n<li>Apr\u00e8s la pri\u00e8re, pouvez-vous identifier celui que Dieu voudrait que vous fassiez ?<\/li>\n<li>Quelle id\u00e9e r\u00e9pondra le mieux aux besoins et aux personnes que vous avez identifi\u00e9es \u00e0 l\u2019\u00e9tape 1\u00a0?<\/li>\n<li>Quelle id\u00e9e vous passionne le plus ?<\/li>\n<li>Quelle id\u00e9e est r\u00e9alisable dans le temps dont vous disposez ?<\/li>\n<li>Quelle id\u00e9e vous pousse \u00e0 vous d\u00e9passer et vous pousse \u00e0 cr\u00e9er quelque chose d\u2019unique ?<\/li>\n<\/ul>\n\t<a href=\"https:\/\/gcf.community\/fr\/tools\/flashlab\/look-and-listen\/\" target=\"_self\" role=\"button\" aria-label=\"PR\u00c9C\u00c9DENT\" rel=\"noopener\">\n\t\t\t\t\t\tPR\u00c9C\u00c9DENT\n\t\t\t\t\t<\/a>\n\t<a href=\"https:\/\/gcf.community\/fr\/tools\/flashlab\/make-and-create\/\" target=\"_self\" role=\"button\" aria-label=\"SUIVANT\" rel=\"noopener\">\n\t\t\t\t\t\tSUIVANT\n\t\t\t<\/a>","protected":false},"excerpt":{"rendered":"<p>FlashLab FlashLab23 R\u00e9flexion Fichiers Zoom Enregistrements Calendrier Aper\u00e7u Comment d\u00e9marrer Processus Diff\u00e9rents mod\u00e8les 1 \u2013 Regarder et \u00e9couter 2 \u2013 Penser et explorer 3 \u2013 Fabriquer et cr\u00e9er 4 \u2013 Tester et affiner 5 \u2013 Partager et multiplier Liens utiles Menu FlashLab \u00d7 FlashLab FlashLab23 R\u00e9flexion Fichiers Zoom Enregistrements Calendrier Aper\u00e7u Comment d\u00e9marrer \u2026 <a title=\"2 \u2013 R\u00e9fl\u00e9chissez et explorez\" class=\"read-more\" href=\"https:\/\/gcf.community\/fr\/resources\/flashlab\/think-and-explore\/\" aria-label=\"En savoir plus sur 2 \u2013 R\u00e9fl\u00e9chir et explorer\">Lire la suite<\/a><\/p>","protected":false},"author":1,"featured_media":0,"parent":1917,"menu_order":0,"comment_status":"closed","ping_status":"closed","template":"","meta":{"_acf_changed":false,"_seopress_robots_primary_cat":"","_seopress_titles_title":"FlashLab: Think and Explore","_seopress_titles_desc":"Take time to come up with good, fresh and helpful ideas. Choose one to take forward.","_seopress_robots_index":"","footnotes":"","_links_to":"","_links_to_target":""},"categories":[91],"class_list":{"0":"post-1992","1":"page","2":"type-page","3":"status-publish","5":"category-flashlab"},"acf":[],"_links":{"self":[{"href":"https:\/\/gcf.community\/fr\/wp-json\/wp\/v2\/pages\/1992","targetHints":{"allow":["GET"]}}],"collection":[{"href":"https:\/\/gcf.community\/fr\/wp-json\/wp\/v2\/pages"}],"about":[{"href":"https:\/\/gcf.community\/fr\/wp-json\/wp\/v2\/types\/page"}],"author":[{"embeddable":true,"href":"https:\/\/gcf.community\/fr\/wp-json\/wp\/v2\/users\/1"}],"replies":[{"embeddable":true,"href":"https:\/\/gcf.community\/fr\/wp-json\/wp\/v2\/comments?post=1992"}],"version-history":[{"count":0,"href":"https:\/\/gcf.community\/fr\/wp-json\/wp\/v2\/pages\/1992\/revisions"}],"up":[{"embeddable":true,"href":"https:\/\/gcf.community\/fr\/wp-json\/wp\/v2\/pages\/1917"}],"wp:attachment":[{"href":"https:\/\/gcf.community\/fr\/wp-json\/wp\/v2\/media?parent=1992"}],"wp:term":[{"taxonomy":"category","embeddable":true,"href":"https:\/\/gcf.community\/fr\/wp-json\/wp\/v2\/categories?post=1992"}],"curies":[{"name":"wp","href":"https:\/\/api.w.org\/{rel}","templated":true}]}}