{"id":1981,"date":"2023-08-30T14:51:05","date_gmt":"2023-08-30T13:51:05","guid":{"rendered":"https:\/\/gcf.community\/?page_id=1981"},"modified":"2023-09-05T13:38:59","modified_gmt":"2023-09-05T12:38:59","slug":"look-and-listen","status":"publish","type":"page","link":"https:\/\/gcf.community\/fr\/resources\/flashlab\/look-and-listen\/","title":{"rendered":"1 \u2013 Regardez et \u00e9coutez"},"content":{"rendered":"<nav aria-label=\"FlashLab\" itemscope=\"itemscope\" itemtype=\"https:\/\/schema.org\/SiteNavigationElement\">\n\t\t<ul id=\"menu-flashlab\"><li id=\"menu-item-2008\"><a href=\"https:\/\/gcf.community\/fr\/tools\/flashlab\/\" tabindex=\"0\" role=\"link\">FlashLab<\/a><\/li><li id=\"menu-item-2010\"><a href=\"https:\/\/gcf.community\/fr\/tools\/flashlab\/flashlab23\/\" tabindex=\"0\" role=\"link\">FlashLab23<\/a><ul>\t<li id=\"menu-item-2022\"><a href=\"https:\/\/gcf.community\/fr\/tools\/flashlab\/flashlab23\/reflection\/\" tabindex=\"0\" role=\"link\">R\u00e9flexion<\/a><\/li>\t<li id=\"menu-item-2016\"><a href=\"https:\/\/gcf.community\/fr\/tools\/flashlab\/flashlab23\/files\/\" tabindex=\"0\" role=\"link\">Fichiers<\/a><\/li>\t<li id=\"menu-item-2027\"><a href=\"https:\/\/gcf.community\/fr\/tools\/flashlab\/zoom-recordings\/\" tabindex=\"0\" role=\"link\">Enregistrements Zoom<\/a><\/li>\t<li id=\"menu-item-2142\"><a href=\"https:\/\/gcf.community\/fr\/tools\/flashlab\/flashlab23\/schedule\/\" tabindex=\"0\" role=\"link\">Calendrier<\/a><\/li><\/ul><\/li><li id=\"menu-item-2014\"><a href=\"https:\/\/gcf.community\/fr\/tools\/flashlab\/overview\/\" tabindex=\"0\" role=\"link\">Aper\u00e7u<\/a><\/li><li id=\"menu-item-2011\"><a href=\"https:\/\/gcf.community\/fr\/tools\/flashlab\/how-to-start\/\" tabindex=\"0\" role=\"link\">Comment commencer<\/a><\/li><li id=\"menu-item-2017\"><a href=\"https:\/\/gcf.community\/fr\/tools\/flashlab\/process\/\" tabindex=\"0\" role=\"link\">Processus<\/a><\/li><li id=\"menu-item-2009\"><a href=\"https:\/\/gcf.community\/fr\/tools\/flashlab\/different-models\/\" tabindex=\"0\" role=\"link\">Diff\u00e9rents mod\u00e8les<\/a><\/li><li id=\"menu-item-2012\"><a href=\"https:\/\/gcf.community\/fr\/tools\/flashlab\/look-and-listen\/\" aria-current=\"page\" tabindex=\"0\" role=\"link\">1 \u2013 Regardez et \u00e9coutez<\/a><\/li><li id=\"menu-item-2020\"><a href=\"https:\/\/gcf.community\/fr\/tools\/flashlab\/think-and-explore\/\" tabindex=\"0\" role=\"link\">2 \u2013 R\u00e9fl\u00e9chissez et explorez<\/a><\/li><li id=\"menu-item-2013\"><a href=\"https:\/\/gcf.community\/fr\/tools\/flashlab\/make-and-create\/\" tabindex=\"0\" role=\"link\">3 \u2013 Fabriquer et cr\u00e9er<\/a><\/li><li id=\"menu-item-2019\"><a href=\"https:\/\/gcf.community\/fr\/tools\/flashlab\/test-and-refine\/\" tabindex=\"0\" role=\"link\">4 \u2013 Tester et affiner<\/a><\/li><li id=\"menu-item-2018\"><a href=\"https:\/\/gcf.community\/fr\/tools\/flashlab\/share-and-multiply\/\" tabindex=\"0\" role=\"link\">5 \u2013 Partagez et multipliez<\/a><\/li><li id=\"menu-item-2136\"><a href=\"https:\/\/gcf.community\/fr\/tools\/flashlab\/useful-links\/\" tabindex=\"0\" role=\"link\">Liens utiles<\/a><\/li><\/ul>\n\t\t\t<\/nav>\n\t\t\t<button tabindex=\"0\" role=\"button\" aria-label=\"Menu FlashLab\">\n\t\t\t\tMenu FlashLab\t\t\t<\/button>\n\t<nav aria-label=\"FlashLab\" itemscope=\"itemscope\" itemtype=\"https:\/\/schema.org\/SiteNavigationElement\">\n\t\t<a href=\"javascript:void(0)\" aria-label=\"Fermer le menu\" role=\"button\">\u00d7<\/a>\n\t\t<ul id=\"menu-flashlab-1\"><li id=\"menu-item-2008\"><a href=\"https:\/\/gcf.community\/fr\/tools\/flashlab\/\" tabindex=\"0\" role=\"link\">FlashLab<\/a><\/li><li id=\"menu-item-2010\"><a href=\"https:\/\/gcf.community\/fr\/tools\/flashlab\/flashlab23\/\" tabindex=\"0\" role=\"link\">FlashLab23<\/a><ul>\t<li id=\"menu-item-2022\"><a href=\"https:\/\/gcf.community\/fr\/tools\/flashlab\/flashlab23\/reflection\/\" tabindex=\"0\" role=\"link\">R\u00e9flexion<\/a><\/li>\t<li id=\"menu-item-2016\"><a href=\"https:\/\/gcf.community\/fr\/tools\/flashlab\/flashlab23\/files\/\" tabindex=\"0\" role=\"link\">Fichiers<\/a><\/li>\t<li id=\"menu-item-2027\"><a href=\"https:\/\/gcf.community\/fr\/tools\/flashlab\/zoom-recordings\/\" tabindex=\"0\" role=\"link\">Enregistrements Zoom<\/a><\/li>\t<li id=\"menu-item-2142\"><a href=\"https:\/\/gcf.community\/fr\/tools\/flashlab\/flashlab23\/schedule\/\" tabindex=\"0\" role=\"link\">Calendrier<\/a><\/li><\/ul><\/li><li id=\"menu-item-2014\"><a href=\"https:\/\/gcf.community\/fr\/tools\/flashlab\/overview\/\" tabindex=\"0\" role=\"link\">Aper\u00e7u<\/a><\/li><li id=\"menu-item-2011\"><a href=\"https:\/\/gcf.community\/fr\/tools\/flashlab\/how-to-start\/\" tabindex=\"0\" role=\"link\">Comment commencer<\/a><\/li><li id=\"menu-item-2017\"><a href=\"https:\/\/gcf.community\/fr\/tools\/flashlab\/process\/\" tabindex=\"0\" role=\"link\">Processus<\/a><\/li><li id=\"menu-item-2009\"><a href=\"https:\/\/gcf.community\/fr\/tools\/flashlab\/different-models\/\" tabindex=\"0\" role=\"link\">Diff\u00e9rents mod\u00e8les<\/a><\/li><li id=\"menu-item-2012\"><a href=\"https:\/\/gcf.community\/fr\/tools\/flashlab\/look-and-listen\/\" aria-current=\"page\" tabindex=\"0\" role=\"link\">1 \u2013 Regardez et \u00e9coutez<\/a><\/li><li id=\"menu-item-2020\"><a href=\"https:\/\/gcf.community\/fr\/tools\/flashlab\/think-and-explore\/\" tabindex=\"0\" role=\"link\">2 \u2013 R\u00e9fl\u00e9chissez et explorez<\/a><\/li><li id=\"menu-item-2013\"><a href=\"https:\/\/gcf.community\/fr\/tools\/flashlab\/make-and-create\/\" tabindex=\"0\" role=\"link\">3 \u2013 Fabriquer et cr\u00e9er<\/a><\/li><li id=\"menu-item-2019\"><a href=\"https:\/\/gcf.community\/fr\/tools\/flashlab\/test-and-refine\/\" tabindex=\"0\" role=\"link\">4 \u2013 Tester et affiner<\/a><\/li><li id=\"menu-item-2018\"><a href=\"https:\/\/gcf.community\/fr\/tools\/flashlab\/share-and-multiply\/\" tabindex=\"0\" role=\"link\">5 \u2013 Partagez et multipliez<\/a><\/li><li id=\"menu-item-2136\"><a href=\"https:\/\/gcf.community\/fr\/tools\/flashlab\/useful-links\/\" tabindex=\"0\" role=\"link\">Liens utiles<\/a><\/li><\/ul>\n\t\t\t<\/nav>\n\n<h4>\n\t\tApprenez et d\u00e9couvrez ce que vous aimeriez faire en comprenant pour qui vous le faites.\n\t<\/h4>\n<h2>\n\t\tCommencer\n\t<\/h2>\n\t<p>La premi\u00e8re \u00e9tape du processus FlashLab consiste \u00e0 identifier un ou plusieurs de ces exemples\u00a0:<\/p>\n<div id=\"footable_parent_2128\"\n         class=\"footable_parent ninja_table_wrapper loading_ninja_table wp_table_data_press_parent semantic_ui\">\n                <table data-ninja_table_instance=\"ninja_table_instance_0\" data-footable_id=\"2128\" data-filter-delay=\"1000\" aria-label=\"FlashLab D\u00e9marrer\"            id=\"footable_2128\"\n           data-unique_identifier=\"ninja_table_unique_id_1987984578_2128\"\n           class=\"foo-table ninja_footable foo_table_2128 ninja_table_unique_id_1987984578_2128 ui table  nt_type_legacy_table selectable striped vertical_centered  footable-paging-right ninjatable_hide_header_row ninja_table_search_disabled ninja_table_pro\">\n                <colgroup>\n                            <col class=\"ninja_column_0\">\n                            <col class=\"ninja_column_1\">\n                    <\/colgroup>\n        <thead>\n<tr class=\"footable-header\">\n                                        <th scope=\"col\"  class=\"ninja_column_0 ninja_clmn_nm_1\">1<\/th><th scope=\"col\"  class=\"ninja_column_1 ninja_clmn_nm_2\">2<\/th><\/tr>\n<\/thead>\n<tbody>\n\n        <tr data-row_id=\"28\" class=\"ninja_table_row_0 nt_row_id_28\">\n            <td><strong>Y a-t-il quelque chose que tu veux faire ?<\/strong><\/td><td><em>Vous avez peut-\u00eatre d\u00e9j\u00e0 un projet en t\u00eate, ou on vous a peut-\u00eatre demand\u00e9 de r\u00e9aliser quelque chose.<\/em><\/td>        <\/tr>\n            <tr data-row_id=\"30\" class=\"ninja_table_row_1 nt_row_id_30\">\n            <td><strong>Y a-t-il un probl\u00e8me que vous essayez de r\u00e9soudre ?<\/strong><\/td><td><em>Vous avez peut-\u00eatre un domaine qui n\u00e9cessite d\u2019\u00eatre abord\u00e9 et vous aimeriez cr\u00e9er une ressource pour aider \u00e0 former vos dirigeants.<\/em><\/td>        <\/tr>\n            <tr data-row_id=\"29\" class=\"ninja_table_row_2 nt_row_id_29\">\n            <td><strong>Y a-t-il un besoin auquel vous aimeriez r\u00e9pondre ?<\/strong><\/td><td><em>En regardant autour de vous, vous pourriez d\u00e9couvrir un besoin urgent auquel personne n\u2019a r\u00e9pondu dans votre contexte ou votre langue.<\/em><\/td>        <\/tr>\n            <tr data-row_id=\"31\" class=\"ninja_table_row_3 nt_row_id_31\">\n            <td><strong>Y a-t-il une opportunit\u00e9 que vous aimeriez saisir ?<\/strong><\/td><td><em>Vous pourriez avoir une excellente opportunit\u00e9 \u00e0 venir, un grand \u00e9v\u00e9nement ou une invitation sp\u00e9ciale et vous avez besoin d\u2019un plan, d\u2019une strat\u00e9gie ou d\u2019une ressource pour tirer le meilleur parti de cette opportunit\u00e9.<\/em><\/td>        <\/tr>\n    <\/tbody><!--ninja_tobody_rendering_done-->\n    <\/table>\n    \n    \n    \n<\/div>\n\n<p>FlashLab vous aide \u00e0 cr\u00e9er une nouvelle ressource pour r\u00e9pondre \u00e0 vos besoins. Vos besoins peuvent \u00eatre tr\u00e8s clairs ou ne rester qu&#039;une id\u00e9e vague. Ce n&#039;est pas un probl\u00e8me, car ce processus vous aidera \u00e0 affiner votre concentration.<\/p>\n<h2>\n\t\tPoser des questions\n\t<\/h2>\n\t<p>Observez et \u00e9coutez un peu et posez de bonnes questions, \u00e0 vous-m\u00eame et aux autres.<\/p>\n<h3>Regardez et \u00e9coutez<\/h3>\n<p>Assurez-vous de bien comprendre les personnes que vous souhaitez servir \u00e0 travers le processus FlashLab :<\/p>\n<ul>\n<li>Qui sont-ils (\u00e2ge, sexe, groupes) ?<\/li>\n<li>O\u00f9 sont-ils ?<\/li>\n<li>Quels sont leurs besoins\u00a0? Comment pouvons-nous les aider\u00a0?<\/li>\n<li>Que doivent-ils savoir sur Dieu ?<\/li>\n<li>Quel est le message de Dieu pour eux ?<\/li>\n<\/ul>\n<p>Gardez ces r\u00e9ponses et les visages des personnes que vous servez en t\u00eate. Cr\u00e9ez un tableau ou une page de votre public avec les r\u00e9ponses, des images et des informations utiles.<\/p>\n<p>FlashLab vise \u00e0 cr\u00e9er des ressources cibl\u00e9es et au service du public cible que vous avez identifi\u00e9. Posez-vous donc les questions suivantes\u00a0:<\/p>\n<ul>\n<li>Quel type de ressource leur serait le plus utile ?<\/li>\n<li>De quels diff\u00e9rents types de ressources pourraient-ils s\u2019agir ?<\/li>\n<li>Quels types pourraient \u00eatre les plus utiles dans le contexte ?<\/li>\n<li>Quelle lacune cette ressource pourrait-elle combler ?<\/li>\n<\/ul>\n\t<a href=\"https:\/\/gcf.community\/fr\/tools\/flashlab\/different-models\/\" target=\"_self\" role=\"button\" aria-label=\"PR\u00c9C\u00c9DENT\" rel=\"noopener\">\n\t\t\t\t\t\tPR\u00c9C\u00c9DENT\n\t\t\t\t\t<\/a>\n\t<a href=\"https:\/\/gcf.community\/fr\/tools\/flashlab\/think-and-explore\/\" target=\"_self\" role=\"button\" aria-label=\"SUIVANT\" rel=\"noopener\">\n\t\t\t\t\t\tSUIVANT\n\t\t\t<\/a>","protected":false},"excerpt":{"rendered":"<p>FlashLab FlashLab23 R\u00e9flexion Fichiers Zoom Enregistrements Calendrier Aper\u00e7u Comment d\u00e9marrer Processus Diff\u00e9rents mod\u00e8les 1 \u2013 Regarder et \u00e9couter 2 \u2013 Penser et explorer 3 \u2013 Fabriquer et cr\u00e9er 4 \u2013 Tester et affiner 5 \u2013 Partager et multiplier Liens utiles Menu FlashLab \u00d7 FlashLab FlashLab23 R\u00e9flexion Fichiers Zoom Enregistrements Calendrier Aper\u00e7u Comment d\u00e9marrer \u2026 <a title=\"1 \u2013 Regardez et \u00e9coutez\" class=\"read-more\" href=\"https:\/\/gcf.community\/fr\/resources\/flashlab\/look-and-listen\/\" aria-label=\"En savoir plus sur 1 \u2013 Regarder et \u00e9couter\">Lire la suite<\/a><\/p>","protected":false},"author":1,"featured_media":0,"parent":1917,"menu_order":0,"comment_status":"closed","ping_status":"closed","template":"","meta":{"_acf_changed":false,"_seopress_robots_primary_cat":"","_seopress_titles_title":"FlashLab: Look and Listen","_seopress_titles_desc":"Learn and discover what you would like to make by understanding who you are making it for.","_seopress_robots_index":"","footnotes":"","_links_to":"","_links_to_target":""},"categories":[91],"class_list":{"0":"post-1981","1":"page","2":"type-page","3":"status-publish","5":"category-flashlab"},"acf":[],"_links":{"self":[{"href":"https:\/\/gcf.community\/fr\/wp-json\/wp\/v2\/pages\/1981","targetHints":{"allow":["GET"]}}],"collection":[{"href":"https:\/\/gcf.community\/fr\/wp-json\/wp\/v2\/pages"}],"about":[{"href":"https:\/\/gcf.community\/fr\/wp-json\/wp\/v2\/types\/page"}],"author":[{"embeddable":true,"href":"https:\/\/gcf.community\/fr\/wp-json\/wp\/v2\/users\/1"}],"replies":[{"embeddable":true,"href":"https:\/\/gcf.community\/fr\/wp-json\/wp\/v2\/comments?post=1981"}],"version-history":[{"count":0,"href":"https:\/\/gcf.community\/fr\/wp-json\/wp\/v2\/pages\/1981\/revisions"}],"up":[{"embeddable":true,"href":"https:\/\/gcf.community\/fr\/wp-json\/wp\/v2\/pages\/1917"}],"wp:attachment":[{"href":"https:\/\/gcf.community\/fr\/wp-json\/wp\/v2\/media?parent=1981"}],"wp:term":[{"taxonomy":"category","embeddable":true,"href":"https:\/\/gcf.community\/fr\/wp-json\/wp\/v2\/categories?post=1981"}],"curies":[{"name":"wp","href":"https:\/\/api.w.org\/{rel}","templated":true}]}}