{"id":1971,"date":"2023-08-30T14:50:05","date_gmt":"2023-08-30T13:50:05","guid":{"rendered":"https:\/\/gcf.community\/?page_id=1971"},"modified":"2023-09-05T13:56:16","modified_gmt":"2023-09-05T12:56:16","slug":"process","status":"publish","type":"page","link":"https:\/\/gcf.community\/fr\/resources\/flashlab\/process\/","title":{"rendered":"Processus"},"content":{"rendered":"<nav aria-label=\"FlashLab\" itemscope=\"itemscope\" itemtype=\"https:\/\/schema.org\/SiteNavigationElement\">\n\t\t<ul id=\"menu-flashlab\"><li id=\"menu-item-2008\"><a href=\"https:\/\/gcf.community\/fr\/tools\/flashlab\/\" tabindex=\"0\" role=\"link\">FlashLab<\/a><\/li><li id=\"menu-item-2010\"><a href=\"https:\/\/gcf.community\/fr\/tools\/flashlab\/flashlab23\/\" tabindex=\"0\" role=\"link\">FlashLab23<\/a><ul>\t<li id=\"menu-item-2022\"><a href=\"https:\/\/gcf.community\/fr\/tools\/flashlab\/flashlab23\/reflection\/\" tabindex=\"0\" role=\"link\">R\u00e9flexion<\/a><\/li>\t<li id=\"menu-item-2016\"><a href=\"https:\/\/gcf.community\/fr\/tools\/flashlab\/flashlab23\/files\/\" tabindex=\"0\" role=\"link\">Fichiers<\/a><\/li>\t<li id=\"menu-item-2027\"><a href=\"https:\/\/gcf.community\/fr\/tools\/flashlab\/zoom-recordings\/\" tabindex=\"0\" role=\"link\">Enregistrements Zoom<\/a><\/li>\t<li id=\"menu-item-2142\"><a href=\"https:\/\/gcf.community\/fr\/tools\/flashlab\/flashlab23\/schedule\/\" tabindex=\"0\" role=\"link\">Calendrier<\/a><\/li><\/ul><\/li><li id=\"menu-item-2014\"><a href=\"https:\/\/gcf.community\/fr\/tools\/flashlab\/overview\/\" tabindex=\"0\" role=\"link\">Aper\u00e7u<\/a><\/li><li id=\"menu-item-2011\"><a href=\"https:\/\/gcf.community\/fr\/tools\/flashlab\/how-to-start\/\" tabindex=\"0\" role=\"link\">Comment commencer<\/a><\/li><li id=\"menu-item-2017\"><a href=\"https:\/\/gcf.community\/fr\/tools\/flashlab\/process\/\" aria-current=\"page\" tabindex=\"0\" role=\"link\">Processus<\/a><\/li><li id=\"menu-item-2009\"><a href=\"https:\/\/gcf.community\/fr\/tools\/flashlab\/different-models\/\" tabindex=\"0\" role=\"link\">Diff\u00e9rents mod\u00e8les<\/a><\/li><li id=\"menu-item-2012\"><a href=\"https:\/\/gcf.community\/fr\/tools\/flashlab\/look-and-listen\/\" tabindex=\"0\" role=\"link\">1 \u2013 Regardez et \u00e9coutez<\/a><\/li><li id=\"menu-item-2020\"><a href=\"https:\/\/gcf.community\/fr\/tools\/flashlab\/think-and-explore\/\" tabindex=\"0\" role=\"link\">2 \u2013 R\u00e9fl\u00e9chissez et explorez<\/a><\/li><li id=\"menu-item-2013\"><a href=\"https:\/\/gcf.community\/fr\/tools\/flashlab\/make-and-create\/\" tabindex=\"0\" role=\"link\">3 \u2013 Fabriquer et cr\u00e9er<\/a><\/li><li id=\"menu-item-2019\"><a href=\"https:\/\/gcf.community\/fr\/tools\/flashlab\/test-and-refine\/\" tabindex=\"0\" role=\"link\">4 \u2013 Tester et affiner<\/a><\/li><li id=\"menu-item-2018\"><a href=\"https:\/\/gcf.community\/fr\/tools\/flashlab\/share-and-multiply\/\" tabindex=\"0\" role=\"link\">5 \u2013 Partagez et multipliez<\/a><\/li><li id=\"menu-item-2136\"><a href=\"https:\/\/gcf.community\/fr\/tools\/flashlab\/useful-links\/\" tabindex=\"0\" role=\"link\">Liens utiles<\/a><\/li><\/ul>\n\t\t\t<\/nav>\n\t\t\t<button tabindex=\"0\" role=\"button\" aria-label=\"Menu FlashLab\">\n\t\t\t\tMenu FlashLab\t\t\t<\/button>\n\t<nav aria-label=\"FlashLab\" itemscope=\"itemscope\" itemtype=\"https:\/\/schema.org\/SiteNavigationElement\">\n\t\t<a href=\"javascript:void(0)\" aria-label=\"Fermer le menu\" role=\"button\">\u00d7<\/a>\n\t\t<ul id=\"menu-flashlab-1\"><li id=\"menu-item-2008\"><a href=\"https:\/\/gcf.community\/fr\/tools\/flashlab\/\" tabindex=\"0\" role=\"link\">FlashLab<\/a><\/li><li id=\"menu-item-2010\"><a href=\"https:\/\/gcf.community\/fr\/tools\/flashlab\/flashlab23\/\" tabindex=\"0\" role=\"link\">FlashLab23<\/a><ul>\t<li id=\"menu-item-2022\"><a href=\"https:\/\/gcf.community\/fr\/tools\/flashlab\/flashlab23\/reflection\/\" tabindex=\"0\" role=\"link\">R\u00e9flexion<\/a><\/li>\t<li id=\"menu-item-2016\"><a href=\"https:\/\/gcf.community\/fr\/tools\/flashlab\/flashlab23\/files\/\" tabindex=\"0\" role=\"link\">Fichiers<\/a><\/li>\t<li id=\"menu-item-2027\"><a href=\"https:\/\/gcf.community\/fr\/tools\/flashlab\/zoom-recordings\/\" tabindex=\"0\" role=\"link\">Enregistrements Zoom<\/a><\/li>\t<li id=\"menu-item-2142\"><a href=\"https:\/\/gcf.community\/fr\/tools\/flashlab\/flashlab23\/schedule\/\" tabindex=\"0\" role=\"link\">Calendrier<\/a><\/li><\/ul><\/li><li id=\"menu-item-2014\"><a href=\"https:\/\/gcf.community\/fr\/tools\/flashlab\/overview\/\" tabindex=\"0\" role=\"link\">Aper\u00e7u<\/a><\/li><li id=\"menu-item-2011\"><a href=\"https:\/\/gcf.community\/fr\/tools\/flashlab\/how-to-start\/\" tabindex=\"0\" role=\"link\">Comment commencer<\/a><\/li><li id=\"menu-item-2017\"><a href=\"https:\/\/gcf.community\/fr\/tools\/flashlab\/process\/\" aria-current=\"page\" tabindex=\"0\" role=\"link\">Processus<\/a><\/li><li id=\"menu-item-2009\"><a href=\"https:\/\/gcf.community\/fr\/tools\/flashlab\/different-models\/\" tabindex=\"0\" role=\"link\">Diff\u00e9rents mod\u00e8les<\/a><\/li><li id=\"menu-item-2012\"><a href=\"https:\/\/gcf.community\/fr\/tools\/flashlab\/look-and-listen\/\" tabindex=\"0\" role=\"link\">1 \u2013 Regardez et \u00e9coutez<\/a><\/li><li id=\"menu-item-2020\"><a href=\"https:\/\/gcf.community\/fr\/tools\/flashlab\/think-and-explore\/\" tabindex=\"0\" role=\"link\">2 \u2013 R\u00e9fl\u00e9chissez et explorez<\/a><\/li><li id=\"menu-item-2013\"><a href=\"https:\/\/gcf.community\/fr\/tools\/flashlab\/make-and-create\/\" tabindex=\"0\" role=\"link\">3 \u2013 Fabriquer et cr\u00e9er<\/a><\/li><li id=\"menu-item-2019\"><a href=\"https:\/\/gcf.community\/fr\/tools\/flashlab\/test-and-refine\/\" tabindex=\"0\" role=\"link\">4 \u2013 Tester et affiner<\/a><\/li><li id=\"menu-item-2018\"><a href=\"https:\/\/gcf.community\/fr\/tools\/flashlab\/share-and-multiply\/\" tabindex=\"0\" role=\"link\">5 \u2013 Partagez et multipliez<\/a><\/li><li id=\"menu-item-2136\"><a href=\"https:\/\/gcf.community\/fr\/tools\/flashlab\/useful-links\/\" tabindex=\"0\" role=\"link\">Liens utiles<\/a><\/li><\/ul>\n\t\t\t<\/nav>\n\n\t<h2>Les cinq \u00e9tapes d&#039;un FlashLab<\/h2>\n<p>Cette section vous donnera une vue d&#039;ensemble de l&#039;ensemble du processus d&#039;un FlashLab et les sections suivantes vous guideront ensuite \u00e0 travers chacune de ces \u00e9tapes plus en d\u00e9tail.<\/p>\n\t\t\t\t1 : Regardez et \u00e9coutez\n\t\t\t\t<p>\u00c0 cette \u00e9tape, vous allez :<\/p>\n<ul>\n<li>Regarde autour de toi<\/li>\n<li>\u00c9couter les besoins<\/li>\n<\/ul>\n<p><strong>Demander<\/strong>:Que serait-il utile de cr\u00e9er\u00a0? De quoi vos collaborateurs ont-ils besoin\u00a0? Quel probl\u00e8me souhaitez-vous r\u00e9soudre\u00a0? Ou quelle opportunit\u00e9 pourriez-vous saisir\u00a0?<\/p>\n\t\t\t\t2 : R\u00e9fl\u00e9chissez et explorez\n\t\t\t\t<p>En prenant ce que vous d\u00e9couvrez ci-dessus, vous :<\/p>\n<ul>\n<li>Trouvez beaucoup d\u2019id\u00e9es (essayez de r\u00e9fl\u00e9chir \u00e0 autant d\u2019id\u00e9es que possible\u00a0!)<\/li>\n<li>Prenez le temps de reposer votre cerveau<\/li>\n<li>Jouez avec les id\u00e9es<\/li>\n<li>Choisissez la meilleure id\u00e9e \u00e0 mettre en \u0153uvre<\/li>\n<\/ul>\n\t\t\t\t3 : Fabriquer et cr\u00e9er\n\t\t\t\t<p>Une fois que vous avez quelque chose \u00e0 faire :<\/p>\n<ul>\n<li>Commencez \u00e0 le cr\u00e9er<\/li>\n<li>Modifier et compl\u00e9ter un brouillon<\/li>\n<li>Compl\u00e9tez tous les \u00e9l\u00e9ments de conception<\/li>\n<\/ul>\n\t\t\t\t4\u00a0:\u00a0Tester et affiner\n\t\t\t\t<p>Testez votre brouillon \u2013 il n\u2019est pas n\u00e9cessaire que ce soit la version finale\u00a0:<\/p>\n<ul>\n<li>Testez-le en situation r\u00e9elle<\/li>\n<li>Obtenir des commentaires<\/li>\n<li>Affinez-le en fonction des commentaires<\/li>\n<li>Termine-le<\/li>\n<\/ul>\n\t\t\t\t5 : Partager et multiplier\n\t\t\t\t<p>Les FlashLabs ont pour objectif d&#039;\u00e9quiper et de fournir des ressources aux autres, donc l&#039;\u00e9tape finale est\u00a0:<\/p>\n<ul>\n<li>Partagez-le<\/li>\n<li>Traduisez-le<\/li>\n<li>C\u00e9l\u00e9brer!<\/li>\n<\/ul>\n\t<a href=\"https:\/\/gcf.community\/fr\/tools\/flashlab\/how-to-start\/\" target=\"_self\" role=\"button\" aria-label=\"PR\u00c9C\u00c9DENT\" rel=\"noopener\">\n\t\t\t\t\t\tPR\u00c9C\u00c9DENT\n\t\t\t\t\t<\/a>\n\t<a href=\"https:\/\/gcf.community\/fr\/tools\/flashlab\/different-models\/\" target=\"_self\" role=\"button\" aria-label=\"SUIVANT\" rel=\"noopener\">\n\t\t\t\t\t\tSUIVANT\n\t\t\t<\/a>","protected":false},"excerpt":{"rendered":"<p>FlashLab FlashLab23 R\u00e9flexion Fichiers Zoom Enregistrements Calendrier Aper\u00e7u Comment d\u00e9marrer Processus Diff\u00e9rents mod\u00e8les 1 \u2013 Regarder et \u00e9couter 2 \u2013 Penser et explorer 3 \u2013 Fabriquer et cr\u00e9er 4 \u2013 Tester et affiner 5 \u2013 Partager et multiplier Liens utiles Menu FlashLab \u00d7 FlashLab FlashLab23 R\u00e9flexion Fichiers Zoom Enregistrements Calendrier Aper\u00e7u Comment d\u00e9marrer \u2026 <a title=\"Processus\" class=\"read-more\" href=\"https:\/\/gcf.community\/fr\/resources\/flashlab\/process\/\" aria-label=\"En savoir plus sur Process\">Lire la suite<\/a><\/p>","protected":false},"author":1,"featured_media":0,"parent":1917,"menu_order":0,"comment_status":"closed","ping_status":"closed","template":"","meta":{"_acf_changed":false,"_seopress_robots_primary_cat":"","_seopress_titles_title":"FlashLab: Process","_seopress_titles_desc":"This section will give you a big picture view of the whole process of a FlashLab.","_seopress_robots_index":"","footnotes":"","_links_to":"","_links_to_target":""},"categories":[91],"class_list":{"0":"post-1971","1":"page","2":"type-page","3":"status-publish","5":"category-flashlab"},"acf":[],"_links":{"self":[{"href":"https:\/\/gcf.community\/fr\/wp-json\/wp\/v2\/pages\/1971","targetHints":{"allow":["GET"]}}],"collection":[{"href":"https:\/\/gcf.community\/fr\/wp-json\/wp\/v2\/pages"}],"about":[{"href":"https:\/\/gcf.community\/fr\/wp-json\/wp\/v2\/types\/page"}],"author":[{"embeddable":true,"href":"https:\/\/gcf.community\/fr\/wp-json\/wp\/v2\/users\/1"}],"replies":[{"embeddable":true,"href":"https:\/\/gcf.community\/fr\/wp-json\/wp\/v2\/comments?post=1971"}],"version-history":[{"count":0,"href":"https:\/\/gcf.community\/fr\/wp-json\/wp\/v2\/pages\/1971\/revisions"}],"up":[{"embeddable":true,"href":"https:\/\/gcf.community\/fr\/wp-json\/wp\/v2\/pages\/1917"}],"wp:attachment":[{"href":"https:\/\/gcf.community\/fr\/wp-json\/wp\/v2\/media?parent=1971"}],"wp:term":[{"taxonomy":"category","embeddable":true,"href":"https:\/\/gcf.community\/fr\/wp-json\/wp\/v2\/categories?post=1971"}],"curies":[{"name":"wp","href":"https:\/\/api.w.org\/{rel}","templated":true}]}}