{"id":1954,"date":"2023-08-30T14:42:25","date_gmt":"2023-08-30T13:42:25","guid":{"rendered":"https:\/\/gcf.community\/?page_id=1954"},"modified":"2023-09-05T13:54:24","modified_gmt":"2023-09-05T12:54:24","slug":"reflection","status":"publish","type":"page","link":"https:\/\/gcf.community\/fr\/resources\/flashlab\/flashlab23\/reflection\/","title":{"rendered":"R\u00e9flexion"},"content":{"rendered":"<nav aria-label=\"FlashLab\" itemscope=\"itemscope\" itemtype=\"https:\/\/schema.org\/SiteNavigationElement\">\n\t\t<ul id=\"menu-flashlab\"><li id=\"menu-item-2008\"><a href=\"https:\/\/gcf.community\/fr\/tools\/flashlab\/\" tabindex=\"0\" role=\"link\">FlashLab<\/a><\/li><li id=\"menu-item-2010\"><a href=\"https:\/\/gcf.community\/fr\/tools\/flashlab\/flashlab23\/\" tabindex=\"0\" role=\"link\">FlashLab23<\/a><ul>\t<li id=\"menu-item-2022\"><a href=\"https:\/\/gcf.community\/fr\/tools\/flashlab\/flashlab23\/reflection\/\" aria-current=\"page\" tabindex=\"0\" role=\"link\">R\u00e9flexion<\/a><\/li>\t<li id=\"menu-item-2016\"><a href=\"https:\/\/gcf.community\/fr\/tools\/flashlab\/flashlab23\/files\/\" tabindex=\"0\" role=\"link\">Fichiers<\/a><\/li>\t<li id=\"menu-item-2027\"><a href=\"https:\/\/gcf.community\/fr\/tools\/flashlab\/zoom-recordings\/\" tabindex=\"0\" role=\"link\">Enregistrements Zoom<\/a><\/li><\/ul><\/li><li id=\"menu-item-2014\"><a href=\"https:\/\/gcf.community\/fr\/tools\/flashlab\/overview\/\" tabindex=\"0\" role=\"link\">Aper\u00e7u<\/a><\/li><li id=\"menu-item-2011\"><a href=\"https:\/\/gcf.community\/fr\/tools\/flashlab\/how-to-start\/\" tabindex=\"0\" role=\"link\">Comment commencer<\/a><\/li><li id=\"menu-item-2017\"><a href=\"https:\/\/gcf.community\/fr\/tools\/flashlab\/process\/\" tabindex=\"0\" role=\"link\">Processus<\/a><\/li><li id=\"menu-item-2009\"><a href=\"https:\/\/gcf.community\/fr\/tools\/flashlab\/different-models\/\" tabindex=\"0\" role=\"link\">Diff\u00e9rents mod\u00e8les<\/a><\/li><li id=\"menu-item-2012\"><a href=\"https:\/\/gcf.community\/fr\/tools\/flashlab\/look-and-listen\/\" tabindex=\"0\" role=\"link\">Regardez et \u00e9coutez<\/a><\/li><li id=\"menu-item-2020\"><a href=\"https:\/\/gcf.community\/fr\/tools\/flashlab\/think-and-explore\/\" tabindex=\"0\" role=\"link\">R\u00e9fl\u00e9chissez et explorez<\/a><\/li><li id=\"menu-item-2013\"><a href=\"https:\/\/gcf.community\/fr\/tools\/flashlab\/make-and-create\/\" tabindex=\"0\" role=\"link\">Fabriquer et cr\u00e9er<\/a><\/li><li id=\"menu-item-2019\"><a href=\"https:\/\/gcf.community\/fr\/tools\/flashlab\/test-and-refine\/\" tabindex=\"0\" role=\"link\">Tester et affiner<\/a><\/li><li id=\"menu-item-2018\"><a href=\"https:\/\/gcf.community\/fr\/tools\/flashlab\/share-and-multiply\/\" tabindex=\"0\" role=\"link\">Partager et multiplier<\/a><\/li><\/ul>\n\t\t\t<\/nav>\n\t\t\t<button tabindex=\"0\" role=\"button\" aria-label=\"Menu FlashLab\">\n\t\t\t\tMenu FlashLab\t\t\t<\/button>\n\t<nav aria-label=\"FlashLab\" itemscope=\"itemscope\" itemtype=\"https:\/\/schema.org\/SiteNavigationElement\">\n\t\t<a href=\"javascript:void(0)\" aria-label=\"Fermer le menu\" role=\"button\">\u00d7<\/a>\n\t\t<ul id=\"menu-flashlab-1\"><li id=\"menu-item-2008\"><a href=\"https:\/\/gcf.community\/fr\/tools\/flashlab\/\" tabindex=\"0\" role=\"link\">FlashLab<\/a><\/li><li id=\"menu-item-2010\"><a href=\"https:\/\/gcf.community\/fr\/tools\/flashlab\/flashlab23\/\" tabindex=\"0\" role=\"link\">FlashLab23<\/a><ul>\t<li id=\"menu-item-2022\"><a href=\"https:\/\/gcf.community\/fr\/tools\/flashlab\/flashlab23\/reflection\/\" aria-current=\"page\" tabindex=\"0\" role=\"link\">R\u00e9flexion<\/a><\/li>\t<li id=\"menu-item-2016\"><a href=\"https:\/\/gcf.community\/fr\/tools\/flashlab\/flashlab23\/files\/\" tabindex=\"0\" role=\"link\">Fichiers<\/a><\/li>\t<li id=\"menu-item-2027\"><a href=\"https:\/\/gcf.community\/fr\/tools\/flashlab\/zoom-recordings\/\" tabindex=\"0\" role=\"link\">Enregistrements Zoom<\/a><\/li><\/ul><\/li><li id=\"menu-item-2014\"><a href=\"https:\/\/gcf.community\/fr\/tools\/flashlab\/overview\/\" tabindex=\"0\" role=\"link\">Aper\u00e7u<\/a><\/li><li id=\"menu-item-2011\"><a href=\"https:\/\/gcf.community\/fr\/tools\/flashlab\/how-to-start\/\" tabindex=\"0\" role=\"link\">Comment commencer<\/a><\/li><li id=\"menu-item-2017\"><a href=\"https:\/\/gcf.community\/fr\/tools\/flashlab\/process\/\" tabindex=\"0\" role=\"link\">Processus<\/a><\/li><li id=\"menu-item-2009\"><a href=\"https:\/\/gcf.community\/fr\/tools\/flashlab\/different-models\/\" tabindex=\"0\" role=\"link\">Diff\u00e9rents mod\u00e8les<\/a><\/li><li id=\"menu-item-2012\"><a href=\"https:\/\/gcf.community\/fr\/tools\/flashlab\/look-and-listen\/\" tabindex=\"0\" role=\"link\">Regardez et \u00e9coutez<\/a><\/li><li id=\"menu-item-2020\"><a href=\"https:\/\/gcf.community\/fr\/tools\/flashlab\/think-and-explore\/\" tabindex=\"0\" role=\"link\">R\u00e9fl\u00e9chissez et explorez<\/a><\/li><li id=\"menu-item-2013\"><a href=\"https:\/\/gcf.community\/fr\/tools\/flashlab\/make-and-create\/\" tabindex=\"0\" role=\"link\">Fabriquer et cr\u00e9er<\/a><\/li><li id=\"menu-item-2019\"><a href=\"https:\/\/gcf.community\/fr\/tools\/flashlab\/test-and-refine\/\" tabindex=\"0\" role=\"link\">Tester et affiner<\/a><\/li><li id=\"menu-item-2018\"><a href=\"https:\/\/gcf.community\/fr\/tools\/flashlab\/share-and-multiply\/\" tabindex=\"0\" role=\"link\">Partager et multiplier<\/a><\/li><\/ul>\n\t\t\t<\/nav>\n\n\t<p>FlashLab est un processus et une m\u00e9thode permettant de cr\u00e9er de nouveaux outils et ressources minist\u00e9riels.<\/p>\n<p>Vous vous demandez peut-\u00eatre pourquoi\u00a0? Nous savons que\u00a0:<\/p>\n        <p><em>Toute \u00c9criture est inspir\u00e9e de Dieu et est utile pour <\/em><em>enseigner, r\u00e9primander, corriger et former <\/em><em>justice, afin que le serviteur de Dieu soit <\/em><em>enti\u00e8rement \u00e9quip\u00e9 pour tout bon travail.<\/em>2 Timoth\u00e9e 3:16 NIV<\/p>    \n\t<p>Alors pourquoi avons-nous besoin de plus d\u2019outils et de ressources ?<\/p>\n<p>Au c\u0153ur de FlashLab se trouve le d\u00e9sir de voir des personnes du monde entier s&#039;engager dans la Parole de Dieu. Cr\u00e9er de nouveaux outils et ressources est un moyen de former, d&#039;\u00e9quiper, d&#039;engager, d&#039;inspirer et de communiquer la Parole de Dieu en de nombreuses langues. Qu&#039;il s&#039;agisse d&#039;un programme biblique, d&#039;une vid\u00e9o, d&#039;une formation ou d&#039;un jeu exp\u00e9rientiel, Dieu peut utiliser chacun de ces outils pour aider d&#039;autres personnes \u00e0 s&#039;engager dans sa Parole et \u00e0 rencontrer J\u00e9sus.<\/p>\n        <p><em>L\u2019amour in\u00e9branlable du Seigneur ne cesse jamais ;<\/em><br><em>&nbsp; &nbsp;Ses mis\u00e9ricordes ne finissent jamais ;<\/em><br><em>ils sont nouveaux chaque matin ;<\/em><br><em>&nbsp; &nbsp;grande est ta fid\u00e9lit\u00e9.<\/em>Lamentations 3:22-23 NIV<\/p>    \n\t<p>Dans le cadre de ce FlashLab, prenez le temps de lire la Bible et de r\u00e9fl\u00e9chir \u00e0 la fa\u00e7on dont le Seigneur nous a cr\u00e9\u00e9s.<\/p>\n<h3>En \u00e9tant cr\u00e9atif<\/h3>\n<p>Lisez l&#039;histoire de Betsaleel, le premier personnage de la Bible \u00e0 \u00eatre \u00ab rempli de l&#039;Esprit de Dieu \u00bb (Exode 31:1-5). Quels dons cr\u00e9atifs pouvons-nous offrir\u00a0?<\/p>\n<p>David, si cr\u00e9atif, voulait \u00ab chanter un cantique nouveau \u00bb au Seigneur (Psaumes 96 et 98). Que pouvons-nous offrir au Seigneur de nouveau et de frais aujourd&#039;hui\u00a0?<\/p>\n<h3>Dans notre don de temps<\/h3>\n<p>Lisez 2 Corinthiens 9:6-8. Comment pouvons-nous \u00eatre g\u00e9n\u00e9reux de notre temps, de nos encouragements et de notre travail pour le bien des autres\u00a0?<\/p>\n<h3>En partageant nos dons dans l&#039;unit\u00e9<\/h3>\n<p>Chaque membre d&#039;une \u00e9quipe a des dons diff\u00e9rents \u00e0 offrir, mais nous sommes tous unis sous l&#039;autorit\u00e9 de J\u00e9sus. Lisez \u00c9ph\u00e9siens 4:1-16 ou 1 Corinthiens 12:12-19. Pour que FlashLab fonctionne, diff\u00e9rentes personnes serviront de diff\u00e9rentes mani\u00e8res.<\/p>","protected":false},"excerpt":{"rendered":"<p>FlashLab FlashLab23 Fichiers de r\u00e9flexion Zoom Enregistrements Pr\u00e9sentation Comment d\u00e9marrer Processus Diff\u00e9rents mod\u00e8les Regarder et \u00e9couter Penser et explorer Cr\u00e9er et cr\u00e9er Tester et affiner Partager et multiplier Menu FlashLab \u00d7 FlashLab FlashLab23 Fichiers de r\u00e9flexion Zoom Enregistrements Pr\u00e9sentation Comment d\u00e9marrer Processus Diff\u00e9rents mod\u00e8les Regarder et \u00e9couter Penser et explorer Cr\u00e9er et cr\u00e9er Tester et \u2026 <a title=\"R\u00e9flexion\" class=\"read-more\" href=\"https:\/\/gcf.community\/fr\/resources\/flashlab\/flashlab23\/reflection\/\" aria-label=\"En savoir plus sur Reflection\">Lire la suite<\/a><\/p>","protected":false},"author":1,"featured_media":0,"parent":1921,"menu_order":0,"comment_status":"closed","ping_status":"closed","template":"","meta":{"_acf_changed":false,"_seopress_robots_primary_cat":"","_seopress_titles_title":"FlashLab: Reflection","_seopress_titles_desc":"FlashLab is a process and method for making new ministry tools and resources. You might ask why?","_seopress_robots_index":"","footnotes":"","_links_to":"","_links_to_target":""},"categories":[91],"class_list":{"0":"post-1954","1":"page","2":"type-page","3":"status-publish","5":"category-flashlab"},"acf":[],"_links":{"self":[{"href":"https:\/\/gcf.community\/fr\/wp-json\/wp\/v2\/pages\/1954","targetHints":{"allow":["GET"]}}],"collection":[{"href":"https:\/\/gcf.community\/fr\/wp-json\/wp\/v2\/pages"}],"about":[{"href":"https:\/\/gcf.community\/fr\/wp-json\/wp\/v2\/types\/page"}],"author":[{"embeddable":true,"href":"https:\/\/gcf.community\/fr\/wp-json\/wp\/v2\/users\/1"}],"replies":[{"embeddable":true,"href":"https:\/\/gcf.community\/fr\/wp-json\/wp\/v2\/comments?post=1954"}],"version-history":[{"count":0,"href":"https:\/\/gcf.community\/fr\/wp-json\/wp\/v2\/pages\/1954\/revisions"}],"up":[{"embeddable":true,"href":"https:\/\/gcf.community\/fr\/wp-json\/wp\/v2\/pages\/1921"}],"wp:attachment":[{"href":"https:\/\/gcf.community\/fr\/wp-json\/wp\/v2\/media?parent=1954"}],"wp:term":[{"taxonomy":"category","embeddable":true,"href":"https:\/\/gcf.community\/fr\/wp-json\/wp\/v2\/categories?post=1954"}],"curies":[{"name":"wp","href":"https:\/\/api.w.org\/{rel}","templated":true}]}}