{"id":1921,"date":"2023-08-30T06:47:15","date_gmt":"2023-08-30T05:47:15","guid":{"rendered":"https:\/\/gcf.community\/?page_id=1921"},"modified":"2023-09-05T13:52:21","modified_gmt":"2023-09-05T12:52:21","slug":"flashlab23","status":"publish","type":"page","link":"https:\/\/gcf.community\/fr\/resources\/flashlab\/flashlab23\/","title":{"rendered":"FlashLab23"},"content":{"rendered":"<nav aria-label=\"FlashLab\" itemscope=\"itemscope\" itemtype=\"https:\/\/schema.org\/SiteNavigationElement\">\n\t\t<ul id=\"menu-flashlab\"><li id=\"menu-item-2008\"><a href=\"https:\/\/gcf.community\/fr\/tools\/flashlab\/\" tabindex=\"0\" role=\"link\">FlashLab<\/a><\/li><li id=\"menu-item-2010\"><a href=\"https:\/\/gcf.community\/fr\/tools\/flashlab\/flashlab23\/\" aria-current=\"page\" tabindex=\"0\" role=\"link\">FlashLab23<\/a><ul>\t<li id=\"menu-item-2022\"><a href=\"https:\/\/gcf.community\/fr\/tools\/flashlab\/flashlab23\/reflection\/\" tabindex=\"0\" role=\"link\">R\u00e9flexion<\/a><\/li>\t<li id=\"menu-item-2016\"><a href=\"https:\/\/gcf.community\/fr\/tools\/flashlab\/flashlab23\/files\/\" tabindex=\"0\" role=\"link\">Fichiers<\/a><\/li>\t<li id=\"menu-item-2027\"><a href=\"https:\/\/gcf.community\/fr\/tools\/flashlab\/zoom-recordings\/\" tabindex=\"0\" role=\"link\">Enregistrements Zoom<\/a><\/li><\/ul><\/li><li id=\"menu-item-2014\"><a href=\"https:\/\/gcf.community\/fr\/tools\/flashlab\/overview\/\" tabindex=\"0\" role=\"link\">Aper\u00e7u<\/a><\/li><li id=\"menu-item-2011\"><a href=\"https:\/\/gcf.community\/fr\/tools\/flashlab\/how-to-start\/\" tabindex=\"0\" role=\"link\">Comment commencer<\/a><\/li><li id=\"menu-item-2017\"><a href=\"https:\/\/gcf.community\/fr\/tools\/flashlab\/process\/\" tabindex=\"0\" role=\"link\">Processus<\/a><\/li><li id=\"menu-item-2009\"><a href=\"https:\/\/gcf.community\/fr\/tools\/flashlab\/different-models\/\" tabindex=\"0\" role=\"link\">Diff\u00e9rents mod\u00e8les<\/a><\/li><li id=\"menu-item-2012\"><a href=\"https:\/\/gcf.community\/fr\/tools\/flashlab\/look-and-listen\/\" tabindex=\"0\" role=\"link\">Regardez et \u00e9coutez<\/a><\/li><li id=\"menu-item-2020\"><a href=\"https:\/\/gcf.community\/fr\/tools\/flashlab\/think-and-explore\/\" tabindex=\"0\" role=\"link\">R\u00e9fl\u00e9chissez et explorez<\/a><\/li><li id=\"menu-item-2013\"><a href=\"https:\/\/gcf.community\/fr\/tools\/flashlab\/make-and-create\/\" tabindex=\"0\" role=\"link\">Fabriquer et cr\u00e9er<\/a><\/li><li id=\"menu-item-2019\"><a href=\"https:\/\/gcf.community\/fr\/tools\/flashlab\/test-and-refine\/\" tabindex=\"0\" role=\"link\">Tester et affiner<\/a><\/li><li id=\"menu-item-2018\"><a href=\"https:\/\/gcf.community\/fr\/tools\/flashlab\/share-and-multiply\/\" tabindex=\"0\" role=\"link\">Partager et multiplier<\/a><\/li><\/ul>\n\t\t\t<\/nav>\n\t\t\t<button tabindex=\"0\" role=\"button\" aria-label=\"Menu FlashLab\">\n\t\t\t\tMenu FlashLab\t\t\t<\/button>\n\t<nav aria-label=\"FlashLab\" itemscope=\"itemscope\" itemtype=\"https:\/\/schema.org\/SiteNavigationElement\">\n\t\t<a href=\"javascript:void(0)\" aria-label=\"Fermer le menu\" role=\"button\">\u00d7<\/a>\n\t\t<ul id=\"menu-flashlab-1\"><li id=\"menu-item-2008\"><a href=\"https:\/\/gcf.community\/fr\/tools\/flashlab\/\" tabindex=\"0\" role=\"link\">FlashLab<\/a><\/li><li id=\"menu-item-2010\"><a href=\"https:\/\/gcf.community\/fr\/tools\/flashlab\/flashlab23\/\" aria-current=\"page\" tabindex=\"0\" role=\"link\">FlashLab23<\/a><ul>\t<li id=\"menu-item-2022\"><a href=\"https:\/\/gcf.community\/fr\/tools\/flashlab\/flashlab23\/reflection\/\" tabindex=\"0\" role=\"link\">R\u00e9flexion<\/a><\/li>\t<li id=\"menu-item-2016\"><a href=\"https:\/\/gcf.community\/fr\/tools\/flashlab\/flashlab23\/files\/\" tabindex=\"0\" role=\"link\">Fichiers<\/a><\/li>\t<li id=\"menu-item-2027\"><a href=\"https:\/\/gcf.community\/fr\/tools\/flashlab\/zoom-recordings\/\" tabindex=\"0\" role=\"link\">Enregistrements Zoom<\/a><\/li><\/ul><\/li><li id=\"menu-item-2014\"><a href=\"https:\/\/gcf.community\/fr\/tools\/flashlab\/overview\/\" tabindex=\"0\" role=\"link\">Aper\u00e7u<\/a><\/li><li id=\"menu-item-2011\"><a href=\"https:\/\/gcf.community\/fr\/tools\/flashlab\/how-to-start\/\" tabindex=\"0\" role=\"link\">Comment commencer<\/a><\/li><li id=\"menu-item-2017\"><a href=\"https:\/\/gcf.community\/fr\/tools\/flashlab\/process\/\" tabindex=\"0\" role=\"link\">Processus<\/a><\/li><li id=\"menu-item-2009\"><a href=\"https:\/\/gcf.community\/fr\/tools\/flashlab\/different-models\/\" tabindex=\"0\" role=\"link\">Diff\u00e9rents mod\u00e8les<\/a><\/li><li id=\"menu-item-2012\"><a href=\"https:\/\/gcf.community\/fr\/tools\/flashlab\/look-and-listen\/\" tabindex=\"0\" role=\"link\">Regardez et \u00e9coutez<\/a><\/li><li id=\"menu-item-2020\"><a href=\"https:\/\/gcf.community\/fr\/tools\/flashlab\/think-and-explore\/\" tabindex=\"0\" role=\"link\">R\u00e9fl\u00e9chissez et explorez<\/a><\/li><li id=\"menu-item-2013\"><a href=\"https:\/\/gcf.community\/fr\/tools\/flashlab\/make-and-create\/\" tabindex=\"0\" role=\"link\">Fabriquer et cr\u00e9er<\/a><\/li><li id=\"menu-item-2019\"><a href=\"https:\/\/gcf.community\/fr\/tools\/flashlab\/test-and-refine\/\" tabindex=\"0\" role=\"link\">Tester et affiner<\/a><\/li><li id=\"menu-item-2018\"><a href=\"https:\/\/gcf.community\/fr\/tools\/flashlab\/share-and-multiply\/\" tabindex=\"0\" role=\"link\">Partager et multiplier<\/a><\/li><\/ul>\n\t\t\t<\/nav>\n\n\t<h2>Rejoignez le World FlashLab 2023 !<\/h2>\n<p>Une occasion de cr\u00e9er de nouvelles ressources pour votre communaut\u00e9. Rejoignez votre groupe aux c\u00f4t\u00e9s du mouvement sportif, de GO Play, du Forum mondial des enfants, de GO Health &amp; Fitness, de family.fit, de Gen-G, de Max7 et bien d&#039;autres\u00a0!<\/p>\n<p>Le FlashLab est un processus simple, guid\u00e9 et collaboratif pour cr\u00e9er de nouvelles ressources pour votre communaut\u00e9. Ouvert \u00e0 toutes les \u00e9quipes, il vous permet de travailler sur des ressources dans votre langue et pour vos collaborateurs.<\/p>\n<p>Les groupes que nous connaissons se concentreront sur la cr\u00e9ation de ressources pour les familles en mission, l&#039;animation jeunesse, la g\u00e9n\u00e9rosit\u00e9 des enfants, la remise en forme, la gu\u00e9rison des traumatismes, l&#039;engagement communautaire, la g\u00e9n\u00e9rosit\u00e9 et les personnes non atteintes de tous \u00e2ges. Ajoutez vos projets \u00e0 cette merveilleuse liste\u00a0!<\/p>\n<p>Impliquez-vous en cr\u00e9ant une \u00e9quipe et en participant \u00e0 un projet qui r\u00e9pond aux besoins de votre communaut\u00e9. Vous pouvez \u00e9galement rejoindre une \u00e9quipe travaillant dans un domaine qui vous int\u00e9resse.<\/p>\n<p>Le FlashLab d\u00e9marre le 4 septembre 2023 avec un appel Zoom et se termine \u00e0 la mi-octobre.<\/p>\n<h3>Pour manifester votre int\u00e9r\u00eat<\/h3>\n<p>Rejoignez l&#039;un des \u00ab\u00a0groupes d&#039;information FlashLab 2023\u00a0\u00bb\u00a0:<\/p>\n<ul>\n<li><strong>T\u00e9l\u00e9gramme:<\/strong> <a href=\"https:\/\/t.me\/+PYZl1L7-swFmYjZk\" target=\"_blank\" rel=\"noopener\">https:\/\/t.me\/+PYZl1L7-swFmYjZk<\/a><\/li>\n<li><strong>WhatsApp :<\/strong> <a href=\"https:\/\/chat.whatsapp.com\/FQSYil7jQdaKCn3o9zUd3e\" target=\"_blank\" rel=\"noopener\">https:\/\/chat.whatsapp.com\/FQSYil7jQdaKCn3o9zUd3e<\/a><\/li>\n<\/ul>\n<p>Inscrivez-vous \u00e0 l&#039;un des appels Zoom de lancement du FlashLab 2023 le 4 septembre\u00a0:<\/p>\n<ul>\n<li><strong>7h, heure de New York<\/strong>: <a href=\"https:\/\/us02web.zoom.us\/meeting\/register\/tZctduyorjoiHdRaJnqz9UUZOx4E2Iwr4c93\" target=\"_blank\" rel=\"noopener\">https:\/\/us02web.zoom.us\/meeting\/register\/tZctduyorjoiHdRaJnqz9UUZOx4E2Iwr4c93<\/a><\/li>\n<li><strong>19h00, heure de New York<\/strong>: <a href=\"https:\/\/us02web.zoom.us\/meeting\/register\/tZ0kdisrDooGdExtxaN_GkEeGeeyUAuY9Q7\" target=\"_blank\" rel=\"noopener\">https:\/\/us02web.zoom.us\/meeting\/register\/tZ0kdisrDooGdExtxaN_GkEeGeeyUAuY9Q7<\/a><\/li>\n<\/ul>","protected":false},"excerpt":{"rendered":"<p>FlashLab FlashLab23 Fichiers de r\u00e9flexion Zoom Enregistrements Pr\u00e9sentation Comment d\u00e9marrer Processus Diff\u00e9rents mod\u00e8les Regarder et \u00e9couter Penser et explorer Cr\u00e9er et cr\u00e9er Tester et affiner Partager et multiplier Menu FlashLab \u00d7 FlashLab FlashLab23 Fichiers de r\u00e9flexion Zoom Enregistrements Pr\u00e9sentation Comment d\u00e9marrer Processus Diff\u00e9rents mod\u00e8les Regarder et \u00e9couter Penser et explorer Cr\u00e9er et cr\u00e9er Tester et \u2026 <a title=\"FlashLab23\" class=\"read-more\" href=\"https:\/\/gcf.community\/fr\/resources\/flashlab\/flashlab23\/\" aria-label=\"En savoir plus sur FlashLab23\">Lire la suite<\/a><\/p>","protected":false},"author":1,"featured_media":0,"parent":1917,"menu_order":0,"comment_status":"closed","ping_status":"closed","template":"","meta":{"_acf_changed":false,"_seopress_robots_primary_cat":"","_seopress_titles_title":"FlashLab: FlashLab23","_seopress_titles_desc":"Join the 2023 World FlashLab! An opportunity to work on creating new resources that you need for your community.","_seopress_robots_index":"","footnotes":"","_links_to":"","_links_to_target":""},"categories":[91],"class_list":{"0":"post-1921","1":"page","2":"type-page","3":"status-publish","5":"category-flashlab"},"acf":[],"_links":{"self":[{"href":"https:\/\/gcf.community\/fr\/wp-json\/wp\/v2\/pages\/1921","targetHints":{"allow":["GET"]}}],"collection":[{"href":"https:\/\/gcf.community\/fr\/wp-json\/wp\/v2\/pages"}],"about":[{"href":"https:\/\/gcf.community\/fr\/wp-json\/wp\/v2\/types\/page"}],"author":[{"embeddable":true,"href":"https:\/\/gcf.community\/fr\/wp-json\/wp\/v2\/users\/1"}],"replies":[{"embeddable":true,"href":"https:\/\/gcf.community\/fr\/wp-json\/wp\/v2\/comments?post=1921"}],"version-history":[{"count":0,"href":"https:\/\/gcf.community\/fr\/wp-json\/wp\/v2\/pages\/1921\/revisions"}],"up":[{"embeddable":true,"href":"https:\/\/gcf.community\/fr\/wp-json\/wp\/v2\/pages\/1917"}],"wp:attachment":[{"href":"https:\/\/gcf.community\/fr\/wp-json\/wp\/v2\/media?parent=1921"}],"wp:term":[{"taxonomy":"category","embeddable":true,"href":"https:\/\/gcf.community\/fr\/wp-json\/wp\/v2\/categories?post=1921"}],"curies":[{"name":"wp","href":"https:\/\/api.w.org\/{rel}","templated":true}]}}