{"id":1776,"date":"2023-05-29T13:49:07","date_gmt":"2023-05-29T12:49:07","guid":{"rendered":"https:\/\/gcf.community\/?page_id=1776"},"modified":"2026-02-13T16:52:52","modified_gmt":"2026-02-13T16:52:52","slug":"projects","status":"publish","type":"page","link":"https:\/\/gcf.community\/fr\/projects\/","title":{"rendered":"Projets"},"content":{"rendered":"<h1>\n\t\t\tProjets\t<\/h1>\n\t<p>Nous croyons que la vie des enfants est fa\u00e7onn\u00e9e par la famille, les m\u00e9dias, l&#039;\u00c9glise, l&#039;\u00e9cole et diverses autres organisations. Le GCF se veut un mouvement altruiste qui \u0153uvre discr\u00e8tement aupr\u00e8s de chacun d&#039;eux, les aidant ainsi \u00e0 remplir leur r\u00f4le de protection des enfants et \u00e0 les aider \u00e0 identifier, d\u00e9velopper et lib\u00e9rer le potentiel que Dieu leur a donn\u00e9.<\/p>\n<p>Nous sommes convaincus que la collaboration est essentielle pour atteindre les enfants du monde entier et faire d&#039;eux des disciples. En travaillant seuls, nous ne faisons qu&#039;effleurer la surface de ce d\u00e9fi. \u00c0 cette fin, plusieurs projets sont d\u00e9velopp\u00e9s par le GCF au service de l&#039;\u00c9glise locale. Parmi ces projets, on peut citer\u00a0:<\/p>\n        <p><img loading=\"lazy\" decoding=\"async\" src=\"https:\/\/gcf.community\/wp-content\/uploads\/2024\/11\/heart-150.png\" alt=\"\" width=\"50\" height=\"43\" \/>Exp\u00e9rience de leadership<\/p>    \n            <a href=\"https:\/\/gcfleadership.org\" target=\"_self\"><\/a>\n        <p><img loading=\"lazy\" decoding=\"async\" src=\"https:\/\/gcf.community\/wp-content\/uploads\/2024\/11\/heart-150.png\" alt=\"\" width=\"50\" height=\"43\" \/>Familles en mission<\/p>    \n            <a href=\"https:\/\/gcf.community\/fr\/campaigns\/families-on-mission\/\" target=\"_self\"><\/a>\n        <p><img loading=\"lazy\" decoding=\"async\" src=\"https:\/\/gcf.community\/wp-content\/uploads\/2024\/11\/heart-150.png\" alt=\"\" width=\"50\" height=\"43\" \/>Des enfants partout<\/p>    \n            <a href=\"https:\/\/childreneverywhere.com\" target=\"_self\"><\/a>\n        <p><img loading=\"lazy\" decoding=\"async\" src=\"https:\/\/gcf.community\/wp-content\/uploads\/2024\/11\/heart-150.png\" alt=\"\" width=\"50\" height=\"43\" \/>Max7<\/p>    \n            <a href=\"https:\/\/www.max7.org\/en\" target=\"_self\"><\/a>\n        <p><img loading=\"lazy\" decoding=\"async\" src=\"https:\/\/gcf.community\/wp-content\/uploads\/2024\/11\/heart-150.png\" alt=\"\" width=\"50\" height=\"43\" \/>KidsHubs<\/p>    \n            <a href=\"https:\/\/kidshubs.com\/\" target=\"_self\"><\/a>\n        <p><img loading=\"lazy\" decoding=\"async\" src=\"https:\/\/gcf.community\/wp-content\/uploads\/2024\/11\/heart-150.png\" alt=\"\" width=\"50\" height=\"43\" \/>KidsHubsTV<\/p>    \n            <a href=\"https:\/\/kidshubtv.com\/en\/default.aspx\" target=\"_self\"><\/a>\n        <p><img loading=\"lazy\" decoding=\"async\" src=\"https:\/\/gcf.community\/wp-content\/uploads\/2024\/11\/heart-150.png\" alt=\"\" width=\"50\" height=\"43\" \/>Enfants en danger<\/p>    \n            <a href=\"https:\/\/lausanne.org\/network\/children-at-risk\" target=\"_self\"><\/a>\n        <p><img loading=\"lazy\" decoding=\"async\" src=\"https:\/\/gcf.community\/wp-content\/uploads\/2024\/11\/heart-150.png\" alt=\"\" width=\"50\" height=\"43\" \/>Enfants et familles<\/p>    \n            <a href=\"https:\/\/lausanne.org\/network\/children-and-family\" target=\"_self\"><\/a>\n        <p><img loading=\"lazy\" decoding=\"async\" src=\"https:\/\/gcf.community\/wp-content\/uploads\/2024\/11\/heart-150.png\" alt=\"\" width=\"50\" height=\"43\" \/>G\u00e9n\u00e9rations g\u00e9n\u00e9reuses<\/p>    \n            <a href=\"https:\/\/generousgenerations.org\/\" target=\"_self\"><\/a>","protected":false},"excerpt":{"rendered":"<p>Projets Nous croyons que la vie des enfants est fa\u00e7onn\u00e9e par la famille, les m\u00e9dias, l&#039;\u00c9glise, l&#039;\u00e9cole et diverses autres organisations. Le GCF se veut un mouvement altruiste qui \u0153uvre discr\u00e8tement pour chacun d&#039;eux, les aidant ainsi \u00e0 remplir leur r\u00f4le de protection des enfants et \u00e0 identifier, fa\u00e7onner et lib\u00e9rer les dons de Dieu\u2026 <a title=\"Projets\" class=\"read-more\" href=\"https:\/\/gcf.community\/fr\/projects\/\" aria-label=\"En savoir plus sur les projets\">Lire la suite<\/a><\/p>","protected":false},"author":1,"featured_media":0,"parent":0,"menu_order":0,"comment_status":"closed","ping_status":"closed","template":"","meta":{"_acf_changed":false,"_seopress_robots_primary_cat":"","_seopress_titles_title":"","_seopress_titles_desc":"","_seopress_robots_index":"","footnotes":"","_links_to":"","_links_to_target":""},"categories":[1],"class_list":{"0":"post-1776","1":"page","2":"type-page","3":"status-publish","5":"category-uncategorized"},"acf":[],"_links":{"self":[{"href":"https:\/\/gcf.community\/fr\/wp-json\/wp\/v2\/pages\/1776","targetHints":{"allow":["GET"]}}],"collection":[{"href":"https:\/\/gcf.community\/fr\/wp-json\/wp\/v2\/pages"}],"about":[{"href":"https:\/\/gcf.community\/fr\/wp-json\/wp\/v2\/types\/page"}],"author":[{"embeddable":true,"href":"https:\/\/gcf.community\/fr\/wp-json\/wp\/v2\/users\/1"}],"replies":[{"embeddable":true,"href":"https:\/\/gcf.community\/fr\/wp-json\/wp\/v2\/comments?post=1776"}],"version-history":[{"count":11,"href":"https:\/\/gcf.community\/fr\/wp-json\/wp\/v2\/pages\/1776\/revisions"}],"predecessor-version":[{"id":3217,"href":"https:\/\/gcf.community\/fr\/wp-json\/wp\/v2\/pages\/1776\/revisions\/3217"}],"wp:attachment":[{"href":"https:\/\/gcf.community\/fr\/wp-json\/wp\/v2\/media?parent=1776"}],"wp:term":[{"taxonomy":"category","embeddable":true,"href":"https:\/\/gcf.community\/fr\/wp-json\/wp\/v2\/categories?post=1776"}],"curies":[{"name":"wp","href":"https:\/\/api.w.org\/{rel}","templated":true}]}}